{"id":663,"date":"2026-03-29T00:53:55","date_gmt":"2026-03-28T17:53:55","guid":{"rendered":"https:\/\/jaybillards.azdigi.shop\/?post_type=product&#038;p=663"},"modified":"2026-04-06T02:15:27","modified_gmt":"2026-04-05T19:15:27","slug":"gay-bi-a-peri-sy-02","status":"publish","type":"product","link":"https:\/\/jaybillards.azdigi.shop\/?product=gay-bi-a-peri-sy-02","title":{"rendered":"G\u1eady Bi A Peri SY-02"},"content":{"rendered":"<h2 data-section-id=\"v26i4n\" data-start=\"420\" data-end=\"449\"><span role=\"text\">G\u1eady Bi A Peri SY-02<br \/>\n<\/span><\/h2>\n<p data-start=\"150\" data-end=\"300\"><strong data-start=\"150\" data-end=\"173\">G\u1eady Bi A Peri SY-02<\/strong> l\u00e0 l\u1ef1a ch\u1ecdn ho\u00e0n h\u1ea3o cho c\u00e1c c\u01a1 th\u1ee7 t\u1eeb b\u00e1n chuy\u00ean \u0111\u1ebfn chuy\u00ean nghi\u1ec7p nh\u1edd thi\u1ebft k\u1ebf tinh t\u1ebf v\u00e0 th\u00f4ng s\u1ed1 k\u1ef9 thu\u1eadt chu\u1ea9n thi \u0111\u1ea5u.<\/p>\n<p data-start=\"302\" data-end=\"678\">Ren Radial gi\u00fap k\u1ebft n\u1ed1i ch\u1eafc ch\u1eafn gi\u1eefa c\u00e1c b\u1ed9 ph\u1eadn, \u0111\u1ea3m b\u1ea3o l\u1ef1c truy\u1ec1n \u1ed5n \u0111\u1ecbnh v\u00e0 ch\u00ednh x\u00e1c khi th\u1ef1c hi\u1ec7n c\u00e1c c\u00fa \u0111\u00e1nh. Tr\u1ecdng l\u01b0\u1ee3ng c\u1ee7a g\u1eady c\u00f3 th\u1ec3 t\u00f9y ch\u1ec9nh t\u1eeb 18.5oz \u0111\u1ebfn 19.5oz, ph\u00f9 h\u1ee3p v\u1edbi t\u1eebng th\u1ec3 tr\u1ea1ng v\u00e0 phong c\u00e1ch ch\u01a1i c\u1ee7a m\u1ed7i ng\u01b0\u1eddi. Ng\u1ecdn g\u1eady d\u00e0i 29 inch \u2013 chu\u1ea9n thi \u0111\u1ea5u \u2013 \u0111\u01b0\u1ee3c l\u00e0m t\u1eeb g\u1ed7 phong B\u1eafc M\u1ef9 P20, mang l\u1ea1i \u0111\u1ed9 c\u1ee9ng, \u0111\u1ed9 \u1ed5n \u0111\u1ecbnh cao v\u00e0 c\u1ea3m gi\u00e1c ch\u1eafc tay khi ch\u01a1i.<\/p>\n<p data-start=\"680\" data-end=\"1024\">Tay c\u1ea7m \u0111\u01b0\u1ee3c b\u1ecdc da m\u00e0u \u0111en, t\u1ea1o c\u1ea3m gi\u00e1c \u00eam \u00e1i, ch\u1ed1ng tr\u01b0\u1ee3t hi\u1ec7u qu\u1ea3, gi\u00fap ng\u01b0\u1eddi ch\u01a1i ki\u1ec3m so\u00e1t g\u1eady t\u1ed1t h\u01a1n trong t\u1eebng c\u00fa \u0111\u00e1nh. \u0110\u1ea7u t\u1ea9y Peri Black Ice 12.5mm b\u00e1m bi t\u1ed1t, h\u1ed7 tr\u1ee3 ki\u1ec3m so\u00e1t xo\u00e1y chu\u1ea9n x\u00e1c, \u0111\u1ed3ng th\u1eddi t\u0103ng hi\u1ec7u qu\u1ea3 cho c\u00e1c k\u1ef9 thu\u1eadt \u0111\u00e1nh kh\u00f3. Ph\u00edp Juma b\u1ec1n b\u1ec9, truy\u1ec1n l\u1ef1c chu\u1ea9n, \u0111\u1ea3m b\u1ea3o s\u1ef1 \u1ed5n \u0111\u1ecbnh l\u00e2u d\u00e0i trong qu\u00e1 tr\u00ecnh s\u1eed d\u1ee5ng.<\/p>\n<p data-start=\"1026\" data-end=\"1380\">V\u1edbi thi\u1ebft k\u1ebf hi\u1ec7n \u0111\u1ea1i, v\u1eadt li\u1ec7u cao c\u1ea5p v\u00e0 c\u00e1c chi ti\u1ebft k\u1ef9 thu\u1eadt tinh x\u1ea3o, <strong data-start=\"1101\" data-end=\"1115\">Peri SY-02<\/strong> kh\u00f4ng ch\u1ec9 mang l\u1ea1i hi\u1ec7u su\u1ea5t ch\u01a1i cao m\u00e0 c\u00f2n t\u1ea1o phong c\u00e1ch chuy\u00ean nghi\u1ec7p cho c\u01a1 th\u1ee7. \u0110\u00e2y th\u1ef1c s\u1ef1 l\u00e0 m\u1ed9t \u201cchi\u1ebfn h\u1eefu\u201d \u0111\u00e1ng tin c\u1eady tr\u00ean b\u00e0n bi-a, gi\u00fap ng\u01b0\u1eddi ch\u01a1i t\u1ef1 tin th\u1ef1c hi\u1ec7n nh\u1eefng c\u00fa \u0111\u00e1nh chu\u1ea9n x\u00e1c, n\u00e2ng cao tr\u00ecnh \u0111\u1ed9 v\u00e0 t\u1eadn h\u01b0\u1edfng c\u1ea3m gi\u00e1c ch\u01a1i Bi A tr\u1ecdn v\u1eb9n.<\/p>\n<h2 data-section-id=\"v26i4n\" data-start=\"420\" data-end=\"449\"><span role=\"text\"><br \/>\n\ud83d\udd27 <strong data-start=\"427\" data-end=\"449\">Th\u00f4ng s\u1ed1 k\u1ef9 thu\u1eadt:<\/strong><\/span><\/h2>\n<ul data-start=\"450\" data-end=\"874\">\n<li data-section-id=\"e3as7m\" data-start=\"450\" data-end=\"510\"><strong data-start=\"452\" data-end=\"460\">Ren:<\/strong> Radial \u2013 gi\u00fap k\u1ebft n\u1ed1i ch\u1eafc ch\u1eafn, truy\u1ec1n l\u1ef1c t\u1ed1t<\/li>\n<li data-section-id=\"1yew9y3\" data-start=\"511\" data-end=\"560\"><strong data-start=\"513\" data-end=\"529\">Tr\u1ecdng l\u01b0\u1ee3ng:<\/strong> T\u00f9y ch\u1ec9nh t\u1eeb 18.5oz \u2013 19.5oz<\/li>\n<li data-section-id=\"1fxbnew\" data-start=\"561\" data-end=\"608\"><strong data-start=\"563\" data-end=\"582\">Chi\u1ec1u d\u00e0i ng\u1ecdn:<\/strong> 29 inch (chu\u1ea9n thi \u0111\u1ea5u)<\/li>\n<li data-section-id=\"oe6p93\" data-start=\"609\" data-end=\"685\"><strong data-start=\"611\" data-end=\"630\">Ch\u1ea5t li\u1ec7u ng\u1ecdn:<\/strong> P20 \u2013 g\u1ed7 phong B\u1eafc M\u1ef9, cho \u0111\u1ed9 c\u1ee9ng v\u00e0 \u0111\u1ed9 \u1ed5n \u0111\u1ecbnh cao<\/li>\n<li data-section-id=\"1j9g38r\" data-start=\"686\" data-end=\"743\"><strong data-start=\"688\" data-end=\"700\">Tay c\u1ea7m:<\/strong> B\u1ecdc da m\u00e0u \u0111en \u2013 \u00eam tay, ch\u1ed1ng tr\u01b0\u1ee3t t\u1ed1t<\/li>\n<li data-section-id=\"1keg3cv\" data-start=\"744\" data-end=\"820\"><strong data-start=\"746\" data-end=\"758\">\u0110\u1ea7u t\u1ea9y:<\/strong> Peri Black Ice 12.5mm \u2013 b\u00e1m bi t\u1ed1t, ki\u1ec3m so\u00e1t xo\u00e1y hi\u1ec7u qu\u1ea3<\/li>\n<li data-section-id=\"10b9v9n\" data-start=\"821\" data-end=\"874\"><strong data-start=\"823\" data-end=\"832\">Ph\u00edp:<\/strong> Juma \u2013 \u0111\u1ed9 b\u1ec1n cao, truy\u1ec1n l\u1ef1c chu\u1ea9n x\u00e1c<\/li>\n<\/ul>\n","protected":false},"excerpt":{"rendered":"<p>G\u1eady Bi A Peri SY-02 G\u1eady Bi A Peri SY-02 l\u00e0 l\u1ef1a ch\u1ecdn ho\u00e0n h\u1ea3o cho c\u00e1c c\u01a1 th\u1ee7 t\u1eeb b\u00e1n chuy\u00ean \u0111\u1ebfn chuy\u00ean nghi\u1ec7p nh\u1edd thi\u1ebft k\u1ebf tinh t\u1ebf v\u00e0 th\u00f4ng s\u1ed1 k\u1ef9 thu\u1eadt chu\u1ea9n thi \u0111\u1ea5u. Ren Radial gi\u00fap k\u1ebft n\u1ed1i ch\u1eafc ch\u1eafn gi\u1eefa c\u00e1c b\u1ed9 ph\u1eadn, \u0111\u1ea3m b\u1ea3o l\u1ef1c truy\u1ec1n \u1ed5n \u0111\u1ecbnh [&#8230;]\n","protected":false},"featured_media":1203,"comment_status":"open","ping_status":"closed","template":"","meta":[],"product_brand":[],"product_cat":[24],"product_tag":[108],"class_list":{"0":"post-663","1":"product","2":"type-product","3":"status-publish","4":"has-post-thumbnail","6":"product_cat-peri","7":"product_tag-gay-bi-a-peri-sy-02","9":"first","10":"instock","11":"shipping-taxable","12":"purchasable","13":"product-type-variable"},"yoast_head":"<!-- This site is optimized with the Yoast SEO plugin v27.2 - https:\/\/yoast.com\/product\/yoast-seo-wordpress\/ -->\n<title>G\u1eady Bi A Peri SY-02 - Jay Billiards - Chuy\u00ean g\u1eady Bida ch\u00ednh h\u00e3ng gi\u00e1 t\u1ed1t<\/title>\n<meta name=\"description\" content=\"G\u1eady Bi A Peri SY-02 \u00b7 Ch\u1ea5t li\u1ec7u chu\u00f4i : G\u1ed7 phong cao c\u1ea5p \u00b7 Ch\u1ea5t li\u1ec7u ng\u1ecdn: M\u1ed9c \u00b7 Ren: 3-8\/10 \u00b7 Ng\u1ecdn: M\u1ed9c P8 \u00b7 K\u00edch th\u01b0\u1edbc ng\u1ecdn: 12.75mm \u00b7 Tay c\u1ea7m: Tay b\u1ecdc da\" \/>\n<meta name=\"robots\" content=\"index, follow, max-snippet:-1, max-image-preview:large, max-video-preview:-1\" \/>\n<link rel=\"canonical\" href=\"https:\/\/jaybillards.azdigi.shop\/?product=gay-bi-a-peri-sy-02\" \/>\n<meta property=\"og:locale\" content=\"vi_VN\" \/>\n<meta property=\"og:type\" content=\"article\" \/>\n<meta property=\"og:title\" content=\"G\u1eady Bi A Peri SY-02 - Jay Billiards - Chuy\u00ean g\u1eady Bida ch\u00ednh h\u00e3ng gi\u00e1 t\u1ed1t\" \/>\n<meta property=\"og:description\" content=\"G\u1eady Bi A Peri SY-02 \u00b7 Ch\u1ea5t li\u1ec7u chu\u00f4i : G\u1ed7 phong cao c\u1ea5p \u00b7 Ch\u1ea5t li\u1ec7u ng\u1ecdn: M\u1ed9c \u00b7 Ren: 3-8\/10 \u00b7 Ng\u1ecdn: M\u1ed9c P8 \u00b7 K\u00edch th\u01b0\u1edbc ng\u1ecdn: 12.75mm \u00b7 Tay c\u1ea7m: Tay b\u1ecdc da\" \/>\n<meta property=\"og:url\" content=\"https:\/\/jaybillards.azdigi.shop\/?product=gay-bi-a-peri-sy-02\" \/>\n<meta property=\"og:site_name\" content=\"Jay Billiards - Chuy\u00ean g\u1eady Bida ch\u00ednh h\u00e3ng gi\u00e1 t\u1ed1t\" \/>\n<meta property=\"article:modified_time\" content=\"2026-04-05T19:15:27+00:00\" \/>\n<meta property=\"og:image\" content=\"https:\/\/jaybillards.azdigi.shop\/wp-content\/uploads\/2026\/03\/1-2-1.jpg\" \/>\n\t<meta property=\"og:image:width\" content=\"1600\" \/>\n\t<meta property=\"og:image:height\" content=\"1600\" \/>\n\t<meta property=\"og:image:type\" content=\"image\/jpeg\" \/>\n<meta name=\"twitter:card\" content=\"summary_large_image\" \/>\n<meta name=\"twitter:label1\" content=\"\u01af\u1edbc t\u00ednh th\u1eddi gian \u0111\u1ecdc\" \/>\n\t<meta name=\"twitter:data1\" content=\"3 ph\u00fat\" \/>\n<script type=\"application\/ld+json\" class=\"yoast-schema-graph\">{\"@context\":\"https:\/\/schema.org\",\"@graph\":[{\"@type\":\"WebPage\",\"@id\":\"https:\/\/jaybillards.azdigi.shop\/?product=gay-bi-a-peri-sy-02\",\"url\":\"https:\/\/jaybillards.azdigi.shop\/?product=gay-bi-a-peri-sy-02\",\"name\":\"G\u1eady Bi A Peri SY-02 - Jay Billiards - Chuy\u00ean g\u1eady Bida ch\u00ednh h\u00e3ng gi\u00e1 t\u1ed1t\",\"isPartOf\":{\"@id\":\"https:\/\/jaybillards.azdigi.shop\/#website\"},\"primaryImageOfPage\":{\"@id\":\"https:\/\/jaybillards.azdigi.shop\/?product=gay-bi-a-peri-sy-02#primaryimage\"},\"image\":{\"@id\":\"https:\/\/jaybillards.azdigi.shop\/?product=gay-bi-a-peri-sy-02#primaryimage\"},\"thumbnailUrl\":\"https:\/\/jaybillards.azdigi.shop\/wp-content\/uploads\/2026\/03\/1-2-1.jpg\",\"datePublished\":\"2026-03-28T17:53:55+00:00\",\"dateModified\":\"2026-04-05T19:15:27+00:00\",\"description\":\"G\u1eady Bi A Peri SY-02 \u00b7 Ch\u1ea5t li\u1ec7u chu\u00f4i : G\u1ed7 phong cao c\u1ea5p \u00b7 Ch\u1ea5t li\u1ec7u ng\u1ecdn: M\u1ed9c \u00b7 Ren: 3-8\/10 \u00b7 Ng\u1ecdn: M\u1ed9c P8 \u00b7 K\u00edch th\u01b0\u1edbc ng\u1ecdn: 12.75mm \u00b7 Tay c\u1ea7m: Tay b\u1ecdc da\",\"breadcrumb\":{\"@id\":\"https:\/\/jaybillards.azdigi.shop\/?product=gay-bi-a-peri-sy-02#breadcrumb\"},\"inLanguage\":\"vi\",\"potentialAction\":[{\"@type\":\"ReadAction\",\"target\":[\"https:\/\/jaybillards.azdigi.shop\/?product=gay-bi-a-peri-sy-02\"]}]},{\"@type\":\"ImageObject\",\"inLanguage\":\"vi\",\"@id\":\"https:\/\/jaybillards.azdigi.shop\/?product=gay-bi-a-peri-sy-02#primaryimage\",\"url\":\"https:\/\/jaybillards.azdigi.shop\/wp-content\/uploads\/2026\/03\/1-2-1.jpg\",\"contentUrl\":\"https:\/\/jaybillards.azdigi.shop\/wp-content\/uploads\/2026\/03\/1-2-1.jpg\",\"width\":1600,\"height\":1600},{\"@type\":\"BreadcrumbList\",\"@id\":\"https:\/\/jaybillards.azdigi.shop\/?product=gay-bi-a-peri-sy-02#breadcrumb\",\"itemListElement\":[{\"@type\":\"ListItem\",\"position\":1,\"name\":\"Trang ch\u1ee7\",\"item\":\"https:\/\/jaybillards.azdigi.shop\/\"},{\"@type\":\"ListItem\",\"position\":2,\"name\":\"C\u1eeda h\u00e0ng\",\"item\":\"https:\/\/jaybillards.azdigi.shop\/?page_id=274\"},{\"@type\":\"ListItem\",\"position\":3,\"name\":\"G\u1eady Bi A Peri SY-02\"}]},{\"@type\":\"WebSite\",\"@id\":\"https:\/\/jaybillards.azdigi.shop\/#website\",\"url\":\"https:\/\/jaybillards.azdigi.shop\/\",\"name\":\"Jay Billiards - Chuy\u00ean g\u1eady Bida ch\u00ednh h\u00e3ng gi\u00e1 t\u1ed1t\",\"description\":\"\",\"potentialAction\":[{\"@type\":\"SearchAction\",\"target\":{\"@type\":\"EntryPoint\",\"urlTemplate\":\"https:\/\/jaybillards.azdigi.shop\/?s={search_term_string}\"},\"query-input\":{\"@type\":\"PropertyValueSpecification\",\"valueRequired\":true,\"valueName\":\"search_term_string\"}}],\"inLanguage\":\"vi\"}]}<\/script>\n<!-- \/ Yoast SEO plugin. -->","yoast_head_json":{"title":"G\u1eady Bi A Peri SY-02 - Jay Billiards - Chuy\u00ean g\u1eady Bida ch\u00ednh h\u00e3ng gi\u00e1 t\u1ed1t","description":"G\u1eady Bi A Peri SY-02 \u00b7 Ch\u1ea5t li\u1ec7u chu\u00f4i : G\u1ed7 phong cao c\u1ea5p \u00b7 Ch\u1ea5t li\u1ec7u ng\u1ecdn: M\u1ed9c \u00b7 Ren: 3-8\/10 \u00b7 Ng\u1ecdn: M\u1ed9c P8 \u00b7 K\u00edch th\u01b0\u1edbc ng\u1ecdn: 12.75mm \u00b7 Tay c\u1ea7m: Tay b\u1ecdc da","robots":{"index":"index","follow":"follow","max-snippet":"max-snippet:-1","max-image-preview":"max-image-preview:large","max-video-preview":"max-video-preview:-1"},"canonical":"https:\/\/jaybillards.azdigi.shop\/?product=gay-bi-a-peri-sy-02","og_locale":"vi_VN","og_type":"article","og_title":"G\u1eady Bi A Peri SY-02 - Jay Billiards - Chuy\u00ean g\u1eady Bida ch\u00ednh h\u00e3ng gi\u00e1 t\u1ed1t","og_description":"G\u1eady Bi A Peri SY-02 \u00b7 Ch\u1ea5t li\u1ec7u chu\u00f4i : G\u1ed7 phong cao c\u1ea5p \u00b7 Ch\u1ea5t li\u1ec7u ng\u1ecdn: M\u1ed9c \u00b7 Ren: 3-8\/10 \u00b7 Ng\u1ecdn: M\u1ed9c P8 \u00b7 K\u00edch th\u01b0\u1edbc ng\u1ecdn: 12.75mm \u00b7 Tay c\u1ea7m: Tay b\u1ecdc da","og_url":"https:\/\/jaybillards.azdigi.shop\/?product=gay-bi-a-peri-sy-02","og_site_name":"Jay Billiards - Chuy\u00ean g\u1eady Bida ch\u00ednh h\u00e3ng gi\u00e1 t\u1ed1t","article_modified_time":"2026-04-05T19:15:27+00:00","og_image":[{"width":1600,"height":1600,"url":"https:\/\/jaybillards.azdigi.shop\/wp-content\/uploads\/2026\/03\/1-2-1.jpg","type":"image\/jpeg"}],"twitter_card":"summary_large_image","twitter_misc":{"\u01af\u1edbc t\u00ednh th\u1eddi gian \u0111\u1ecdc":"3 ph\u00fat"},"schema":{"@context":"https:\/\/schema.org","@graph":[{"@type":"WebPage","@id":"https:\/\/jaybillards.azdigi.shop\/?product=gay-bi-a-peri-sy-02","url":"https:\/\/jaybillards.azdigi.shop\/?product=gay-bi-a-peri-sy-02","name":"G\u1eady Bi A Peri SY-02 - Jay Billiards - Chuy\u00ean g\u1eady Bida ch\u00ednh h\u00e3ng gi\u00e1 t\u1ed1t","isPartOf":{"@id":"https:\/\/jaybillards.azdigi.shop\/#website"},"primaryImageOfPage":{"@id":"https:\/\/jaybillards.azdigi.shop\/?product=gay-bi-a-peri-sy-02#primaryimage"},"image":{"@id":"https:\/\/jaybillards.azdigi.shop\/?product=gay-bi-a-peri-sy-02#primaryimage"},"thumbnailUrl":"https:\/\/jaybillards.azdigi.shop\/wp-content\/uploads\/2026\/03\/1-2-1.jpg","datePublished":"2026-03-28T17:53:55+00:00","dateModified":"2026-04-05T19:15:27+00:00","description":"G\u1eady Bi A Peri SY-02 \u00b7 Ch\u1ea5t li\u1ec7u chu\u00f4i : G\u1ed7 phong cao c\u1ea5p \u00b7 Ch\u1ea5t li\u1ec7u ng\u1ecdn: M\u1ed9c \u00b7 Ren: 3-8\/10 \u00b7 Ng\u1ecdn: M\u1ed9c P8 \u00b7 K\u00edch th\u01b0\u1edbc ng\u1ecdn: 12.75mm \u00b7 Tay c\u1ea7m: Tay b\u1ecdc da","breadcrumb":{"@id":"https:\/\/jaybillards.azdigi.shop\/?product=gay-bi-a-peri-sy-02#breadcrumb"},"inLanguage":"vi","potentialAction":[{"@type":"ReadAction","target":["https:\/\/jaybillards.azdigi.shop\/?product=gay-bi-a-peri-sy-02"]}]},{"@type":"ImageObject","inLanguage":"vi","@id":"https:\/\/jaybillards.azdigi.shop\/?product=gay-bi-a-peri-sy-02#primaryimage","url":"https:\/\/jaybillards.azdigi.shop\/wp-content\/uploads\/2026\/03\/1-2-1.jpg","contentUrl":"https:\/\/jaybillards.azdigi.shop\/wp-content\/uploads\/2026\/03\/1-2-1.jpg","width":1600,"height":1600},{"@type":"BreadcrumbList","@id":"https:\/\/jaybillards.azdigi.shop\/?product=gay-bi-a-peri-sy-02#breadcrumb","itemListElement":[{"@type":"ListItem","position":1,"name":"Trang ch\u1ee7","item":"https:\/\/jaybillards.azdigi.shop\/"},{"@type":"ListItem","position":2,"name":"C\u1eeda h\u00e0ng","item":"https:\/\/jaybillards.azdigi.shop\/?page_id=274"},{"@type":"ListItem","position":3,"name":"G\u1eady Bi A Peri SY-02"}]},{"@type":"WebSite","@id":"https:\/\/jaybillards.azdigi.shop\/#website","url":"https:\/\/jaybillards.azdigi.shop\/","name":"Jay Billiards - Chuy\u00ean g\u1eady Bida ch\u00ednh h\u00e3ng gi\u00e1 t\u1ed1t","description":"","potentialAction":[{"@type":"SearchAction","target":{"@type":"EntryPoint","urlTemplate":"https:\/\/jaybillards.azdigi.shop\/?s={search_term_string}"},"query-input":{"@type":"PropertyValueSpecification","valueRequired":true,"valueName":"search_term_string"}}],"inLanguage":"vi"}]}},"_links":{"self":[{"href":"https:\/\/jaybillards.azdigi.shop\/index.php?rest_route=\/wp\/v2\/product\/663","targetHints":{"allow":["GET"]}}],"collection":[{"href":"https:\/\/jaybillards.azdigi.shop\/index.php?rest_route=\/wp\/v2\/product"}],"about":[{"href":"https:\/\/jaybillards.azdigi.shop\/index.php?rest_route=\/wp\/v2\/types\/product"}],"replies":[{"embeddable":true,"href":"https:\/\/jaybillards.azdigi.shop\/index.php?rest_route=%2Fwp%2Fv2%2Fcomments&post=663"}],"wp:featuredmedia":[{"embeddable":true,"href":"https:\/\/jaybillards.azdigi.shop\/index.php?rest_route=\/wp\/v2\/media\/1203"}],"wp:attachment":[{"href":"https:\/\/jaybillards.azdigi.shop\/index.php?rest_route=%2Fwp%2Fv2%2Fmedia&parent=663"}],"wp:term":[{"taxonomy":"product_brand","embeddable":true,"href":"https:\/\/jaybillards.azdigi.shop\/index.php?rest_route=%2Fwp%2Fv2%2Fproduct_brand&post=663"},{"taxonomy":"product_cat","embeddable":true,"href":"https:\/\/jaybillards.azdigi.shop\/index.php?rest_route=%2Fwp%2Fv2%2Fproduct_cat&post=663"},{"taxonomy":"product_tag","embeddable":true,"href":"https:\/\/jaybillards.azdigi.shop\/index.php?rest_route=%2Fwp%2Fv2%2Fproduct_tag&post=663"}],"curies":[{"name":"wp","href":"https:\/\/api.w.org\/{rel}","templated":true}]}}