{"id":643,"date":"2026-03-28T19:02:55","date_gmt":"2026-03-28T12:02:55","guid":{"rendered":"https:\/\/jaybillards.azdigi.shop\/?post_type=product&#038;p=643"},"modified":"2026-04-08T00:27:01","modified_gmt":"2026-04-07T17:27:01","slug":"gay-nhay-cuetec-propel-do","status":"publish","type":"product","link":"https:\/\/jaybillards.azdigi.shop\/?product=gay-nhay-cuetec-propel-do","title":{"rendered":"G\u1eady nh\u1ea3y Cuetec Propel \u0110\u1ecf"},"content":{"rendered":"<p>G\u1eady nh\u1ea3y Cuetec Propel \u0110\u1ecf l\u00e0 m\u1ed9t trong nh\u1eefng d\u00f2ng g\u1eady bi a cao c\u1ea5p c\u1ee7a Cuetec. Mua G\u1eady nh\u1ea3y Cuetec Propel \u0110\u1ecf \u0111\u01b0\u1ee3c t\u1eb7ng bao da ch\u00ednh h\u00e3ng v\u00e0 g\u0103ng tay.<\/p>\n<ul>\n<li>Ch\u1ea5t li\u1ec7u chu\u00f4i : G\u1ed7 phong cao c\u1ea5p<\/li>\n<li>Ch\u1ea5t li\u1ec7u ng\u1ecdn: Carbon<\/li>\n<li>Ren: 3\/8-14<\/li>\n<li>Ng\u1ecdn: Carbon<\/li>\n<li>K\u00edch th\u01b0\u1edbc ng\u1ecdn: 13.8mm<\/li>\n<li>Tay c\u1ea7m: Tay c\u1ea7n tr\u01a1n<\/li>\n<li>Tr\u1ecdng l\u01b0\u1ee3ng: 19oz\n<div class=\"flex flex-col text-sm pb-25\">\n<section class=\"text-token-text-primary w-full focus:outline-none [--shadow-height:45px] has-data-writing-block:pointer-events-none has-data-writing-block:-mt-(--shadow-height) has-data-writing-block:pt-(--shadow-height) [&amp;:has([data-writing-block])&gt;*]:pointer-events-auto scroll-mt-[calc(var(--header-height)+min(200px,max(70px,20svh)))]\" dir=\"auto\" data-turn-id=\"request-WEB:d9046e28-3fdd-4368-aaa0-0bfe4bbd107f-2\" data-testid=\"conversation-turn-6\" data-scroll-anchor=\"true\" data-turn=\"assistant\">\n<div class=\"text-base my-auto mx-auto pb-10 [--thread-content-margin:var(--thread-content-margin-xs,calc(var(--spacing)*4))] @w-sm\/main:[--thread-content-margin:var(--thread-content-margin-sm,calc(var(--spacing)*6))] @w-lg\/main:[--thread-content-margin:var(--thread-content-margin-lg,calc(var(--spacing)*16))] px-(--thread-content-margin)\">\n<div class=\"[--thread-content-max-width:40rem] @w-lg\/main:[--thread-content-max-width:48rem] mx-auto max-w-(--thread-content-max-width) flex-1 group\/turn-messages focus-visible:outline-hidden relative flex w-full min-w-0 flex-col agent-turn\">\n<div class=\"flex max-w-full flex-col gap-4 grow\">\n<div class=\"min-h-8 text-message relative flex w-full flex-col items-end gap-2 text-start break-words whitespace-normal outline-none keyboard-focused:focus-ring [.text-message+&amp;]:mt-1\" dir=\"auto\" tabindex=\"0\" data-message-author-role=\"assistant\" data-message-id=\"bb1ce246-2037-4088-9c7e-a83e4977b061\" data-message-model-slug=\"gpt-5-3\" data-turn-start-message=\"true\">\n<div class=\"flex w-full flex-col gap-1 empty:hidden\">\n<div class=\"markdown prose dark:prose-invert w-full wrap-break-word light markdown-new-styling\">\n<p data-start=\"0\" data-end=\"348\">G\u1eady nh\u1ea3y Cuetec Propel \u0110\u1ecf l\u00e0 m\u1ed9t trong nh\u1eefng l\u1ef1a ch\u1ecdn h\u00e0ng \u0111\u1ea7u d\u00e0nh cho ng\u01b0\u1eddi ch\u01a1i mu\u1ed1n n\u00e2ng cao k\u1ef9 thu\u1eadt nh\u1ea3y bi v\u1edbi \u0111\u1ed9 ch\u00ednh x\u00e1c v\u00e0 \u1ed5n \u0111\u1ecbnh cao. \u0110\u01b0\u1ee3c s\u1ea3n xu\u1ea5t b\u1edfi th\u01b0\u01a1ng hi\u1ec7u Cuetec n\u1ed5i ti\u1ebfng, c\u00e2y g\u1eady n\u00e0y kh\u00f4ng ch\u1ec9 s\u1edf h\u1eefu thi\u1ebft k\u1ebf n\u1ed5i b\u1eadt v\u1edbi t\u00f4ng m\u00e0u \u0111\u1ecf m\u1ea1nh m\u1ebd m\u00e0 c\u00f2n t\u00edch h\u1ee3p nhi\u1ec1u c\u00f4ng ngh\u1ec7 hi\u1ec7n \u0111\u1ea1i, gi\u00fap t\u1ed1i \u01b0u hi\u1ec7u su\u1ea5t trong t\u1eebng c\u00fa \u0111\u00e1nh.<\/p>\n<p data-start=\"350\" data-end=\"734\">Ph\u1ea7n chu\u00f4i \u0111\u01b0\u1ee3c l\u00e0m t\u1eeb g\u1ed7 phong cao c\u1ea5p, mang l\u1ea1i \u0111\u1ed9 b\u1ec1n ch\u1eafc v\u00e0 c\u1ea3m gi\u00e1c c\u1ea7m n\u1eafm \u0111\u1ea7m tay. Trong khi \u0111\u00f3, ng\u1ecdn g\u1eady s\u1eed d\u1ee5ng ch\u1ea5t li\u1ec7u carbon hi\u1ec7n \u0111\u1ea1i, gi\u00fap t\u0103ng \u0111\u1ed9 c\u1ee9ng, gi\u1ea3m rung v\u00e0 c\u1ea3i thi\u1ec7n \u0111\u00e1ng k\u1ec3 kh\u1ea3 n\u0103ng ki\u1ec3m so\u00e1t khi th\u1ef1c hi\u1ec7n c\u00e1c c\u00fa nh\u1ea3y. V\u1edbi k\u00edch th\u01b0\u1edbc \u0111\u1ea7u ng\u1ecdn 13.8mm, g\u1eady h\u1ed7 tr\u1ee3 t\u1ed1t cho vi\u1ec7c t\u1ea1o l\u1ef1c nhanh v\u00e0 ch\u00ednh x\u00e1c, \u0111\u1eb7c bi\u1ec7t ph\u00f9 h\u1ee3p v\u1edbi nh\u1eefng t\u00ecnh hu\u1ed1ng c\u1ea7n x\u1eed l\u00fd bi kh\u00f3.<\/p>\n<p data-start=\"736\" data-end=\"1097\">G\u1eady s\u1eed d\u1ee5ng ren 3\/8-14 ph\u1ed5 bi\u1ebfn, gi\u00fap k\u1ebft n\u1ed1i ch\u1eafc ch\u1eafn gi\u1eefa c\u00e1c b\u1ed9 ph\u1eadn, \u0111\u1ea3m b\u1ea3o truy\u1ec1n l\u1ef1c hi\u1ec7u qu\u1ea3 v\u00e0 \u1ed5n \u0111\u1ecbnh. Tay c\u1ea7m d\u1ea1ng tr\u01a1n mang l\u1ea1i c\u1ea3m gi\u00e1c linh ho\u1ea1t, ph\u00f9 h\u1ee3p v\u1edbi ng\u01b0\u1eddi ch\u01a1i th\u00edch s\u1ef1 tho\u1ea3i m\u00e1i v\u00e0 ki\u1ec3m so\u00e1t t\u1ef1 nhi\u00ean khi thao t\u00e1c. Tr\u1ecdng l\u01b0\u1ee3ng ti\u00eau chu\u1ea9n 19oz gi\u00fap c\u00e2n b\u1eb1ng t\u1ed1t gi\u1eefa l\u1ef1c v\u00e0 \u0111\u1ed9 ch\u00ednh x\u00e1c, h\u1ed7 tr\u1ee3 ng\u01b0\u1eddi ch\u01a1i th\u1ef1c hi\u1ec7n c\u00fa nh\u1ea3y d\u1ee9t kho\u00e1t h\u01a1n.<\/p>\n<p data-start=\"1099\" data-end=\"1376\" data-is-last-node=\"\" data-is-only-node=\"\">\u0110\u1eb7c bi\u1ec7t, khi mua g\u1eady nh\u1ea3y Cuetec Propel \u0110\u1ecf, b\u1ea1n c\u00f2n \u0111\u01b0\u1ee3c t\u1eb7ng k\u00e8m bao da ch\u00ednh h\u00e3ng v\u00e0 g\u0103ng tay, gi\u00fap b\u1ea3o v\u1ec7 g\u1eady c\u0169ng nh\u01b0 n\u00e2ng cao tr\u1ea3i nghi\u1ec7m s\u1eed d\u1ee5ng. \u0110\u00e2y ch\u1eafc ch\u1eafn l\u00e0 m\u1ed9t l\u1ef1a ch\u1ecdn \u0111\u00e1ng c\u00e2n nh\u1eafc cho nh\u1eefng ai \u0111ang t\u00ecm ki\u1ebfm m\u1ed9t c\u00e2y g\u1eady nh\u1ea3y ch\u1ea5t l\u01b0\u1ee3ng, b\u1ec1n b\u1ec9 v\u00e0 hi\u1ec7u su\u1ea5t cao.<\/p>\n<\/div>\n<\/div>\n<\/div>\n<\/div>\n<div class=\"z-0 flex min-h-[46px] justify-start\"><\/div>\n<div class=\"mt-3 w-full empty:hidden\">\n<div class=\"text-center\"><\/div>\n<\/div>\n<\/div>\n<\/div>\n<\/section>\n<\/div>\n<div class=\"pointer-events-none h-px w-px absolute bottom-0\" aria-hidden=\"true\" data-edge=\"true\"><\/div>\n<\/li>\n<\/ul>\n","protected":false},"excerpt":{"rendered":"<p>G\u1eady nh\u1ea3y Cuetec Propel \u0110\u1ecf l\u00e0 m\u1ed9t trong nh\u1eefng d\u00f2ng g\u1eady bi a cao c\u1ea5p c\u1ee7a Cuetec. Mua G\u1eady nh\u1ea3y Cuetec Propel \u0110\u1ecf \u0111\u01b0\u1ee3c t\u1eb7ng bao da ch\u00ednh h\u00e3ng v\u00e0 g\u0103ng tay. Ch\u1ea5t li\u1ec7u chu\u00f4i : G\u1ed7 phong cao c\u1ea5p Ch\u1ea5t li\u1ec7u ng\u1ecdn: Carbon Ren: 3\/8-14 Ng\u1ecdn: Carbon K\u00edch th\u01b0\u1edbc ng\u1ecdn: 13.8mm Tay c\u1ea7m: Tay [&#8230;]\n","protected":false},"featured_media":1332,"comment_status":"open","ping_status":"closed","template":"","meta":[],"product_brand":[],"product_cat":[60],"product_tag":[105],"class_list":{"0":"post-643","1":"product","2":"type-product","3":"status-publish","4":"has-post-thumbnail","6":"product_cat-cuetec","7":"product_tag-gay-nhay-cuetec-propel-do","9":"first","10":"instock","11":"shipping-taxable","12":"purchasable","13":"product-type-variable"},"yoast_head":"<!-- This site is optimized with the Yoast SEO plugin v27.2 - https:\/\/yoast.com\/product\/yoast-seo-wordpress\/ -->\n<title>G\u1eady nh\u1ea3y Cuetec Propel \u0110\u1ecf - Jay Billiards - Chuy\u00ean g\u1eady Bida ch\u00ednh h\u00e3ng gi\u00e1 t\u1ed1t<\/title>\n<meta name=\"description\" content=\"G\u1eady nh\u1ea3y Cuetec Propel \u0110\u1ecf \u00b7 Ch\u1ea5t li\u1ec7u chu\u00f4i : G\u1ed7 phong cao c\u1ea5p \u00b7 Ch\u1ea5t li\u1ec7u ng\u1ecdn: Carbon \u00b7 Ren: 3\/8-14 \u00b7 Ng\u1ecdn: Carbon \u00b7 K\u00edch th\u01b0\u1edbc ng\u1ecdn: 13.8mm \u00b7 Tay c\u1ea7m: Tay ...13.500.000 \u20ab\" \/>\n<meta name=\"robots\" content=\"index, follow, max-snippet:-1, max-image-preview:large, max-video-preview:-1\" \/>\n<link rel=\"canonical\" href=\"https:\/\/jaybillards.azdigi.shop\/?product=gay-nhay-cuetec-propel-do\" \/>\n<meta property=\"og:locale\" content=\"vi_VN\" \/>\n<meta property=\"og:type\" content=\"article\" \/>\n<meta property=\"og:title\" content=\"G\u1eady nh\u1ea3y Cuetec Propel \u0110\u1ecf - Jay Billiards - Chuy\u00ean g\u1eady Bida ch\u00ednh h\u00e3ng gi\u00e1 t\u1ed1t\" \/>\n<meta property=\"og:description\" content=\"G\u1eady nh\u1ea3y Cuetec Propel \u0110\u1ecf \u00b7 Ch\u1ea5t li\u1ec7u chu\u00f4i : G\u1ed7 phong cao c\u1ea5p \u00b7 Ch\u1ea5t li\u1ec7u ng\u1ecdn: Carbon \u00b7 Ren: 3\/8-14 \u00b7 Ng\u1ecdn: Carbon \u00b7 K\u00edch th\u01b0\u1edbc ng\u1ecdn: 13.8mm \u00b7 Tay c\u1ea7m: Tay ...13.500.000 \u20ab\" \/>\n<meta property=\"og:url\" content=\"https:\/\/jaybillards.azdigi.shop\/?product=gay-nhay-cuetec-propel-do\" \/>\n<meta property=\"og:site_name\" content=\"Jay Billiards - Chuy\u00ean g\u1eady Bida ch\u00ednh h\u00e3ng gi\u00e1 t\u1ed1t\" \/>\n<meta property=\"article:modified_time\" content=\"2026-04-07T17:27:01+00:00\" \/>\n<meta property=\"og:image\" content=\"https:\/\/jaybillards.azdigi.shop\/wp-content\/uploads\/2026\/03\/1-9.png\" \/>\n\t<meta property=\"og:image:width\" content=\"1600\" \/>\n\t<meta property=\"og:image:height\" content=\"1600\" \/>\n\t<meta property=\"og:image:type\" content=\"image\/png\" \/>\n<meta name=\"twitter:card\" content=\"summary_large_image\" \/>\n<meta name=\"twitter:label1\" content=\"\u01af\u1edbc t\u00ednh th\u1eddi gian \u0111\u1ecdc\" \/>\n\t<meta name=\"twitter:data1\" content=\"3 ph\u00fat\" \/>\n<script type=\"application\/ld+json\" class=\"yoast-schema-graph\">{\"@context\":\"https:\/\/schema.org\",\"@graph\":[{\"@type\":\"WebPage\",\"@id\":\"https:\/\/jaybillards.azdigi.shop\/?product=gay-nhay-cuetec-propel-do\",\"url\":\"https:\/\/jaybillards.azdigi.shop\/?product=gay-nhay-cuetec-propel-do\",\"name\":\"G\u1eady nh\u1ea3y Cuetec Propel \u0110\u1ecf - Jay Billiards - Chuy\u00ean g\u1eady Bida ch\u00ednh h\u00e3ng gi\u00e1 t\u1ed1t\",\"isPartOf\":{\"@id\":\"https:\/\/jaybillards.azdigi.shop\/#website\"},\"primaryImageOfPage\":{\"@id\":\"https:\/\/jaybillards.azdigi.shop\/?product=gay-nhay-cuetec-propel-do#primaryimage\"},\"image\":{\"@id\":\"https:\/\/jaybillards.azdigi.shop\/?product=gay-nhay-cuetec-propel-do#primaryimage\"},\"thumbnailUrl\":\"https:\/\/jaybillards.azdigi.shop\/wp-content\/uploads\/2026\/03\/1-9.png\",\"datePublished\":\"2026-03-28T12:02:55+00:00\",\"dateModified\":\"2026-04-07T17:27:01+00:00\",\"description\":\"G\u1eady nh\u1ea3y Cuetec Propel \u0110\u1ecf \u00b7 Ch\u1ea5t li\u1ec7u chu\u00f4i : G\u1ed7 phong cao c\u1ea5p \u00b7 Ch\u1ea5t li\u1ec7u ng\u1ecdn: Carbon \u00b7 Ren: 3\/8-14 \u00b7 Ng\u1ecdn: Carbon \u00b7 K\u00edch th\u01b0\u1edbc ng\u1ecdn: 13.8mm \u00b7 Tay c\u1ea7m: Tay ...13.500.000 \u20ab\",\"breadcrumb\":{\"@id\":\"https:\/\/jaybillards.azdigi.shop\/?product=gay-nhay-cuetec-propel-do#breadcrumb\"},\"inLanguage\":\"vi\",\"potentialAction\":[{\"@type\":\"ReadAction\",\"target\":[\"https:\/\/jaybillards.azdigi.shop\/?product=gay-nhay-cuetec-propel-do\"]}]},{\"@type\":\"ImageObject\",\"inLanguage\":\"vi\",\"@id\":\"https:\/\/jaybillards.azdigi.shop\/?product=gay-nhay-cuetec-propel-do#primaryimage\",\"url\":\"https:\/\/jaybillards.azdigi.shop\/wp-content\/uploads\/2026\/03\/1-9.png\",\"contentUrl\":\"https:\/\/jaybillards.azdigi.shop\/wp-content\/uploads\/2026\/03\/1-9.png\",\"width\":1600,\"height\":1600},{\"@type\":\"BreadcrumbList\",\"@id\":\"https:\/\/jaybillards.azdigi.shop\/?product=gay-nhay-cuetec-propel-do#breadcrumb\",\"itemListElement\":[{\"@type\":\"ListItem\",\"position\":1,\"name\":\"Trang ch\u1ee7\",\"item\":\"https:\/\/jaybillards.azdigi.shop\/\"},{\"@type\":\"ListItem\",\"position\":2,\"name\":\"C\u1eeda h\u00e0ng\",\"item\":\"https:\/\/jaybillards.azdigi.shop\/?page_id=274\"},{\"@type\":\"ListItem\",\"position\":3,\"name\":\"G\u1eady nh\u1ea3y Cuetec Propel \u0110\u1ecf\"}]},{\"@type\":\"WebSite\",\"@id\":\"https:\/\/jaybillards.azdigi.shop\/#website\",\"url\":\"https:\/\/jaybillards.azdigi.shop\/\",\"name\":\"Jay Billiards - Chuy\u00ean g\u1eady Bida ch\u00ednh h\u00e3ng gi\u00e1 t\u1ed1t\",\"description\":\"\",\"potentialAction\":[{\"@type\":\"SearchAction\",\"target\":{\"@type\":\"EntryPoint\",\"urlTemplate\":\"https:\/\/jaybillards.azdigi.shop\/?s={search_term_string}\"},\"query-input\":{\"@type\":\"PropertyValueSpecification\",\"valueRequired\":true,\"valueName\":\"search_term_string\"}}],\"inLanguage\":\"vi\"}]}<\/script>\n<!-- \/ Yoast SEO plugin. -->","yoast_head_json":{"title":"G\u1eady nh\u1ea3y Cuetec Propel \u0110\u1ecf - Jay Billiards - Chuy\u00ean g\u1eady Bida ch\u00ednh h\u00e3ng gi\u00e1 t\u1ed1t","description":"G\u1eady nh\u1ea3y Cuetec Propel \u0110\u1ecf \u00b7 Ch\u1ea5t li\u1ec7u chu\u00f4i : G\u1ed7 phong cao c\u1ea5p \u00b7 Ch\u1ea5t li\u1ec7u ng\u1ecdn: Carbon \u00b7 Ren: 3\/8-14 \u00b7 Ng\u1ecdn: Carbon \u00b7 K\u00edch th\u01b0\u1edbc ng\u1ecdn: 13.8mm \u00b7 Tay c\u1ea7m: Tay ...13.500.000 \u20ab","robots":{"index":"index","follow":"follow","max-snippet":"max-snippet:-1","max-image-preview":"max-image-preview:large","max-video-preview":"max-video-preview:-1"},"canonical":"https:\/\/jaybillards.azdigi.shop\/?product=gay-nhay-cuetec-propel-do","og_locale":"vi_VN","og_type":"article","og_title":"G\u1eady nh\u1ea3y Cuetec Propel \u0110\u1ecf - Jay Billiards - Chuy\u00ean g\u1eady Bida ch\u00ednh h\u00e3ng gi\u00e1 t\u1ed1t","og_description":"G\u1eady nh\u1ea3y Cuetec Propel \u0110\u1ecf \u00b7 Ch\u1ea5t li\u1ec7u chu\u00f4i : G\u1ed7 phong cao c\u1ea5p \u00b7 Ch\u1ea5t li\u1ec7u ng\u1ecdn: Carbon \u00b7 Ren: 3\/8-14 \u00b7 Ng\u1ecdn: Carbon \u00b7 K\u00edch th\u01b0\u1edbc ng\u1ecdn: 13.8mm \u00b7 Tay c\u1ea7m: Tay ...13.500.000 \u20ab","og_url":"https:\/\/jaybillards.azdigi.shop\/?product=gay-nhay-cuetec-propel-do","og_site_name":"Jay Billiards - Chuy\u00ean g\u1eady Bida ch\u00ednh h\u00e3ng gi\u00e1 t\u1ed1t","article_modified_time":"2026-04-07T17:27:01+00:00","og_image":[{"width":1600,"height":1600,"url":"https:\/\/jaybillards.azdigi.shop\/wp-content\/uploads\/2026\/03\/1-9.png","type":"image\/png"}],"twitter_card":"summary_large_image","twitter_misc":{"\u01af\u1edbc t\u00ednh th\u1eddi gian \u0111\u1ecdc":"3 ph\u00fat"},"schema":{"@context":"https:\/\/schema.org","@graph":[{"@type":"WebPage","@id":"https:\/\/jaybillards.azdigi.shop\/?product=gay-nhay-cuetec-propel-do","url":"https:\/\/jaybillards.azdigi.shop\/?product=gay-nhay-cuetec-propel-do","name":"G\u1eady nh\u1ea3y Cuetec Propel \u0110\u1ecf - Jay Billiards - Chuy\u00ean g\u1eady Bida ch\u00ednh h\u00e3ng gi\u00e1 t\u1ed1t","isPartOf":{"@id":"https:\/\/jaybillards.azdigi.shop\/#website"},"primaryImageOfPage":{"@id":"https:\/\/jaybillards.azdigi.shop\/?product=gay-nhay-cuetec-propel-do#primaryimage"},"image":{"@id":"https:\/\/jaybillards.azdigi.shop\/?product=gay-nhay-cuetec-propel-do#primaryimage"},"thumbnailUrl":"https:\/\/jaybillards.azdigi.shop\/wp-content\/uploads\/2026\/03\/1-9.png","datePublished":"2026-03-28T12:02:55+00:00","dateModified":"2026-04-07T17:27:01+00:00","description":"G\u1eady nh\u1ea3y Cuetec Propel \u0110\u1ecf \u00b7 Ch\u1ea5t li\u1ec7u chu\u00f4i : G\u1ed7 phong cao c\u1ea5p \u00b7 Ch\u1ea5t li\u1ec7u ng\u1ecdn: Carbon \u00b7 Ren: 3\/8-14 \u00b7 Ng\u1ecdn: Carbon \u00b7 K\u00edch th\u01b0\u1edbc ng\u1ecdn: 13.8mm \u00b7 Tay c\u1ea7m: Tay ...13.500.000 \u20ab","breadcrumb":{"@id":"https:\/\/jaybillards.azdigi.shop\/?product=gay-nhay-cuetec-propel-do#breadcrumb"},"inLanguage":"vi","potentialAction":[{"@type":"ReadAction","target":["https:\/\/jaybillards.azdigi.shop\/?product=gay-nhay-cuetec-propel-do"]}]},{"@type":"ImageObject","inLanguage":"vi","@id":"https:\/\/jaybillards.azdigi.shop\/?product=gay-nhay-cuetec-propel-do#primaryimage","url":"https:\/\/jaybillards.azdigi.shop\/wp-content\/uploads\/2026\/03\/1-9.png","contentUrl":"https:\/\/jaybillards.azdigi.shop\/wp-content\/uploads\/2026\/03\/1-9.png","width":1600,"height":1600},{"@type":"BreadcrumbList","@id":"https:\/\/jaybillards.azdigi.shop\/?product=gay-nhay-cuetec-propel-do#breadcrumb","itemListElement":[{"@type":"ListItem","position":1,"name":"Trang ch\u1ee7","item":"https:\/\/jaybillards.azdigi.shop\/"},{"@type":"ListItem","position":2,"name":"C\u1eeda h\u00e0ng","item":"https:\/\/jaybillards.azdigi.shop\/?page_id=274"},{"@type":"ListItem","position":3,"name":"G\u1eady nh\u1ea3y Cuetec Propel \u0110\u1ecf"}]},{"@type":"WebSite","@id":"https:\/\/jaybillards.azdigi.shop\/#website","url":"https:\/\/jaybillards.azdigi.shop\/","name":"Jay Billiards - Chuy\u00ean g\u1eady Bida ch\u00ednh h\u00e3ng gi\u00e1 t\u1ed1t","description":"","potentialAction":[{"@type":"SearchAction","target":{"@type":"EntryPoint","urlTemplate":"https:\/\/jaybillards.azdigi.shop\/?s={search_term_string}"},"query-input":{"@type":"PropertyValueSpecification","valueRequired":true,"valueName":"search_term_string"}}],"inLanguage":"vi"}]}},"_links":{"self":[{"href":"https:\/\/jaybillards.azdigi.shop\/index.php?rest_route=\/wp\/v2\/product\/643","targetHints":{"allow":["GET"]}}],"collection":[{"href":"https:\/\/jaybillards.azdigi.shop\/index.php?rest_route=\/wp\/v2\/product"}],"about":[{"href":"https:\/\/jaybillards.azdigi.shop\/index.php?rest_route=\/wp\/v2\/types\/product"}],"replies":[{"embeddable":true,"href":"https:\/\/jaybillards.azdigi.shop\/index.php?rest_route=%2Fwp%2Fv2%2Fcomments&post=643"}],"wp:featuredmedia":[{"embeddable":true,"href":"https:\/\/jaybillards.azdigi.shop\/index.php?rest_route=\/wp\/v2\/media\/1332"}],"wp:attachment":[{"href":"https:\/\/jaybillards.azdigi.shop\/index.php?rest_route=%2Fwp%2Fv2%2Fmedia&parent=643"}],"wp:term":[{"taxonomy":"product_brand","embeddable":true,"href":"https:\/\/jaybillards.azdigi.shop\/index.php?rest_route=%2Fwp%2Fv2%2Fproduct_brand&post=643"},{"taxonomy":"product_cat","embeddable":true,"href":"https:\/\/jaybillards.azdigi.shop\/index.php?rest_route=%2Fwp%2Fv2%2Fproduct_cat&post=643"},{"taxonomy":"product_tag","embeddable":true,"href":"https:\/\/jaybillards.azdigi.shop\/index.php?rest_route=%2Fwp%2Fv2%2Fproduct_tag&post=643"}],"curies":[{"name":"wp","href":"https:\/\/api.w.org\/{rel}","templated":true}]}}