{"id":636,"date":"2026-03-28T18:34:04","date_gmt":"2026-03-28T11:34:04","guid":{"rendered":"https:\/\/jaybillards.azdigi.shop\/?post_type=product&#038;p=636"},"modified":"2026-04-09T22:54:49","modified_gmt":"2026-04-09T15:54:49","slug":"gay-bi-a-sw-style","status":"publish","type":"product","link":"https:\/\/jaybillards.azdigi.shop\/?product=gay-bi-a-sw-style","title":{"rendered":"G\u1eady Bi a SW Style"},"content":{"rendered":"<p>SW Stype<br \/>\nSW STYLE \u2013 \u0110\u1ec8NH CAO NGH\u1ec6 THU\u1eacT CH\u1ebe T\u00c1C TH\u1ee6 C\u00d4NG<\/p>\n<p>Chu\u00f4i: Bubinca g\u1ed7 qu\u00fd n\u00e2u \u0111\u1ecf<\/p>\n<p>Ng\u1ecdn: Thu\u1ea7n m\u1ed9c<\/p>\n<p>Ren: \u0110\u1ed3ng 3\/8-11<\/p>\n<p>\u0110\u1ea7u t\u1ea9y: Kmui<\/p>\n<p>Tay c\u1ea7m: Da b\u00f2 d\u1eadp v\u00e2n<\/p>\n<p data-start=\"0\" data-end=\"243\">SW Style l\u00e0 d\u00f2ng c\u01a1 bida cao c\u1ea5p, \u0111\u1ea1i di\u1ec7n cho \u0111\u1ec9nh cao c\u1ee7a ngh\u1ec7 thu\u1eadt ch\u1ebf t\u00e1c th\u1ee7 c\u00f4ng tinh x\u1ea3o. T\u1eebng chi ti\u1ebft tr\u00ean c\u00e2y c\u01a1 \u0111\u1ec1u \u0111\u01b0\u1ee3c ch\u0103m ch\u00fat t\u1ec9 m\u1ec9, kh\u00f4ng ch\u1ec9 mang l\u1ea1i hi\u1ec7u n\u0103ng v\u01b0\u1ee3t tr\u1ed9i m\u00e0 c\u00f2n th\u1ec3 hi\u1ec7n \u0111\u1eb3ng c\u1ea5p v\u00e0 gu th\u1ea9m m\u1ef9 c\u1ee7a ng\u01b0\u1eddi ch\u01a1i.<\/p>\n<p data-start=\"245\" data-end=\"617\">Ph\u1ea7n chu\u00f4i \u0111\u01b0\u1ee3c l\u00e0m t\u1eeb g\u1ed7 Bubinga \u2013 lo\u1ea1i g\u1ed7 qu\u00fd v\u1edbi t\u00f4ng m\u00e0u n\u00e2u \u0111\u1ecf \u0111\u1eb7c tr\u01b0ng, v\u00e2n g\u1ed7 \u0111\u1eb9p v\u00e0 \u0111\u1ed9 c\u1ee9ng cao. Ch\u1ea5t li\u1ec7u n\u00e0y kh\u00f4ng ch\u1ec9 gi\u00fap t\u0103ng \u0111\u1ed9 b\u1ec1n m\u00e0 c\u00f2n t\u1ea1o c\u1ea3m gi\u00e1c \u0111\u1ea7m tay, \u1ed5n \u0111\u1ecbnh trong t\u1eebng c\u00fa \u0111\u00e1nh. Ng\u1ecdn c\u01a1 s\u1eed d\u1ee5ng thu\u1ea7n m\u1ed9c, mang l\u1ea1i c\u1ea3m gi\u00e1c \u0111\u00e1nh ch\u00e2n th\u1ef1c, truy\u1ec1n l\u1ef1c t\u1ed1t v\u00e0 \u0111\u1ed9 ph\u1ea3n h\u1ed3i r\u00f5 r\u00e0ng, r\u1ea5t \u0111\u01b0\u1ee3c \u01b0a chu\u1ed9ng b\u1edfi nh\u1eefng c\u01a1 th\u1ee7 y\u00eau th\u00edch l\u1ed1i \u0111\u00e1nh truy\u1ec1n th\u1ed1ng.<\/p>\n<p data-start=\"619\" data-end=\"905\">C\u00e2y c\u01a1 s\u1eed d\u1ee5ng ren \u0111\u1ed3ng chu\u1ea9n 3\/8-11, gi\u00fap k\u1ebft n\u1ed1i ch\u1eafc ch\u1eafn gi\u1eefa chu\u00f4i v\u00e0 ng\u1ecdn, \u0111\u1ed3ng th\u1eddi t\u1ed1i \u01b0u kh\u1ea3 n\u0103ng truy\u1ec1n l\u1ef1c, gi\u1ea3m thi\u1ec3u rung l\u1eafc khi \u0111\u00e1nh. \u0110\u1ea7u t\u1ea9y Kmui n\u1ed5i ti\u1ebfng v\u1edbi \u0111\u1ed9 b\u00e1m bi t\u1ed1t, h\u1ed7 tr\u1ee3 ng\u01b0\u1eddi ch\u01a1i ki\u1ec3m so\u00e1t xo\u00e1y hi\u1ec7u qu\u1ea3 v\u00e0 th\u1ef1c hi\u1ec7n c\u00e1c k\u1ef9 thu\u1eadt kh\u00f3 m\u1ed9t c\u00e1ch ch\u00ednh x\u00e1c h\u01a1n.<\/p>\n<p data-start=\"907\" data-end=\"1266\" data-is-last-node=\"\" data-is-only-node=\"\">Tay c\u1ea7m \u0111\u01b0\u1ee3c b\u1ecdc da b\u00f2 d\u1eadp v\u00e2n cao c\u1ea5p, mang l\u1ea1i c\u1ea3m gi\u00e1c \u00eam \u00e1i, ch\u1ed1ng tr\u01b0\u1ee3t t\u1ed1t v\u00e0 t\u0103ng \u0111\u1ed9 b\u00e1m khi thi \u0111\u1ea5u trong th\u1eddi gian d\u00e0i. S\u1ef1 k\u1ebft h\u1ee3p gi\u1eefa ch\u1ea5t li\u1ec7u cao c\u1ea5p v\u00e0 k\u1ef9 thu\u1eadt th\u1ee7 c\u00f4ng tinh t\u1ebf gi\u00fap SW Style kh\u00f4ng ch\u1ec9 l\u00e0 m\u1ed9t c\u00e2y c\u01a1 bida, m\u00e0 c\u00f2n l\u00e0 m\u1ed9t t\u00e1c ph\u1ea9m ngh\u1ec7 thu\u1eadt th\u1ef1c th\u1ee5, x\u1ee9ng \u0111\u00e1ng c\u00f3 m\u1eb7t trong b\u1ed9 s\u01b0u t\u1eadp c\u1ee7a nh\u1eefng ng\u01b0\u1eddi ch\u01a1i \u0111am m\u00ea v\u00e0 chuy\u00ean nghi\u1ec7p.<\/p>\n","protected":false},"excerpt":{"rendered":"<p>SW Stype SW STYLE \u2013 \u0110\u1ec8NH CAO NGH\u1ec6 THU\u1eacT CH\u1ebe T\u00c1C TH\u1ee6 C\u00d4NG Chu\u00f4i: Bubinca g\u1ed7 qu\u00fd n\u00e2u \u0111\u1ecf Ng\u1ecdn: Thu\u1ea7n m\u1ed9c Ren: \u0110\u1ed3ng 3\/8-11 \u0110\u1ea7u t\u1ea9y: Kmui Tay c\u1ea7m: Da b\u00f2 d\u1eadp v\u00e2n SW Style l\u00e0 d\u00f2ng c\u01a1 bida cao c\u1ea5p, \u0111\u1ea1i di\u1ec7n cho \u0111\u1ec9nh cao c\u1ee7a ngh\u1ec7 thu\u1eadt ch\u1ebf t\u00e1c th\u1ee7 c\u00f4ng tinh [&#8230;]\n","protected":false},"featured_media":1341,"comment_status":"open","ping_status":"closed","template":"","meta":[],"product_brand":[25],"product_cat":[24],"product_tag":[104],"class_list":{"0":"post-636","1":"product","2":"type-product","3":"status-publish","4":"has-post-thumbnail","6":"product_brand-peri","7":"product_cat-peri","8":"product_tag-gay-bi-a-sw-style","10":"first","11":"instock","12":"shipping-taxable","13":"purchasable","14":"product-type-variable"},"yoast_head":"<!-- This site is optimized with the Yoast SEO plugin v27.2 - https:\/\/yoast.com\/product\/yoast-seo-wordpress\/ -->\n<title>G\u1eady Bi a SW Style - Jay Billiards - Chuy\u00ean g\u1eady Bida ch\u00ednh h\u00e3ng gi\u00e1 t\u1ed1t<\/title>\n<meta name=\"description\" content=\"G\u1eady Bi a SW Style. Li\u00ean h\u1ec7. T\u01b0 v\u1ea5n mi\u1ec5n ph\u00ed. Categories: G\u1eady Bi a, G\u1eady Bi a Peri. Chia s\u1ebb: B\u1ea3o hi\u1ec3m c\u1ea3 l\u1ed7i ng\u01b0\u1eddi d\u00f9ng trong 5 n\u0103m.\" \/>\n<meta name=\"robots\" content=\"index, follow, max-snippet:-1, max-image-preview:large, max-video-preview:-1\" \/>\n<link rel=\"canonical\" href=\"https:\/\/jaybillards.azdigi.shop\/?product=gay-bi-a-sw-style\" \/>\n<meta property=\"og:locale\" content=\"vi_VN\" \/>\n<meta property=\"og:type\" content=\"article\" \/>\n<meta property=\"og:title\" content=\"G\u1eady Bi a SW Style - Jay Billiards - Chuy\u00ean g\u1eady Bida ch\u00ednh h\u00e3ng gi\u00e1 t\u1ed1t\" \/>\n<meta property=\"og:description\" content=\"G\u1eady Bi a SW Style. Li\u00ean h\u1ec7. T\u01b0 v\u1ea5n mi\u1ec5n ph\u00ed. Categories: G\u1eady Bi a, G\u1eady Bi a Peri. Chia s\u1ebb: B\u1ea3o hi\u1ec3m c\u1ea3 l\u1ed7i ng\u01b0\u1eddi d\u00f9ng trong 5 n\u0103m.\" \/>\n<meta property=\"og:url\" content=\"https:\/\/jaybillards.azdigi.shop\/?product=gay-bi-a-sw-style\" \/>\n<meta property=\"og:site_name\" content=\"Jay Billiards - Chuy\u00ean g\u1eady Bida ch\u00ednh h\u00e3ng gi\u00e1 t\u1ed1t\" \/>\n<meta property=\"article:modified_time\" content=\"2026-04-09T15:54:49+00:00\" \/>\n<meta property=\"og:image\" content=\"https:\/\/jaybillards.azdigi.shop\/wp-content\/uploads\/2026\/03\/00545a1e8a723d2c6463.jpg\" \/>\n\t<meta property=\"og:image:width\" content=\"2000\" \/>\n\t<meta property=\"og:image:height\" content=\"2000\" \/>\n\t<meta property=\"og:image:type\" content=\"image\/jpeg\" \/>\n<meta name=\"twitter:card\" content=\"summary_large_image\" \/>\n<meta name=\"twitter:label1\" content=\"\u01af\u1edbc t\u00ednh th\u1eddi gian \u0111\u1ecdc\" \/>\n\t<meta name=\"twitter:data1\" content=\"2 ph\u00fat\" \/>\n<script type=\"application\/ld+json\" class=\"yoast-schema-graph\">{\"@context\":\"https:\/\/schema.org\",\"@graph\":[{\"@type\":\"WebPage\",\"@id\":\"https:\/\/jaybillards.azdigi.shop\/?product=gay-bi-a-sw-style\",\"url\":\"https:\/\/jaybillards.azdigi.shop\/?product=gay-bi-a-sw-style\",\"name\":\"G\u1eady Bi a SW Style - Jay Billiards - Chuy\u00ean g\u1eady Bida ch\u00ednh h\u00e3ng gi\u00e1 t\u1ed1t\",\"isPartOf\":{\"@id\":\"https:\/\/jaybillards.azdigi.shop\/#website\"},\"primaryImageOfPage\":{\"@id\":\"https:\/\/jaybillards.azdigi.shop\/?product=gay-bi-a-sw-style#primaryimage\"},\"image\":{\"@id\":\"https:\/\/jaybillards.azdigi.shop\/?product=gay-bi-a-sw-style#primaryimage\"},\"thumbnailUrl\":\"https:\/\/jaybillards.azdigi.shop\/wp-content\/uploads\/2026\/03\/00545a1e8a723d2c6463.jpg\",\"datePublished\":\"2026-03-28T11:34:04+00:00\",\"dateModified\":\"2026-04-09T15:54:49+00:00\",\"description\":\"G\u1eady Bi a SW Style. Li\u00ean h\u1ec7. T\u01b0 v\u1ea5n mi\u1ec5n ph\u00ed. Categories: G\u1eady Bi a, G\u1eady Bi a Peri. Chia s\u1ebb: B\u1ea3o hi\u1ec3m c\u1ea3 l\u1ed7i ng\u01b0\u1eddi d\u00f9ng trong 5 n\u0103m.\",\"breadcrumb\":{\"@id\":\"https:\/\/jaybillards.azdigi.shop\/?product=gay-bi-a-sw-style#breadcrumb\"},\"inLanguage\":\"vi\",\"potentialAction\":[{\"@type\":\"ReadAction\",\"target\":[\"https:\/\/jaybillards.azdigi.shop\/?product=gay-bi-a-sw-style\"]}]},{\"@type\":\"ImageObject\",\"inLanguage\":\"vi\",\"@id\":\"https:\/\/jaybillards.azdigi.shop\/?product=gay-bi-a-sw-style#primaryimage\",\"url\":\"https:\/\/jaybillards.azdigi.shop\/wp-content\/uploads\/2026\/03\/00545a1e8a723d2c6463.jpg\",\"contentUrl\":\"https:\/\/jaybillards.azdigi.shop\/wp-content\/uploads\/2026\/03\/00545a1e8a723d2c6463.jpg\",\"width\":2000,\"height\":2000},{\"@type\":\"BreadcrumbList\",\"@id\":\"https:\/\/jaybillards.azdigi.shop\/?product=gay-bi-a-sw-style#breadcrumb\",\"itemListElement\":[{\"@type\":\"ListItem\",\"position\":1,\"name\":\"Trang ch\u1ee7\",\"item\":\"https:\/\/jaybillards.azdigi.shop\/\"},{\"@type\":\"ListItem\",\"position\":2,\"name\":\"C\u1eeda h\u00e0ng\",\"item\":\"https:\/\/jaybillards.azdigi.shop\/?page_id=274\"},{\"@type\":\"ListItem\",\"position\":3,\"name\":\"G\u1eady Bi a SW Style\"}]},{\"@type\":\"WebSite\",\"@id\":\"https:\/\/jaybillards.azdigi.shop\/#website\",\"url\":\"https:\/\/jaybillards.azdigi.shop\/\",\"name\":\"Jay Billiards - Chuy\u00ean g\u1eady Bida ch\u00ednh h\u00e3ng gi\u00e1 t\u1ed1t\",\"description\":\"\",\"potentialAction\":[{\"@type\":\"SearchAction\",\"target\":{\"@type\":\"EntryPoint\",\"urlTemplate\":\"https:\/\/jaybillards.azdigi.shop\/?s={search_term_string}\"},\"query-input\":{\"@type\":\"PropertyValueSpecification\",\"valueRequired\":true,\"valueName\":\"search_term_string\"}}],\"inLanguage\":\"vi\"}]}<\/script>\n<!-- \/ Yoast SEO plugin. -->","yoast_head_json":{"title":"G\u1eady Bi a SW Style - Jay Billiards - Chuy\u00ean g\u1eady Bida ch\u00ednh h\u00e3ng gi\u00e1 t\u1ed1t","description":"G\u1eady Bi a SW Style. Li\u00ean h\u1ec7. T\u01b0 v\u1ea5n mi\u1ec5n ph\u00ed. Categories: G\u1eady Bi a, G\u1eady Bi a Peri. Chia s\u1ebb: B\u1ea3o hi\u1ec3m c\u1ea3 l\u1ed7i ng\u01b0\u1eddi d\u00f9ng trong 5 n\u0103m.","robots":{"index":"index","follow":"follow","max-snippet":"max-snippet:-1","max-image-preview":"max-image-preview:large","max-video-preview":"max-video-preview:-1"},"canonical":"https:\/\/jaybillards.azdigi.shop\/?product=gay-bi-a-sw-style","og_locale":"vi_VN","og_type":"article","og_title":"G\u1eady Bi a SW Style - Jay Billiards - Chuy\u00ean g\u1eady Bida ch\u00ednh h\u00e3ng gi\u00e1 t\u1ed1t","og_description":"G\u1eady Bi a SW Style. Li\u00ean h\u1ec7. T\u01b0 v\u1ea5n mi\u1ec5n ph\u00ed. Categories: G\u1eady Bi a, G\u1eady Bi a Peri. Chia s\u1ebb: B\u1ea3o hi\u1ec3m c\u1ea3 l\u1ed7i ng\u01b0\u1eddi d\u00f9ng trong 5 n\u0103m.","og_url":"https:\/\/jaybillards.azdigi.shop\/?product=gay-bi-a-sw-style","og_site_name":"Jay Billiards - Chuy\u00ean g\u1eady Bida ch\u00ednh h\u00e3ng gi\u00e1 t\u1ed1t","article_modified_time":"2026-04-09T15:54:49+00:00","og_image":[{"width":2000,"height":2000,"url":"https:\/\/jaybillards.azdigi.shop\/wp-content\/uploads\/2026\/03\/00545a1e8a723d2c6463.jpg","type":"image\/jpeg"}],"twitter_card":"summary_large_image","twitter_misc":{"\u01af\u1edbc t\u00ednh th\u1eddi gian \u0111\u1ecdc":"2 ph\u00fat"},"schema":{"@context":"https:\/\/schema.org","@graph":[{"@type":"WebPage","@id":"https:\/\/jaybillards.azdigi.shop\/?product=gay-bi-a-sw-style","url":"https:\/\/jaybillards.azdigi.shop\/?product=gay-bi-a-sw-style","name":"G\u1eady Bi a SW Style - Jay Billiards - Chuy\u00ean g\u1eady Bida ch\u00ednh h\u00e3ng gi\u00e1 t\u1ed1t","isPartOf":{"@id":"https:\/\/jaybillards.azdigi.shop\/#website"},"primaryImageOfPage":{"@id":"https:\/\/jaybillards.azdigi.shop\/?product=gay-bi-a-sw-style#primaryimage"},"image":{"@id":"https:\/\/jaybillards.azdigi.shop\/?product=gay-bi-a-sw-style#primaryimage"},"thumbnailUrl":"https:\/\/jaybillards.azdigi.shop\/wp-content\/uploads\/2026\/03\/00545a1e8a723d2c6463.jpg","datePublished":"2026-03-28T11:34:04+00:00","dateModified":"2026-04-09T15:54:49+00:00","description":"G\u1eady Bi a SW Style. Li\u00ean h\u1ec7. T\u01b0 v\u1ea5n mi\u1ec5n ph\u00ed. Categories: G\u1eady Bi a, G\u1eady Bi a Peri. Chia s\u1ebb: B\u1ea3o hi\u1ec3m c\u1ea3 l\u1ed7i ng\u01b0\u1eddi d\u00f9ng trong 5 n\u0103m.","breadcrumb":{"@id":"https:\/\/jaybillards.azdigi.shop\/?product=gay-bi-a-sw-style#breadcrumb"},"inLanguage":"vi","potentialAction":[{"@type":"ReadAction","target":["https:\/\/jaybillards.azdigi.shop\/?product=gay-bi-a-sw-style"]}]},{"@type":"ImageObject","inLanguage":"vi","@id":"https:\/\/jaybillards.azdigi.shop\/?product=gay-bi-a-sw-style#primaryimage","url":"https:\/\/jaybillards.azdigi.shop\/wp-content\/uploads\/2026\/03\/00545a1e8a723d2c6463.jpg","contentUrl":"https:\/\/jaybillards.azdigi.shop\/wp-content\/uploads\/2026\/03\/00545a1e8a723d2c6463.jpg","width":2000,"height":2000},{"@type":"BreadcrumbList","@id":"https:\/\/jaybillards.azdigi.shop\/?product=gay-bi-a-sw-style#breadcrumb","itemListElement":[{"@type":"ListItem","position":1,"name":"Trang ch\u1ee7","item":"https:\/\/jaybillards.azdigi.shop\/"},{"@type":"ListItem","position":2,"name":"C\u1eeda h\u00e0ng","item":"https:\/\/jaybillards.azdigi.shop\/?page_id=274"},{"@type":"ListItem","position":3,"name":"G\u1eady Bi a SW Style"}]},{"@type":"WebSite","@id":"https:\/\/jaybillards.azdigi.shop\/#website","url":"https:\/\/jaybillards.azdigi.shop\/","name":"Jay Billiards - Chuy\u00ean g\u1eady Bida ch\u00ednh h\u00e3ng gi\u00e1 t\u1ed1t","description":"","potentialAction":[{"@type":"SearchAction","target":{"@type":"EntryPoint","urlTemplate":"https:\/\/jaybillards.azdigi.shop\/?s={search_term_string}"},"query-input":{"@type":"PropertyValueSpecification","valueRequired":true,"valueName":"search_term_string"}}],"inLanguage":"vi"}]}},"_links":{"self":[{"href":"https:\/\/jaybillards.azdigi.shop\/index.php?rest_route=\/wp\/v2\/product\/636","targetHints":{"allow":["GET"]}}],"collection":[{"href":"https:\/\/jaybillards.azdigi.shop\/index.php?rest_route=\/wp\/v2\/product"}],"about":[{"href":"https:\/\/jaybillards.azdigi.shop\/index.php?rest_route=\/wp\/v2\/types\/product"}],"replies":[{"embeddable":true,"href":"https:\/\/jaybillards.azdigi.shop\/index.php?rest_route=%2Fwp%2Fv2%2Fcomments&post=636"}],"wp:featuredmedia":[{"embeddable":true,"href":"https:\/\/jaybillards.azdigi.shop\/index.php?rest_route=\/wp\/v2\/media\/1341"}],"wp:attachment":[{"href":"https:\/\/jaybillards.azdigi.shop\/index.php?rest_route=%2Fwp%2Fv2%2Fmedia&parent=636"}],"wp:term":[{"taxonomy":"product_brand","embeddable":true,"href":"https:\/\/jaybillards.azdigi.shop\/index.php?rest_route=%2Fwp%2Fv2%2Fproduct_brand&post=636"},{"taxonomy":"product_cat","embeddable":true,"href":"https:\/\/jaybillards.azdigi.shop\/index.php?rest_route=%2Fwp%2Fv2%2Fproduct_cat&post=636"},{"taxonomy":"product_tag","embeddable":true,"href":"https:\/\/jaybillards.azdigi.shop\/index.php?rest_route=%2Fwp%2Fv2%2Fproduct_tag&post=636"}],"curies":[{"name":"wp","href":"https:\/\/api.w.org\/{rel}","templated":true}]}}