{"id":633,"date":"2026-03-28T00:43:36","date_gmt":"2026-03-27T17:43:36","guid":{"rendered":"https:\/\/jaybillards.azdigi.shop\/?post_type=product&#038;p=633"},"modified":"2026-04-08T00:41:39","modified_gmt":"2026-04-07T17:41:39","slug":"gay-bi-a-peri-pte-04","status":"publish","type":"product","link":"https:\/\/jaybillards.azdigi.shop\/?product=gay-bi-a-peri-pte-04","title":{"rendered":"G\u1eady Bi a Peri PTE-04"},"content":{"rendered":"<h1 class=\"product-title product_title entry-title\">PERI PTE04 \u2013 SE<\/h1>\n<div class=\"is-divider small\"><\/div>\n<div class=\"product-short-description\">\n<p><strong>TH\u00d4NG S\u1ed0 K\u1ef8 THU\u1eacT:<\/strong><\/p>\n<ul>\n<li>Chu\u00f4i: G\u1ed7 Ebony, kh\u1ea3m \u0110\u00e1 B\u00e0o ng\u01b0, Elforyn<\/li>\n<li>Ng\u1ecdn: P20R<\/li>\n<li>Size ng\u1ecdn: 12.5mm<\/li>\n<li>\u0110\u1ea7u c\u01a1: Peri Tip<\/li>\n<li>Ren: Radial<\/li>\n<li>C\u00e2n N\u1eb7ng: 18.05oz \u2013 19.05oz\n<p data-start=\"0\" data-end=\"351\">PERI PTE04 \u2013 SE l\u00e0 m\u1eabu c\u01a1 bida cao c\u1ea5p n\u1ed5i b\u1eadt c\u1ee7a h\u00e3ng Peri, \u0111\u01b0\u1ee3c thi\u1ebft k\u1ebf d\u00e0nh cho nh\u1eefng ng\u01b0\u1eddi ch\u01a1i y\u00eau c\u1ea7u cao v\u1ec1 c\u1ea3 hi\u1ec7u n\u0103ng l\u1eabn th\u1ea9m m\u1ef9. Ngay t\u1eeb c\u00e1i nh\u00ecn \u0111\u1ea7u ti\u00ean, c\u00e2y c\u01a1 \u0111\u00e3 g\u00e2y \u1ea5n t\u01b0\u1ee3ng m\u1ea1nh v\u1edbi ph\u1ea7n chu\u00f4i \u0111\u01b0\u1ee3c ch\u1ebf t\u00e1c t\u1eeb g\u1ed7 Ebony cao c\u1ea5p, k\u1ebft h\u1ee3p kh\u1ea3m \u0111\u00e1 b\u00e0o ng\u01b0 v\u00e0 v\u1eadt li\u1ec7u Elforyn, t\u1ea1o n\u00ean v\u1ebb \u0111\u1eb9p sang tr\u1ecdng, tinh x\u1ea3o v\u00e0 \u0111\u1eadm ch\u1ea5t ngh\u1ec7 thu\u1eadt.<\/p>\n<p data-start=\"353\" data-end=\"704\">Ng\u1ecdn c\u01a1 s\u1eed d\u1ee5ng c\u00f4ng ngh\u1ec7 P20R v\u1edbi k\u00edch th\u01b0\u1edbc 12.5mm, mang l\u1ea1i \u0111\u1ed9 \u1ed5n \u0111\u1ecbnh cao, kh\u1ea3 n\u0103ng ki\u1ec3m so\u00e1t bi t\u1ed1t v\u00e0 h\u1ea1n ch\u1ebf t\u1ed1i \u0111a \u0111\u1ed9 rung khi \u0111\u00e1nh. \u0110\u00e2y l\u00e0 l\u1ef1a ch\u1ecdn l\u00fd t\u01b0\u1edfng cho nh\u1eefng c\u01a1 th\u1ee7 mu\u1ed1n n\u00e2ng cao \u0111\u1ed9 ch\u00ednh x\u00e1c v\u00e0 c\u1ea3m gi\u00e1c tay trong t\u1eebng c\u00fa \u0111\u00e1nh. \u0110\u1ea7u c\u01a1 Peri Tip gi\u00fap t\u0103ng \u0111\u1ed9 b\u00e1m bi, h\u1ed7 tr\u1ee3 th\u1ef1c hi\u1ec7n c\u00e1c k\u1ef9 thu\u1eadt xo\u00e1y v\u00e0 \u0111i\u1ec1u bi m\u1ed9t c\u00e1ch hi\u1ec7u qu\u1ea3 h\u01a1n.<\/p>\n<p data-start=\"706\" data-end=\"989\">C\u00e2y c\u01a1 \u0111\u01b0\u1ee3c trang b\u1ecb ren Radial, gi\u00fap k\u1ebft n\u1ed1i ch\u1eafc ch\u1eafn gi\u1eefa chu\u00f4i v\u00e0 ng\u1ecdn, t\u1ed1i \u01b0u kh\u1ea3 n\u0103ng truy\u1ec1n l\u1ef1c v\u00e0 mang l\u1ea1i c\u1ea3m gi\u00e1c \u0111\u00e1nh \u0111\u1ea7m, ch\u1eafc tay. Tr\u1ecdng l\u01b0\u1ee3ng c\u00f3 th\u1ec3 t\u00f9y ch\u1ec9nh t\u1eeb 18.05oz \u0111\u1ebfn 19.05oz, ph\u00f9 h\u1ee3p v\u1edbi nhi\u1ec1u phong c\u00e1ch ch\u01a1i kh\u00e1c nhau, t\u1eeb ki\u1ec3m so\u00e1t nh\u1eb9 nh\u00e0ng \u0111\u1ebfn \u0111\u00e1nh l\u1ef1c m\u1ea1nh.<\/p>\n<p data-start=\"991\" data-end=\"1217\" data-is-last-node=\"\" data-is-only-node=\"\">T\u1ed5ng th\u1ec3, PERI PTE04 \u2013 SE kh\u00f4ng ch\u1ec9 l\u00e0 m\u1ed9t c\u00e2y c\u01a1 bida ch\u1ea5t l\u01b0\u1ee3ng cao m\u00e0 c\u00f2n l\u00e0 s\u1ef1 k\u1ebft h\u1ee3p ho\u00e0n h\u1ea3o gi\u1eefa c\u00f4ng ngh\u1ec7 hi\u1ec7n \u0111\u1ea1i v\u00e0 ngh\u1ec7 thu\u1eadt ch\u1ebf t\u00e1c tinh x\u1ea3o, x\u1ee9ng \u0111\u00e1ng l\u00e0 l\u1ef1a ch\u1ecdn h\u00e0ng \u0111\u1ea7u cho c\u00e1c c\u01a1 th\u1ee7 \u0111am m\u00ea v\u00e0 chuy\u00ean nghi\u1ec7p.<\/p>\n<\/li>\n<\/ul>\n<\/div>\n","protected":false},"excerpt":{"rendered":"<p>PERI PTE04 \u2013 SE TH\u00d4NG S\u1ed0 K\u1ef8 THU\u1eacT: Chu\u00f4i: G\u1ed7 Ebony, kh\u1ea3m \u0110\u00e1 B\u00e0o ng\u01b0, Elforyn Ng\u1ecdn: P20R Size ng\u1ecdn: 12.5mm \u0110\u1ea7u c\u01a1: Peri Tip Ren: Radial C\u00e2n N\u1eb7ng: 18.05oz \u2013 19.05oz PERI PTE04 \u2013 SE l\u00e0 m\u1eabu c\u01a1 bida cao c\u1ea5p n\u1ed5i b\u1eadt c\u1ee7a h\u00e3ng Peri, \u0111\u01b0\u1ee3c thi\u1ebft k\u1ebf d\u00e0nh cho nh\u1eefng ng\u01b0\u1eddi ch\u01a1i [&#8230;]\n","protected":false},"featured_media":1349,"comment_status":"open","ping_status":"closed","template":"","meta":[],"product_brand":[],"product_cat":[24],"product_tag":[103],"class_list":{"0":"post-633","1":"product","2":"type-product","3":"status-publish","4":"has-post-thumbnail","6":"product_cat-peri","7":"product_tag-gay-bi-a-peri-pte-04","9":"first","10":"instock","11":"shipping-taxable","12":"purchasable","13":"product-type-variable"},"yoast_head":"<!-- This site is optimized with the Yoast SEO plugin v27.2 - https:\/\/yoast.com\/product\/yoast-seo-wordpress\/ -->\n<title>G\u1eady Bi a Peri PTE-04 - Jay Billiards - Chuy\u00ean g\u1eady Bida ch\u00ednh h\u00e3ng gi\u00e1 t\u1ed1t<\/title>\n<meta name=\"description\" content=\"G\u1eady Bi a Peri ; G\u1eady Bi a Peri PTE-04. Li\u00ean h\u1ec7 ; G\u1eady Bi a SW Style. Li\u00ean h\u1ec7 ; G\u1eady Bi a Peri P-D10. 7.000.000 \u20ab 5.800.000 \u20ab ; G\u1eady Bi a Peri P-D11. 7.000.000 \u20ab 5.800.\" \/>\n<meta name=\"robots\" content=\"index, follow, max-snippet:-1, max-image-preview:large, max-video-preview:-1\" \/>\n<link rel=\"canonical\" href=\"https:\/\/jaybillards.azdigi.shop\/?product=gay-bi-a-peri-pte-04\" \/>\n<meta property=\"og:locale\" content=\"vi_VN\" \/>\n<meta property=\"og:type\" content=\"article\" \/>\n<meta property=\"og:title\" content=\"G\u1eady Bi a Peri PTE-04 - Jay Billiards - Chuy\u00ean g\u1eady Bida ch\u00ednh h\u00e3ng gi\u00e1 t\u1ed1t\" \/>\n<meta property=\"og:description\" content=\"G\u1eady Bi a Peri ; G\u1eady Bi a Peri PTE-04. Li\u00ean h\u1ec7 ; G\u1eady Bi a SW Style. Li\u00ean h\u1ec7 ; G\u1eady Bi a Peri P-D10. 7.000.000 \u20ab 5.800.000 \u20ab ; G\u1eady Bi a Peri P-D11. 7.000.000 \u20ab 5.800.\" \/>\n<meta property=\"og:url\" content=\"https:\/\/jaybillards.azdigi.shop\/?product=gay-bi-a-peri-pte-04\" \/>\n<meta property=\"og:site_name\" content=\"Jay Billiards - Chuy\u00ean g\u1eady Bida ch\u00ednh h\u00e3ng gi\u00e1 t\u1ed1t\" \/>\n<meta property=\"article:modified_time\" content=\"2026-04-07T17:41:39+00:00\" \/>\n<meta property=\"og:image\" content=\"https:\/\/jaybillards.azdigi.shop\/wp-content\/uploads\/2026\/03\/00545a1e8a723d2c6463-1.jpg\" \/>\n\t<meta property=\"og:image:width\" content=\"2000\" \/>\n\t<meta property=\"og:image:height\" content=\"2000\" \/>\n\t<meta property=\"og:image:type\" content=\"image\/jpeg\" \/>\n<meta name=\"twitter:card\" content=\"summary_large_image\" \/>\n<meta name=\"twitter:label1\" content=\"\u01af\u1edbc t\u00ednh th\u1eddi gian \u0111\u1ecdc\" \/>\n\t<meta name=\"twitter:data1\" content=\"2 ph\u00fat\" \/>\n<script type=\"application\/ld+json\" class=\"yoast-schema-graph\">{\"@context\":\"https:\/\/schema.org\",\"@graph\":[{\"@type\":\"WebPage\",\"@id\":\"https:\/\/jaybillards.azdigi.shop\/?product=gay-bi-a-peri-pte-04\",\"url\":\"https:\/\/jaybillards.azdigi.shop\/?product=gay-bi-a-peri-pte-04\",\"name\":\"G\u1eady Bi a Peri PTE-04 - Jay Billiards - Chuy\u00ean g\u1eady Bida ch\u00ednh h\u00e3ng gi\u00e1 t\u1ed1t\",\"isPartOf\":{\"@id\":\"https:\/\/jaybillards.azdigi.shop\/#website\"},\"primaryImageOfPage\":{\"@id\":\"https:\/\/jaybillards.azdigi.shop\/?product=gay-bi-a-peri-pte-04#primaryimage\"},\"image\":{\"@id\":\"https:\/\/jaybillards.azdigi.shop\/?product=gay-bi-a-peri-pte-04#primaryimage\"},\"thumbnailUrl\":\"https:\/\/jaybillards.azdigi.shop\/wp-content\/uploads\/2026\/03\/00545a1e8a723d2c6463-1.jpg\",\"datePublished\":\"2026-03-27T17:43:36+00:00\",\"dateModified\":\"2026-04-07T17:41:39+00:00\",\"description\":\"G\u1eady Bi a Peri ; G\u1eady Bi a Peri PTE-04. Li\u00ean h\u1ec7 ; G\u1eady Bi a SW Style. Li\u00ean h\u1ec7 ; G\u1eady Bi a Peri P-D10. 7.000.000 \u20ab 5.800.000 \u20ab ; G\u1eady Bi a Peri P-D11. 7.000.000 \u20ab 5.800.\",\"breadcrumb\":{\"@id\":\"https:\/\/jaybillards.azdigi.shop\/?product=gay-bi-a-peri-pte-04#breadcrumb\"},\"inLanguage\":\"vi\",\"potentialAction\":[{\"@type\":\"ReadAction\",\"target\":[\"https:\/\/jaybillards.azdigi.shop\/?product=gay-bi-a-peri-pte-04\"]}]},{\"@type\":\"ImageObject\",\"inLanguage\":\"vi\",\"@id\":\"https:\/\/jaybillards.azdigi.shop\/?product=gay-bi-a-peri-pte-04#primaryimage\",\"url\":\"https:\/\/jaybillards.azdigi.shop\/wp-content\/uploads\/2026\/03\/00545a1e8a723d2c6463-1.jpg\",\"contentUrl\":\"https:\/\/jaybillards.azdigi.shop\/wp-content\/uploads\/2026\/03\/00545a1e8a723d2c6463-1.jpg\",\"width\":2000,\"height\":2000},{\"@type\":\"BreadcrumbList\",\"@id\":\"https:\/\/jaybillards.azdigi.shop\/?product=gay-bi-a-peri-pte-04#breadcrumb\",\"itemListElement\":[{\"@type\":\"ListItem\",\"position\":1,\"name\":\"Trang ch\u1ee7\",\"item\":\"https:\/\/jaybillards.azdigi.shop\/\"},{\"@type\":\"ListItem\",\"position\":2,\"name\":\"C\u1eeda h\u00e0ng\",\"item\":\"https:\/\/jaybillards.azdigi.shop\/?page_id=274\"},{\"@type\":\"ListItem\",\"position\":3,\"name\":\"G\u1eady Bi a Peri PTE-04\"}]},{\"@type\":\"WebSite\",\"@id\":\"https:\/\/jaybillards.azdigi.shop\/#website\",\"url\":\"https:\/\/jaybillards.azdigi.shop\/\",\"name\":\"Jay Billiards - Chuy\u00ean g\u1eady Bida ch\u00ednh h\u00e3ng gi\u00e1 t\u1ed1t\",\"description\":\"\",\"potentialAction\":[{\"@type\":\"SearchAction\",\"target\":{\"@type\":\"EntryPoint\",\"urlTemplate\":\"https:\/\/jaybillards.azdigi.shop\/?s={search_term_string}\"},\"query-input\":{\"@type\":\"PropertyValueSpecification\",\"valueRequired\":true,\"valueName\":\"search_term_string\"}}],\"inLanguage\":\"vi\"}]}<\/script>\n<!-- \/ Yoast SEO plugin. -->","yoast_head_json":{"title":"G\u1eady Bi a Peri PTE-04 - Jay Billiards - Chuy\u00ean g\u1eady Bida ch\u00ednh h\u00e3ng gi\u00e1 t\u1ed1t","description":"G\u1eady Bi a Peri ; G\u1eady Bi a Peri PTE-04. Li\u00ean h\u1ec7 ; G\u1eady Bi a SW Style. Li\u00ean h\u1ec7 ; G\u1eady Bi a Peri P-D10. 7.000.000 \u20ab 5.800.000 \u20ab ; G\u1eady Bi a Peri P-D11. 7.000.000 \u20ab 5.800.","robots":{"index":"index","follow":"follow","max-snippet":"max-snippet:-1","max-image-preview":"max-image-preview:large","max-video-preview":"max-video-preview:-1"},"canonical":"https:\/\/jaybillards.azdigi.shop\/?product=gay-bi-a-peri-pte-04","og_locale":"vi_VN","og_type":"article","og_title":"G\u1eady Bi a Peri PTE-04 - Jay Billiards - Chuy\u00ean g\u1eady Bida ch\u00ednh h\u00e3ng gi\u00e1 t\u1ed1t","og_description":"G\u1eady Bi a Peri ; G\u1eady Bi a Peri PTE-04. Li\u00ean h\u1ec7 ; G\u1eady Bi a SW Style. Li\u00ean h\u1ec7 ; G\u1eady Bi a Peri P-D10. 7.000.000 \u20ab 5.800.000 \u20ab ; G\u1eady Bi a Peri P-D11. 7.000.000 \u20ab 5.800.","og_url":"https:\/\/jaybillards.azdigi.shop\/?product=gay-bi-a-peri-pte-04","og_site_name":"Jay Billiards - Chuy\u00ean g\u1eady Bida ch\u00ednh h\u00e3ng gi\u00e1 t\u1ed1t","article_modified_time":"2026-04-07T17:41:39+00:00","og_image":[{"width":2000,"height":2000,"url":"https:\/\/jaybillards.azdigi.shop\/wp-content\/uploads\/2026\/03\/00545a1e8a723d2c6463-1.jpg","type":"image\/jpeg"}],"twitter_card":"summary_large_image","twitter_misc":{"\u01af\u1edbc t\u00ednh th\u1eddi gian \u0111\u1ecdc":"2 ph\u00fat"},"schema":{"@context":"https:\/\/schema.org","@graph":[{"@type":"WebPage","@id":"https:\/\/jaybillards.azdigi.shop\/?product=gay-bi-a-peri-pte-04","url":"https:\/\/jaybillards.azdigi.shop\/?product=gay-bi-a-peri-pte-04","name":"G\u1eady Bi a Peri PTE-04 - Jay Billiards - Chuy\u00ean g\u1eady Bida ch\u00ednh h\u00e3ng gi\u00e1 t\u1ed1t","isPartOf":{"@id":"https:\/\/jaybillards.azdigi.shop\/#website"},"primaryImageOfPage":{"@id":"https:\/\/jaybillards.azdigi.shop\/?product=gay-bi-a-peri-pte-04#primaryimage"},"image":{"@id":"https:\/\/jaybillards.azdigi.shop\/?product=gay-bi-a-peri-pte-04#primaryimage"},"thumbnailUrl":"https:\/\/jaybillards.azdigi.shop\/wp-content\/uploads\/2026\/03\/00545a1e8a723d2c6463-1.jpg","datePublished":"2026-03-27T17:43:36+00:00","dateModified":"2026-04-07T17:41:39+00:00","description":"G\u1eady Bi a Peri ; G\u1eady Bi a Peri PTE-04. Li\u00ean h\u1ec7 ; G\u1eady Bi a SW Style. Li\u00ean h\u1ec7 ; G\u1eady Bi a Peri P-D10. 7.000.000 \u20ab 5.800.000 \u20ab ; G\u1eady Bi a Peri P-D11. 7.000.000 \u20ab 5.800.","breadcrumb":{"@id":"https:\/\/jaybillards.azdigi.shop\/?product=gay-bi-a-peri-pte-04#breadcrumb"},"inLanguage":"vi","potentialAction":[{"@type":"ReadAction","target":["https:\/\/jaybillards.azdigi.shop\/?product=gay-bi-a-peri-pte-04"]}]},{"@type":"ImageObject","inLanguage":"vi","@id":"https:\/\/jaybillards.azdigi.shop\/?product=gay-bi-a-peri-pte-04#primaryimage","url":"https:\/\/jaybillards.azdigi.shop\/wp-content\/uploads\/2026\/03\/00545a1e8a723d2c6463-1.jpg","contentUrl":"https:\/\/jaybillards.azdigi.shop\/wp-content\/uploads\/2026\/03\/00545a1e8a723d2c6463-1.jpg","width":2000,"height":2000},{"@type":"BreadcrumbList","@id":"https:\/\/jaybillards.azdigi.shop\/?product=gay-bi-a-peri-pte-04#breadcrumb","itemListElement":[{"@type":"ListItem","position":1,"name":"Trang ch\u1ee7","item":"https:\/\/jaybillards.azdigi.shop\/"},{"@type":"ListItem","position":2,"name":"C\u1eeda h\u00e0ng","item":"https:\/\/jaybillards.azdigi.shop\/?page_id=274"},{"@type":"ListItem","position":3,"name":"G\u1eady Bi a Peri PTE-04"}]},{"@type":"WebSite","@id":"https:\/\/jaybillards.azdigi.shop\/#website","url":"https:\/\/jaybillards.azdigi.shop\/","name":"Jay Billiards - Chuy\u00ean g\u1eady Bida ch\u00ednh h\u00e3ng gi\u00e1 t\u1ed1t","description":"","potentialAction":[{"@type":"SearchAction","target":{"@type":"EntryPoint","urlTemplate":"https:\/\/jaybillards.azdigi.shop\/?s={search_term_string}"},"query-input":{"@type":"PropertyValueSpecification","valueRequired":true,"valueName":"search_term_string"}}],"inLanguage":"vi"}]}},"_links":{"self":[{"href":"https:\/\/jaybillards.azdigi.shop\/index.php?rest_route=\/wp\/v2\/product\/633","targetHints":{"allow":["GET"]}}],"collection":[{"href":"https:\/\/jaybillards.azdigi.shop\/index.php?rest_route=\/wp\/v2\/product"}],"about":[{"href":"https:\/\/jaybillards.azdigi.shop\/index.php?rest_route=\/wp\/v2\/types\/product"}],"replies":[{"embeddable":true,"href":"https:\/\/jaybillards.azdigi.shop\/index.php?rest_route=%2Fwp%2Fv2%2Fcomments&post=633"}],"wp:featuredmedia":[{"embeddable":true,"href":"https:\/\/jaybillards.azdigi.shop\/index.php?rest_route=\/wp\/v2\/media\/1349"}],"wp:attachment":[{"href":"https:\/\/jaybillards.azdigi.shop\/index.php?rest_route=%2Fwp%2Fv2%2Fmedia&parent=633"}],"wp:term":[{"taxonomy":"product_brand","embeddable":true,"href":"https:\/\/jaybillards.azdigi.shop\/index.php?rest_route=%2Fwp%2Fv2%2Fproduct_brand&post=633"},{"taxonomy":"product_cat","embeddable":true,"href":"https:\/\/jaybillards.azdigi.shop\/index.php?rest_route=%2Fwp%2Fv2%2Fproduct_cat&post=633"},{"taxonomy":"product_tag","embeddable":true,"href":"https:\/\/jaybillards.azdigi.shop\/index.php?rest_route=%2Fwp%2Fv2%2Fproduct_tag&post=633"}],"curies":[{"name":"wp","href":"https:\/\/api.w.org\/{rel}","templated":true}]}}