{"id":503,"date":"2026-03-27T01:42:52","date_gmt":"2026-03-26T18:42:52","guid":{"rendered":"https:\/\/jaybillards.azdigi.shop\/?post_type=product&#038;p=503"},"modified":"2026-04-11T20:21:18","modified_gmt":"2026-04-11T13:21:18","slug":"gang-tay-kien-seu-so-so-so","status":"publish","type":"product","link":"https:\/\/jaybillards.azdigi.shop\/?product=gang-tay-kien-seu-so-so-so","title":{"rendered":"G\u0103ng tay Ki\u00ean S\u1ebfu SO SO SO"},"content":{"rendered":"<p data-start=\"82\" data-end=\"258\"><strong data-start=\"82\" data-end=\"117\">G\u0103ng tay Bida Ki\u00ean S\u1ebfu SO SO SO<\/strong> l\u00e0 d\u00f2ng g\u0103ng tay thu\u1ed9c ph\u00e2n kh\u00fac cao c\u1ea5p, \u0111\u01b0\u1ee3c nhi\u1ec1u anh em ch\u01a1i bida l\u1ef1a ch\u1ecdn nh\u1edd thi\u1ebft k\u1ebf \u0111\u1eb9p, ch\u1ea5t li\u1ec7u x\u1ecbn v\u00e0 tr\u1ea3i nghi\u1ec7m \u0111\u00e1nh c\u1ef1c m\u01b0\u1ee3t.<\/p>\n<h3 data-section-id=\"f4li0v\" data-start=\"260\" data-end=\"284\">\ud83d\udd25 \u0110\u1eb7c \u0111i\u1ec3m n\u1ed5i b\u1eadt:<\/h3>\n<ul data-start=\"285\" data-end=\"683\">\n<li data-section-id=\"1z09evn\" data-start=\"285\" data-end=\"363\"><strong data-start=\"287\" data-end=\"320\">Thi\u1ebft k\u1ebf signature \u201cSO SO SO\u201d<\/strong>: Phong c\u00e1ch ri\u00eang, c\u00e1 t\u00ednh, d\u1ec5 nh\u1eadn di\u1ec7n<\/li>\n<li data-section-id=\"1pppsah\" data-start=\"364\" data-end=\"449\"><strong data-start=\"366\" data-end=\"401\">Ch\u1ea5t li\u1ec7u cao c\u1ea5p \u2013 co gi\u00e3n t\u1ed1t<\/strong>: \u00d4m tay ch\u1eafc nh\u01b0ng v\u1eabn tho\u1ea3i m\u00e1i khi ch\u01a1i l\u00e2u<\/li>\n<li data-section-id=\"qzh87f\" data-start=\"450\" data-end=\"562\"><strong data-start=\"452\" data-end=\"488\">Tho\u00e1ng kh\u00ed \u2013 h\u00fat m\u1ed3 h\u00f4i hi\u1ec7u qu\u1ea3<\/strong>: Gi\u1eef tay lu\u00f4n kh\u00f4 r\u00e1o khi thi \u0111\u1ea5u<\/li>\n<li data-section-id=\"16z3ypi\" data-start=\"563\" data-end=\"622\"><strong data-start=\"565\" data-end=\"585\">B\u1ec1 m\u1eb7t tr\u01a1n m\u01b0\u1ee3t<\/strong>: Gi\u00fap c\u01a1 tr\u01b0\u1ee3t \u00eam, h\u1ea1n ch\u1ebf gi\u1eadt c\u01a1<\/li>\n<li data-section-id=\"bdhzep\" data-start=\"623\" data-end=\"683\"><strong data-start=\"625\" data-end=\"646\">\u0110\u1ed9 ho\u00e0n thi\u1ec7n cao<\/strong>: \u0110\u01b0\u1eddng may ch\u1eafc ch\u1eafn, d\u00f9ng b\u1ec1n l\u00e2u<\/li>\n<\/ul>\n<h3 data-section-id=\"2pm13t\" data-start=\"685\" data-end=\"702\">\ud83c\udfaf C\u00f4ng d\u1ee5ng:<\/h3>\n<ul data-start=\"703\" data-end=\"874\">\n<li data-section-id=\"12mc54a\" data-start=\"703\" data-end=\"755\">Gi\u1ea3m ma s\u00e1t \u2192 <strong data-start=\"719\" data-end=\"753\">\u0111i c\u01a1 m\u01b0\u1ee3t, \u1ed5n \u0111\u1ecbnh h\u01a1n r\u00f5 r\u1ec7t<\/strong><\/li>\n<li data-section-id=\"1usyske\" data-start=\"756\" data-end=\"811\">H\u1ea1n ch\u1ebf m\u1ed3 h\u00f4i tay \u2192 <strong data-start=\"779\" data-end=\"809\">t\u0103ng \u0111\u1ed9 ch\u00ednh x\u00e1c khi \u0111\u00e1nh<\/strong><\/li>\n<li data-section-id=\"7agq43\" data-start=\"812\" data-end=\"874\">Gi\u1eef form tay chu\u1ea9n \u2192 <strong data-start=\"835\" data-end=\"872\">c\u1ea3i thi\u1ec7n k\u1ef9 thu\u1eadt v\u00e0 c\u1ea3m gi\u00e1c bi<\/strong><\/li>\n<\/ul>\n<h3 data-section-id=\"13yhc5d\" data-start=\"876\" data-end=\"897\">\ud83d\udcb0 Gi\u00e1 tham kh\u1ea3o:<\/h3>\n<ul data-start=\"898\" data-end=\"985\">\n<li data-section-id=\"c8hvan\" data-start=\"898\" data-end=\"985\">Kho\u1ea3ng <strong data-start=\"907\" data-end=\"919\">400.000\u0111<\/strong> (thu\u1ed9c ph\u00e2n kh\u00fac cao c\u1ea5p)<\/li>\n<\/ul>\n<h3 data-section-id=\"pmz2ij\" data-start=\"987\" data-end=\"1006\">\ud83d\udc64 Ph\u00f9 h\u1ee3p v\u1edbi:<\/h3>\n<ul data-start=\"1007\" data-end=\"1175\">\n<li data-section-id=\"n5x6h5\" data-start=\"1007\" data-end=\"1057\">Ng\u01b0\u1eddi ch\u01a1i bida <strong data-start=\"1025\" data-end=\"1055\">b\u00e1n chuy\u00ean \u2013 chuy\u00ean nghi\u1ec7p<\/strong><\/li>\n<li data-section-id=\"18jzryc\" data-start=\"1058\" data-end=\"1121\">Ng\u01b0\u1eddi c\u1ea7n g\u0103ng tay <strong data-start=\"1079\" data-end=\"1119\">ch\u1ea5t l\u01b0\u1ee3ng cao, \u0111\u00e1nh \u1ed5n \u0111\u1ecbnh l\u00e2u d\u00e0i<\/strong><\/li>\n<li data-section-id=\"g88hy1\" data-start=\"1122\" data-end=\"1175\">Anh em th\u00edch <strong data-start=\"1137\" data-end=\"1175\">phong c\u00e1ch ri\u00eang \u2013 n\u1ed5i b\u1eadt t\u1ea1i CLB<\/strong><\/li>\n<\/ul>\n","protected":false},"excerpt":{"rendered":"<p>G\u0103ng tay Bida Ki\u00ean S\u1ebfu SO SO SO l\u00e0 d\u00f2ng g\u0103ng tay thu\u1ed9c ph\u00e2n kh\u00fac cao c\u1ea5p, \u0111\u01b0\u1ee3c nhi\u1ec1u anh em ch\u01a1i bida l\u1ef1a ch\u1ecdn nh\u1edd thi\u1ebft k\u1ebf \u0111\u1eb9p, ch\u1ea5t li\u1ec7u x\u1ecbn v\u00e0 tr\u1ea3i nghi\u1ec7m \u0111\u00e1nh c\u1ef1c m\u01b0\u1ee3t. \ud83d\udd25 \u0110\u1eb7c \u0111i\u1ec3m n\u1ed5i b\u1eadt: Thi\u1ebft k\u1ebf signature \u201cSO SO SO\u201d: Phong c\u00e1ch ri\u00eang, c\u00e1 t\u00ednh, d\u1ec5 [&#8230;]\n","protected":false},"featured_media":1286,"comment_status":"open","ping_status":"closed","template":"","meta":[],"product_brand":[],"product_cat":[79],"product_tag":[84],"class_list":{"0":"post-503","1":"product","2":"type-product","3":"status-publish","4":"has-post-thumbnail","6":"product_cat-gang-tay","7":"product_tag-gang-tay-kien-seu-so-so-so","9":"first","10":"instock","11":"shipping-taxable","12":"purchasable","13":"product-type-simple"},"yoast_head":"<!-- This site is optimized with the Yoast SEO plugin v27.2 - https:\/\/yoast.com\/product\/yoast-seo-wordpress\/ -->\n<title>G\u0103ng tay Ki\u00ean S\u1ebfu SO SO SO - Jay Billiards - Chuy\u00ean g\u1eady Bida ch\u00ednh h\u00e3ng gi\u00e1 t\u1ed1t<\/title>\n<meta name=\"description\" content=\"G\u0103ng tay Ki\u00ean S\u1ebfu SO SO SO. \u2606 0. 1365 \u0111\u00e3 b\u00e1n. 400.000,00\u20ab. G\u0103ng tay Ki\u00ean S\u1ebfu SO SO SO s\u1ed1 l\u01b0\u1ee3ng. Th\u00eam v\u00e0o gi\u1ecf. Mua ngay. Mua Tr\u1ea3 G\u00f3p. T\u01b0 v\u1ea5n mi\u1ec5n ph\u00ed.\" \/>\n<meta name=\"robots\" content=\"index, follow, max-snippet:-1, max-image-preview:large, max-video-preview:-1\" \/>\n<link rel=\"canonical\" href=\"https:\/\/jaybillards.azdigi.shop\/?product=gang-tay-kien-seu-so-so-so\" \/>\n<meta property=\"og:locale\" content=\"vi_VN\" \/>\n<meta property=\"og:type\" content=\"article\" \/>\n<meta property=\"og:title\" content=\"G\u0103ng tay Ki\u00ean S\u1ebfu SO SO SO - Jay Billiards - Chuy\u00ean g\u1eady Bida ch\u00ednh h\u00e3ng gi\u00e1 t\u1ed1t\" \/>\n<meta property=\"og:description\" content=\"G\u0103ng tay Ki\u00ean S\u1ebfu SO SO SO. \u2606 0. 1365 \u0111\u00e3 b\u00e1n. 400.000,00\u20ab. G\u0103ng tay Ki\u00ean S\u1ebfu SO SO SO s\u1ed1 l\u01b0\u1ee3ng. Th\u00eam v\u00e0o gi\u1ecf. Mua ngay. Mua Tr\u1ea3 G\u00f3p. T\u01b0 v\u1ea5n mi\u1ec5n ph\u00ed.\" \/>\n<meta property=\"og:url\" content=\"https:\/\/jaybillards.azdigi.shop\/?product=gang-tay-kien-seu-so-so-so\" \/>\n<meta property=\"og:site_name\" content=\"Jay Billiards - Chuy\u00ean g\u1eady Bida ch\u00ednh h\u00e3ng gi\u00e1 t\u1ed1t\" \/>\n<meta property=\"article:modified_time\" content=\"2026-04-11T13:21:18+00:00\" \/>\n<meta property=\"og:image\" content=\"https:\/\/jaybillards.azdigi.shop\/wp-content\/uploads\/2026\/03\/3-Photoroom-5.png\" \/>\n\t<meta property=\"og:image:width\" content=\"2000\" \/>\n\t<meta property=\"og:image:height\" content=\"2000\" \/>\n\t<meta property=\"og:image:type\" content=\"image\/png\" \/>\n<meta name=\"twitter:card\" content=\"summary_large_image\" \/>\n<meta name=\"twitter:label1\" content=\"\u01af\u1edbc t\u00ednh th\u1eddi gian \u0111\u1ecdc\" \/>\n\t<meta name=\"twitter:data1\" content=\"2 ph\u00fat\" \/>\n<script type=\"application\/ld+json\" class=\"yoast-schema-graph\">{\"@context\":\"https:\/\/schema.org\",\"@graph\":[{\"@type\":\"WebPage\",\"@id\":\"https:\/\/jaybillards.azdigi.shop\/?product=gang-tay-kien-seu-so-so-so\",\"url\":\"https:\/\/jaybillards.azdigi.shop\/?product=gang-tay-kien-seu-so-so-so\",\"name\":\"G\u0103ng tay Ki\u00ean S\u1ebfu SO SO SO - Jay Billiards - Chuy\u00ean g\u1eady Bida ch\u00ednh h\u00e3ng gi\u00e1 t\u1ed1t\",\"isPartOf\":{\"@id\":\"https:\/\/jaybillards.azdigi.shop\/#website\"},\"primaryImageOfPage\":{\"@id\":\"https:\/\/jaybillards.azdigi.shop\/?product=gang-tay-kien-seu-so-so-so#primaryimage\"},\"image\":{\"@id\":\"https:\/\/jaybillards.azdigi.shop\/?product=gang-tay-kien-seu-so-so-so#primaryimage\"},\"thumbnailUrl\":\"https:\/\/jaybillards.azdigi.shop\/wp-content\/uploads\/2026\/03\/3-Photoroom-5.png\",\"datePublished\":\"2026-03-26T18:42:52+00:00\",\"dateModified\":\"2026-04-11T13:21:18+00:00\",\"description\":\"G\u0103ng tay Ki\u00ean S\u1ebfu SO SO SO. \u2606 0. 1365 \u0111\u00e3 b\u00e1n. 400.000,00\u20ab. G\u0103ng tay Ki\u00ean S\u1ebfu SO SO SO s\u1ed1 l\u01b0\u1ee3ng. Th\u00eam v\u00e0o gi\u1ecf. Mua ngay. Mua Tr\u1ea3 G\u00f3p. T\u01b0 v\u1ea5n mi\u1ec5n ph\u00ed.\",\"breadcrumb\":{\"@id\":\"https:\/\/jaybillards.azdigi.shop\/?product=gang-tay-kien-seu-so-so-so#breadcrumb\"},\"inLanguage\":\"vi\",\"potentialAction\":[{\"@type\":\"ReadAction\",\"target\":[\"https:\/\/jaybillards.azdigi.shop\/?product=gang-tay-kien-seu-so-so-so\"]}]},{\"@type\":\"ImageObject\",\"inLanguage\":\"vi\",\"@id\":\"https:\/\/jaybillards.azdigi.shop\/?product=gang-tay-kien-seu-so-so-so#primaryimage\",\"url\":\"https:\/\/jaybillards.azdigi.shop\/wp-content\/uploads\/2026\/03\/3-Photoroom-5.png\",\"contentUrl\":\"https:\/\/jaybillards.azdigi.shop\/wp-content\/uploads\/2026\/03\/3-Photoroom-5.png\",\"width\":2000,\"height\":2000},{\"@type\":\"BreadcrumbList\",\"@id\":\"https:\/\/jaybillards.azdigi.shop\/?product=gang-tay-kien-seu-so-so-so#breadcrumb\",\"itemListElement\":[{\"@type\":\"ListItem\",\"position\":1,\"name\":\"Trang ch\u1ee7\",\"item\":\"https:\/\/jaybillards.azdigi.shop\/\"},{\"@type\":\"ListItem\",\"position\":2,\"name\":\"C\u1eeda h\u00e0ng\",\"item\":\"https:\/\/jaybillards.azdigi.shop\/?page_id=274\"},{\"@type\":\"ListItem\",\"position\":3,\"name\":\"G\u0103ng tay Ki\u00ean S\u1ebfu SO SO SO\"}]},{\"@type\":\"WebSite\",\"@id\":\"https:\/\/jaybillards.azdigi.shop\/#website\",\"url\":\"https:\/\/jaybillards.azdigi.shop\/\",\"name\":\"Jay Billiards - Chuy\u00ean g\u1eady Bida ch\u00ednh h\u00e3ng gi\u00e1 t\u1ed1t\",\"description\":\"\",\"potentialAction\":[{\"@type\":\"SearchAction\",\"target\":{\"@type\":\"EntryPoint\",\"urlTemplate\":\"https:\/\/jaybillards.azdigi.shop\/?s={search_term_string}\"},\"query-input\":{\"@type\":\"PropertyValueSpecification\",\"valueRequired\":true,\"valueName\":\"search_term_string\"}}],\"inLanguage\":\"vi\"}]}<\/script>\n<!-- \/ Yoast SEO plugin. -->","yoast_head_json":{"title":"G\u0103ng tay Ki\u00ean S\u1ebfu SO SO SO - Jay Billiards - Chuy\u00ean g\u1eady Bida ch\u00ednh h\u00e3ng gi\u00e1 t\u1ed1t","description":"G\u0103ng tay Ki\u00ean S\u1ebfu SO SO SO. \u2606 0. 1365 \u0111\u00e3 b\u00e1n. 400.000,00\u20ab. G\u0103ng tay Ki\u00ean S\u1ebfu SO SO SO s\u1ed1 l\u01b0\u1ee3ng. Th\u00eam v\u00e0o gi\u1ecf. Mua ngay. Mua Tr\u1ea3 G\u00f3p. T\u01b0 v\u1ea5n mi\u1ec5n ph\u00ed.","robots":{"index":"index","follow":"follow","max-snippet":"max-snippet:-1","max-image-preview":"max-image-preview:large","max-video-preview":"max-video-preview:-1"},"canonical":"https:\/\/jaybillards.azdigi.shop\/?product=gang-tay-kien-seu-so-so-so","og_locale":"vi_VN","og_type":"article","og_title":"G\u0103ng tay Ki\u00ean S\u1ebfu SO SO SO - Jay Billiards - Chuy\u00ean g\u1eady Bida ch\u00ednh h\u00e3ng gi\u00e1 t\u1ed1t","og_description":"G\u0103ng tay Ki\u00ean S\u1ebfu SO SO SO. \u2606 0. 1365 \u0111\u00e3 b\u00e1n. 400.000,00\u20ab. G\u0103ng tay Ki\u00ean S\u1ebfu SO SO SO s\u1ed1 l\u01b0\u1ee3ng. Th\u00eam v\u00e0o gi\u1ecf. Mua ngay. Mua Tr\u1ea3 G\u00f3p. T\u01b0 v\u1ea5n mi\u1ec5n ph\u00ed.","og_url":"https:\/\/jaybillards.azdigi.shop\/?product=gang-tay-kien-seu-so-so-so","og_site_name":"Jay Billiards - Chuy\u00ean g\u1eady Bida ch\u00ednh h\u00e3ng gi\u00e1 t\u1ed1t","article_modified_time":"2026-04-11T13:21:18+00:00","og_image":[{"width":2000,"height":2000,"url":"https:\/\/jaybillards.azdigi.shop\/wp-content\/uploads\/2026\/03\/3-Photoroom-5.png","type":"image\/png"}],"twitter_card":"summary_large_image","twitter_misc":{"\u01af\u1edbc t\u00ednh th\u1eddi gian \u0111\u1ecdc":"2 ph\u00fat"},"schema":{"@context":"https:\/\/schema.org","@graph":[{"@type":"WebPage","@id":"https:\/\/jaybillards.azdigi.shop\/?product=gang-tay-kien-seu-so-so-so","url":"https:\/\/jaybillards.azdigi.shop\/?product=gang-tay-kien-seu-so-so-so","name":"G\u0103ng tay Ki\u00ean S\u1ebfu SO SO SO - Jay Billiards - Chuy\u00ean g\u1eady Bida ch\u00ednh h\u00e3ng gi\u00e1 t\u1ed1t","isPartOf":{"@id":"https:\/\/jaybillards.azdigi.shop\/#website"},"primaryImageOfPage":{"@id":"https:\/\/jaybillards.azdigi.shop\/?product=gang-tay-kien-seu-so-so-so#primaryimage"},"image":{"@id":"https:\/\/jaybillards.azdigi.shop\/?product=gang-tay-kien-seu-so-so-so#primaryimage"},"thumbnailUrl":"https:\/\/jaybillards.azdigi.shop\/wp-content\/uploads\/2026\/03\/3-Photoroom-5.png","datePublished":"2026-03-26T18:42:52+00:00","dateModified":"2026-04-11T13:21:18+00:00","description":"G\u0103ng tay Ki\u00ean S\u1ebfu SO SO SO. \u2606 0. 1365 \u0111\u00e3 b\u00e1n. 400.000,00\u20ab. G\u0103ng tay Ki\u00ean S\u1ebfu SO SO SO s\u1ed1 l\u01b0\u1ee3ng. Th\u00eam v\u00e0o gi\u1ecf. Mua ngay. Mua Tr\u1ea3 G\u00f3p. T\u01b0 v\u1ea5n mi\u1ec5n ph\u00ed.","breadcrumb":{"@id":"https:\/\/jaybillards.azdigi.shop\/?product=gang-tay-kien-seu-so-so-so#breadcrumb"},"inLanguage":"vi","potentialAction":[{"@type":"ReadAction","target":["https:\/\/jaybillards.azdigi.shop\/?product=gang-tay-kien-seu-so-so-so"]}]},{"@type":"ImageObject","inLanguage":"vi","@id":"https:\/\/jaybillards.azdigi.shop\/?product=gang-tay-kien-seu-so-so-so#primaryimage","url":"https:\/\/jaybillards.azdigi.shop\/wp-content\/uploads\/2026\/03\/3-Photoroom-5.png","contentUrl":"https:\/\/jaybillards.azdigi.shop\/wp-content\/uploads\/2026\/03\/3-Photoroom-5.png","width":2000,"height":2000},{"@type":"BreadcrumbList","@id":"https:\/\/jaybillards.azdigi.shop\/?product=gang-tay-kien-seu-so-so-so#breadcrumb","itemListElement":[{"@type":"ListItem","position":1,"name":"Trang ch\u1ee7","item":"https:\/\/jaybillards.azdigi.shop\/"},{"@type":"ListItem","position":2,"name":"C\u1eeda h\u00e0ng","item":"https:\/\/jaybillards.azdigi.shop\/?page_id=274"},{"@type":"ListItem","position":3,"name":"G\u0103ng tay Ki\u00ean S\u1ebfu SO SO SO"}]},{"@type":"WebSite","@id":"https:\/\/jaybillards.azdigi.shop\/#website","url":"https:\/\/jaybillards.azdigi.shop\/","name":"Jay Billiards - Chuy\u00ean g\u1eady Bida ch\u00ednh h\u00e3ng gi\u00e1 t\u1ed1t","description":"","potentialAction":[{"@type":"SearchAction","target":{"@type":"EntryPoint","urlTemplate":"https:\/\/jaybillards.azdigi.shop\/?s={search_term_string}"},"query-input":{"@type":"PropertyValueSpecification","valueRequired":true,"valueName":"search_term_string"}}],"inLanguage":"vi"}]}},"_links":{"self":[{"href":"https:\/\/jaybillards.azdigi.shop\/index.php?rest_route=\/wp\/v2\/product\/503","targetHints":{"allow":["GET"]}}],"collection":[{"href":"https:\/\/jaybillards.azdigi.shop\/index.php?rest_route=\/wp\/v2\/product"}],"about":[{"href":"https:\/\/jaybillards.azdigi.shop\/index.php?rest_route=\/wp\/v2\/types\/product"}],"replies":[{"embeddable":true,"href":"https:\/\/jaybillards.azdigi.shop\/index.php?rest_route=%2Fwp%2Fv2%2Fcomments&post=503"}],"wp:featuredmedia":[{"embeddable":true,"href":"https:\/\/jaybillards.azdigi.shop\/index.php?rest_route=\/wp\/v2\/media\/1286"}],"wp:attachment":[{"href":"https:\/\/jaybillards.azdigi.shop\/index.php?rest_route=%2Fwp%2Fv2%2Fmedia&parent=503"}],"wp:term":[{"taxonomy":"product_brand","embeddable":true,"href":"https:\/\/jaybillards.azdigi.shop\/index.php?rest_route=%2Fwp%2Fv2%2Fproduct_brand&post=503"},{"taxonomy":"product_cat","embeddable":true,"href":"https:\/\/jaybillards.azdigi.shop\/index.php?rest_route=%2Fwp%2Fv2%2Fproduct_cat&post=503"},{"taxonomy":"product_tag","embeddable":true,"href":"https:\/\/jaybillards.azdigi.shop\/index.php?rest_route=%2Fwp%2Fv2%2Fproduct_tag&post=503"}],"curies":[{"name":"wp","href":"https:\/\/api.w.org\/{rel}","templated":true}]}}