{"id":499,"date":"2026-03-27T01:41:39","date_gmt":"2026-03-26T18:41:39","guid":{"rendered":"https:\/\/jaybillards.azdigi.shop\/?post_type=product&#038;p=499"},"modified":"2026-04-06T18:00:55","modified_gmt":"2026-04-06T11:00:55","slug":"gang-allin-ho-3-ngon","status":"publish","type":"product","link":"https:\/\/jaybillards.azdigi.shop\/?product=gang-allin-ho-3-ngon","title":{"rendered":"G\u0103ng Allin H\u1edf 3 Ng\u00f3n"},"content":{"rendered":"<p data-start=\"71\" data-end=\"245\"><strong data-start=\"71\" data-end=\"95\">G\u0103ng Allin h\u1edf 3 ng\u00f3n<\/strong> l\u00e0 d\u00f2ng g\u0103ng tay bida ph\u1ed5 bi\u1ebfn, \u0111\u01b0\u1ee3c thi\u1ebft k\u1ebf t\u1ed1i gi\u1ea3n nh\u01b0ng c\u1ef1c k\u1ef3 hi\u1ec7u qu\u1ea3 trong vi\u1ec7c h\u1ed7 tr\u1ee3 ng\u01b0\u1eddi ch\u01a1i ki\u1ec3m so\u00e1t c\u01a1 v\u00e0 c\u1ea3i thi\u1ec7n \u0111\u1ed9 m\u01b0\u1ee3t khi \u0111\u00e1nh.<\/p>\n<h3 data-section-id=\"f4li0v\" data-start=\"247\" data-end=\"271\">\ud83d\udd25 \u0110\u1eb7c \u0111i\u1ec3m n\u1ed5i b\u1eadt:<\/h3>\n<ul data-start=\"272\" data-end=\"678\">\n<li data-section-id=\"1ebkprq\" data-start=\"272\" data-end=\"363\"><strong data-start=\"274\" data-end=\"317\">Thi\u1ebft k\u1ebf h\u1edf 3 ng\u00f3n (tr\u1ecf \u2013 gi\u1eefa \u2013 \u00e1p \u00fat)<\/strong>: Gi\u1eef c\u1ea3m gi\u00e1c tay th\u1eadt, gi\u00fap \u0111\u00e1nh chu\u1ea9n h\u01a1n<\/li>\n<li data-section-id=\"6zrxka\" data-start=\"364\" data-end=\"434\"><strong data-start=\"366\" data-end=\"397\">Ch\u1ea5t li\u1ec7u co gi\u00e3n tho\u1ea3i m\u00e1i<\/strong>: \u00d4m tay, kh\u00f4ng g\u00e2y b\u00ed khi ch\u01a1i l\u00e2u<\/li>\n<li data-section-id=\"27h1rj\" data-start=\"435\" data-end=\"543\"><strong data-start=\"437\" data-end=\"468\">Tho\u00e1ng kh\u00ed \u2013 h\u1ea1n ch\u1ebf m\u1ed3 h\u00f4i<\/strong>: Gi\u00fap tay lu\u00f4n kh\u00f4 r\u00e1o khi thi \u0111\u1ea5u<\/li>\n<li data-section-id=\"1i0o8k1\" data-start=\"544\" data-end=\"606\"><strong data-start=\"546\" data-end=\"566\">B\u1ec1 m\u1eb7t tr\u01a1n m\u01b0\u1ee3t<\/strong>: C\u01a1 tr\u01b0\u1ee3t \u00eam, gi\u1ea3m t\u00ecnh tr\u1ea1ng gi\u1eadt c\u01a1<\/li>\n<li data-section-id=\"1s70sls\" data-start=\"607\" data-end=\"678\"><strong data-start=\"609\" data-end=\"632\">D\u00e1n c\u1ed5 tay ti\u1ec7n l\u1ee3i<\/strong>: \u0110i\u1ec1u ch\u1ec9nh d\u1ec5 d\u00e0ng, ph\u00f9 h\u1ee3p nhi\u1ec1u size tay<\/li>\n<\/ul>\n<h3 data-section-id=\"2pm13t\" data-start=\"680\" data-end=\"697\">\ud83c\udfaf C\u00f4ng d\u1ee5ng:<\/h3>\n<ul data-start=\"698\" data-end=\"863\">\n<li data-section-id=\"u9e4wp\" data-start=\"698\" data-end=\"756\">Gi\u1ea3m ma s\u00e1t gi\u1eefa tay v\u00e0 c\u01a1 \u2192 <strong data-start=\"729\" data-end=\"754\">\u0111i c\u01a1 m\u01b0\u1ee3t h\u01a1n r\u00f5 r\u1ec7t<\/strong><\/li>\n<li data-section-id=\"b08b1u\" data-start=\"757\" data-end=\"808\">H\u1ea1n ch\u1ebf m\u1ed3 h\u00f4i \u2192 <strong data-start=\"776\" data-end=\"806\">t\u0103ng \u0111\u1ed9 ch\u00ednh x\u00e1c khi \u0111\u00e1nh<\/strong><\/li>\n<li data-section-id=\"18pdmx4\" data-start=\"809\" data-end=\"863\">Gi\u1eef form tay \u1ed5n \u0111\u1ecbnh \u2192 <strong data-start=\"834\" data-end=\"861\">h\u1ed7 tr\u1ee3 k\u1ef9 thu\u1eadt t\u1ed1t h\u01a1n<\/strong><\/li>\n<\/ul>\n<h3 data-section-id=\"pmz2ij\" data-start=\"865\" data-end=\"884\">\ud83d\udc64 Ph\u00f9 h\u1ee3p v\u1edbi:<\/h3>\n<ul data-start=\"885\" data-end=\"1028\">\n<li data-section-id=\"1qzhj5y\" data-start=\"885\" data-end=\"931\">Ng\u01b0\u1eddi ch\u01a1i bida t\u1eeb <strong data-start=\"906\" data-end=\"929\">c\u01a1 b\u1ea3n \u2192 b\u00e1n chuy\u00ean<\/strong><\/li>\n<li data-section-id=\"ozf0qw\" data-start=\"932\" data-end=\"966\">Ng\u01b0\u1eddi hay b\u1ecb <strong data-start=\"947\" data-end=\"964\">ra m\u1ed3 h\u00f4i tay<\/strong><\/li>\n<\/ul>\n<p>Anh em c\u1ea7n g\u0103ng tay <strong data-start=\"989\" data-end=\"1028\">gi\u00e1 t\u1ed1t \u2013 d\u1ec5 d\u00f9ng \u2013 hi\u1ec7u qu\u1ea3 r\u00f5 r\u1ec7t<\/p>\n<p><\/strong><\/p>\n<p data-start=\"0\" data-end=\"268\">G\u0103ng tay bida <span class=\"hover:entity-accent entity-underline inline cursor-pointer align-baseline\"><span class=\"whitespace-normal\">Allin<\/span><\/span> h\u1edf 3 ng\u00f3n l\u00e0 m\u1ed9t trong nh\u1eefng ph\u1ee5 ki\u1ec7n kh\u00f4ng th\u1ec3 thi\u1ebfu \u0111\u1ed1i v\u1edbi ng\u01b0\u1eddi ch\u01a1i bida hi\u1ec7n nay. V\u1edbi thi\u1ebft k\u1ebf t\u1ed1i gi\u1ea3n nh\u01b0ng mang l\u1ea1i hi\u1ec7u qu\u1ea3 r\u00f5 r\u1ec7t, s\u1ea3n ph\u1ea9m n\u00e0y gi\u00fap c\u1ea3i thi\u1ec7n \u0111\u00e1ng k\u1ec3 c\u1ea3m gi\u00e1c \u0111\u00e1nh v\u00e0 \u0111\u1ed9 \u1ed5n \u0111\u1ecbnh khi \u0111i c\u01a1.<\/p>\n<p data-start=\"270\" data-end=\"718\">\u0110i\u1ec3m n\u1ed5i b\u1eadt c\u1ee7a g\u0103ng n\u1eb1m \u1edf thi\u1ebft k\u1ebf h\u1edf 3 ng\u00f3n (tr\u1ecf \u2013 gi\u1eefa \u2013 \u00e1p \u00fat), gi\u00fap ng\u01b0\u1eddi ch\u01a1i gi\u1eef \u0111\u01b0\u1ee3c c\u1ea3m gi\u00e1c tay th\u1eadt khi ti\u1ebfp x\u00fac v\u1edbi b\u00e0n v\u00e0 c\u01a1, t\u1eeb \u0111\u00f3 t\u0103ng \u0111\u1ed9 ch\u00ednh x\u00e1c trong t\u1eebng c\u00fa \u0111\u00e1nh. Ch\u1ea5t li\u1ec7u v\u1ea3i co gi\u00e3n t\u1ed1t, \u00f4m s\u00e1t b\u00e0n tay nh\u01b0ng v\u1eabn \u0111\u1ea3m b\u1ea3o s\u1ef1 tho\u1ea3i m\u00e1i, kh\u00f4ng g\u00e2y b\u00ed b\u00e1ch ngay c\u1ea3 khi ch\u01a1i trong th\u1eddi gian d\u00e0i. B\u00ean c\u1ea1nh \u0111\u00f3, kh\u1ea3 n\u0103ng tho\u00e1ng kh\u00ed v\u00e0 h\u1ea1n ch\u1ebf m\u1ed3 h\u00f4i gi\u00fap tay lu\u00f4n kh\u00f4 r\u00e1o, \u0111\u1eb7c bi\u1ec7t ph\u00f9 h\u1ee3p v\u1edbi nh\u1eefng ng\u01b0\u1eddi c\u00f3 c\u01a1 \u0111\u1ecba d\u1ec5 ra m\u1ed3 h\u00f4i tay.<\/p>\n<p data-start=\"720\" data-end=\"939\">B\u1ec1 m\u1eb7t g\u0103ng \u0111\u01b0\u1ee3c thi\u1ebft k\u1ebf tr\u01a1n m\u01b0\u1ee3t, gi\u00fap c\u01a1 tr\u01b0\u1ee3t \u00eam h\u01a1n, gi\u1ea3m t\u1ed1i \u0111a t\u00ecnh tr\u1ea1ng gi\u1eadt ho\u1eb7c kh\u1ef1ng khi \u0111\u00e1nh. Ph\u1ea7n c\u1ed5 tay c\u00f3 d\u00e1n velcro ti\u1ec7n l\u1ee3i, d\u1ec5 d\u00e0ng \u0111i\u1ec1u ch\u1ec9nh \u0111\u1ed9 r\u1ed9ng sao cho ph\u00f9 h\u1ee3p v\u1edbi nhi\u1ec1u k\u00edch c\u1ee1 tay kh\u00e1c nhau.<\/p>\n<p data-start=\"941\" data-end=\"1151\">V\u1ec1 c\u00f4ng d\u1ee5ng, g\u0103ng tay gi\u00fap gi\u1ea3m ma s\u00e1t gi\u1eefa tay v\u00e0 c\u01a1, h\u1ed7 tr\u1ee3 \u0111\u01b0\u1eddng c\u01a1 \u0111i m\u01b0\u1ee3t m\u00e0 v\u00e0 ch\u00ednh x\u00e1c h\u01a1n. \u0110\u1ed3ng th\u1eddi, vi\u1ec7c ki\u1ec3m so\u00e1t t\u1ed1t m\u1ed3 h\u00f4i c\u0169ng g\u00f3p ph\u1ea7n n\u00e2ng cao hi\u1ec7u su\u1ea5t thi \u0111\u1ea5u, gi\u1eef cho form tay lu\u00f4n \u1ed5n \u0111\u1ecbnh.<\/p>\n<p data-start=\"1153\" data-end=\"1395\" data-is-last-node=\"\" data-is-only-node=\"\">S\u1ea3n ph\u1ea9m \u0111\u1eb7c bi\u1ec7t ph\u00f9 h\u1ee3p v\u1edbi ng\u01b0\u1eddi ch\u01a1i t\u1eeb c\u01a1 b\u1ea3n \u0111\u1ebfn b\u00e1n chuy\u00ean, nh\u1eefng ai th\u01b0\u1eddng xuy\u00ean g\u1eb7p t\u00ecnh tr\u1ea1ng tay \u1ea9m ho\u1eb7c \u0111ang t\u00ecm ki\u1ebfm m\u1ed9t chi\u1ebfc g\u0103ng tay bida gi\u00e1 t\u1ed1t, d\u1ec5 s\u1eed d\u1ee5ng nh\u01b0ng mang l\u1ea1i hi\u1ec7u qu\u1ea3 r\u00f5 r\u1ec7t trong qu\u00e1 tr\u00ecnh luy\u1ec7n t\u1eadp v\u00e0 thi \u0111\u1ea5u.<\/p>\n<p><strong data-start=\"989\" data-end=\"1028\">\u00a0<\/strong><\/p>\n","protected":false},"excerpt":{"rendered":"<p>G\u0103ng Allin h\u1edf 3 ng\u00f3n l\u00e0 d\u00f2ng g\u0103ng tay bida ph\u1ed5 bi\u1ebfn, \u0111\u01b0\u1ee3c thi\u1ebft k\u1ebf t\u1ed1i gi\u1ea3n nh\u01b0ng c\u1ef1c k\u1ef3 hi\u1ec7u qu\u1ea3 trong vi\u1ec7c h\u1ed7 tr\u1ee3 ng\u01b0\u1eddi ch\u01a1i ki\u1ec3m so\u00e1t c\u01a1 v\u00e0 c\u1ea3i thi\u1ec7n \u0111\u1ed9 m\u01b0\u1ee3t khi \u0111\u00e1nh. \ud83d\udd25 \u0110\u1eb7c \u0111i\u1ec3m n\u1ed5i b\u1eadt: Thi\u1ebft k\u1ebf h\u1edf 3 ng\u00f3n (tr\u1ecf \u2013 gi\u1eefa \u2013 \u00e1p \u00fat): Gi\u1eef [&#8230;]\n","protected":false},"featured_media":1316,"comment_status":"open","ping_status":"closed","template":"","meta":[],"product_brand":[],"product_cat":[79],"product_tag":[83],"class_list":{"0":"post-499","1":"product","2":"type-product","3":"status-publish","4":"has-post-thumbnail","6":"product_cat-gang-tay","7":"product_tag-gang-allin-ho-3-ngon","9":"first","10":"instock","11":"shipping-taxable","12":"purchasable","13":"product-type-simple"},"yoast_head":"<!-- This site is optimized with the Yoast SEO plugin v27.2 - https:\/\/yoast.com\/product\/yoast-seo-wordpress\/ -->\n<title>G\u0103ng Allin H\u1edf 3 Ng\u00f3n - Jay Billiards - Chuy\u00ean g\u1eady Bida ch\u00ednh h\u00e3ng gi\u00e1 t\u1ed1t<\/title>\n<meta name=\"description\" content=\"Ho\u00e0n thi\u1ec7n phong c\u00e1ch \u201cc\u1ef1c ng\u1ea7u\u201d c\u1ee7a anh em tr\u00ean b\u00e0n bida! \u0110\u1eb7c bi\u1ec7t g\u0103ng tay Allin gi\u00fap th\u1ebf c\u01a1 v\u1eefng ch\u1eafc, tho\u1ea3i m\u00e1i, kh\u00f4ng lo ng\u1ea1i tr\u01a1n tr\u01b0\u1ee3t do m\u1ed3 h\u00f4i tay.\" \/>\n<meta name=\"robots\" content=\"index, follow, max-snippet:-1, max-image-preview:large, max-video-preview:-1\" \/>\n<link rel=\"canonical\" href=\"https:\/\/jaybillards.azdigi.shop\/?product=gang-allin-ho-3-ngon\" \/>\n<meta property=\"og:locale\" content=\"vi_VN\" \/>\n<meta property=\"og:type\" content=\"article\" \/>\n<meta property=\"og:title\" content=\"G\u0103ng Allin H\u1edf 3 Ng\u00f3n - Jay Billiards - Chuy\u00ean g\u1eady Bida ch\u00ednh h\u00e3ng gi\u00e1 t\u1ed1t\" \/>\n<meta property=\"og:description\" content=\"Ho\u00e0n thi\u1ec7n phong c\u00e1ch \u201cc\u1ef1c ng\u1ea7u\u201d c\u1ee7a anh em tr\u00ean b\u00e0n bida! \u0110\u1eb7c bi\u1ec7t g\u0103ng tay Allin gi\u00fap th\u1ebf c\u01a1 v\u1eefng ch\u1eafc, tho\u1ea3i m\u00e1i, kh\u00f4ng lo ng\u1ea1i tr\u01a1n tr\u01b0\u1ee3t do m\u1ed3 h\u00f4i tay.\" \/>\n<meta property=\"og:url\" content=\"https:\/\/jaybillards.azdigi.shop\/?product=gang-allin-ho-3-ngon\" \/>\n<meta property=\"og:site_name\" content=\"Jay Billiards - Chuy\u00ean g\u1eady Bida ch\u00ednh h\u00e3ng gi\u00e1 t\u1ed1t\" \/>\n<meta property=\"article:modified_time\" content=\"2026-04-06T11:00:55+00:00\" \/>\n<meta property=\"og:image\" content=\"https:\/\/jaybillards.azdigi.shop\/wp-content\/uploads\/2026\/03\/gang-net-04-600x600-1.jpg\" \/>\n\t<meta property=\"og:image:width\" content=\"600\" \/>\n\t<meta property=\"og:image:height\" content=\"600\" \/>\n\t<meta property=\"og:image:type\" content=\"image\/jpeg\" \/>\n<meta name=\"twitter:card\" content=\"summary_large_image\" \/>\n<meta name=\"twitter:label1\" content=\"\u01af\u1edbc t\u00ednh th\u1eddi gian \u0111\u1ecdc\" \/>\n\t<meta name=\"twitter:data1\" content=\"2 ph\u00fat\" \/>\n<script type=\"application\/ld+json\" class=\"yoast-schema-graph\">{\"@context\":\"https:\/\/schema.org\",\"@graph\":[{\"@type\":\"WebPage\",\"@id\":\"https:\/\/jaybillards.azdigi.shop\/?product=gang-allin-ho-3-ngon\",\"url\":\"https:\/\/jaybillards.azdigi.shop\/?product=gang-allin-ho-3-ngon\",\"name\":\"G\u0103ng Allin H\u1edf 3 Ng\u00f3n - Jay Billiards - Chuy\u00ean g\u1eady Bida ch\u00ednh h\u00e3ng gi\u00e1 t\u1ed1t\",\"isPartOf\":{\"@id\":\"https:\/\/jaybillards.azdigi.shop\/#website\"},\"primaryImageOfPage\":{\"@id\":\"https:\/\/jaybillards.azdigi.shop\/?product=gang-allin-ho-3-ngon#primaryimage\"},\"image\":{\"@id\":\"https:\/\/jaybillards.azdigi.shop\/?product=gang-allin-ho-3-ngon#primaryimage\"},\"thumbnailUrl\":\"https:\/\/jaybillards.azdigi.shop\/wp-content\/uploads\/2026\/03\/gang-net-04-600x600-1.jpg\",\"datePublished\":\"2026-03-26T18:41:39+00:00\",\"dateModified\":\"2026-04-06T11:00:55+00:00\",\"description\":\"Ho\u00e0n thi\u1ec7n phong c\u00e1ch \u201cc\u1ef1c ng\u1ea7u\u201d c\u1ee7a anh em tr\u00ean b\u00e0n bida! \u0110\u1eb7c bi\u1ec7t g\u0103ng tay Allin gi\u00fap th\u1ebf c\u01a1 v\u1eefng ch\u1eafc, tho\u1ea3i m\u00e1i, kh\u00f4ng lo ng\u1ea1i tr\u01a1n tr\u01b0\u1ee3t do m\u1ed3 h\u00f4i tay.\",\"breadcrumb\":{\"@id\":\"https:\/\/jaybillards.azdigi.shop\/?product=gang-allin-ho-3-ngon#breadcrumb\"},\"inLanguage\":\"vi\",\"potentialAction\":[{\"@type\":\"ReadAction\",\"target\":[\"https:\/\/jaybillards.azdigi.shop\/?product=gang-allin-ho-3-ngon\"]}]},{\"@type\":\"ImageObject\",\"inLanguage\":\"vi\",\"@id\":\"https:\/\/jaybillards.azdigi.shop\/?product=gang-allin-ho-3-ngon#primaryimage\",\"url\":\"https:\/\/jaybillards.azdigi.shop\/wp-content\/uploads\/2026\/03\/gang-net-04-600x600-1.jpg\",\"contentUrl\":\"https:\/\/jaybillards.azdigi.shop\/wp-content\/uploads\/2026\/03\/gang-net-04-600x600-1.jpg\",\"width\":600,\"height\":600},{\"@type\":\"BreadcrumbList\",\"@id\":\"https:\/\/jaybillards.azdigi.shop\/?product=gang-allin-ho-3-ngon#breadcrumb\",\"itemListElement\":[{\"@type\":\"ListItem\",\"position\":1,\"name\":\"Trang ch\u1ee7\",\"item\":\"https:\/\/jaybillards.azdigi.shop\/\"},{\"@type\":\"ListItem\",\"position\":2,\"name\":\"C\u1eeda h\u00e0ng\",\"item\":\"https:\/\/jaybillards.azdigi.shop\/?page_id=274\"},{\"@type\":\"ListItem\",\"position\":3,\"name\":\"G\u0103ng Allin H\u1edf 3 Ng\u00f3n\"}]},{\"@type\":\"WebSite\",\"@id\":\"https:\/\/jaybillards.azdigi.shop\/#website\",\"url\":\"https:\/\/jaybillards.azdigi.shop\/\",\"name\":\"Jay Billiards - Chuy\u00ean g\u1eady Bida ch\u00ednh h\u00e3ng gi\u00e1 t\u1ed1t\",\"description\":\"\",\"potentialAction\":[{\"@type\":\"SearchAction\",\"target\":{\"@type\":\"EntryPoint\",\"urlTemplate\":\"https:\/\/jaybillards.azdigi.shop\/?s={search_term_string}\"},\"query-input\":{\"@type\":\"PropertyValueSpecification\",\"valueRequired\":true,\"valueName\":\"search_term_string\"}}],\"inLanguage\":\"vi\"}]}<\/script>\n<!-- \/ Yoast SEO plugin. -->","yoast_head_json":{"title":"G\u0103ng Allin H\u1edf 3 Ng\u00f3n - Jay Billiards - Chuy\u00ean g\u1eady Bida ch\u00ednh h\u00e3ng gi\u00e1 t\u1ed1t","description":"Ho\u00e0n thi\u1ec7n phong c\u00e1ch \u201cc\u1ef1c ng\u1ea7u\u201d c\u1ee7a anh em tr\u00ean b\u00e0n bida! \u0110\u1eb7c bi\u1ec7t g\u0103ng tay Allin gi\u00fap th\u1ebf c\u01a1 v\u1eefng ch\u1eafc, tho\u1ea3i m\u00e1i, kh\u00f4ng lo ng\u1ea1i tr\u01a1n tr\u01b0\u1ee3t do m\u1ed3 h\u00f4i tay.","robots":{"index":"index","follow":"follow","max-snippet":"max-snippet:-1","max-image-preview":"max-image-preview:large","max-video-preview":"max-video-preview:-1"},"canonical":"https:\/\/jaybillards.azdigi.shop\/?product=gang-allin-ho-3-ngon","og_locale":"vi_VN","og_type":"article","og_title":"G\u0103ng Allin H\u1edf 3 Ng\u00f3n - Jay Billiards - Chuy\u00ean g\u1eady Bida ch\u00ednh h\u00e3ng gi\u00e1 t\u1ed1t","og_description":"Ho\u00e0n thi\u1ec7n phong c\u00e1ch \u201cc\u1ef1c ng\u1ea7u\u201d c\u1ee7a anh em tr\u00ean b\u00e0n bida! \u0110\u1eb7c bi\u1ec7t g\u0103ng tay Allin gi\u00fap th\u1ebf c\u01a1 v\u1eefng ch\u1eafc, tho\u1ea3i m\u00e1i, kh\u00f4ng lo ng\u1ea1i tr\u01a1n tr\u01b0\u1ee3t do m\u1ed3 h\u00f4i tay.","og_url":"https:\/\/jaybillards.azdigi.shop\/?product=gang-allin-ho-3-ngon","og_site_name":"Jay Billiards - Chuy\u00ean g\u1eady Bida ch\u00ednh h\u00e3ng gi\u00e1 t\u1ed1t","article_modified_time":"2026-04-06T11:00:55+00:00","og_image":[{"width":600,"height":600,"url":"https:\/\/jaybillards.azdigi.shop\/wp-content\/uploads\/2026\/03\/gang-net-04-600x600-1.jpg","type":"image\/jpeg"}],"twitter_card":"summary_large_image","twitter_misc":{"\u01af\u1edbc t\u00ednh th\u1eddi gian \u0111\u1ecdc":"2 ph\u00fat"},"schema":{"@context":"https:\/\/schema.org","@graph":[{"@type":"WebPage","@id":"https:\/\/jaybillards.azdigi.shop\/?product=gang-allin-ho-3-ngon","url":"https:\/\/jaybillards.azdigi.shop\/?product=gang-allin-ho-3-ngon","name":"G\u0103ng Allin H\u1edf 3 Ng\u00f3n - Jay Billiards - Chuy\u00ean g\u1eady Bida ch\u00ednh h\u00e3ng gi\u00e1 t\u1ed1t","isPartOf":{"@id":"https:\/\/jaybillards.azdigi.shop\/#website"},"primaryImageOfPage":{"@id":"https:\/\/jaybillards.azdigi.shop\/?product=gang-allin-ho-3-ngon#primaryimage"},"image":{"@id":"https:\/\/jaybillards.azdigi.shop\/?product=gang-allin-ho-3-ngon#primaryimage"},"thumbnailUrl":"https:\/\/jaybillards.azdigi.shop\/wp-content\/uploads\/2026\/03\/gang-net-04-600x600-1.jpg","datePublished":"2026-03-26T18:41:39+00:00","dateModified":"2026-04-06T11:00:55+00:00","description":"Ho\u00e0n thi\u1ec7n phong c\u00e1ch \u201cc\u1ef1c ng\u1ea7u\u201d c\u1ee7a anh em tr\u00ean b\u00e0n bida! \u0110\u1eb7c bi\u1ec7t g\u0103ng tay Allin gi\u00fap th\u1ebf c\u01a1 v\u1eefng ch\u1eafc, tho\u1ea3i m\u00e1i, kh\u00f4ng lo ng\u1ea1i tr\u01a1n tr\u01b0\u1ee3t do m\u1ed3 h\u00f4i tay.","breadcrumb":{"@id":"https:\/\/jaybillards.azdigi.shop\/?product=gang-allin-ho-3-ngon#breadcrumb"},"inLanguage":"vi","potentialAction":[{"@type":"ReadAction","target":["https:\/\/jaybillards.azdigi.shop\/?product=gang-allin-ho-3-ngon"]}]},{"@type":"ImageObject","inLanguage":"vi","@id":"https:\/\/jaybillards.azdigi.shop\/?product=gang-allin-ho-3-ngon#primaryimage","url":"https:\/\/jaybillards.azdigi.shop\/wp-content\/uploads\/2026\/03\/gang-net-04-600x600-1.jpg","contentUrl":"https:\/\/jaybillards.azdigi.shop\/wp-content\/uploads\/2026\/03\/gang-net-04-600x600-1.jpg","width":600,"height":600},{"@type":"BreadcrumbList","@id":"https:\/\/jaybillards.azdigi.shop\/?product=gang-allin-ho-3-ngon#breadcrumb","itemListElement":[{"@type":"ListItem","position":1,"name":"Trang ch\u1ee7","item":"https:\/\/jaybillards.azdigi.shop\/"},{"@type":"ListItem","position":2,"name":"C\u1eeda h\u00e0ng","item":"https:\/\/jaybillards.azdigi.shop\/?page_id=274"},{"@type":"ListItem","position":3,"name":"G\u0103ng Allin H\u1edf 3 Ng\u00f3n"}]},{"@type":"WebSite","@id":"https:\/\/jaybillards.azdigi.shop\/#website","url":"https:\/\/jaybillards.azdigi.shop\/","name":"Jay Billiards - Chuy\u00ean g\u1eady Bida ch\u00ednh h\u00e3ng gi\u00e1 t\u1ed1t","description":"","potentialAction":[{"@type":"SearchAction","target":{"@type":"EntryPoint","urlTemplate":"https:\/\/jaybillards.azdigi.shop\/?s={search_term_string}"},"query-input":{"@type":"PropertyValueSpecification","valueRequired":true,"valueName":"search_term_string"}}],"inLanguage":"vi"}]}},"_links":{"self":[{"href":"https:\/\/jaybillards.azdigi.shop\/index.php?rest_route=\/wp\/v2\/product\/499","targetHints":{"allow":["GET"]}}],"collection":[{"href":"https:\/\/jaybillards.azdigi.shop\/index.php?rest_route=\/wp\/v2\/product"}],"about":[{"href":"https:\/\/jaybillards.azdigi.shop\/index.php?rest_route=\/wp\/v2\/types\/product"}],"replies":[{"embeddable":true,"href":"https:\/\/jaybillards.azdigi.shop\/index.php?rest_route=%2Fwp%2Fv2%2Fcomments&post=499"}],"wp:featuredmedia":[{"embeddable":true,"href":"https:\/\/jaybillards.azdigi.shop\/index.php?rest_route=\/wp\/v2\/media\/1316"}],"wp:attachment":[{"href":"https:\/\/jaybillards.azdigi.shop\/index.php?rest_route=%2Fwp%2Fv2%2Fmedia&parent=499"}],"wp:term":[{"taxonomy":"product_brand","embeddable":true,"href":"https:\/\/jaybillards.azdigi.shop\/index.php?rest_route=%2Fwp%2Fv2%2Fproduct_brand&post=499"},{"taxonomy":"product_cat","embeddable":true,"href":"https:\/\/jaybillards.azdigi.shop\/index.php?rest_route=%2Fwp%2Fv2%2Fproduct_cat&post=499"},{"taxonomy":"product_tag","embeddable":true,"href":"https:\/\/jaybillards.azdigi.shop\/index.php?rest_route=%2Fwp%2Fv2%2Fproduct_tag&post=499"}],"curies":[{"name":"wp","href":"https:\/\/api.w.org\/{rel}","templated":true}]}}