{"id":495,"date":"2026-03-27T01:40:13","date_gmt":"2026-03-26T18:40:13","guid":{"rendered":"https:\/\/jaybillards.azdigi.shop\/?post_type=product&#038;p=495"},"modified":"2026-04-11T19:46:50","modified_gmt":"2026-04-11T12:46:50","slug":"gang-tay-bida-allin","status":"publish","type":"product","link":"https:\/\/jaybillards.azdigi.shop\/?product=gang-tay-bida-allin","title":{"rendered":"G\u0103ng tay Bida Allin"},"content":{"rendered":"<p data-start=\"70\" data-end=\"262\"><strong data-start=\"70\" data-end=\"93\">G\u0103ng tay bida Allin<\/strong> l\u00e0 ph\u1ee5 ki\u1ec7n quen thu\u1ed9c c\u1ee7a anh em ch\u01a1i bida, n\u1ed5i b\u1eadt v\u1edbi thi\u1ebft k\u1ebf \u0111\u01a1n gi\u1ea3n nh\u01b0ng hi\u1ec7u qu\u1ea3 cao, gi\u00fap c\u1ea3i thi\u1ec7n \u0111\u1ed9 m\u01b0\u1ee3t khi \u0111i c\u01a1 v\u00e0 t\u0103ng \u0111\u1ed9 ch\u00ednh x\u00e1c trong t\u1eebng c\u00fa \u0111\u00e1nh.<\/p>\n<h3 data-section-id=\"f4li0v\" data-start=\"264\" data-end=\"288\">\ud83d\udd25 \u0110\u1eb7c \u0111i\u1ec3m n\u1ed5i b\u1eadt:<\/h3>\n<ul data-start=\"289\" data-end=\"734\">\n<li data-section-id=\"8fsi3u\" data-start=\"289\" data-end=\"387\"><strong data-start=\"291\" data-end=\"316\">Ch\u1ea5t li\u1ec7u co gi\u00e3n t\u1ed1t<\/strong>: \u00d4m s\u00e1t tay, t\u1ea1o c\u1ea3m gi\u00e1c ch\u1eafc ch\u1eafn nh\u01b0ng v\u1eabn tho\u1ea3i m\u00e1i khi ch\u01a1i l\u00e2u<\/li>\n<li data-section-id=\"7nmlr2\" data-start=\"388\" data-end=\"466\"><strong data-start=\"390\" data-end=\"418\">Thi\u1ebft k\u1ebf 3 ng\u00f3n ph\u1ed5 bi\u1ebfn<\/strong>: Gi\u1eef c\u1ea3m gi\u00e1c tay th\u1eadt, d\u1ec5 ki\u1ec3m so\u00e1t \u0111\u01b0\u1eddng c\u01a1<\/li>\n<li data-section-id=\"1v5pbgq\" data-start=\"467\" data-end=\"593\"><strong data-start=\"469\" data-end=\"500\">Tho\u00e1ng kh\u00ed \u2013 h\u1ea1n ch\u1ebf m\u1ed3 h\u00f4i<\/strong>: Gi\u00fap tay lu\u00f4n kh\u00f4 r\u00e1o, tr\u00e1nh tr\u01a1n tr\u01b0\u1ee3t khi thi \u0111\u1ea5u<\/li>\n<li data-section-id=\"yo9i63\" data-start=\"594\" data-end=\"652\"><strong data-start=\"596\" data-end=\"616\">B\u1ec1 m\u1eb7t tr\u01a1n m\u01b0\u1ee3t<\/strong>: H\u1ed7 tr\u1ee3 c\u01a1 tr\u01b0\u1ee3t \u00eam, gi\u1ea3m gi\u1eadt c\u01a1<\/li>\n<li data-section-id=\"1y4vo88\" data-start=\"653\" data-end=\"734\"><strong data-start=\"655\" data-end=\"682\">Form \u0111\u01a1n gi\u1ea3n \u2013 d\u1ec5 d\u00f9ng<\/strong>: Ph\u00f9 h\u1ee3p c\u1ea3 ng\u01b0\u1eddi m\u1edbi ch\u01a1i l\u1eabn ng\u01b0\u1eddi ch\u01a1i l\u00e2u n\u0103m<\/li>\n<\/ul>\n<h3 data-section-id=\"2pm13t\" data-start=\"736\" data-end=\"753\">\ud83c\udfaf C\u00f4ng d\u1ee5ng:<\/h3>\n<ul data-start=\"754\" data-end=\"917\">\n<li data-section-id=\"ol4dlr\" data-start=\"754\" data-end=\"805\">Gi\u1ea3m ma s\u00e1t gi\u1eefa tay v\u00e0 c\u01a1 \u2192 <strong data-start=\"785\" data-end=\"803\">\u0111i c\u01a1 m\u01b0\u1ee3t h\u01a1n<\/strong><\/li>\n<li data-section-id=\"11go5c\" data-start=\"806\" data-end=\"862\">H\u1ea1n ch\u1ebf \u1ea3nh h\u01b0\u1edfng c\u1ee7a m\u1ed3 h\u00f4i \u2192 <strong data-start=\"839\" data-end=\"860\">t\u0103ng \u0111\u1ed9 ch\u00ednh x\u00e1c<\/strong><\/li>\n<li data-section-id=\"1acybqf\" data-start=\"863\" data-end=\"917\">Gi\u1eef form tay \u1ed5n \u0111\u1ecbnh \u2192 <strong data-start=\"888\" data-end=\"915\">c\u1ea3i thi\u1ec7n k\u1ef9 thu\u1eadt \u0111\u00e1nh<\/strong><\/li>\n<\/ul>\n<h3 data-section-id=\"pmz2ij\" data-start=\"919\" data-end=\"938\">\ud83d\udc64 Ph\u00f9 h\u1ee3p v\u1edbi:<\/h3>\n<ul data-start=\"939\" data-end=\"1079\">\n<li data-section-id=\"1qzhj5y\" data-start=\"939\" data-end=\"985\">Ng\u01b0\u1eddi ch\u01a1i bida t\u1eeb <strong data-start=\"960\" data-end=\"983\">c\u01a1 b\u1ea3n \u2192 b\u00e1n chuy\u00ean<\/strong><\/li>\n<li data-section-id=\"ozf0qw\" data-start=\"986\" data-end=\"1020\">Ng\u01b0\u1eddi hay b\u1ecb <strong data-start=\"1001\" data-end=\"1018\">ra m\u1ed3 h\u00f4i tay<\/strong><\/li>\n<li data-section-id=\"zhhl8k\" data-start=\"1021\" data-end=\"1079\">Anh em c\u1ea7n g\u0103ng tay <strong data-start=\"1043\" data-end=\"1079\"><strong data-start=\"1043\" data-end=\"1079\">gi\u00e1 t\u1ed1t \u2013 d\u1ec5 thay \u2013 d\u00f9ng \u1ed5n \u0111\u1ecbnh<br \/>\n<\/strong><\/strong><\/p>\n<p data-start=\"720\" data-end=\"939\">B\u1ec1 m\u1eb7t g\u0103ng \u0111\u01b0\u1ee3c thi\u1ebft k\u1ebf tr\u01a1n m\u01b0\u1ee3t, gi\u00fap c\u01a1 tr\u01b0\u1ee3t \u00eam h\u01a1n, gi\u1ea3m t\u1ed1i \u0111a t\u00ecnh tr\u1ea1ng gi\u1eadt ho\u1eb7c kh\u1ef1ng khi \u0111\u00e1nh. Ph\u1ea7n c\u1ed5 tay c\u00f3 d\u00e1n velcro ti\u1ec7n l\u1ee3i, d\u1ec5 d\u00e0ng \u0111i\u1ec1u ch\u1ec9nh \u0111\u1ed9 r\u1ed9ng sao cho ph\u00f9 h\u1ee3p v\u1edbi nhi\u1ec1u k\u00edch c\u1ee1 tay kh\u00e1c nhau.<\/p>\n<p data-start=\"941\" data-end=\"1151\">V\u1ec1 c\u00f4ng d\u1ee5ng, g\u0103ng tay gi\u00fap gi\u1ea3m ma s\u00e1t gi\u1eefa tay v\u00e0 c\u01a1, h\u1ed7 tr\u1ee3 \u0111\u01b0\u1eddng c\u01a1 \u0111i m\u01b0\u1ee3t m\u00e0 v\u00e0 ch\u00ednh x\u00e1c h\u01a1n. \u0110\u1ed3ng th\u1eddi, vi\u1ec7c ki\u1ec3m so\u00e1t t\u1ed1t m\u1ed3 h\u00f4i c\u0169ng g\u00f3p ph\u1ea7n n\u00e2ng cao hi\u1ec7u su\u1ea5t thi \u0111\u1ea5u, gi\u1eef cho form tay lu\u00f4n \u1ed5n \u0111\u1ecbnh.<\/p>\n<p data-start=\"1153\" data-end=\"1395\" data-is-last-node=\"\" data-is-only-node=\"\">S\u1ea3n ph\u1ea9m \u0111\u1eb7c bi\u1ec7t ph\u00f9 h\u1ee3p v\u1edbi ng\u01b0\u1eddi ch\u01a1i t\u1eeb c\u01a1 b\u1ea3n \u0111\u1ebfn b\u00e1n chuy\u00ean, nh\u1eefng ai th\u01b0\u1eddng xuy\u00ean g\u1eb7p t\u00ecnh tr\u1ea1ng tay \u1ea9m ho\u1eb7c \u0111ang t\u00ecm ki\u1ebfm m\u1ed9t chi\u1ebfc g\u0103ng tay bida gi\u00e1 t\u1ed1t, d\u1ec5 s\u1eed d\u1ee5ng nh\u01b0ng mang l\u1ea1i hi\u1ec7u qu\u1ea3 r\u00f5 r\u1ec7t trong qu\u00e1 tr\u00ecnh luy\u1ec7n t\u1eadp v\u00e0 thi \u0111\u1ea5u.<\/p>\n<p><strong data-start=\"989\" data-end=\"1028\">\u00a0<\/strong><\/li>\n<\/ul>\n","protected":false},"excerpt":{"rendered":"<p>G\u0103ng tay bida Allin l\u00e0 ph\u1ee5 ki\u1ec7n quen thu\u1ed9c c\u1ee7a anh em ch\u01a1i bida, n\u1ed5i b\u1eadt v\u1edbi thi\u1ebft k\u1ebf \u0111\u01a1n gi\u1ea3n nh\u01b0ng hi\u1ec7u qu\u1ea3 cao, gi\u00fap c\u1ea3i thi\u1ec7n \u0111\u1ed9 m\u01b0\u1ee3t khi \u0111i c\u01a1 v\u00e0 t\u0103ng \u0111\u1ed9 ch\u00ednh x\u00e1c trong t\u1eebng c\u00fa \u0111\u00e1nh. \ud83d\udd25 \u0110\u1eb7c \u0111i\u1ec3m n\u1ed5i b\u1eadt: Ch\u1ea5t li\u1ec7u co gi\u00e3n t\u1ed1t: \u00d4m s\u00e1t tay, [&#8230;]\n","protected":false},"featured_media":1282,"comment_status":"open","ping_status":"closed","template":"","meta":[],"product_brand":[],"product_cat":[79],"product_tag":[82],"class_list":{"0":"post-495","1":"product","2":"type-product","3":"status-publish","4":"has-post-thumbnail","6":"product_cat-gang-tay","7":"product_tag-gang-tay-bida-allin","9":"first","10":"instock","11":"shipping-taxable","12":"purchasable","13":"product-type-simple"},"yoast_head":"<!-- This site is optimized with the Yoast SEO plugin v27.2 - https:\/\/yoast.com\/product\/yoast-seo-wordpress\/ -->\n<title>G\u0103ng tay Bida Allin - Jay Billiards - Chuy\u00ean g\u1eady Bida ch\u00ednh h\u00e3ng gi\u00e1 t\u1ed1t<\/title>\n<meta name=\"description\" content=\"Ho\u00e0n thi\u1ec7n phong c\u00e1ch \u201cc\u1ef1c ng\u1ea7u\u201d c\u1ee7a anh em tr\u00ean b\u00e0n bida! \u0110\u1eb7c bi\u1ec7t g\u0103ng tay Allin gi\u00fap th\u1ebf c\u01a1 v\u1eefng ch\u1eafc, tho\u1ea3i m\u00e1i, kh\u00f4ng lo ng\u1ea1i tr\u01a1n tr\u01b0\u1ee3t do m\u1ed3 h\u00f4i tay.\" \/>\n<meta name=\"robots\" content=\"index, follow, max-snippet:-1, max-image-preview:large, max-video-preview:-1\" \/>\n<link rel=\"canonical\" href=\"https:\/\/jaybillards.azdigi.shop\/?product=gang-tay-bida-allin\" \/>\n<meta property=\"og:locale\" content=\"vi_VN\" \/>\n<meta property=\"og:type\" content=\"article\" \/>\n<meta property=\"og:title\" content=\"G\u0103ng tay Bida Allin - Jay Billiards - Chuy\u00ean g\u1eady Bida ch\u00ednh h\u00e3ng gi\u00e1 t\u1ed1t\" \/>\n<meta property=\"og:description\" content=\"Ho\u00e0n thi\u1ec7n phong c\u00e1ch \u201cc\u1ef1c ng\u1ea7u\u201d c\u1ee7a anh em tr\u00ean b\u00e0n bida! \u0110\u1eb7c bi\u1ec7t g\u0103ng tay Allin gi\u00fap th\u1ebf c\u01a1 v\u1eefng ch\u1eafc, tho\u1ea3i m\u00e1i, kh\u00f4ng lo ng\u1ea1i tr\u01a1n tr\u01b0\u1ee3t do m\u1ed3 h\u00f4i tay.\" \/>\n<meta property=\"og:url\" content=\"https:\/\/jaybillards.azdigi.shop\/?product=gang-tay-bida-allin\" \/>\n<meta property=\"og:site_name\" content=\"Jay Billiards - Chuy\u00ean g\u1eady Bida ch\u00ednh h\u00e3ng gi\u00e1 t\u1ed1t\" \/>\n<meta property=\"article:modified_time\" content=\"2026-04-11T12:46:50+00:00\" \/>\n<meta property=\"og:image\" content=\"https:\/\/jaybillards.azdigi.shop\/wp-content\/uploads\/2026\/03\/1-Photoroom-1-1.png\" \/>\n\t<meta property=\"og:image:width\" content=\"2000\" \/>\n\t<meta property=\"og:image:height\" content=\"2000\" \/>\n\t<meta property=\"og:image:type\" content=\"image\/png\" \/>\n<meta name=\"twitter:card\" content=\"summary_large_image\" \/>\n<meta name=\"twitter:label1\" content=\"\u01af\u1edbc t\u00ednh th\u1eddi gian \u0111\u1ecdc\" \/>\n\t<meta name=\"twitter:data1\" content=\"3 ph\u00fat\" \/>\n<script type=\"application\/ld+json\" class=\"yoast-schema-graph\">{\"@context\":\"https:\/\/schema.org\",\"@graph\":[{\"@type\":\"WebPage\",\"@id\":\"https:\/\/jaybillards.azdigi.shop\/?product=gang-tay-bida-allin\",\"url\":\"https:\/\/jaybillards.azdigi.shop\/?product=gang-tay-bida-allin\",\"name\":\"G\u0103ng tay Bida Allin - Jay Billiards - Chuy\u00ean g\u1eady Bida ch\u00ednh h\u00e3ng gi\u00e1 t\u1ed1t\",\"isPartOf\":{\"@id\":\"https:\/\/jaybillards.azdigi.shop\/#website\"},\"primaryImageOfPage\":{\"@id\":\"https:\/\/jaybillards.azdigi.shop\/?product=gang-tay-bida-allin#primaryimage\"},\"image\":{\"@id\":\"https:\/\/jaybillards.azdigi.shop\/?product=gang-tay-bida-allin#primaryimage\"},\"thumbnailUrl\":\"https:\/\/jaybillards.azdigi.shop\/wp-content\/uploads\/2026\/03\/1-Photoroom-1-1.png\",\"datePublished\":\"2026-03-26T18:40:13+00:00\",\"dateModified\":\"2026-04-11T12:46:50+00:00\",\"description\":\"Ho\u00e0n thi\u1ec7n phong c\u00e1ch \u201cc\u1ef1c ng\u1ea7u\u201d c\u1ee7a anh em tr\u00ean b\u00e0n bida! \u0110\u1eb7c bi\u1ec7t g\u0103ng tay Allin gi\u00fap th\u1ebf c\u01a1 v\u1eefng ch\u1eafc, tho\u1ea3i m\u00e1i, kh\u00f4ng lo ng\u1ea1i tr\u01a1n tr\u01b0\u1ee3t do m\u1ed3 h\u00f4i tay.\",\"breadcrumb\":{\"@id\":\"https:\/\/jaybillards.azdigi.shop\/?product=gang-tay-bida-allin#breadcrumb\"},\"inLanguage\":\"vi\",\"potentialAction\":[{\"@type\":\"ReadAction\",\"target\":[\"https:\/\/jaybillards.azdigi.shop\/?product=gang-tay-bida-allin\"]}]},{\"@type\":\"ImageObject\",\"inLanguage\":\"vi\",\"@id\":\"https:\/\/jaybillards.azdigi.shop\/?product=gang-tay-bida-allin#primaryimage\",\"url\":\"https:\/\/jaybillards.azdigi.shop\/wp-content\/uploads\/2026\/03\/1-Photoroom-1-1.png\",\"contentUrl\":\"https:\/\/jaybillards.azdigi.shop\/wp-content\/uploads\/2026\/03\/1-Photoroom-1-1.png\",\"width\":2000,\"height\":2000},{\"@type\":\"BreadcrumbList\",\"@id\":\"https:\/\/jaybillards.azdigi.shop\/?product=gang-tay-bida-allin#breadcrumb\",\"itemListElement\":[{\"@type\":\"ListItem\",\"position\":1,\"name\":\"Trang ch\u1ee7\",\"item\":\"https:\/\/jaybillards.azdigi.shop\/\"},{\"@type\":\"ListItem\",\"position\":2,\"name\":\"C\u1eeda h\u00e0ng\",\"item\":\"https:\/\/jaybillards.azdigi.shop\/?page_id=274\"},{\"@type\":\"ListItem\",\"position\":3,\"name\":\"G\u0103ng tay Bida Allin\"}]},{\"@type\":\"WebSite\",\"@id\":\"https:\/\/jaybillards.azdigi.shop\/#website\",\"url\":\"https:\/\/jaybillards.azdigi.shop\/\",\"name\":\"Jay Billiards - Chuy\u00ean g\u1eady Bida ch\u00ednh h\u00e3ng gi\u00e1 t\u1ed1t\",\"description\":\"\",\"potentialAction\":[{\"@type\":\"SearchAction\",\"target\":{\"@type\":\"EntryPoint\",\"urlTemplate\":\"https:\/\/jaybillards.azdigi.shop\/?s={search_term_string}\"},\"query-input\":{\"@type\":\"PropertyValueSpecification\",\"valueRequired\":true,\"valueName\":\"search_term_string\"}}],\"inLanguage\":\"vi\"}]}<\/script>\n<!-- \/ Yoast SEO plugin. -->","yoast_head_json":{"title":"G\u0103ng tay Bida Allin - Jay Billiards - Chuy\u00ean g\u1eady Bida ch\u00ednh h\u00e3ng gi\u00e1 t\u1ed1t","description":"Ho\u00e0n thi\u1ec7n phong c\u00e1ch \u201cc\u1ef1c ng\u1ea7u\u201d c\u1ee7a anh em tr\u00ean b\u00e0n bida! \u0110\u1eb7c bi\u1ec7t g\u0103ng tay Allin gi\u00fap th\u1ebf c\u01a1 v\u1eefng ch\u1eafc, tho\u1ea3i m\u00e1i, kh\u00f4ng lo ng\u1ea1i tr\u01a1n tr\u01b0\u1ee3t do m\u1ed3 h\u00f4i tay.","robots":{"index":"index","follow":"follow","max-snippet":"max-snippet:-1","max-image-preview":"max-image-preview:large","max-video-preview":"max-video-preview:-1"},"canonical":"https:\/\/jaybillards.azdigi.shop\/?product=gang-tay-bida-allin","og_locale":"vi_VN","og_type":"article","og_title":"G\u0103ng tay Bida Allin - Jay Billiards - Chuy\u00ean g\u1eady Bida ch\u00ednh h\u00e3ng gi\u00e1 t\u1ed1t","og_description":"Ho\u00e0n thi\u1ec7n phong c\u00e1ch \u201cc\u1ef1c ng\u1ea7u\u201d c\u1ee7a anh em tr\u00ean b\u00e0n bida! \u0110\u1eb7c bi\u1ec7t g\u0103ng tay Allin gi\u00fap th\u1ebf c\u01a1 v\u1eefng ch\u1eafc, tho\u1ea3i m\u00e1i, kh\u00f4ng lo ng\u1ea1i tr\u01a1n tr\u01b0\u1ee3t do m\u1ed3 h\u00f4i tay.","og_url":"https:\/\/jaybillards.azdigi.shop\/?product=gang-tay-bida-allin","og_site_name":"Jay Billiards - Chuy\u00ean g\u1eady Bida ch\u00ednh h\u00e3ng gi\u00e1 t\u1ed1t","article_modified_time":"2026-04-11T12:46:50+00:00","og_image":[{"width":2000,"height":2000,"url":"https:\/\/jaybillards.azdigi.shop\/wp-content\/uploads\/2026\/03\/1-Photoroom-1-1.png","type":"image\/png"}],"twitter_card":"summary_large_image","twitter_misc":{"\u01af\u1edbc t\u00ednh th\u1eddi gian \u0111\u1ecdc":"3 ph\u00fat"},"schema":{"@context":"https:\/\/schema.org","@graph":[{"@type":"WebPage","@id":"https:\/\/jaybillards.azdigi.shop\/?product=gang-tay-bida-allin","url":"https:\/\/jaybillards.azdigi.shop\/?product=gang-tay-bida-allin","name":"G\u0103ng tay Bida Allin - Jay Billiards - Chuy\u00ean g\u1eady Bida ch\u00ednh h\u00e3ng gi\u00e1 t\u1ed1t","isPartOf":{"@id":"https:\/\/jaybillards.azdigi.shop\/#website"},"primaryImageOfPage":{"@id":"https:\/\/jaybillards.azdigi.shop\/?product=gang-tay-bida-allin#primaryimage"},"image":{"@id":"https:\/\/jaybillards.azdigi.shop\/?product=gang-tay-bida-allin#primaryimage"},"thumbnailUrl":"https:\/\/jaybillards.azdigi.shop\/wp-content\/uploads\/2026\/03\/1-Photoroom-1-1.png","datePublished":"2026-03-26T18:40:13+00:00","dateModified":"2026-04-11T12:46:50+00:00","description":"Ho\u00e0n thi\u1ec7n phong c\u00e1ch \u201cc\u1ef1c ng\u1ea7u\u201d c\u1ee7a anh em tr\u00ean b\u00e0n bida! \u0110\u1eb7c bi\u1ec7t g\u0103ng tay Allin gi\u00fap th\u1ebf c\u01a1 v\u1eefng ch\u1eafc, tho\u1ea3i m\u00e1i, kh\u00f4ng lo ng\u1ea1i tr\u01a1n tr\u01b0\u1ee3t do m\u1ed3 h\u00f4i tay.","breadcrumb":{"@id":"https:\/\/jaybillards.azdigi.shop\/?product=gang-tay-bida-allin#breadcrumb"},"inLanguage":"vi","potentialAction":[{"@type":"ReadAction","target":["https:\/\/jaybillards.azdigi.shop\/?product=gang-tay-bida-allin"]}]},{"@type":"ImageObject","inLanguage":"vi","@id":"https:\/\/jaybillards.azdigi.shop\/?product=gang-tay-bida-allin#primaryimage","url":"https:\/\/jaybillards.azdigi.shop\/wp-content\/uploads\/2026\/03\/1-Photoroom-1-1.png","contentUrl":"https:\/\/jaybillards.azdigi.shop\/wp-content\/uploads\/2026\/03\/1-Photoroom-1-1.png","width":2000,"height":2000},{"@type":"BreadcrumbList","@id":"https:\/\/jaybillards.azdigi.shop\/?product=gang-tay-bida-allin#breadcrumb","itemListElement":[{"@type":"ListItem","position":1,"name":"Trang ch\u1ee7","item":"https:\/\/jaybillards.azdigi.shop\/"},{"@type":"ListItem","position":2,"name":"C\u1eeda h\u00e0ng","item":"https:\/\/jaybillards.azdigi.shop\/?page_id=274"},{"@type":"ListItem","position":3,"name":"G\u0103ng tay Bida Allin"}]},{"@type":"WebSite","@id":"https:\/\/jaybillards.azdigi.shop\/#website","url":"https:\/\/jaybillards.azdigi.shop\/","name":"Jay Billiards - Chuy\u00ean g\u1eady Bida ch\u00ednh h\u00e3ng gi\u00e1 t\u1ed1t","description":"","potentialAction":[{"@type":"SearchAction","target":{"@type":"EntryPoint","urlTemplate":"https:\/\/jaybillards.azdigi.shop\/?s={search_term_string}"},"query-input":{"@type":"PropertyValueSpecification","valueRequired":true,"valueName":"search_term_string"}}],"inLanguage":"vi"}]}},"_links":{"self":[{"href":"https:\/\/jaybillards.azdigi.shop\/index.php?rest_route=\/wp\/v2\/product\/495","targetHints":{"allow":["GET"]}}],"collection":[{"href":"https:\/\/jaybillards.azdigi.shop\/index.php?rest_route=\/wp\/v2\/product"}],"about":[{"href":"https:\/\/jaybillards.azdigi.shop\/index.php?rest_route=\/wp\/v2\/types\/product"}],"replies":[{"embeddable":true,"href":"https:\/\/jaybillards.azdigi.shop\/index.php?rest_route=%2Fwp%2Fv2%2Fcomments&post=495"}],"wp:featuredmedia":[{"embeddable":true,"href":"https:\/\/jaybillards.azdigi.shop\/index.php?rest_route=\/wp\/v2\/media\/1282"}],"wp:attachment":[{"href":"https:\/\/jaybillards.azdigi.shop\/index.php?rest_route=%2Fwp%2Fv2%2Fmedia&parent=495"}],"wp:term":[{"taxonomy":"product_brand","embeddable":true,"href":"https:\/\/jaybillards.azdigi.shop\/index.php?rest_route=%2Fwp%2Fv2%2Fproduct_brand&post=495"},{"taxonomy":"product_cat","embeddable":true,"href":"https:\/\/jaybillards.azdigi.shop\/index.php?rest_route=%2Fwp%2Fv2%2Fproduct_cat&post=495"},{"taxonomy":"product_tag","embeddable":true,"href":"https:\/\/jaybillards.azdigi.shop\/index.php?rest_route=%2Fwp%2Fv2%2Fproduct_tag&post=495"}],"curies":[{"name":"wp","href":"https:\/\/api.w.org\/{rel}","templated":true}]}}