{"id":488,"date":"2026-03-27T01:38:04","date_gmt":"2026-03-26T18:38:04","guid":{"rendered":"https:\/\/jaybillards.azdigi.shop\/?post_type=product&#038;p=488"},"modified":"2026-04-11T20:24:15","modified_gmt":"2026-04-11T13:24:15","slug":"gang-tay-bida-martian","status":"publish","type":"product","link":"https:\/\/jaybillards.azdigi.shop\/?product=gang-tay-bida-martian","title":{"rendered":"G\u0103ng tay Bida Martian"},"content":{"rendered":"<p data-start=\"177\" data-end=\"345\"><strong data-start=\"177\" data-end=\"202\">G\u0103ng tay bida Martian<\/strong> l\u00e0 d\u00f2ng ph\u1ee5 ki\u1ec7n \u0111\u01b0\u1ee3c nhi\u1ec1u anh em ch\u01a1i bida l\u1ef1a ch\u1ecdn nh\u1edd thi\u1ebft k\u1ebf hi\u1ec7n \u0111\u1ea1i, tho\u1ea3i m\u00e1i v\u00e0 h\u1ed7 tr\u1ee3 t\u1ed1i \u0111a trong qu\u00e1 tr\u00ecnh thi \u0111\u1ea5u l\u1eabn luy\u1ec7n t\u1eadp.<\/p>\n<h3 data-section-id=\"f4li0v\" data-start=\"347\" data-end=\"371\">\ud83d\udd25 \u0110\u1eb7c \u0111i\u1ec3m n\u1ed5i b\u1eadt:<\/h3>\n<ul data-start=\"372\" data-end=\"815\">\n<li data-section-id=\"j8nt28\" data-start=\"372\" data-end=\"474\"><strong data-start=\"374\" data-end=\"403\">Ch\u1ea5t li\u1ec7u co gi\u00e3n cao c\u1ea5p<\/strong>: \u00d4m s\u00e1t tay, t\u1ea1o c\u1ea3m gi\u00e1c ch\u1eafc ch\u1eafn nh\u01b0ng v\u1eabn tho\u1ea3i m\u00e1i khi ch\u01a1i l\u00e2u<\/li>\n<li data-section-id=\"1eute6o\" data-start=\"475\" data-end=\"564\"><strong data-start=\"477\" data-end=\"505\">Thi\u1ebft k\u1ebf 3 ng\u00f3n ph\u1ed5 bi\u1ebfn<\/strong>: Gi\u1eef \u0111\u01b0\u1ee3c c\u1ea3m gi\u00e1c tay th\u1eadt khi \u0111i c\u01a1, t\u0103ng \u0111\u1ed9 ch\u00ednh x\u00e1c<\/li>\n<li data-section-id=\"k49aci\" data-start=\"565\" data-end=\"681\"><strong data-start=\"567\" data-end=\"598\">Tho\u00e1ng kh\u00ed \u2013 h\u00fat m\u1ed3 h\u00f4i t\u1ed1t<\/strong>: Gi\u00fap tay lu\u00f4n kh\u00f4 r\u00e1o, h\u1ea1n ch\u1ebf tr\u01a1n tr\u01b0\u1ee3t<\/li>\n<li data-section-id=\"hdl1vh\" data-start=\"682\" data-end=\"742\"><strong data-start=\"684\" data-end=\"704\">B\u1ec1 m\u1eb7t tr\u01a1n m\u01b0\u1ee3t<\/strong>: C\u01a1 tr\u01b0\u1ee3t \u00eam, gi\u1ea3m gi\u1eadt c\u01a1 khi \u0111\u00e1nh<\/li>\n<li data-section-id=\"1bwwgxa\" data-start=\"743\" data-end=\"815\"><strong data-start=\"745\" data-end=\"774\">Mi\u1ebfng d\u00e1n c\u1ed5 tay ti\u1ec7n l\u1ee3i<\/strong>: D\u1ec5 \u0111i\u1ec1u ch\u1ec9nh, ph\u00f9 h\u1ee3p nhi\u1ec1u size tay<\/li>\n<\/ul>\n<h3 data-section-id=\"2pm13t\" data-start=\"817\" data-end=\"834\">\ud83c\udfaf C\u00f4ng d\u1ee5ng:<\/h3>\n<ul data-start=\"835\" data-end=\"985\">\n<li data-section-id=\"flckwc\" data-start=\"835\" data-end=\"880\">Gi\u1ea3m ma s\u00e1t \u2192 <strong data-start=\"851\" data-end=\"878\">\u0111i c\u01a1 m\u01b0\u1ee3t, \u1ed5n \u0111\u1ecbnh h\u01a1n<\/strong><\/li>\n<li data-section-id=\"b08b1u\" data-start=\"881\" data-end=\"932\">H\u1ea1n ch\u1ebf m\u1ed3 h\u00f4i \u2192 <strong data-start=\"900\" data-end=\"930\">t\u0103ng \u0111\u1ed9 ch\u00ednh x\u00e1c khi \u0111\u00e1nh<\/strong><\/li>\n<li data-section-id=\"1n9xpxn\" data-start=\"933\" data-end=\"985\">Gi\u00fap gi\u1eef form tay chu\u1ea9n \u2192 <strong data-start=\"961\" data-end=\"983\">c\u1ea3i thi\u1ec7n k\u1ef9 thu\u1eadt<\/strong><\/li>\n<\/ul>\n<h3 data-section-id=\"pmz2ij\" data-start=\"987\" data-end=\"1006\">\ud83d\udc64 Ph\u00f9 h\u1ee3p v\u1edbi:<\/h3>\n<ul data-start=\"1007\" data-end=\"1151\">\n<li data-section-id=\"1qzhj5y\" data-start=\"1007\" data-end=\"1053\">Ng\u01b0\u1eddi ch\u01a1i bida t\u1eeb <strong data-start=\"1028\" data-end=\"1051\">c\u01a1 b\u1ea3n \u2192 b\u00e1n chuy\u00ean<\/strong><\/li>\n<li data-section-id=\"ozf0qw\" data-start=\"1054\" data-end=\"1088\">Ng\u01b0\u1eddi hay b\u1ecb <strong data-start=\"1069\" data-end=\"1086\">ra m\u1ed3 h\u00f4i tay<\/strong><\/li>\n<li data-section-id=\"1th8suf\" data-start=\"1089\" data-end=\"1151\">Anh em c\u1ea7n g\u0103ng tay <strong data-start=\"1111\" data-end=\"1151\">gi\u00e1 t\u1ed1t \u2013 d\u00f9ng \u1ed5n \u0111\u1ecbnh \u2013 d\u1ec5 thay th\u1ebf<\/strong><\/li>\n<\/ul>\n","protected":false},"excerpt":{"rendered":"<p>G\u0103ng tay bida Martian l\u00e0 d\u00f2ng ph\u1ee5 ki\u1ec7n \u0111\u01b0\u1ee3c nhi\u1ec1u anh em ch\u01a1i bida l\u1ef1a ch\u1ecdn nh\u1edd thi\u1ebft k\u1ebf hi\u1ec7n \u0111\u1ea1i, tho\u1ea3i m\u00e1i v\u00e0 h\u1ed7 tr\u1ee3 t\u1ed1i \u0111a trong qu\u00e1 tr\u00ecnh thi \u0111\u1ea5u l\u1eabn luy\u1ec7n t\u1eadp. \ud83d\udd25 \u0110\u1eb7c \u0111i\u1ec3m n\u1ed5i b\u1eadt: Ch\u1ea5t li\u1ec7u co gi\u00e3n cao c\u1ea5p: \u00d4m s\u00e1t tay, t\u1ea1o c\u1ea3m gi\u00e1c ch\u1eafc ch\u1eafn [&#8230;]\n","protected":false},"featured_media":1281,"comment_status":"open","ping_status":"closed","template":"","meta":[],"product_brand":[],"product_cat":[79],"product_tag":[81],"class_list":{"0":"post-488","1":"product","2":"type-product","3":"status-publish","4":"has-post-thumbnail","6":"product_cat-gang-tay","7":"product_tag-gang-tay-bida-martian","9":"first","10":"instock","11":"shipping-taxable","12":"purchasable","13":"product-type-simple"},"yoast_head":"<!-- This site is optimized with the Yoast SEO plugin v27.2 - https:\/\/yoast.com\/product\/yoast-seo-wordpress\/ -->\n<title>G\u0103ng tay Bida Martian - Jay Billiards - Chuy\u00ean g\u1eady Bida ch\u00ednh h\u00e3ng gi\u00e1 t\u1ed1t<\/title>\n<meta name=\"description\" content=\"G\u0103ng tay Bida Martian. Li\u00ean h\u1ec7. T\u01b0 v\u1ea5n mi\u1ec5n ph\u00ed. Categories: Ph\u1ee5 ki\u1ec7n ch\u00ednh h\u00e3ng, G\u0103ng tay. Chia s\u1ebb: B\u1ea3o hi\u1ec3m c\u1ea3 l\u1ed7i ng\u01b0\u1eddi d\u00f9ng trong 5 n\u0103m.\" \/>\n<meta name=\"robots\" content=\"index, follow, max-snippet:-1, max-image-preview:large, max-video-preview:-1\" \/>\n<link rel=\"canonical\" href=\"https:\/\/jaybillards.azdigi.shop\/?product=gang-tay-bida-martian\" \/>\n<meta property=\"og:locale\" content=\"vi_VN\" \/>\n<meta property=\"og:type\" content=\"article\" \/>\n<meta property=\"og:title\" content=\"G\u0103ng tay Bida Martian - Jay Billiards - Chuy\u00ean g\u1eady Bida ch\u00ednh h\u00e3ng gi\u00e1 t\u1ed1t\" \/>\n<meta property=\"og:description\" content=\"G\u0103ng tay Bida Martian. Li\u00ean h\u1ec7. T\u01b0 v\u1ea5n mi\u1ec5n ph\u00ed. Categories: Ph\u1ee5 ki\u1ec7n ch\u00ednh h\u00e3ng, G\u0103ng tay. Chia s\u1ebb: B\u1ea3o hi\u1ec3m c\u1ea3 l\u1ed7i ng\u01b0\u1eddi d\u00f9ng trong 5 n\u0103m.\" \/>\n<meta property=\"og:url\" content=\"https:\/\/jaybillards.azdigi.shop\/?product=gang-tay-bida-martian\" \/>\n<meta property=\"og:site_name\" content=\"Jay Billiards - Chuy\u00ean g\u1eady Bida ch\u00ednh h\u00e3ng gi\u00e1 t\u1ed1t\" \/>\n<meta property=\"article:modified_time\" content=\"2026-04-11T13:24:15+00:00\" \/>\n<meta property=\"og:image\" content=\"https:\/\/jaybillards.azdigi.shop\/wp-content\/uploads\/2026\/03\/2-Photoroom-3.png\" \/>\n\t<meta property=\"og:image:width\" content=\"2000\" \/>\n\t<meta property=\"og:image:height\" content=\"2000\" \/>\n\t<meta property=\"og:image:type\" content=\"image\/png\" \/>\n<meta name=\"twitter:card\" content=\"summary_large_image\" \/>\n<meta name=\"twitter:label1\" content=\"\u01af\u1edbc t\u00ednh th\u1eddi gian \u0111\u1ecdc\" \/>\n\t<meta name=\"twitter:data1\" content=\"2 ph\u00fat\" \/>\n<script type=\"application\/ld+json\" class=\"yoast-schema-graph\">{\"@context\":\"https:\/\/schema.org\",\"@graph\":[{\"@type\":\"WebPage\",\"@id\":\"https:\/\/jaybillards.azdigi.shop\/?product=gang-tay-bida-martian\",\"url\":\"https:\/\/jaybillards.azdigi.shop\/?product=gang-tay-bida-martian\",\"name\":\"G\u0103ng tay Bida Martian - Jay Billiards - Chuy\u00ean g\u1eady Bida ch\u00ednh h\u00e3ng gi\u00e1 t\u1ed1t\",\"isPartOf\":{\"@id\":\"https:\/\/jaybillards.azdigi.shop\/#website\"},\"primaryImageOfPage\":{\"@id\":\"https:\/\/jaybillards.azdigi.shop\/?product=gang-tay-bida-martian#primaryimage\"},\"image\":{\"@id\":\"https:\/\/jaybillards.azdigi.shop\/?product=gang-tay-bida-martian#primaryimage\"},\"thumbnailUrl\":\"https:\/\/jaybillards.azdigi.shop\/wp-content\/uploads\/2026\/03\/2-Photoroom-3.png\",\"datePublished\":\"2026-03-26T18:38:04+00:00\",\"dateModified\":\"2026-04-11T13:24:15+00:00\",\"description\":\"G\u0103ng tay Bida Martian. Li\u00ean h\u1ec7. T\u01b0 v\u1ea5n mi\u1ec5n ph\u00ed. Categories: Ph\u1ee5 ki\u1ec7n ch\u00ednh h\u00e3ng, G\u0103ng tay. Chia s\u1ebb: B\u1ea3o hi\u1ec3m c\u1ea3 l\u1ed7i ng\u01b0\u1eddi d\u00f9ng trong 5 n\u0103m.\",\"breadcrumb\":{\"@id\":\"https:\/\/jaybillards.azdigi.shop\/?product=gang-tay-bida-martian#breadcrumb\"},\"inLanguage\":\"vi\",\"potentialAction\":[{\"@type\":\"ReadAction\",\"target\":[\"https:\/\/jaybillards.azdigi.shop\/?product=gang-tay-bida-martian\"]}]},{\"@type\":\"ImageObject\",\"inLanguage\":\"vi\",\"@id\":\"https:\/\/jaybillards.azdigi.shop\/?product=gang-tay-bida-martian#primaryimage\",\"url\":\"https:\/\/jaybillards.azdigi.shop\/wp-content\/uploads\/2026\/03\/2-Photoroom-3.png\",\"contentUrl\":\"https:\/\/jaybillards.azdigi.shop\/wp-content\/uploads\/2026\/03\/2-Photoroom-3.png\",\"width\":2000,\"height\":2000},{\"@type\":\"BreadcrumbList\",\"@id\":\"https:\/\/jaybillards.azdigi.shop\/?product=gang-tay-bida-martian#breadcrumb\",\"itemListElement\":[{\"@type\":\"ListItem\",\"position\":1,\"name\":\"Trang ch\u1ee7\",\"item\":\"https:\/\/jaybillards.azdigi.shop\/\"},{\"@type\":\"ListItem\",\"position\":2,\"name\":\"C\u1eeda h\u00e0ng\",\"item\":\"https:\/\/jaybillards.azdigi.shop\/?page_id=274\"},{\"@type\":\"ListItem\",\"position\":3,\"name\":\"G\u0103ng tay Bida Martian\"}]},{\"@type\":\"WebSite\",\"@id\":\"https:\/\/jaybillards.azdigi.shop\/#website\",\"url\":\"https:\/\/jaybillards.azdigi.shop\/\",\"name\":\"Jay Billiards - Chuy\u00ean g\u1eady Bida ch\u00ednh h\u00e3ng gi\u00e1 t\u1ed1t\",\"description\":\"\",\"potentialAction\":[{\"@type\":\"SearchAction\",\"target\":{\"@type\":\"EntryPoint\",\"urlTemplate\":\"https:\/\/jaybillards.azdigi.shop\/?s={search_term_string}\"},\"query-input\":{\"@type\":\"PropertyValueSpecification\",\"valueRequired\":true,\"valueName\":\"search_term_string\"}}],\"inLanguage\":\"vi\"}]}<\/script>\n<!-- \/ Yoast SEO plugin. -->","yoast_head_json":{"title":"G\u0103ng tay Bida Martian - Jay Billiards - Chuy\u00ean g\u1eady Bida ch\u00ednh h\u00e3ng gi\u00e1 t\u1ed1t","description":"G\u0103ng tay Bida Martian. Li\u00ean h\u1ec7. T\u01b0 v\u1ea5n mi\u1ec5n ph\u00ed. Categories: Ph\u1ee5 ki\u1ec7n ch\u00ednh h\u00e3ng, G\u0103ng tay. Chia s\u1ebb: B\u1ea3o hi\u1ec3m c\u1ea3 l\u1ed7i ng\u01b0\u1eddi d\u00f9ng trong 5 n\u0103m.","robots":{"index":"index","follow":"follow","max-snippet":"max-snippet:-1","max-image-preview":"max-image-preview:large","max-video-preview":"max-video-preview:-1"},"canonical":"https:\/\/jaybillards.azdigi.shop\/?product=gang-tay-bida-martian","og_locale":"vi_VN","og_type":"article","og_title":"G\u0103ng tay Bida Martian - Jay Billiards - Chuy\u00ean g\u1eady Bida ch\u00ednh h\u00e3ng gi\u00e1 t\u1ed1t","og_description":"G\u0103ng tay Bida Martian. Li\u00ean h\u1ec7. T\u01b0 v\u1ea5n mi\u1ec5n ph\u00ed. Categories: Ph\u1ee5 ki\u1ec7n ch\u00ednh h\u00e3ng, G\u0103ng tay. Chia s\u1ebb: B\u1ea3o hi\u1ec3m c\u1ea3 l\u1ed7i ng\u01b0\u1eddi d\u00f9ng trong 5 n\u0103m.","og_url":"https:\/\/jaybillards.azdigi.shop\/?product=gang-tay-bida-martian","og_site_name":"Jay Billiards - Chuy\u00ean g\u1eady Bida ch\u00ednh h\u00e3ng gi\u00e1 t\u1ed1t","article_modified_time":"2026-04-11T13:24:15+00:00","og_image":[{"width":2000,"height":2000,"url":"https:\/\/jaybillards.azdigi.shop\/wp-content\/uploads\/2026\/03\/2-Photoroom-3.png","type":"image\/png"}],"twitter_card":"summary_large_image","twitter_misc":{"\u01af\u1edbc t\u00ednh th\u1eddi gian \u0111\u1ecdc":"2 ph\u00fat"},"schema":{"@context":"https:\/\/schema.org","@graph":[{"@type":"WebPage","@id":"https:\/\/jaybillards.azdigi.shop\/?product=gang-tay-bida-martian","url":"https:\/\/jaybillards.azdigi.shop\/?product=gang-tay-bida-martian","name":"G\u0103ng tay Bida Martian - Jay Billiards - Chuy\u00ean g\u1eady Bida ch\u00ednh h\u00e3ng gi\u00e1 t\u1ed1t","isPartOf":{"@id":"https:\/\/jaybillards.azdigi.shop\/#website"},"primaryImageOfPage":{"@id":"https:\/\/jaybillards.azdigi.shop\/?product=gang-tay-bida-martian#primaryimage"},"image":{"@id":"https:\/\/jaybillards.azdigi.shop\/?product=gang-tay-bida-martian#primaryimage"},"thumbnailUrl":"https:\/\/jaybillards.azdigi.shop\/wp-content\/uploads\/2026\/03\/2-Photoroom-3.png","datePublished":"2026-03-26T18:38:04+00:00","dateModified":"2026-04-11T13:24:15+00:00","description":"G\u0103ng tay Bida Martian. Li\u00ean h\u1ec7. T\u01b0 v\u1ea5n mi\u1ec5n ph\u00ed. Categories: Ph\u1ee5 ki\u1ec7n ch\u00ednh h\u00e3ng, G\u0103ng tay. Chia s\u1ebb: B\u1ea3o hi\u1ec3m c\u1ea3 l\u1ed7i ng\u01b0\u1eddi d\u00f9ng trong 5 n\u0103m.","breadcrumb":{"@id":"https:\/\/jaybillards.azdigi.shop\/?product=gang-tay-bida-martian#breadcrumb"},"inLanguage":"vi","potentialAction":[{"@type":"ReadAction","target":["https:\/\/jaybillards.azdigi.shop\/?product=gang-tay-bida-martian"]}]},{"@type":"ImageObject","inLanguage":"vi","@id":"https:\/\/jaybillards.azdigi.shop\/?product=gang-tay-bida-martian#primaryimage","url":"https:\/\/jaybillards.azdigi.shop\/wp-content\/uploads\/2026\/03\/2-Photoroom-3.png","contentUrl":"https:\/\/jaybillards.azdigi.shop\/wp-content\/uploads\/2026\/03\/2-Photoroom-3.png","width":2000,"height":2000},{"@type":"BreadcrumbList","@id":"https:\/\/jaybillards.azdigi.shop\/?product=gang-tay-bida-martian#breadcrumb","itemListElement":[{"@type":"ListItem","position":1,"name":"Trang ch\u1ee7","item":"https:\/\/jaybillards.azdigi.shop\/"},{"@type":"ListItem","position":2,"name":"C\u1eeda h\u00e0ng","item":"https:\/\/jaybillards.azdigi.shop\/?page_id=274"},{"@type":"ListItem","position":3,"name":"G\u0103ng tay Bida Martian"}]},{"@type":"WebSite","@id":"https:\/\/jaybillards.azdigi.shop\/#website","url":"https:\/\/jaybillards.azdigi.shop\/","name":"Jay Billiards - Chuy\u00ean g\u1eady Bida ch\u00ednh h\u00e3ng gi\u00e1 t\u1ed1t","description":"","potentialAction":[{"@type":"SearchAction","target":{"@type":"EntryPoint","urlTemplate":"https:\/\/jaybillards.azdigi.shop\/?s={search_term_string}"},"query-input":{"@type":"PropertyValueSpecification","valueRequired":true,"valueName":"search_term_string"}}],"inLanguage":"vi"}]}},"_links":{"self":[{"href":"https:\/\/jaybillards.azdigi.shop\/index.php?rest_route=\/wp\/v2\/product\/488","targetHints":{"allow":["GET"]}}],"collection":[{"href":"https:\/\/jaybillards.azdigi.shop\/index.php?rest_route=\/wp\/v2\/product"}],"about":[{"href":"https:\/\/jaybillards.azdigi.shop\/index.php?rest_route=\/wp\/v2\/types\/product"}],"replies":[{"embeddable":true,"href":"https:\/\/jaybillards.azdigi.shop\/index.php?rest_route=%2Fwp%2Fv2%2Fcomments&post=488"}],"wp:featuredmedia":[{"embeddable":true,"href":"https:\/\/jaybillards.azdigi.shop\/index.php?rest_route=\/wp\/v2\/media\/1281"}],"wp:attachment":[{"href":"https:\/\/jaybillards.azdigi.shop\/index.php?rest_route=%2Fwp%2Fv2%2Fmedia&parent=488"}],"wp:term":[{"taxonomy":"product_brand","embeddable":true,"href":"https:\/\/jaybillards.azdigi.shop\/index.php?rest_route=%2Fwp%2Fv2%2Fproduct_brand&post=488"},{"taxonomy":"product_cat","embeddable":true,"href":"https:\/\/jaybillards.azdigi.shop\/index.php?rest_route=%2Fwp%2Fv2%2Fproduct_cat&post=488"},{"taxonomy":"product_tag","embeddable":true,"href":"https:\/\/jaybillards.azdigi.shop\/index.php?rest_route=%2Fwp%2Fv2%2Fproduct_tag&post=488"}],"curies":[{"name":"wp","href":"https:\/\/api.w.org\/{rel}","templated":true}]}}