{"id":476,"date":"2026-03-27T01:34:05","date_gmt":"2026-03-26T18:34:05","guid":{"rendered":"https:\/\/jaybillards.azdigi.shop\/?post_type=product&#038;p=476"},"modified":"2026-04-11T19:43:23","modified_gmt":"2026-04-11T12:43:23","slug":"bao-allin-vn-3x5-toi-yeu-viet-nam","status":"publish","type":"product","link":"https:\/\/jaybillards.azdigi.shop\/?product=bao-allin-vn-3x5-toi-yeu-viet-nam","title":{"rendered":"Bao Allin VN 3X5 \u201cT\u00f4i Y\u00eau Vi\u1ec7t Nam\u201d"},"content":{"rendered":"<h2 data-section-id=\"we3dt7\" data-start=\"114\" data-end=\"155\">\ud83c\udfb1 Bao Allin VN 3\u00d75 \u201cT\u00f4i Y\u00eau Vi\u1ec7t Nam\u201d<\/h2>\n<p data-start=\"157\" data-end=\"365\"><strong data-start=\"157\" data-end=\"196\">Bao Allin VN 3\u00d75 \u201cT\u00f4i Y\u00eau Vi\u1ec7t Nam\u201d<\/strong> l\u00e0 d\u00f2ng bao c\u01a1 cao c\u1ea5p d\u00e0nh cho ng\u01b0\u1eddi ch\u01a1i bida chuy\u00ean nghi\u1ec7p, n\u1ed5i b\u1eadt v\u1edbi thi\u1ebft k\u1ebf \u0111\u1eadm ch\u1ea5t Vi\u1ec7t c\u00f9ng s\u1ee9c ch\u1ee9a l\u1edbn, \u0111\u00e1p \u1ee9ng m\u1ecdi nhu c\u1ea7u mang theo nhi\u1ec1u c\u01a1 v\u00e0 ph\u1ee5 ki\u1ec7n.<\/p>\n<h3 data-section-id=\"xe5oi2\" data-start=\"367\" data-end=\"389\">\ud83c\uddfb\ud83c\uddf3 \u0110i\u1ec3m n\u1ed5i b\u1eadt:<\/h3>\n<ul data-start=\"390\" data-end=\"840\">\n<li data-section-id=\"q1fugx\" data-start=\"390\" data-end=\"496\"><strong data-start=\"392\" data-end=\"432\">Thi\u1ebft k\u1ebf \u201cT\u00f4i Y\u00eau Vi\u1ec7t Nam\u201d \u1ea5n t\u01b0\u1ee3ng<\/strong>: Phong c\u00e1ch m\u1ea1nh m\u1ebd, th\u1ec3 hi\u1ec7n c\u00e1 t\u00ednh v\u00e0 ni\u1ec1m t\u1ef1 h\u00e0o d\u00e2n t\u1ed9c.<\/li>\n<li data-section-id=\"1gbhpbu\" data-start=\"497\" data-end=\"601\"><strong data-start=\"499\" data-end=\"520\">Dung t\u00edch l\u1edbn 3\u00d75<\/strong>: Ch\u1ee9a \u0111\u01b0\u1ee3c <strong data-start=\"532\" data-end=\"552\">3 chu\u00f4i + 5 ng\u1ecdn<\/strong>, ph\u00f9 h\u1ee3p cho ng\u01b0\u1eddi ch\u01a1i nhi\u1ec1u c\u01a1 ho\u1eb7c thi \u0111\u1ea5u.<\/li>\n<li data-section-id=\"1kzw2yb\" data-start=\"602\" data-end=\"680\"><strong data-start=\"604\" data-end=\"625\">Ch\u1ea5t li\u1ec7u cao c\u1ea5p<\/strong>: Ch\u1ed1ng s\u1ed1c t\u1ed1t, h\u1ea1n ch\u1ebf tr\u1ea7y x\u01b0\u1edbc, b\u1ea3o v\u1ec7 c\u01a1 t\u1ed1i \u0111a.<\/li>\n<li data-section-id=\"tuumy3\" data-start=\"681\" data-end=\"761\"><strong data-start=\"683\" data-end=\"706\">Nhi\u1ec1u ng\u0103n ti\u1ec7n l\u1ee3i<\/strong>: D\u1ec5 d\u00e0ng mang theo l\u01a1, bao tay, ph\u1ea5n, ph\u1ee5 ki\u1ec7n kh\u00e1c.<\/li>\n<li data-section-id=\"jm24tf\" data-start=\"762\" data-end=\"840\"><strong data-start=\"764\" data-end=\"794\">D\u00e2y \u0111eo ch\u1eafc ch\u1eafn \u2013 \u00eam vai<\/strong>: Thu\u1eadn ti\u1ec7n di chuy\u1ec3n xa, \u0111i club, \u0111i gi\u1ea3i.<\/li>\n<\/ul>\n<h3 data-section-id=\"s22c14\" data-start=\"842\" data-end=\"857\">\ud83d\udd25 \u01afu \u0111i\u1ec3m:<\/h3>\n<ul data-start=\"858\" data-end=\"1038\">\n<li data-section-id=\"1fj6jzj\" data-start=\"858\" data-end=\"906\">B\u1ea3o v\u1ec7 c\u01a1 kh\u1ecfi <strong data-start=\"875\" data-end=\"904\">va \u0111\u1eadp, \u1ea9m m\u1ed1c, cong v\u00eanh<\/strong><\/li>\n<li data-section-id=\"1w5j7rx\" data-start=\"907\" data-end=\"972\">Kh\u00f4ng gian ch\u1ee9a r\u1ed9ng r\u00e3i, t\u1ed1i \u01b0u cho ng\u01b0\u1eddi ch\u01a1i chuy\u00ean nghi\u1ec7p<\/li>\n<li data-section-id=\"1h9jvj0\" data-start=\"973\" data-end=\"1038\">Thi\u1ebft k\u1ebf n\u1ed5i b\u1eadt gi\u00fap b\u1ea1n <strong data-start=\"1001\" data-end=\"1036\">kh\u00e1c bi\u1ec7t t\u1ea1i CLB ho\u1eb7c gi\u1ea3i \u0111\u1ea5u<\/strong><\/li>\n<\/ul>\n<h3 data-section-id=\"pmz2ij\" data-start=\"1040\" data-end=\"1059\">\ud83d\udc64 Ph\u00f9 h\u1ee3p v\u1edbi:<\/h3>\n<ul data-start=\"1060\" data-end=\"1222\">\n<li data-section-id=\"n5x6h5\" data-start=\"1060\" data-end=\"1110\">Ng\u01b0\u1eddi ch\u01a1i bida <strong data-start=\"1078\" data-end=\"1108\">b\u00e1n chuy\u00ean \u2013 chuy\u00ean nghi\u1ec7p<\/strong><\/li>\n<li data-section-id=\"1qn0axf\" data-start=\"1111\" data-end=\"1155\">Ng\u01b0\u1eddi c\u00f3 nhi\u1ec1u c\u01a1 c\u1ea7n mang theo c\u00f9ng l\u00fac<\/li>\n<li data-section-id=\"lk2u9h\" data-start=\"1156\" data-end=\"1222\">Anh em th\u00edch bao c\u01a1 <strong data-start=\"1178\" data-end=\"1222\">cao c\u1ea5p \u2013 to \u2013 ch\u1ea5t \u2013 \u0111\u1eadm ch\u1ea5t Vi\u1ec7t \ud83c\uddfb\ud83c\uddf3<\/strong><\/li>\n<\/ul>\n","protected":false},"excerpt":{"rendered":"<p>\ud83c\udfb1 Bao Allin VN 3\u00d75 \u201cT\u00f4i Y\u00eau Vi\u1ec7t Nam\u201d Bao Allin VN 3\u00d75 \u201cT\u00f4i Y\u00eau Vi\u1ec7t Nam\u201d l\u00e0 d\u00f2ng bao c\u01a1 cao c\u1ea5p d\u00e0nh cho ng\u01b0\u1eddi ch\u01a1i bida chuy\u00ean nghi\u1ec7p, n\u1ed5i b\u1eadt v\u1edbi thi\u1ebft k\u1ebf \u0111\u1eadm ch\u1ea5t Vi\u1ec7t c\u00f9ng s\u1ee9c ch\u1ee9a l\u1edbn, \u0111\u00e1p \u1ee9ng m\u1ecdi nhu c\u1ea7u mang theo nhi\u1ec1u c\u01a1 v\u00e0 ph\u1ee5 ki\u1ec7n. \ud83c\uddfb\ud83c\uddf3 [&#8230;]\n","protected":false},"featured_media":1314,"comment_status":"open","ping_status":"closed","template":"","meta":[],"product_brand":[],"product_cat":[72],"product_tag":[78],"class_list":{"0":"post-476","1":"product","2":"type-product","3":"status-publish","4":"has-post-thumbnail","6":"product_cat-bao-dung-co","7":"product_tag-bao-allin-vn-3x5-toi-yeu-viet-nam","9":"first","10":"instock","11":"shipping-taxable","12":"purchasable","13":"product-type-simple"},"yoast_head":"<!-- This site is optimized with the Yoast SEO plugin v27.2 - https:\/\/yoast.com\/product\/yoast-seo-wordpress\/ -->\n<title>Bao Allin VN 3X5 \u201cT\u00f4i Y\u00eau Vi\u1ec7t Nam\u201d - Jay Billiards - Chuy\u00ean g\u1eady Bida ch\u00ednh h\u00e3ng gi\u00e1 t\u1ed1t<\/title>\n<meta name=\"description\" content=\"Bao Allin VN 3X5 \u201cT\u00f4i Y\u00eau Vi\u1ec7t Nam\u201d. 2.990.000 \u20ab. Quantity. Add to cart. Buy now. Mua tr\u1ea3 g\u00f3p 0%. T\u01b0 v\u1ea5n mi\u1ec5n ph\u00ed. Categories: Ph\u1ee5 ki\u1ec7n ch\u00ednh h\u00e3ng, Bao \u0111\u1ef1ng ...\" \/>\n<meta name=\"robots\" content=\"index, follow, max-snippet:-1, max-image-preview:large, max-video-preview:-1\" \/>\n<link rel=\"canonical\" href=\"https:\/\/jaybillards.azdigi.shop\/?product=bao-allin-vn-3x5-toi-yeu-viet-nam\" \/>\n<meta property=\"og:locale\" content=\"vi_VN\" \/>\n<meta property=\"og:type\" content=\"article\" \/>\n<meta property=\"og:title\" content=\"Bao Allin VN 3X5 \u201cT\u00f4i Y\u00eau Vi\u1ec7t Nam\u201d - Jay Billiards - Chuy\u00ean g\u1eady Bida ch\u00ednh h\u00e3ng gi\u00e1 t\u1ed1t\" \/>\n<meta property=\"og:description\" content=\"Bao Allin VN 3X5 \u201cT\u00f4i Y\u00eau Vi\u1ec7t Nam\u201d. 2.990.000 \u20ab. Quantity. Add to cart. Buy now. Mua tr\u1ea3 g\u00f3p 0%. T\u01b0 v\u1ea5n mi\u1ec5n ph\u00ed. Categories: Ph\u1ee5 ki\u1ec7n ch\u00ednh h\u00e3ng, Bao \u0111\u1ef1ng ...\" \/>\n<meta property=\"og:url\" content=\"https:\/\/jaybillards.azdigi.shop\/?product=bao-allin-vn-3x5-toi-yeu-viet-nam\" \/>\n<meta property=\"og:site_name\" content=\"Jay Billiards - Chuy\u00ean g\u1eady Bida ch\u00ednh h\u00e3ng gi\u00e1 t\u1ed1t\" \/>\n<meta property=\"article:modified_time\" content=\"2026-04-11T12:43:23+00:00\" \/>\n<meta property=\"og:image\" content=\"https:\/\/jaybillards.azdigi.shop\/wp-content\/uploads\/2026\/03\/1-Photoroom-10.png\" \/>\n\t<meta property=\"og:image:width\" content=\"2000\" \/>\n\t<meta property=\"og:image:height\" content=\"2000\" \/>\n\t<meta property=\"og:image:type\" content=\"image\/png\" \/>\n<meta name=\"twitter:card\" content=\"summary_large_image\" \/>\n<meta name=\"twitter:label1\" content=\"\u01af\u1edbc t\u00ednh th\u1eddi gian \u0111\u1ecdc\" \/>\n\t<meta name=\"twitter:data1\" content=\"2 ph\u00fat\" \/>\n<script type=\"application\/ld+json\" class=\"yoast-schema-graph\">{\"@context\":\"https:\/\/schema.org\",\"@graph\":[{\"@type\":\"WebPage\",\"@id\":\"https:\/\/jaybillards.azdigi.shop\/?product=bao-allin-vn-3x5-toi-yeu-viet-nam\",\"url\":\"https:\/\/jaybillards.azdigi.shop\/?product=bao-allin-vn-3x5-toi-yeu-viet-nam\",\"name\":\"Bao Allin VN 3X5 \u201cT\u00f4i Y\u00eau Vi\u1ec7t Nam\u201d - Jay Billiards - Chuy\u00ean g\u1eady Bida ch\u00ednh h\u00e3ng gi\u00e1 t\u1ed1t\",\"isPartOf\":{\"@id\":\"https:\/\/jaybillards.azdigi.shop\/#website\"},\"primaryImageOfPage\":{\"@id\":\"https:\/\/jaybillards.azdigi.shop\/?product=bao-allin-vn-3x5-toi-yeu-viet-nam#primaryimage\"},\"image\":{\"@id\":\"https:\/\/jaybillards.azdigi.shop\/?product=bao-allin-vn-3x5-toi-yeu-viet-nam#primaryimage\"},\"thumbnailUrl\":\"https:\/\/jaybillards.azdigi.shop\/wp-content\/uploads\/2026\/03\/1-Photoroom-10.png\",\"datePublished\":\"2026-03-26T18:34:05+00:00\",\"dateModified\":\"2026-04-11T12:43:23+00:00\",\"description\":\"Bao Allin VN 3X5 \u201cT\u00f4i Y\u00eau Vi\u1ec7t Nam\u201d. 2.990.000 \u20ab. Quantity. Add to cart. Buy now. Mua tr\u1ea3 g\u00f3p 0%. T\u01b0 v\u1ea5n mi\u1ec5n ph\u00ed. Categories: Ph\u1ee5 ki\u1ec7n ch\u00ednh h\u00e3ng, Bao \u0111\u1ef1ng ...\",\"breadcrumb\":{\"@id\":\"https:\/\/jaybillards.azdigi.shop\/?product=bao-allin-vn-3x5-toi-yeu-viet-nam#breadcrumb\"},\"inLanguage\":\"vi\",\"potentialAction\":[{\"@type\":\"ReadAction\",\"target\":[\"https:\/\/jaybillards.azdigi.shop\/?product=bao-allin-vn-3x5-toi-yeu-viet-nam\"]}]},{\"@type\":\"ImageObject\",\"inLanguage\":\"vi\",\"@id\":\"https:\/\/jaybillards.azdigi.shop\/?product=bao-allin-vn-3x5-toi-yeu-viet-nam#primaryimage\",\"url\":\"https:\/\/jaybillards.azdigi.shop\/wp-content\/uploads\/2026\/03\/1-Photoroom-10.png\",\"contentUrl\":\"https:\/\/jaybillards.azdigi.shop\/wp-content\/uploads\/2026\/03\/1-Photoroom-10.png\",\"width\":2000,\"height\":2000},{\"@type\":\"BreadcrumbList\",\"@id\":\"https:\/\/jaybillards.azdigi.shop\/?product=bao-allin-vn-3x5-toi-yeu-viet-nam#breadcrumb\",\"itemListElement\":[{\"@type\":\"ListItem\",\"position\":1,\"name\":\"Trang ch\u1ee7\",\"item\":\"https:\/\/jaybillards.azdigi.shop\/\"},{\"@type\":\"ListItem\",\"position\":2,\"name\":\"C\u1eeda h\u00e0ng\",\"item\":\"https:\/\/jaybillards.azdigi.shop\/?page_id=274\"},{\"@type\":\"ListItem\",\"position\":3,\"name\":\"Bao Allin VN 3X5 \u201cT\u00f4i Y\u00eau Vi\u1ec7t Nam\u201d\"}]},{\"@type\":\"WebSite\",\"@id\":\"https:\/\/jaybillards.azdigi.shop\/#website\",\"url\":\"https:\/\/jaybillards.azdigi.shop\/\",\"name\":\"Jay Billiards - Chuy\u00ean g\u1eady Bida ch\u00ednh h\u00e3ng gi\u00e1 t\u1ed1t\",\"description\":\"\",\"potentialAction\":[{\"@type\":\"SearchAction\",\"target\":{\"@type\":\"EntryPoint\",\"urlTemplate\":\"https:\/\/jaybillards.azdigi.shop\/?s={search_term_string}\"},\"query-input\":{\"@type\":\"PropertyValueSpecification\",\"valueRequired\":true,\"valueName\":\"search_term_string\"}}],\"inLanguage\":\"vi\"}]}<\/script>\n<!-- \/ Yoast SEO plugin. -->","yoast_head_json":{"title":"Bao Allin VN 3X5 \u201cT\u00f4i Y\u00eau Vi\u1ec7t Nam\u201d - Jay Billiards - Chuy\u00ean g\u1eady Bida ch\u00ednh h\u00e3ng gi\u00e1 t\u1ed1t","description":"Bao Allin VN 3X5 \u201cT\u00f4i Y\u00eau Vi\u1ec7t Nam\u201d. 2.990.000 \u20ab. Quantity. Add to cart. Buy now. Mua tr\u1ea3 g\u00f3p 0%. T\u01b0 v\u1ea5n mi\u1ec5n ph\u00ed. Categories: Ph\u1ee5 ki\u1ec7n ch\u00ednh h\u00e3ng, Bao \u0111\u1ef1ng ...","robots":{"index":"index","follow":"follow","max-snippet":"max-snippet:-1","max-image-preview":"max-image-preview:large","max-video-preview":"max-video-preview:-1"},"canonical":"https:\/\/jaybillards.azdigi.shop\/?product=bao-allin-vn-3x5-toi-yeu-viet-nam","og_locale":"vi_VN","og_type":"article","og_title":"Bao Allin VN 3X5 \u201cT\u00f4i Y\u00eau Vi\u1ec7t Nam\u201d - Jay Billiards - Chuy\u00ean g\u1eady Bida ch\u00ednh h\u00e3ng gi\u00e1 t\u1ed1t","og_description":"Bao Allin VN 3X5 \u201cT\u00f4i Y\u00eau Vi\u1ec7t Nam\u201d. 2.990.000 \u20ab. Quantity. Add to cart. Buy now. Mua tr\u1ea3 g\u00f3p 0%. T\u01b0 v\u1ea5n mi\u1ec5n ph\u00ed. Categories: Ph\u1ee5 ki\u1ec7n ch\u00ednh h\u00e3ng, Bao \u0111\u1ef1ng ...","og_url":"https:\/\/jaybillards.azdigi.shop\/?product=bao-allin-vn-3x5-toi-yeu-viet-nam","og_site_name":"Jay Billiards - Chuy\u00ean g\u1eady Bida ch\u00ednh h\u00e3ng gi\u00e1 t\u1ed1t","article_modified_time":"2026-04-11T12:43:23+00:00","og_image":[{"width":2000,"height":2000,"url":"https:\/\/jaybillards.azdigi.shop\/wp-content\/uploads\/2026\/03\/1-Photoroom-10.png","type":"image\/png"}],"twitter_card":"summary_large_image","twitter_misc":{"\u01af\u1edbc t\u00ednh th\u1eddi gian \u0111\u1ecdc":"2 ph\u00fat"},"schema":{"@context":"https:\/\/schema.org","@graph":[{"@type":"WebPage","@id":"https:\/\/jaybillards.azdigi.shop\/?product=bao-allin-vn-3x5-toi-yeu-viet-nam","url":"https:\/\/jaybillards.azdigi.shop\/?product=bao-allin-vn-3x5-toi-yeu-viet-nam","name":"Bao Allin VN 3X5 \u201cT\u00f4i Y\u00eau Vi\u1ec7t Nam\u201d - Jay Billiards - Chuy\u00ean g\u1eady Bida ch\u00ednh h\u00e3ng gi\u00e1 t\u1ed1t","isPartOf":{"@id":"https:\/\/jaybillards.azdigi.shop\/#website"},"primaryImageOfPage":{"@id":"https:\/\/jaybillards.azdigi.shop\/?product=bao-allin-vn-3x5-toi-yeu-viet-nam#primaryimage"},"image":{"@id":"https:\/\/jaybillards.azdigi.shop\/?product=bao-allin-vn-3x5-toi-yeu-viet-nam#primaryimage"},"thumbnailUrl":"https:\/\/jaybillards.azdigi.shop\/wp-content\/uploads\/2026\/03\/1-Photoroom-10.png","datePublished":"2026-03-26T18:34:05+00:00","dateModified":"2026-04-11T12:43:23+00:00","description":"Bao Allin VN 3X5 \u201cT\u00f4i Y\u00eau Vi\u1ec7t Nam\u201d. 2.990.000 \u20ab. Quantity. Add to cart. Buy now. Mua tr\u1ea3 g\u00f3p 0%. T\u01b0 v\u1ea5n mi\u1ec5n ph\u00ed. Categories: Ph\u1ee5 ki\u1ec7n ch\u00ednh h\u00e3ng, Bao \u0111\u1ef1ng ...","breadcrumb":{"@id":"https:\/\/jaybillards.azdigi.shop\/?product=bao-allin-vn-3x5-toi-yeu-viet-nam#breadcrumb"},"inLanguage":"vi","potentialAction":[{"@type":"ReadAction","target":["https:\/\/jaybillards.azdigi.shop\/?product=bao-allin-vn-3x5-toi-yeu-viet-nam"]}]},{"@type":"ImageObject","inLanguage":"vi","@id":"https:\/\/jaybillards.azdigi.shop\/?product=bao-allin-vn-3x5-toi-yeu-viet-nam#primaryimage","url":"https:\/\/jaybillards.azdigi.shop\/wp-content\/uploads\/2026\/03\/1-Photoroom-10.png","contentUrl":"https:\/\/jaybillards.azdigi.shop\/wp-content\/uploads\/2026\/03\/1-Photoroom-10.png","width":2000,"height":2000},{"@type":"BreadcrumbList","@id":"https:\/\/jaybillards.azdigi.shop\/?product=bao-allin-vn-3x5-toi-yeu-viet-nam#breadcrumb","itemListElement":[{"@type":"ListItem","position":1,"name":"Trang ch\u1ee7","item":"https:\/\/jaybillards.azdigi.shop\/"},{"@type":"ListItem","position":2,"name":"C\u1eeda h\u00e0ng","item":"https:\/\/jaybillards.azdigi.shop\/?page_id=274"},{"@type":"ListItem","position":3,"name":"Bao Allin VN 3X5 \u201cT\u00f4i Y\u00eau Vi\u1ec7t Nam\u201d"}]},{"@type":"WebSite","@id":"https:\/\/jaybillards.azdigi.shop\/#website","url":"https:\/\/jaybillards.azdigi.shop\/","name":"Jay Billiards - Chuy\u00ean g\u1eady Bida ch\u00ednh h\u00e3ng gi\u00e1 t\u1ed1t","description":"","potentialAction":[{"@type":"SearchAction","target":{"@type":"EntryPoint","urlTemplate":"https:\/\/jaybillards.azdigi.shop\/?s={search_term_string}"},"query-input":{"@type":"PropertyValueSpecification","valueRequired":true,"valueName":"search_term_string"}}],"inLanguage":"vi"}]}},"_links":{"self":[{"href":"https:\/\/jaybillards.azdigi.shop\/index.php?rest_route=\/wp\/v2\/product\/476","targetHints":{"allow":["GET"]}}],"collection":[{"href":"https:\/\/jaybillards.azdigi.shop\/index.php?rest_route=\/wp\/v2\/product"}],"about":[{"href":"https:\/\/jaybillards.azdigi.shop\/index.php?rest_route=\/wp\/v2\/types\/product"}],"replies":[{"embeddable":true,"href":"https:\/\/jaybillards.azdigi.shop\/index.php?rest_route=%2Fwp%2Fv2%2Fcomments&post=476"}],"wp:featuredmedia":[{"embeddable":true,"href":"https:\/\/jaybillards.azdigi.shop\/index.php?rest_route=\/wp\/v2\/media\/1314"}],"wp:attachment":[{"href":"https:\/\/jaybillards.azdigi.shop\/index.php?rest_route=%2Fwp%2Fv2%2Fmedia&parent=476"}],"wp:term":[{"taxonomy":"product_brand","embeddable":true,"href":"https:\/\/jaybillards.azdigi.shop\/index.php?rest_route=%2Fwp%2Fv2%2Fproduct_brand&post=476"},{"taxonomy":"product_cat","embeddable":true,"href":"https:\/\/jaybillards.azdigi.shop\/index.php?rest_route=%2Fwp%2Fv2%2Fproduct_cat&post=476"},{"taxonomy":"product_tag","embeddable":true,"href":"https:\/\/jaybillards.azdigi.shop\/index.php?rest_route=%2Fwp%2Fv2%2Fproduct_tag&post=476"}],"curies":[{"name":"wp","href":"https:\/\/api.w.org\/{rel}","templated":true}]}}