{"id":470,"date":"2026-03-27T01:32:26","date_gmt":"2026-03-26T18:32:26","guid":{"rendered":"https:\/\/jaybillards.azdigi.shop\/?post_type=product&#038;p=470"},"modified":"2026-04-11T20:02:21","modified_gmt":"2026-04-11T13:02:21","slug":"bao-allin-vn-2x3-toi-yeu-viet-nam","status":"publish","type":"product","link":"https:\/\/jaybillards.azdigi.shop\/?product=bao-allin-vn-2x3-toi-yeu-viet-nam","title":{"rendered":"Bao Allin VN 2X3 \u201cT\u00f4i Y\u00eau Vi\u1ec7t Nam\u201d"},"content":{"rendered":"<h2 data-section-id=\"19pimvg\" data-start=\"115\" data-end=\"156\">\ud83c\udfb1 Bao Allin VN 2\u00d73 \u201cT\u00f4i Y\u00eau Vi\u1ec7t Nam\u201d<\/h2>\n<p data-start=\"158\" data-end=\"357\"><strong data-start=\"158\" data-end=\"197\">Bao Allin VN 2\u00d73 \u201cT\u00f4i Y\u00eau Vi\u1ec7t Nam\u201d<\/strong> l\u00e0 d\u00f2ng bao c\u01a1 bida mang phong c\u00e1ch \u0111\u1eadm ch\u1ea5t Vi\u1ec7t, k\u1ebft h\u1ee3p gi\u1eefa thi\u1ebft k\u1ebf n\u1ed5i b\u1eadt v\u00e0 t\u00ednh ti\u1ec7n d\u1ee5ng cao, ph\u00f9 h\u1ee3p cho ng\u01b0\u1eddi ch\u01a1i t\u1eeb phong tr\u00e0o \u0111\u1ebfn chuy\u00ean nghi\u1ec7p.<\/p>\n<h3 data-section-id=\"1ykzddf\" data-start=\"359\" data-end=\"387\">\ud83c\uddfb\ud83c\uddf3 \u0110i\u1ec3m nh\u1ea5n \u0111\u1eb7c bi\u1ec7t:<\/h3>\n<ul data-start=\"388\" data-end=\"826\">\n<li data-section-id=\"tmj3bo\" data-start=\"388\" data-end=\"488\"><strong data-start=\"390\" data-end=\"429\">Thi\u1ebft k\u1ebf \u201cT\u00f4i Y\u00eau Vi\u1ec7t Nam\u201d \u0111\u1ed9c \u0111\u00e1o<\/strong>: H\u1ecda ti\u1ebft mang tinh th\u1ea7n d\u00e2n t\u1ed9c, n\u1ed5i b\u1eadt, d\u1ec5 nh\u1eadn di\u1ec7n.<\/li>\n<li data-section-id=\"s183rq\" data-start=\"489\" data-end=\"605\"><strong data-start=\"491\" data-end=\"513\">Form 2\u00d73 ti\u1ec7n d\u1ee5ng<\/strong>: Ch\u1ee9a \u0111\u01b0\u1ee3c <strong data-start=\"525\" data-end=\"545\">2 chu\u00f4i + 3 ng\u1ecdn<\/strong>, tho\u1ea3i m\u00e1i mang theo nhi\u1ec1u c\u01a1 khi thi \u0111\u1ea5u ho\u1eb7c luy\u1ec7n t\u1eadp.<\/li>\n<li data-section-id=\"uy8pih\" data-start=\"606\" data-end=\"687\"><strong data-start=\"608\" data-end=\"629\">Ch\u1ea5t li\u1ec7u cao c\u1ea5p<\/strong>: Ch\u1ed1ng va \u0111\u1eadp t\u1ed1t, h\u1ea1n ch\u1ebf tr\u1ea7y x\u01b0\u1edbc, b\u1ea3o v\u1ec7 c\u01a1 t\u1ed1i \u0111a.<\/li>\n<li data-section-id=\"lsiqea\" data-start=\"688\" data-end=\"760\"><strong data-start=\"690\" data-end=\"712\">Ng\u0103n ch\u1ee9a ph\u1ee5 ki\u1ec7n<\/strong>: C\u00f3 th\u1ec3 \u0111\u1ef1ng l\u01a1, bao tay, ph\u1ea5n\u2026 r\u1ea5t ti\u1ec7n l\u1ee3i.<\/li>\n<li data-section-id=\"zr31ea\" data-start=\"761\" data-end=\"826\"><strong data-start=\"763\" data-end=\"784\">D\u00e2y \u0111eo ch\u1eafc ch\u1eafn<\/strong>: D\u1ec5 d\u00e0ng mang v\u00e1c, di chuy\u1ec3n linh ho\u1ea1t.<\/li>\n<\/ul>\n<h3 data-section-id=\"1xm0uch\" data-start=\"828\" data-end=\"851\">\ud83d\udd25 \u01afu \u0111i\u1ec3m n\u1ed5i b\u1eadt:<\/h3>\n<ul data-start=\"852\" data-end=\"1018\">\n<li data-section-id=\"oczugg\" data-start=\"852\" data-end=\"896\">B\u1ea3o v\u1ec7 c\u01a1 kh\u1ecfi <strong data-start=\"869\" data-end=\"894\">\u1ea9m, cong v\u00eanh, va \u0111\u1eadp<\/strong><\/li>\n<li data-section-id=\"s55mav\" data-start=\"897\" data-end=\"955\">Thi\u1ebft k\u1ebf n\u1ed5i b\u1eadt \u2013 t\u1ea1o phong c\u00e1ch ri\u00eang cho ng\u01b0\u1eddi ch\u01a1i<\/li>\n<li data-section-id=\"71tz2d\" data-start=\"956\" data-end=\"1018\">Dung t\u00edch l\u1edbn \u2013 ph\u00f9 h\u1ee3p ng\u01b0\u1eddi ch\u01a1i chuy\u00ean ho\u1eb7c c\u00f3 nhi\u1ec1u c\u01a1<\/li>\n<\/ul>\n<h3 data-section-id=\"pmz2ij\" data-start=\"1020\" data-end=\"1039\">\ud83d\udc64 Ph\u00f9 h\u1ee3p v\u1edbi:<\/h3>\n<ul data-start=\"1040\" data-end=\"1191\">\n<li data-section-id=\"1m507bd\" data-start=\"1040\" data-end=\"1086\">Ng\u01b0\u1eddi ch\u01a1i bida b\u00e1n chuy\u00ean \u2013 chuy\u00ean nghi\u1ec7p<\/li>\n<li data-section-id=\"wzfxet\" data-start=\"1087\" data-end=\"1152\">Ng\u01b0\u1eddi th\u00edch phong c\u00e1ch <strong data-start=\"1112\" data-end=\"1150\">c\u00e1 t\u00ednh, mang d\u1ea5u \u1ea5n Vi\u1ec7t Nam \ud83c\uddfb\ud83c\uddf3<\/strong><\/li>\n<li data-section-id=\"16isigk\" data-start=\"1153\" data-end=\"1191\">Anh em c\u1ea7n bao c\u01a1 <strong data-start=\"1173\" data-end=\"1191\">r\u1ed9ng, b\u1ec1n, \u0111\u1eb9p<\/strong><\/li>\n<\/ul>\n","protected":false},"excerpt":{"rendered":"<p>\ud83c\udfb1 Bao Allin VN 2\u00d73 \u201cT\u00f4i Y\u00eau Vi\u1ec7t Nam\u201d Bao Allin VN 2\u00d73 \u201cT\u00f4i Y\u00eau Vi\u1ec7t Nam\u201d l\u00e0 d\u00f2ng bao c\u01a1 bida mang phong c\u00e1ch \u0111\u1eadm ch\u1ea5t Vi\u1ec7t, k\u1ebft h\u1ee3p gi\u1eefa thi\u1ebft k\u1ebf n\u1ed5i b\u1eadt v\u00e0 t\u00ednh ti\u1ec7n d\u1ee5ng cao, ph\u00f9 h\u1ee3p cho ng\u01b0\u1eddi ch\u01a1i t\u1eeb phong tr\u00e0o \u0111\u1ebfn chuy\u00ean nghi\u1ec7p. \ud83c\uddfb\ud83c\uddf3 \u0110i\u1ec3m nh\u1ea5n \u0111\u1eb7c [&#8230;]\n","protected":false},"featured_media":1442,"comment_status":"open","ping_status":"closed","template":"","meta":[],"product_brand":[],"product_cat":[72],"product_tag":[77],"class_list":{"0":"post-470","1":"product","2":"type-product","3":"status-publish","4":"has-post-thumbnail","6":"product_cat-bao-dung-co","7":"product_tag-bao-allin-vn-2x3-toi-yeu-viet-nam","9":"first","10":"instock","11":"shipping-taxable","12":"purchasable","13":"product-type-simple"},"yoast_head":"<!-- This site is optimized with the Yoast SEO plugin v27.2 - https:\/\/yoast.com\/product\/yoast-seo-wordpress\/ -->\n<title>Bao Allin VN 2X3 \u201cT\u00f4i Y\u00eau Vi\u1ec7t Nam\u201d - Jay Billiards - Chuy\u00ean g\u1eady Bida ch\u00ednh h\u00e3ng gi\u00e1 t\u1ed1t<\/title>\n<meta name=\"description\" content=\"Bao Allin VN 2X3 \u201cT\u00f4i Y\u00eau Vi\u1ec7t Nam\u201d ; TP. HCM. 149\/8 B\u00e0nh V\u0103n Tr\u00e2n, Ph\u01b0\u1eddng 7, Qu\u1eadn T\u00e2n B\u00ecnh, TP H\u1ed3 Ch\u00ed Minh. Hotline: 088 993 7888 ; B\u1eaeC NINH. H\u1ed3 \u0111\u00f4i (\u0110\u01b0\u1eddng Chu ...\" \/>\n<meta name=\"robots\" content=\"index, follow, max-snippet:-1, max-image-preview:large, max-video-preview:-1\" \/>\n<link rel=\"canonical\" href=\"https:\/\/jaybillards.azdigi.shop\/?product=bao-allin-vn-2x3-toi-yeu-viet-nam\" \/>\n<meta property=\"og:locale\" content=\"vi_VN\" \/>\n<meta property=\"og:type\" content=\"article\" \/>\n<meta property=\"og:title\" content=\"Bao Allin VN 2X3 \u201cT\u00f4i Y\u00eau Vi\u1ec7t Nam\u201d - Jay Billiards - Chuy\u00ean g\u1eady Bida ch\u00ednh h\u00e3ng gi\u00e1 t\u1ed1t\" \/>\n<meta property=\"og:description\" content=\"Bao Allin VN 2X3 \u201cT\u00f4i Y\u00eau Vi\u1ec7t Nam\u201d ; TP. HCM. 149\/8 B\u00e0nh V\u0103n Tr\u00e2n, Ph\u01b0\u1eddng 7, Qu\u1eadn T\u00e2n B\u00ecnh, TP H\u1ed3 Ch\u00ed Minh. Hotline: 088 993 7888 ; B\u1eaeC NINH. H\u1ed3 \u0111\u00f4i (\u0110\u01b0\u1eddng Chu ...\" \/>\n<meta property=\"og:url\" content=\"https:\/\/jaybillards.azdigi.shop\/?product=bao-allin-vn-2x3-toi-yeu-viet-nam\" \/>\n<meta property=\"og:site_name\" content=\"Jay Billiards - Chuy\u00ean g\u1eady Bida ch\u00ednh h\u00e3ng gi\u00e1 t\u1ed1t\" \/>\n<meta property=\"article:modified_time\" content=\"2026-04-11T13:02:21+00:00\" \/>\n<meta property=\"og:image\" content=\"https:\/\/jaybillards.azdigi.shop\/wp-content\/uploads\/2026\/03\/s5.jpg\" \/>\n\t<meta property=\"og:image:width\" content=\"1200\" \/>\n\t<meta property=\"og:image:height\" content=\"1200\" \/>\n\t<meta property=\"og:image:type\" content=\"image\/jpeg\" \/>\n<meta name=\"twitter:card\" content=\"summary_large_image\" \/>\n<meta name=\"twitter:label1\" content=\"\u01af\u1edbc t\u00ednh th\u1eddi gian \u0111\u1ecdc\" \/>\n\t<meta name=\"twitter:data1\" content=\"2 ph\u00fat\" \/>\n<script type=\"application\/ld+json\" class=\"yoast-schema-graph\">{\"@context\":\"https:\/\/schema.org\",\"@graph\":[{\"@type\":\"WebPage\",\"@id\":\"https:\/\/jaybillards.azdigi.shop\/?product=bao-allin-vn-2x3-toi-yeu-viet-nam\",\"url\":\"https:\/\/jaybillards.azdigi.shop\/?product=bao-allin-vn-2x3-toi-yeu-viet-nam\",\"name\":\"Bao Allin VN 2X3 \u201cT\u00f4i Y\u00eau Vi\u1ec7t Nam\u201d - Jay Billiards - Chuy\u00ean g\u1eady Bida ch\u00ednh h\u00e3ng gi\u00e1 t\u1ed1t\",\"isPartOf\":{\"@id\":\"https:\/\/jaybillards.azdigi.shop\/#website\"},\"primaryImageOfPage\":{\"@id\":\"https:\/\/jaybillards.azdigi.shop\/?product=bao-allin-vn-2x3-toi-yeu-viet-nam#primaryimage\"},\"image\":{\"@id\":\"https:\/\/jaybillards.azdigi.shop\/?product=bao-allin-vn-2x3-toi-yeu-viet-nam#primaryimage\"},\"thumbnailUrl\":\"https:\/\/jaybillards.azdigi.shop\/wp-content\/uploads\/2026\/03\/s5.jpg\",\"datePublished\":\"2026-03-26T18:32:26+00:00\",\"dateModified\":\"2026-04-11T13:02:21+00:00\",\"description\":\"Bao Allin VN 2X3 \u201cT\u00f4i Y\u00eau Vi\u1ec7t Nam\u201d ; TP. HCM. 149\/8 B\u00e0nh V\u0103n Tr\u00e2n, Ph\u01b0\u1eddng 7, Qu\u1eadn T\u00e2n B\u00ecnh, TP H\u1ed3 Ch\u00ed Minh. Hotline: 088 993 7888 ; B\u1eaeC NINH. H\u1ed3 \u0111\u00f4i (\u0110\u01b0\u1eddng Chu ...\",\"breadcrumb\":{\"@id\":\"https:\/\/jaybillards.azdigi.shop\/?product=bao-allin-vn-2x3-toi-yeu-viet-nam#breadcrumb\"},\"inLanguage\":\"vi\",\"potentialAction\":[{\"@type\":\"ReadAction\",\"target\":[\"https:\/\/jaybillards.azdigi.shop\/?product=bao-allin-vn-2x3-toi-yeu-viet-nam\"]}]},{\"@type\":\"ImageObject\",\"inLanguage\":\"vi\",\"@id\":\"https:\/\/jaybillards.azdigi.shop\/?product=bao-allin-vn-2x3-toi-yeu-viet-nam#primaryimage\",\"url\":\"https:\/\/jaybillards.azdigi.shop\/wp-content\/uploads\/2026\/03\/s5.jpg\",\"contentUrl\":\"https:\/\/jaybillards.azdigi.shop\/wp-content\/uploads\/2026\/03\/s5.jpg\",\"width\":1200,\"height\":1200},{\"@type\":\"BreadcrumbList\",\"@id\":\"https:\/\/jaybillards.azdigi.shop\/?product=bao-allin-vn-2x3-toi-yeu-viet-nam#breadcrumb\",\"itemListElement\":[{\"@type\":\"ListItem\",\"position\":1,\"name\":\"Trang ch\u1ee7\",\"item\":\"https:\/\/jaybillards.azdigi.shop\/\"},{\"@type\":\"ListItem\",\"position\":2,\"name\":\"C\u1eeda h\u00e0ng\",\"item\":\"https:\/\/jaybillards.azdigi.shop\/?page_id=274\"},{\"@type\":\"ListItem\",\"position\":3,\"name\":\"Bao Allin VN 2X3 \u201cT\u00f4i Y\u00eau Vi\u1ec7t Nam\u201d\"}]},{\"@type\":\"WebSite\",\"@id\":\"https:\/\/jaybillards.azdigi.shop\/#website\",\"url\":\"https:\/\/jaybillards.azdigi.shop\/\",\"name\":\"Jay Billiards - Chuy\u00ean g\u1eady Bida ch\u00ednh h\u00e3ng gi\u00e1 t\u1ed1t\",\"description\":\"\",\"potentialAction\":[{\"@type\":\"SearchAction\",\"target\":{\"@type\":\"EntryPoint\",\"urlTemplate\":\"https:\/\/jaybillards.azdigi.shop\/?s={search_term_string}\"},\"query-input\":{\"@type\":\"PropertyValueSpecification\",\"valueRequired\":true,\"valueName\":\"search_term_string\"}}],\"inLanguage\":\"vi\"}]}<\/script>\n<!-- \/ Yoast SEO plugin. -->","yoast_head_json":{"title":"Bao Allin VN 2X3 \u201cT\u00f4i Y\u00eau Vi\u1ec7t Nam\u201d - Jay Billiards - Chuy\u00ean g\u1eady Bida ch\u00ednh h\u00e3ng gi\u00e1 t\u1ed1t","description":"Bao Allin VN 2X3 \u201cT\u00f4i Y\u00eau Vi\u1ec7t Nam\u201d ; TP. HCM. 149\/8 B\u00e0nh V\u0103n Tr\u00e2n, Ph\u01b0\u1eddng 7, Qu\u1eadn T\u00e2n B\u00ecnh, TP H\u1ed3 Ch\u00ed Minh. Hotline: 088 993 7888 ; B\u1eaeC NINH. H\u1ed3 \u0111\u00f4i (\u0110\u01b0\u1eddng Chu ...","robots":{"index":"index","follow":"follow","max-snippet":"max-snippet:-1","max-image-preview":"max-image-preview:large","max-video-preview":"max-video-preview:-1"},"canonical":"https:\/\/jaybillards.azdigi.shop\/?product=bao-allin-vn-2x3-toi-yeu-viet-nam","og_locale":"vi_VN","og_type":"article","og_title":"Bao Allin VN 2X3 \u201cT\u00f4i Y\u00eau Vi\u1ec7t Nam\u201d - Jay Billiards - Chuy\u00ean g\u1eady Bida ch\u00ednh h\u00e3ng gi\u00e1 t\u1ed1t","og_description":"Bao Allin VN 2X3 \u201cT\u00f4i Y\u00eau Vi\u1ec7t Nam\u201d ; TP. HCM. 149\/8 B\u00e0nh V\u0103n Tr\u00e2n, Ph\u01b0\u1eddng 7, Qu\u1eadn T\u00e2n B\u00ecnh, TP H\u1ed3 Ch\u00ed Minh. Hotline: 088 993 7888 ; B\u1eaeC NINH. H\u1ed3 \u0111\u00f4i (\u0110\u01b0\u1eddng Chu ...","og_url":"https:\/\/jaybillards.azdigi.shop\/?product=bao-allin-vn-2x3-toi-yeu-viet-nam","og_site_name":"Jay Billiards - Chuy\u00ean g\u1eady Bida ch\u00ednh h\u00e3ng gi\u00e1 t\u1ed1t","article_modified_time":"2026-04-11T13:02:21+00:00","og_image":[{"width":1200,"height":1200,"url":"https:\/\/jaybillards.azdigi.shop\/wp-content\/uploads\/2026\/03\/s5.jpg","type":"image\/jpeg"}],"twitter_card":"summary_large_image","twitter_misc":{"\u01af\u1edbc t\u00ednh th\u1eddi gian \u0111\u1ecdc":"2 ph\u00fat"},"schema":{"@context":"https:\/\/schema.org","@graph":[{"@type":"WebPage","@id":"https:\/\/jaybillards.azdigi.shop\/?product=bao-allin-vn-2x3-toi-yeu-viet-nam","url":"https:\/\/jaybillards.azdigi.shop\/?product=bao-allin-vn-2x3-toi-yeu-viet-nam","name":"Bao Allin VN 2X3 \u201cT\u00f4i Y\u00eau Vi\u1ec7t Nam\u201d - Jay Billiards - Chuy\u00ean g\u1eady Bida ch\u00ednh h\u00e3ng gi\u00e1 t\u1ed1t","isPartOf":{"@id":"https:\/\/jaybillards.azdigi.shop\/#website"},"primaryImageOfPage":{"@id":"https:\/\/jaybillards.azdigi.shop\/?product=bao-allin-vn-2x3-toi-yeu-viet-nam#primaryimage"},"image":{"@id":"https:\/\/jaybillards.azdigi.shop\/?product=bao-allin-vn-2x3-toi-yeu-viet-nam#primaryimage"},"thumbnailUrl":"https:\/\/jaybillards.azdigi.shop\/wp-content\/uploads\/2026\/03\/s5.jpg","datePublished":"2026-03-26T18:32:26+00:00","dateModified":"2026-04-11T13:02:21+00:00","description":"Bao Allin VN 2X3 \u201cT\u00f4i Y\u00eau Vi\u1ec7t Nam\u201d ; TP. HCM. 149\/8 B\u00e0nh V\u0103n Tr\u00e2n, Ph\u01b0\u1eddng 7, Qu\u1eadn T\u00e2n B\u00ecnh, TP H\u1ed3 Ch\u00ed Minh. Hotline: 088 993 7888 ; B\u1eaeC NINH. H\u1ed3 \u0111\u00f4i (\u0110\u01b0\u1eddng Chu ...","breadcrumb":{"@id":"https:\/\/jaybillards.azdigi.shop\/?product=bao-allin-vn-2x3-toi-yeu-viet-nam#breadcrumb"},"inLanguage":"vi","potentialAction":[{"@type":"ReadAction","target":["https:\/\/jaybillards.azdigi.shop\/?product=bao-allin-vn-2x3-toi-yeu-viet-nam"]}]},{"@type":"ImageObject","inLanguage":"vi","@id":"https:\/\/jaybillards.azdigi.shop\/?product=bao-allin-vn-2x3-toi-yeu-viet-nam#primaryimage","url":"https:\/\/jaybillards.azdigi.shop\/wp-content\/uploads\/2026\/03\/s5.jpg","contentUrl":"https:\/\/jaybillards.azdigi.shop\/wp-content\/uploads\/2026\/03\/s5.jpg","width":1200,"height":1200},{"@type":"BreadcrumbList","@id":"https:\/\/jaybillards.azdigi.shop\/?product=bao-allin-vn-2x3-toi-yeu-viet-nam#breadcrumb","itemListElement":[{"@type":"ListItem","position":1,"name":"Trang ch\u1ee7","item":"https:\/\/jaybillards.azdigi.shop\/"},{"@type":"ListItem","position":2,"name":"C\u1eeda h\u00e0ng","item":"https:\/\/jaybillards.azdigi.shop\/?page_id=274"},{"@type":"ListItem","position":3,"name":"Bao Allin VN 2X3 \u201cT\u00f4i Y\u00eau Vi\u1ec7t Nam\u201d"}]},{"@type":"WebSite","@id":"https:\/\/jaybillards.azdigi.shop\/#website","url":"https:\/\/jaybillards.azdigi.shop\/","name":"Jay Billiards - Chuy\u00ean g\u1eady Bida ch\u00ednh h\u00e3ng gi\u00e1 t\u1ed1t","description":"","potentialAction":[{"@type":"SearchAction","target":{"@type":"EntryPoint","urlTemplate":"https:\/\/jaybillards.azdigi.shop\/?s={search_term_string}"},"query-input":{"@type":"PropertyValueSpecification","valueRequired":true,"valueName":"search_term_string"}}],"inLanguage":"vi"}]}},"_links":{"self":[{"href":"https:\/\/jaybillards.azdigi.shop\/index.php?rest_route=\/wp\/v2\/product\/470","targetHints":{"allow":["GET"]}}],"collection":[{"href":"https:\/\/jaybillards.azdigi.shop\/index.php?rest_route=\/wp\/v2\/product"}],"about":[{"href":"https:\/\/jaybillards.azdigi.shop\/index.php?rest_route=\/wp\/v2\/types\/product"}],"replies":[{"embeddable":true,"href":"https:\/\/jaybillards.azdigi.shop\/index.php?rest_route=%2Fwp%2Fv2%2Fcomments&post=470"}],"wp:featuredmedia":[{"embeddable":true,"href":"https:\/\/jaybillards.azdigi.shop\/index.php?rest_route=\/wp\/v2\/media\/1442"}],"wp:attachment":[{"href":"https:\/\/jaybillards.azdigi.shop\/index.php?rest_route=%2Fwp%2Fv2%2Fmedia&parent=470"}],"wp:term":[{"taxonomy":"product_brand","embeddable":true,"href":"https:\/\/jaybillards.azdigi.shop\/index.php?rest_route=%2Fwp%2Fv2%2Fproduct_brand&post=470"},{"taxonomy":"product_cat","embeddable":true,"href":"https:\/\/jaybillards.azdigi.shop\/index.php?rest_route=%2Fwp%2Fv2%2Fproduct_cat&post=470"},{"taxonomy":"product_tag","embeddable":true,"href":"https:\/\/jaybillards.azdigi.shop\/index.php?rest_route=%2Fwp%2Fv2%2Fproduct_tag&post=470"}],"curies":[{"name":"wp","href":"https:\/\/api.w.org\/{rel}","templated":true}]}}