{"id":464,"date":"2026-03-27T01:30:55","date_gmt":"2026-03-26T18:30:55","guid":{"rendered":"https:\/\/jaybillards.azdigi.shop\/?post_type=product&#038;p=464"},"modified":"2026-04-11T20:04:19","modified_gmt":"2026-04-11T13:04:19","slug":"bao-allin-sky-line-1x1","status":"publish","type":"product","link":"https:\/\/jaybillards.azdigi.shop\/?product=bao-allin-sky-line-1x1","title":{"rendered":"Bao Allin Sky Line 1\u00d71"},"content":{"rendered":"<h3 data-section-id=\"f4li0v\" data-start=\"363\" data-end=\"387\">\ud83d\udd25 \u0110\u1eb7c \u0111i\u1ec3m n\u1ed5i b\u1eadt:<\/h3>\n<ul data-start=\"388\" data-end=\"799\">\n<li data-section-id=\"cawdh1\" data-start=\"388\" data-end=\"473\"><strong data-start=\"390\" data-end=\"406\">Thi\u1ebft k\u1ebf 1\u00d71<\/strong>: Ch\u1ee9a \u0111\u01b0\u1ee3c <strong data-start=\"418\" data-end=\"438\">1 chu\u00f4i + 1 ng\u1ecdn<\/strong>, ph\u00f9 h\u1ee3p cho ng\u01b0\u1eddi ch\u01a1i c\u00e1 nh\u00e2n.<\/li>\n<li data-section-id=\"9nb8ot\" data-start=\"474\" data-end=\"558\"><strong data-start=\"476\" data-end=\"496\">Ch\u1ea5t li\u1ec7u b\u1ec1n b\u1ec9<\/strong>: L\u1edbp v\u1ecf ch\u1ed1ng tr\u1ea7y x\u01b0\u1edbc, h\u1ea1n ch\u1ebf va \u0111\u1eadp, b\u1ea3o v\u1ec7 c\u01a1 an to\u00e0n.<\/li>\n<li data-section-id=\"5rdbn5\" data-start=\"559\" data-end=\"640\"><strong data-start=\"561\" data-end=\"583\">G\u1ecdn nh\u1eb9 \u2013 ti\u1ec7n l\u1ee3i<\/strong>: D\u1ec5 mang \u0111i thi \u0111\u1ea5u, \u0111i club ho\u1eb7c luy\u1ec7n t\u1eadp h\u1eb1ng ng\u00e0y.<\/li>\n<li data-section-id=\"1y5y0vl\" data-start=\"641\" data-end=\"725\"><strong data-start=\"643\" data-end=\"665\">Ki\u1ec3u d\u00e1ng hi\u1ec7n \u0111\u1ea1i<\/strong>: Form \u0111\u1eb9p, tr\u1ebb trung, ph\u00f9 h\u1ee3p phong c\u00e1ch ng\u01b0\u1eddi ch\u01a1i bida.<\/li>\n<li data-section-id=\"10fw2gg\" data-start=\"726\" data-end=\"799\"><strong data-start=\"728\" data-end=\"748\">Gi\u00e1 th\u00e0nh h\u1ee3p l\u00fd<\/strong>: Ph\u00f9 h\u1ee3p h\u1ecdc sinh \u2013 sinh vi\u00ean v\u00e0 ng\u01b0\u1eddi m\u1edbi ch\u01a1i.<\/li>\n<\/ul>\n<h3 data-section-id=\"2pm13t\" data-start=\"801\" data-end=\"818\">\ud83c\udfaf C\u00f4ng d\u1ee5ng:<\/h3>\n<ul data-start=\"819\" data-end=\"962\">\n<li data-section-id=\"bhwbrm\" data-start=\"819\" data-end=\"875\">B\u1ea3o v\u1ec7 c\u01a1 bida kh\u1ecfi <strong data-start=\"841\" data-end=\"873\">\u1ea9m m\u1ed1c, cong v\u00eanh, tr\u1ea7y x\u01b0\u1edbc<\/strong><\/li>\n<li data-section-id=\"145nkb1\" data-start=\"876\" data-end=\"919\">Gi\u00fap di chuy\u1ec3n c\u01a1 <strong data-start=\"896\" data-end=\"917\">an to\u00e0n, ti\u1ec7n l\u1ee3i<\/strong><\/li>\n<li data-section-id=\"1teyh33\" data-start=\"920\" data-end=\"962\">T\u0103ng t\u00ednh chuy\u00ean nghi\u1ec7p cho ng\u01b0\u1eddi ch\u01a1i<\/li>\n<\/ul>\n<h3 data-section-id=\"pmz2ij\" data-start=\"964\" data-end=\"983\">\ud83d\udc64 Ph\u00f9 h\u1ee3p v\u1edbi:<\/h3>\n<ul data-start=\"984\" data-end=\"1090\">\n<li data-section-id=\"1rxy3ef\" data-start=\"984\" data-end=\"1007\">Ng\u01b0\u1eddi m\u1edbi ch\u01a1i bida<\/li>\n<li data-section-id=\"jdmc4y\" data-start=\"1008\" data-end=\"1043\">Ng\u01b0\u1eddi ch\u01a1i gi\u1ea3i tr\u00ed, phong tr\u00e0o<\/li>\n<li data-section-id=\"qj4865\" data-start=\"1044\" data-end=\"1090\">Anh em c\u1ea7n bao c\u01a1 <strong data-start=\"1064\" data-end=\"1090\">gi\u00e1 t\u1ed1t \u2013 d\u00f9ng \u1ed5n \u0111\u1ecbnh<\/strong><\/li>\n<\/ul>\n","protected":false},"excerpt":{"rendered":"<p>\ud83d\udd25 \u0110\u1eb7c \u0111i\u1ec3m n\u1ed5i b\u1eadt: Thi\u1ebft k\u1ebf 1\u00d71: Ch\u1ee9a \u0111\u01b0\u1ee3c 1 chu\u00f4i + 1 ng\u1ecdn, ph\u00f9 h\u1ee3p cho ng\u01b0\u1eddi ch\u01a1i c\u00e1 nh\u00e2n. Ch\u1ea5t li\u1ec7u b\u1ec1n b\u1ec9: L\u1edbp v\u1ecf ch\u1ed1ng tr\u1ea7y x\u01b0\u1edbc, h\u1ea1n ch\u1ebf va \u0111\u1eadp, b\u1ea3o v\u1ec7 c\u01a1 an to\u00e0n. G\u1ecdn nh\u1eb9 \u2013 ti\u1ec7n l\u1ee3i: D\u1ec5 mang \u0111i thi \u0111\u1ea5u, \u0111i club ho\u1eb7c luy\u1ec7n t\u1eadp [&#8230;]\n","protected":false},"featured_media":1443,"comment_status":"open","ping_status":"closed","template":"","meta":[],"product_brand":[],"product_cat":[72],"product_tag":[76],"class_list":{"0":"post-464","1":"product","2":"type-product","3":"status-publish","4":"has-post-thumbnail","6":"product_cat-bao-dung-co","7":"product_tag-bao-allin-sky-line-1x1","9":"first","10":"instock","11":"shipping-taxable","12":"purchasable","13":"product-type-simple"},"yoast_head":"<!-- This site is optimized with the Yoast SEO plugin v27.2 - https:\/\/yoast.com\/product\/yoast-seo-wordpress\/ -->\n<title>Bao Allin Sky Line 1\u00d71 - Jay Billiards - Chuy\u00ean g\u1eady Bida ch\u00ednh h\u00e3ng gi\u00e1 t\u1ed1t<\/title>\n<meta name=\"description\" content=\"Bao Allin Sky Line 1\u00d71. 750.000 \u20ab. Quantity. Add to cart. Buy now. Mua tr\u1ea3 g\u00f3p ... Bao \u0111\u1ef1ng c\u01a1 Allin, Bao Allin Sky Line 1\u00d71. Chia s\u1ebb: B\u1ea3o hi\u1ec3m c\u1ea3 l\u1ed7i ng\u01b0\u1eddi ...\" \/>\n<meta name=\"robots\" content=\"index, follow, max-snippet:-1, max-image-preview:large, max-video-preview:-1\" \/>\n<link rel=\"canonical\" href=\"https:\/\/jaybillards.azdigi.shop\/?product=bao-allin-sky-line-1x1\" \/>\n<meta property=\"og:locale\" content=\"vi_VN\" \/>\n<meta property=\"og:type\" content=\"article\" \/>\n<meta property=\"og:title\" content=\"Bao Allin Sky Line 1\u00d71 - Jay Billiards - Chuy\u00ean g\u1eady Bida ch\u00ednh h\u00e3ng gi\u00e1 t\u1ed1t\" \/>\n<meta property=\"og:description\" content=\"Bao Allin Sky Line 1\u00d71. 750.000 \u20ab. Quantity. Add to cart. Buy now. Mua tr\u1ea3 g\u00f3p ... Bao \u0111\u1ef1ng c\u01a1 Allin, Bao Allin Sky Line 1\u00d71. Chia s\u1ebb: B\u1ea3o hi\u1ec3m c\u1ea3 l\u1ed7i ng\u01b0\u1eddi ...\" \/>\n<meta property=\"og:url\" content=\"https:\/\/jaybillards.azdigi.shop\/?product=bao-allin-sky-line-1x1\" \/>\n<meta property=\"og:site_name\" content=\"Jay Billiards - Chuy\u00ean g\u1eady Bida ch\u00ednh h\u00e3ng gi\u00e1 t\u1ed1t\" \/>\n<meta property=\"article:modified_time\" content=\"2026-04-11T13:04:19+00:00\" \/>\n<meta property=\"og:image\" content=\"https:\/\/jaybillards.azdigi.shop\/wp-content\/uploads\/2026\/03\/s6.jpg\" \/>\n\t<meta property=\"og:image:width\" content=\"1200\" \/>\n\t<meta property=\"og:image:height\" content=\"1200\" \/>\n\t<meta property=\"og:image:type\" content=\"image\/jpeg\" \/>\n<meta name=\"twitter:card\" content=\"summary_large_image\" \/>\n<meta name=\"twitter:label1\" content=\"\u01af\u1edbc t\u00ednh th\u1eddi gian \u0111\u1ecdc\" \/>\n\t<meta name=\"twitter:data1\" content=\"1 ph\u00fat\" \/>\n<script type=\"application\/ld+json\" class=\"yoast-schema-graph\">{\"@context\":\"https:\/\/schema.org\",\"@graph\":[{\"@type\":\"WebPage\",\"@id\":\"https:\/\/jaybillards.azdigi.shop\/?product=bao-allin-sky-line-1x1\",\"url\":\"https:\/\/jaybillards.azdigi.shop\/?product=bao-allin-sky-line-1x1\",\"name\":\"Bao Allin Sky Line 1\u00d71 - Jay Billiards - Chuy\u00ean g\u1eady Bida ch\u00ednh h\u00e3ng gi\u00e1 t\u1ed1t\",\"isPartOf\":{\"@id\":\"https:\/\/jaybillards.azdigi.shop\/#website\"},\"primaryImageOfPage\":{\"@id\":\"https:\/\/jaybillards.azdigi.shop\/?product=bao-allin-sky-line-1x1#primaryimage\"},\"image\":{\"@id\":\"https:\/\/jaybillards.azdigi.shop\/?product=bao-allin-sky-line-1x1#primaryimage\"},\"thumbnailUrl\":\"https:\/\/jaybillards.azdigi.shop\/wp-content\/uploads\/2026\/03\/s6.jpg\",\"datePublished\":\"2026-03-26T18:30:55+00:00\",\"dateModified\":\"2026-04-11T13:04:19+00:00\",\"description\":\"Bao Allin Sky Line 1\u00d71. 750.000 \u20ab. Quantity. Add to cart. Buy now. Mua tr\u1ea3 g\u00f3p ... Bao \u0111\u1ef1ng c\u01a1 Allin, Bao Allin Sky Line 1\u00d71. Chia s\u1ebb: B\u1ea3o hi\u1ec3m c\u1ea3 l\u1ed7i ng\u01b0\u1eddi ...\",\"breadcrumb\":{\"@id\":\"https:\/\/jaybillards.azdigi.shop\/?product=bao-allin-sky-line-1x1#breadcrumb\"},\"inLanguage\":\"vi\",\"potentialAction\":[{\"@type\":\"ReadAction\",\"target\":[\"https:\/\/jaybillards.azdigi.shop\/?product=bao-allin-sky-line-1x1\"]}]},{\"@type\":\"ImageObject\",\"inLanguage\":\"vi\",\"@id\":\"https:\/\/jaybillards.azdigi.shop\/?product=bao-allin-sky-line-1x1#primaryimage\",\"url\":\"https:\/\/jaybillards.azdigi.shop\/wp-content\/uploads\/2026\/03\/s6.jpg\",\"contentUrl\":\"https:\/\/jaybillards.azdigi.shop\/wp-content\/uploads\/2026\/03\/s6.jpg\",\"width\":1200,\"height\":1200},{\"@type\":\"BreadcrumbList\",\"@id\":\"https:\/\/jaybillards.azdigi.shop\/?product=bao-allin-sky-line-1x1#breadcrumb\",\"itemListElement\":[{\"@type\":\"ListItem\",\"position\":1,\"name\":\"Trang ch\u1ee7\",\"item\":\"https:\/\/jaybillards.azdigi.shop\/\"},{\"@type\":\"ListItem\",\"position\":2,\"name\":\"C\u1eeda h\u00e0ng\",\"item\":\"https:\/\/jaybillards.azdigi.shop\/?page_id=274\"},{\"@type\":\"ListItem\",\"position\":3,\"name\":\"Bao Allin Sky Line 1\u00d71\"}]},{\"@type\":\"WebSite\",\"@id\":\"https:\/\/jaybillards.azdigi.shop\/#website\",\"url\":\"https:\/\/jaybillards.azdigi.shop\/\",\"name\":\"Jay Billiards - Chuy\u00ean g\u1eady Bida ch\u00ednh h\u00e3ng gi\u00e1 t\u1ed1t\",\"description\":\"\",\"potentialAction\":[{\"@type\":\"SearchAction\",\"target\":{\"@type\":\"EntryPoint\",\"urlTemplate\":\"https:\/\/jaybillards.azdigi.shop\/?s={search_term_string}\"},\"query-input\":{\"@type\":\"PropertyValueSpecification\",\"valueRequired\":true,\"valueName\":\"search_term_string\"}}],\"inLanguage\":\"vi\"}]}<\/script>\n<!-- \/ Yoast SEO plugin. -->","yoast_head_json":{"title":"Bao Allin Sky Line 1\u00d71 - Jay Billiards - Chuy\u00ean g\u1eady Bida ch\u00ednh h\u00e3ng gi\u00e1 t\u1ed1t","description":"Bao Allin Sky Line 1\u00d71. 750.000 \u20ab. Quantity. Add to cart. Buy now. Mua tr\u1ea3 g\u00f3p ... Bao \u0111\u1ef1ng c\u01a1 Allin, Bao Allin Sky Line 1\u00d71. Chia s\u1ebb: B\u1ea3o hi\u1ec3m c\u1ea3 l\u1ed7i ng\u01b0\u1eddi ...","robots":{"index":"index","follow":"follow","max-snippet":"max-snippet:-1","max-image-preview":"max-image-preview:large","max-video-preview":"max-video-preview:-1"},"canonical":"https:\/\/jaybillards.azdigi.shop\/?product=bao-allin-sky-line-1x1","og_locale":"vi_VN","og_type":"article","og_title":"Bao Allin Sky Line 1\u00d71 - Jay Billiards - Chuy\u00ean g\u1eady Bida ch\u00ednh h\u00e3ng gi\u00e1 t\u1ed1t","og_description":"Bao Allin Sky Line 1\u00d71. 750.000 \u20ab. Quantity. Add to cart. Buy now. Mua tr\u1ea3 g\u00f3p ... Bao \u0111\u1ef1ng c\u01a1 Allin, Bao Allin Sky Line 1\u00d71. Chia s\u1ebb: B\u1ea3o hi\u1ec3m c\u1ea3 l\u1ed7i ng\u01b0\u1eddi ...","og_url":"https:\/\/jaybillards.azdigi.shop\/?product=bao-allin-sky-line-1x1","og_site_name":"Jay Billiards - Chuy\u00ean g\u1eady Bida ch\u00ednh h\u00e3ng gi\u00e1 t\u1ed1t","article_modified_time":"2026-04-11T13:04:19+00:00","og_image":[{"width":1200,"height":1200,"url":"https:\/\/jaybillards.azdigi.shop\/wp-content\/uploads\/2026\/03\/s6.jpg","type":"image\/jpeg"}],"twitter_card":"summary_large_image","twitter_misc":{"\u01af\u1edbc t\u00ednh th\u1eddi gian \u0111\u1ecdc":"1 ph\u00fat"},"schema":{"@context":"https:\/\/schema.org","@graph":[{"@type":"WebPage","@id":"https:\/\/jaybillards.azdigi.shop\/?product=bao-allin-sky-line-1x1","url":"https:\/\/jaybillards.azdigi.shop\/?product=bao-allin-sky-line-1x1","name":"Bao Allin Sky Line 1\u00d71 - Jay Billiards - Chuy\u00ean g\u1eady Bida ch\u00ednh h\u00e3ng gi\u00e1 t\u1ed1t","isPartOf":{"@id":"https:\/\/jaybillards.azdigi.shop\/#website"},"primaryImageOfPage":{"@id":"https:\/\/jaybillards.azdigi.shop\/?product=bao-allin-sky-line-1x1#primaryimage"},"image":{"@id":"https:\/\/jaybillards.azdigi.shop\/?product=bao-allin-sky-line-1x1#primaryimage"},"thumbnailUrl":"https:\/\/jaybillards.azdigi.shop\/wp-content\/uploads\/2026\/03\/s6.jpg","datePublished":"2026-03-26T18:30:55+00:00","dateModified":"2026-04-11T13:04:19+00:00","description":"Bao Allin Sky Line 1\u00d71. 750.000 \u20ab. Quantity. Add to cart. Buy now. Mua tr\u1ea3 g\u00f3p ... Bao \u0111\u1ef1ng c\u01a1 Allin, Bao Allin Sky Line 1\u00d71. Chia s\u1ebb: B\u1ea3o hi\u1ec3m c\u1ea3 l\u1ed7i ng\u01b0\u1eddi ...","breadcrumb":{"@id":"https:\/\/jaybillards.azdigi.shop\/?product=bao-allin-sky-line-1x1#breadcrumb"},"inLanguage":"vi","potentialAction":[{"@type":"ReadAction","target":["https:\/\/jaybillards.azdigi.shop\/?product=bao-allin-sky-line-1x1"]}]},{"@type":"ImageObject","inLanguage":"vi","@id":"https:\/\/jaybillards.azdigi.shop\/?product=bao-allin-sky-line-1x1#primaryimage","url":"https:\/\/jaybillards.azdigi.shop\/wp-content\/uploads\/2026\/03\/s6.jpg","contentUrl":"https:\/\/jaybillards.azdigi.shop\/wp-content\/uploads\/2026\/03\/s6.jpg","width":1200,"height":1200},{"@type":"BreadcrumbList","@id":"https:\/\/jaybillards.azdigi.shop\/?product=bao-allin-sky-line-1x1#breadcrumb","itemListElement":[{"@type":"ListItem","position":1,"name":"Trang ch\u1ee7","item":"https:\/\/jaybillards.azdigi.shop\/"},{"@type":"ListItem","position":2,"name":"C\u1eeda h\u00e0ng","item":"https:\/\/jaybillards.azdigi.shop\/?page_id=274"},{"@type":"ListItem","position":3,"name":"Bao Allin Sky Line 1\u00d71"}]},{"@type":"WebSite","@id":"https:\/\/jaybillards.azdigi.shop\/#website","url":"https:\/\/jaybillards.azdigi.shop\/","name":"Jay Billiards - Chuy\u00ean g\u1eady Bida ch\u00ednh h\u00e3ng gi\u00e1 t\u1ed1t","description":"","potentialAction":[{"@type":"SearchAction","target":{"@type":"EntryPoint","urlTemplate":"https:\/\/jaybillards.azdigi.shop\/?s={search_term_string}"},"query-input":{"@type":"PropertyValueSpecification","valueRequired":true,"valueName":"search_term_string"}}],"inLanguage":"vi"}]}},"_links":{"self":[{"href":"https:\/\/jaybillards.azdigi.shop\/index.php?rest_route=\/wp\/v2\/product\/464","targetHints":{"allow":["GET"]}}],"collection":[{"href":"https:\/\/jaybillards.azdigi.shop\/index.php?rest_route=\/wp\/v2\/product"}],"about":[{"href":"https:\/\/jaybillards.azdigi.shop\/index.php?rest_route=\/wp\/v2\/types\/product"}],"replies":[{"embeddable":true,"href":"https:\/\/jaybillards.azdigi.shop\/index.php?rest_route=%2Fwp%2Fv2%2Fcomments&post=464"}],"wp:featuredmedia":[{"embeddable":true,"href":"https:\/\/jaybillards.azdigi.shop\/index.php?rest_route=\/wp\/v2\/media\/1443"}],"wp:attachment":[{"href":"https:\/\/jaybillards.azdigi.shop\/index.php?rest_route=%2Fwp%2Fv2%2Fmedia&parent=464"}],"wp:term":[{"taxonomy":"product_brand","embeddable":true,"href":"https:\/\/jaybillards.azdigi.shop\/index.php?rest_route=%2Fwp%2Fv2%2Fproduct_brand&post=464"},{"taxonomy":"product_cat","embeddable":true,"href":"https:\/\/jaybillards.azdigi.shop\/index.php?rest_route=%2Fwp%2Fv2%2Fproduct_cat&post=464"},{"taxonomy":"product_tag","embeddable":true,"href":"https:\/\/jaybillards.azdigi.shop\/index.php?rest_route=%2Fwp%2Fv2%2Fproduct_tag&post=464"}],"curies":[{"name":"wp","href":"https:\/\/api.w.org\/{rel}","templated":true}]}}