{"id":458,"date":"2026-03-27T01:28:44","date_gmt":"2026-03-26T18:28:44","guid":{"rendered":"https:\/\/jaybillards.azdigi.shop\/?post_type=product&#038;p=458"},"modified":"2026-04-09T09:12:36","modified_gmt":"2026-04-09T02:12:36","slug":"bao-co-peri","status":"publish","type":"product","link":"https:\/\/jaybillards.azdigi.shop\/?product=bao-co-peri","title":{"rendered":"Bao c\u01a1 Peri"},"content":{"rendered":"<h2 data-section-id=\"137qebq\" data-start=\"145\" data-end=\"173\">\ud83c\udfb1 Gi\u1edbi thi\u1ec7u v\u1ec1 bao Peri<\/h2>\n<p data-start=\"175\" data-end=\"372\"><strong data-start=\"175\" data-end=\"187\">Bao Peri<\/strong> l\u00e0 d\u00f2ng ph\u1ee5 ki\u1ec7n bida cao c\u1ea5p \u0111\u01b0\u1ee3c s\u1ea3n xu\u1ea5t v\u00e0 ph\u00e2n ph\u1ed1i b\u1edfi <span class=\"hover:entity-accent entity-underline inline cursor-pointer align-baseline\"><span class=\"whitespace-normal\">Peri<\/span><\/span> \u2013 th\u01b0\u01a1ng hi\u1ec7u n\u1ed5i ti\u1ebfng trong l\u0129nh v\u1ef1c c\u01a1 v\u00e0 ph\u1ee5 ki\u1ec7n bida v\u1edbi nhi\u1ec1u n\u0103m kinh nghi\u1ec7m.<\/p>\n<p data-start=\"374\" data-end=\"595\">C\u00e1c s\u1ea3n ph\u1ea9m c\u1ee7a Peri lu\u00f4n \u0111\u01b0\u1ee3c \u0111\u00f4ng \u0111\u1ea3o c\u01a1 th\u1ee7 tin d\u00f9ng nh\u1edd <strong data-start=\"435\" data-end=\"499\">ch\u1ea5t l\u01b0\u1ee3ng v\u01b0\u1ee3t tr\u1ed9i, \u0111\u1ed9 ho\u00e0n thi\u1ec7n cao v\u00e0 thi\u1ebft k\u1ebf \u0111\u1eb3ng c\u1ea5p<\/strong>. Bao Peri kh\u00f4ng ch\u1ec9 l\u00e0 v\u1eadt d\u1ee5ng b\u1ea3o v\u1ec7 c\u01a1 m\u00e0 c\u00f2n th\u1ec3 hi\u1ec7n phong c\u00e1ch v\u00e0 c\u00e1 t\u00ednh c\u1ee7a ng\u01b0\u1eddi ch\u01a1i.<\/p>\n<h2 data-section-id=\"1hlwcjt\" data-start=\"602\" data-end=\"636\">\u00a0\u0110\u1eb7c \u0111i\u1ec3m n\u1ed5i b\u1eadt c\u1ee7a bao Peri<\/h2>\n<ul data-start=\"638\" data-end=\"867\">\n<li data-section-id=\"1iw8rn7\" data-start=\"638\" data-end=\"661\">Xu\u1ea5t x\u1ee9: Trung Qu\u1ed1c<\/li>\n<li data-section-id=\"18zolmz\" data-start=\"662\" data-end=\"724\">Th\u01b0\u01a1ng hi\u1ec7u uy t\u00edn, \u0111\u01b0\u1ee3c \u0111\u00e1nh gi\u00e1 cao trong c\u1ed9ng \u0111\u1ed3ng bida<\/li>\n<li data-section-id=\"nttr9n\" data-start=\"725\" data-end=\"774\">Thi\u1ebft k\u1ebf sang tr\u1ecdng, hi\u1ec7n \u0111\u1ea1i, \u0111a d\u1ea1ng m\u1eabu m\u00e3<\/li>\n<li data-section-id=\"fpc7na\" data-start=\"775\" data-end=\"825\">Ch\u1ea5t li\u1ec7u cao c\u1ea5p, \u0111\u1ed9 b\u1ec1n cao, s\u1eed d\u1ee5ng l\u00e2u d\u00e0i<\/li>\n<li data-section-id=\"63e2mc\" data-start=\"826\" data-end=\"867\">\u0110\u01b0\u1eddng may t\u1ec9 m\u1ec9, ho\u00e0n thi\u1ec7n ch\u1eafc ch\u1eafn<\/li>\n<\/ul>\n<h2 data-section-id=\"1yf59hj\" data-start=\"874\" data-end=\"902\">C\u00f4ng d\u1ee5ng c\u1ee7a bao Peri<\/h2>\n<ul data-start=\"904\" data-end=\"1290\">\n<li data-section-id=\"1ahjdyf\" data-start=\"904\" data-end=\"996\"><strong data-start=\"906\" data-end=\"925\">B\u1ea3o v\u1ec7 c\u01a1 bida:<\/strong> H\u1ea1n ch\u1ebf va \u0111\u1eadp, ch\u1ed1ng tr\u1ea7y x\u01b0\u1edbc v\u00e0 \u1ea3nh h\u01b0\u1edfng t\u1eeb m\u00f4i tr\u01b0\u1eddng b\u00ean ngo\u00e0i<\/li>\n<li data-section-id=\"18xl04a\" data-start=\"997\" data-end=\"1094\"><strong data-start=\"999\" data-end=\"1021\">D\u1ec5 d\u00e0ng di chuy\u1ec3n:<\/strong> C\u00f3 d\u00e2y \u0111eo ti\u1ec7n l\u1ee3i, \u0111i\u1ec1u ch\u1ec9nh linh ho\u1ea1t, mang l\u1ea1i c\u1ea3m gi\u00e1c tho\u1ea3i m\u00e1i<\/li>\n<li data-section-id=\"1ewcpcx\" data-start=\"1095\" data-end=\"1164\"><strong data-start=\"1097\" data-end=\"1115\">\u0110\u1ef1ng ph\u1ee5 ki\u1ec7n:<\/strong> C\u00f3 th\u1ec3 ch\u1ee9a th\u00eam kh\u0103n lau, \u0111\u1ea7u t\u1ea9y, g\u0103ng tay,\u2026<\/li>\n<li data-section-id=\"1j3n6la\" data-start=\"1165\" data-end=\"1228\"><strong data-start=\"1167\" data-end=\"1188\">T\u0103ng tu\u1ed5i th\u1ecd c\u01a1:<\/strong> Gi\u1eef c\u01a1 lu\u00f4n trong tr\u1ea1ng th\u00e1i t\u1ed1t nh\u1ea5t<\/li>\n<li data-section-id=\"j96c4b\" data-start=\"1229\" data-end=\"1290\"><strong data-start=\"1231\" data-end=\"1249\">Gi\u00e1 c\u1ea3 h\u1ee3p l\u00fd:<\/strong> Ph\u00f9 h\u1ee3p v\u1edbi nhi\u1ec1u \u0111\u1ed1i t\u01b0\u1ee3ng ng\u01b0\u1eddi ch\u01a1i<\/li>\n<\/ul>\n<h2 data-section-id=\"yja1c1\" data-start=\"1297\" data-end=\"1329\">\u00a0C\u00e1c lo\u1ea1i bao Peri ph\u1ed5 bi\u1ebfn<\/h2>\n<h3 data-section-id=\"19pt0ij\" data-start=\"1331\" data-end=\"1350\">\u00a0Theo k\u00edch c\u1ee1<\/h3>\n<ul data-start=\"1351\" data-end=\"1454\">\n<li data-section-id=\"1p6szcq\" data-start=\"1351\" data-end=\"1381\">Bao c\u01a1 Peri Knight V1 &amp; V2<\/li>\n<li data-section-id=\"1na38xu\" data-start=\"1382\" data-end=\"1407\">Bao Peri New Moon 2\u00d72<\/li>\n<li data-section-id=\"udrbju\" data-start=\"1408\" data-end=\"1430\">Bao Peri Ocean 2\u00d73<\/li>\n<li data-section-id=\"nuy3jx\" data-start=\"1431\" data-end=\"1454\">Bao Peri Shadow 2\u00d74<\/li>\n<\/ul>\n<h3 data-section-id=\"1deremx\" data-start=\"1456\" data-end=\"1477\">\u00a0Theo ch\u1ea5t li\u1ec7u<\/h3>\n<ul data-start=\"1478\" data-end=\"1579\">\n<li data-section-id=\"8wghgr\" data-start=\"1478\" data-end=\"1515\">Bao c\u1ee9ng (khung b\u1ea3o v\u1ec7 ch\u1eafc ch\u1eafn)<\/li>\n<li data-section-id=\"1ocqqjq\" data-start=\"1516\" data-end=\"1544\">Bao m\u1ec1m (nh\u1eb9, linh ho\u1ea1t)<\/li>\n<li data-section-id=\"ok7wrf\" data-start=\"1545\" data-end=\"1579\">Ch\u1ea5t li\u1ec7u: v\u1ea3i cao c\u1ea5p ho\u1eb7c g\u1ed7<\/li>\n<\/ul>\n","protected":false},"excerpt":{"rendered":"<p>\ud83c\udfb1 Gi\u1edbi thi\u1ec7u v\u1ec1 bao Peri Bao Peri l\u00e0 d\u00f2ng ph\u1ee5 ki\u1ec7n bida cao c\u1ea5p \u0111\u01b0\u1ee3c s\u1ea3n xu\u1ea5t v\u00e0 ph\u00e2n ph\u1ed1i b\u1edfi Peri \u2013 th\u01b0\u01a1ng hi\u1ec7u n\u1ed5i ti\u1ebfng trong l\u0129nh v\u1ef1c c\u01a1 v\u00e0 ph\u1ee5 ki\u1ec7n bida v\u1edbi nhi\u1ec1u n\u0103m kinh nghi\u1ec7m. C\u00e1c s\u1ea3n ph\u1ea9m c\u1ee7a Peri lu\u00f4n \u0111\u01b0\u1ee3c \u0111\u00f4ng \u0111\u1ea3o c\u01a1 th\u1ee7 tin d\u00f9ng nh\u1edd [&#8230;]\n","protected":false},"featured_media":1396,"comment_status":"open","ping_status":"closed","template":"","meta":[],"product_brand":[],"product_cat":[72,24],"product_tag":[75],"class_list":{"0":"post-458","1":"product","2":"type-product","3":"status-publish","4":"has-post-thumbnail","6":"product_cat-bao-dung-co","7":"product_cat-peri","8":"product_tag-bao-co-peri","10":"first","11":"instock","12":"shipping-taxable","13":"purchasable","14":"product-type-variable"},"yoast_head":"<!-- This site is optimized with the Yoast SEO plugin v27.2 - https:\/\/yoast.com\/product\/yoast-seo-wordpress\/ -->\n<title>Bao c\u01a1 Peri - Jay Billiards - Chuy\u00ean g\u1eady Bida ch\u00ednh h\u00e3ng gi\u00e1 t\u1ed1t<\/title>\n<meta name=\"description\" content=\"Bao Peri gi\u00fap \u0111\u1ef1ng c\u01a1 bida, tr\u00e1nh c\u00e1c va \u0111\u1eadp, c\u00e1c y\u1ebfu t\u1ed1 ngo\u1ea1i c\u1ea3nh, v\u1eadt l\u00fd t\u00e1c \u0111\u1ed9ng \u0111\u1ebfn c\u01a1, l\u00e0m gi\u1ea3m tu\u1ed5i th\u1ecd c\u1ee7a c\u01a1 bida.\" \/>\n<meta name=\"robots\" content=\"index, follow, max-snippet:-1, max-image-preview:large, max-video-preview:-1\" \/>\n<link rel=\"canonical\" href=\"https:\/\/jaybillards.azdigi.shop\/?product=bao-co-peri\" \/>\n<meta property=\"og:locale\" content=\"vi_VN\" \/>\n<meta property=\"og:type\" content=\"article\" \/>\n<meta property=\"og:title\" content=\"Bao c\u01a1 Peri - Jay Billiards - Chuy\u00ean g\u1eady Bida ch\u00ednh h\u00e3ng gi\u00e1 t\u1ed1t\" \/>\n<meta property=\"og:description\" content=\"Bao Peri gi\u00fap \u0111\u1ef1ng c\u01a1 bida, tr\u00e1nh c\u00e1c va \u0111\u1eadp, c\u00e1c y\u1ebfu t\u1ed1 ngo\u1ea1i c\u1ea3nh, v\u1eadt l\u00fd t\u00e1c \u0111\u1ed9ng \u0111\u1ebfn c\u01a1, l\u00e0m gi\u1ea3m tu\u1ed5i th\u1ecd c\u1ee7a c\u01a1 bida.\" \/>\n<meta property=\"og:url\" content=\"https:\/\/jaybillards.azdigi.shop\/?product=bao-co-peri\" \/>\n<meta property=\"og:site_name\" content=\"Jay Billiards - Chuy\u00ean g\u1eady Bida ch\u00ednh h\u00e3ng gi\u00e1 t\u1ed1t\" \/>\n<meta property=\"article:modified_time\" content=\"2026-04-09T02:12:36+00:00\" \/>\n<meta property=\"og:image\" content=\"https:\/\/jaybillards.azdigi.shop\/wp-content\/uploads\/2026\/03\/co-5.jpg\" \/>\n\t<meta property=\"og:image:width\" content=\"1200\" \/>\n\t<meta property=\"og:image:height\" content=\"1200\" \/>\n\t<meta property=\"og:image:type\" content=\"image\/jpeg\" \/>\n<meta name=\"twitter:card\" content=\"summary_large_image\" \/>\n<meta name=\"twitter:label1\" content=\"\u01af\u1edbc t\u00ednh th\u1eddi gian \u0111\u1ecdc\" \/>\n\t<meta name=\"twitter:data1\" content=\"2 ph\u00fat\" \/>\n<script type=\"application\/ld+json\" class=\"yoast-schema-graph\">{\"@context\":\"https:\/\/schema.org\",\"@graph\":[{\"@type\":\"WebPage\",\"@id\":\"https:\/\/jaybillards.azdigi.shop\/?product=bao-co-peri\",\"url\":\"https:\/\/jaybillards.azdigi.shop\/?product=bao-co-peri\",\"name\":\"Bao c\u01a1 Peri - Jay Billiards - Chuy\u00ean g\u1eady Bida ch\u00ednh h\u00e3ng gi\u00e1 t\u1ed1t\",\"isPartOf\":{\"@id\":\"https:\/\/jaybillards.azdigi.shop\/#website\"},\"primaryImageOfPage\":{\"@id\":\"https:\/\/jaybillards.azdigi.shop\/?product=bao-co-peri#primaryimage\"},\"image\":{\"@id\":\"https:\/\/jaybillards.azdigi.shop\/?product=bao-co-peri#primaryimage\"},\"thumbnailUrl\":\"https:\/\/jaybillards.azdigi.shop\/wp-content\/uploads\/2026\/03\/co-5.jpg\",\"datePublished\":\"2026-03-26T18:28:44+00:00\",\"dateModified\":\"2026-04-09T02:12:36+00:00\",\"description\":\"Bao Peri gi\u00fap \u0111\u1ef1ng c\u01a1 bida, tr\u00e1nh c\u00e1c va \u0111\u1eadp, c\u00e1c y\u1ebfu t\u1ed1 ngo\u1ea1i c\u1ea3nh, v\u1eadt l\u00fd t\u00e1c \u0111\u1ed9ng \u0111\u1ebfn c\u01a1, l\u00e0m gi\u1ea3m tu\u1ed5i th\u1ecd c\u1ee7a c\u01a1 bida.\",\"breadcrumb\":{\"@id\":\"https:\/\/jaybillards.azdigi.shop\/?product=bao-co-peri#breadcrumb\"},\"inLanguage\":\"vi\",\"potentialAction\":[{\"@type\":\"ReadAction\",\"target\":[\"https:\/\/jaybillards.azdigi.shop\/?product=bao-co-peri\"]}]},{\"@type\":\"ImageObject\",\"inLanguage\":\"vi\",\"@id\":\"https:\/\/jaybillards.azdigi.shop\/?product=bao-co-peri#primaryimage\",\"url\":\"https:\/\/jaybillards.azdigi.shop\/wp-content\/uploads\/2026\/03\/co-5.jpg\",\"contentUrl\":\"https:\/\/jaybillards.azdigi.shop\/wp-content\/uploads\/2026\/03\/co-5.jpg\",\"width\":1200,\"height\":1200},{\"@type\":\"BreadcrumbList\",\"@id\":\"https:\/\/jaybillards.azdigi.shop\/?product=bao-co-peri#breadcrumb\",\"itemListElement\":[{\"@type\":\"ListItem\",\"position\":1,\"name\":\"Trang ch\u1ee7\",\"item\":\"https:\/\/jaybillards.azdigi.shop\/\"},{\"@type\":\"ListItem\",\"position\":2,\"name\":\"C\u1eeda h\u00e0ng\",\"item\":\"https:\/\/jaybillards.azdigi.shop\/?page_id=274\"},{\"@type\":\"ListItem\",\"position\":3,\"name\":\"Bao c\u01a1 Peri\"}]},{\"@type\":\"WebSite\",\"@id\":\"https:\/\/jaybillards.azdigi.shop\/#website\",\"url\":\"https:\/\/jaybillards.azdigi.shop\/\",\"name\":\"Jay Billiards - Chuy\u00ean g\u1eady Bida ch\u00ednh h\u00e3ng gi\u00e1 t\u1ed1t\",\"description\":\"\",\"potentialAction\":[{\"@type\":\"SearchAction\",\"target\":{\"@type\":\"EntryPoint\",\"urlTemplate\":\"https:\/\/jaybillards.azdigi.shop\/?s={search_term_string}\"},\"query-input\":{\"@type\":\"PropertyValueSpecification\",\"valueRequired\":true,\"valueName\":\"search_term_string\"}}],\"inLanguage\":\"vi\"}]}<\/script>\n<!-- \/ Yoast SEO plugin. -->","yoast_head_json":{"title":"Bao c\u01a1 Peri - Jay Billiards - Chuy\u00ean g\u1eady Bida ch\u00ednh h\u00e3ng gi\u00e1 t\u1ed1t","description":"Bao Peri gi\u00fap \u0111\u1ef1ng c\u01a1 bida, tr\u00e1nh c\u00e1c va \u0111\u1eadp, c\u00e1c y\u1ebfu t\u1ed1 ngo\u1ea1i c\u1ea3nh, v\u1eadt l\u00fd t\u00e1c \u0111\u1ed9ng \u0111\u1ebfn c\u01a1, l\u00e0m gi\u1ea3m tu\u1ed5i th\u1ecd c\u1ee7a c\u01a1 bida.","robots":{"index":"index","follow":"follow","max-snippet":"max-snippet:-1","max-image-preview":"max-image-preview:large","max-video-preview":"max-video-preview:-1"},"canonical":"https:\/\/jaybillards.azdigi.shop\/?product=bao-co-peri","og_locale":"vi_VN","og_type":"article","og_title":"Bao c\u01a1 Peri - Jay Billiards - Chuy\u00ean g\u1eady Bida ch\u00ednh h\u00e3ng gi\u00e1 t\u1ed1t","og_description":"Bao Peri gi\u00fap \u0111\u1ef1ng c\u01a1 bida, tr\u00e1nh c\u00e1c va \u0111\u1eadp, c\u00e1c y\u1ebfu t\u1ed1 ngo\u1ea1i c\u1ea3nh, v\u1eadt l\u00fd t\u00e1c \u0111\u1ed9ng \u0111\u1ebfn c\u01a1, l\u00e0m gi\u1ea3m tu\u1ed5i th\u1ecd c\u1ee7a c\u01a1 bida.","og_url":"https:\/\/jaybillards.azdigi.shop\/?product=bao-co-peri","og_site_name":"Jay Billiards - Chuy\u00ean g\u1eady Bida ch\u00ednh h\u00e3ng gi\u00e1 t\u1ed1t","article_modified_time":"2026-04-09T02:12:36+00:00","og_image":[{"width":1200,"height":1200,"url":"https:\/\/jaybillards.azdigi.shop\/wp-content\/uploads\/2026\/03\/co-5.jpg","type":"image\/jpeg"}],"twitter_card":"summary_large_image","twitter_misc":{"\u01af\u1edbc t\u00ednh th\u1eddi gian \u0111\u1ecdc":"2 ph\u00fat"},"schema":{"@context":"https:\/\/schema.org","@graph":[{"@type":"WebPage","@id":"https:\/\/jaybillards.azdigi.shop\/?product=bao-co-peri","url":"https:\/\/jaybillards.azdigi.shop\/?product=bao-co-peri","name":"Bao c\u01a1 Peri - Jay Billiards - Chuy\u00ean g\u1eady Bida ch\u00ednh h\u00e3ng gi\u00e1 t\u1ed1t","isPartOf":{"@id":"https:\/\/jaybillards.azdigi.shop\/#website"},"primaryImageOfPage":{"@id":"https:\/\/jaybillards.azdigi.shop\/?product=bao-co-peri#primaryimage"},"image":{"@id":"https:\/\/jaybillards.azdigi.shop\/?product=bao-co-peri#primaryimage"},"thumbnailUrl":"https:\/\/jaybillards.azdigi.shop\/wp-content\/uploads\/2026\/03\/co-5.jpg","datePublished":"2026-03-26T18:28:44+00:00","dateModified":"2026-04-09T02:12:36+00:00","description":"Bao Peri gi\u00fap \u0111\u1ef1ng c\u01a1 bida, tr\u00e1nh c\u00e1c va \u0111\u1eadp, c\u00e1c y\u1ebfu t\u1ed1 ngo\u1ea1i c\u1ea3nh, v\u1eadt l\u00fd t\u00e1c \u0111\u1ed9ng \u0111\u1ebfn c\u01a1, l\u00e0m gi\u1ea3m tu\u1ed5i th\u1ecd c\u1ee7a c\u01a1 bida.","breadcrumb":{"@id":"https:\/\/jaybillards.azdigi.shop\/?product=bao-co-peri#breadcrumb"},"inLanguage":"vi","potentialAction":[{"@type":"ReadAction","target":["https:\/\/jaybillards.azdigi.shop\/?product=bao-co-peri"]}]},{"@type":"ImageObject","inLanguage":"vi","@id":"https:\/\/jaybillards.azdigi.shop\/?product=bao-co-peri#primaryimage","url":"https:\/\/jaybillards.azdigi.shop\/wp-content\/uploads\/2026\/03\/co-5.jpg","contentUrl":"https:\/\/jaybillards.azdigi.shop\/wp-content\/uploads\/2026\/03\/co-5.jpg","width":1200,"height":1200},{"@type":"BreadcrumbList","@id":"https:\/\/jaybillards.azdigi.shop\/?product=bao-co-peri#breadcrumb","itemListElement":[{"@type":"ListItem","position":1,"name":"Trang ch\u1ee7","item":"https:\/\/jaybillards.azdigi.shop\/"},{"@type":"ListItem","position":2,"name":"C\u1eeda h\u00e0ng","item":"https:\/\/jaybillards.azdigi.shop\/?page_id=274"},{"@type":"ListItem","position":3,"name":"Bao c\u01a1 Peri"}]},{"@type":"WebSite","@id":"https:\/\/jaybillards.azdigi.shop\/#website","url":"https:\/\/jaybillards.azdigi.shop\/","name":"Jay Billiards - Chuy\u00ean g\u1eady Bida ch\u00ednh h\u00e3ng gi\u00e1 t\u1ed1t","description":"","potentialAction":[{"@type":"SearchAction","target":{"@type":"EntryPoint","urlTemplate":"https:\/\/jaybillards.azdigi.shop\/?s={search_term_string}"},"query-input":{"@type":"PropertyValueSpecification","valueRequired":true,"valueName":"search_term_string"}}],"inLanguage":"vi"}]}},"_links":{"self":[{"href":"https:\/\/jaybillards.azdigi.shop\/index.php?rest_route=\/wp\/v2\/product\/458","targetHints":{"allow":["GET"]}}],"collection":[{"href":"https:\/\/jaybillards.azdigi.shop\/index.php?rest_route=\/wp\/v2\/product"}],"about":[{"href":"https:\/\/jaybillards.azdigi.shop\/index.php?rest_route=\/wp\/v2\/types\/product"}],"replies":[{"embeddable":true,"href":"https:\/\/jaybillards.azdigi.shop\/index.php?rest_route=%2Fwp%2Fv2%2Fcomments&post=458"}],"wp:featuredmedia":[{"embeddable":true,"href":"https:\/\/jaybillards.azdigi.shop\/index.php?rest_route=\/wp\/v2\/media\/1396"}],"wp:attachment":[{"href":"https:\/\/jaybillards.azdigi.shop\/index.php?rest_route=%2Fwp%2Fv2%2Fmedia&parent=458"}],"wp:term":[{"taxonomy":"product_brand","embeddable":true,"href":"https:\/\/jaybillards.azdigi.shop\/index.php?rest_route=%2Fwp%2Fv2%2Fproduct_brand&post=458"},{"taxonomy":"product_cat","embeddable":true,"href":"https:\/\/jaybillards.azdigi.shop\/index.php?rest_route=%2Fwp%2Fv2%2Fproduct_cat&post=458"},{"taxonomy":"product_tag","embeddable":true,"href":"https:\/\/jaybillards.azdigi.shop\/index.php?rest_route=%2Fwp%2Fv2%2Fproduct_tag&post=458"}],"curies":[{"name":"wp","href":"https:\/\/api.w.org\/{rel}","templated":true}]}}