{"id":453,"date":"2026-03-27T01:26:05","date_gmt":"2026-03-26T18:26:05","guid":{"rendered":"https:\/\/jaybillards.azdigi.shop\/?post_type=product&#038;p=453"},"modified":"2026-04-11T20:06:16","modified_gmt":"2026-04-11T13:06:16","slug":"bao-co-allin-2x3","status":"publish","type":"product","link":"https:\/\/jaybillards.azdigi.shop\/?product=bao-co-allin-2x3","title":{"rendered":"Bao c\u01a1 Allin 2\u00d73"},"content":{"rendered":"<p>Chia s\u1ebb: <em>B\u1ea3o<\/em>\u00a0hi\u1ec3m c\u1ea3 l\u1ed7i ng\u01b0\u1eddi d\u00f9ng trong 5 n\u0103m.<\/p>\n<p>Bao c\u01a1 Allin 2\u00d73 ( 2 chu\u00f4i 3 ng\u1ecdn)<\/p>\n","protected":false},"excerpt":{"rendered":"<p>Chia s\u1ebb: B\u1ea3o\u00a0hi\u1ec3m c\u1ea3 l\u1ed7i ng\u01b0\u1eddi d\u00f9ng trong 5 n\u0103m. Bao c\u01a1 Allin 2\u00d73 ( 2 chu\u00f4i 3 ng\u1ecdn)<\/p>\n","protected":false},"featured_media":1444,"comment_status":"open","ping_status":"closed","template":"","meta":[],"product_brand":[],"product_cat":[72],"product_tag":[74],"class_list":{"0":"post-453","1":"product","2":"type-product","3":"status-publish","4":"has-post-thumbnail","6":"product_cat-bao-dung-co","7":"product_tag-bao-co-allin-2x3","9":"first","10":"instock","11":"shipping-taxable","12":"purchasable","13":"product-type-simple"},"yoast_head":"<!-- This site is optimized with the Yoast SEO plugin v27.2 - https:\/\/yoast.com\/product\/yoast-seo-wordpress\/ -->\n<title>Bao c\u01a1 Allin 2\u00d73 - Jay Billiards - Chuy\u00ean g\u1eady Bida ch\u00ednh h\u00e3ng gi\u00e1 t\u1ed1t<\/title>\n<meta name=\"description\" content=\"Categories: Ph\u1ee5 ki\u1ec7n ch\u00ednh h\u00e3ng, Bao \u0111\u1ef1ng c\u01a1 Tags: Bao c\u01a1 Allin, Bao c\u01a1 Allin ch\u00ednh h\u00e3ng, Bao \u0111\u1ef1ng c\u01a1 Allin. Chia s\u1ebb: B\u1ea3o hi\u1ec3m c\u1ea3 l\u1ed7i ng\u01b0\u1eddi d\u00f9ng trong 5 n\u0103m.\" \/>\n<meta name=\"robots\" content=\"index, follow, max-snippet:-1, max-image-preview:large, max-video-preview:-1\" \/>\n<link rel=\"canonical\" href=\"https:\/\/jaybillards.azdigi.shop\/?product=bao-co-allin-2x3\" \/>\n<meta property=\"og:locale\" content=\"vi_VN\" \/>\n<meta property=\"og:type\" content=\"article\" \/>\n<meta property=\"og:title\" content=\"Bao c\u01a1 Allin 2\u00d73 - Jay Billiards - Chuy\u00ean g\u1eady Bida ch\u00ednh h\u00e3ng gi\u00e1 t\u1ed1t\" \/>\n<meta property=\"og:description\" content=\"Categories: Ph\u1ee5 ki\u1ec7n ch\u00ednh h\u00e3ng, Bao \u0111\u1ef1ng c\u01a1 Tags: Bao c\u01a1 Allin, Bao c\u01a1 Allin ch\u00ednh h\u00e3ng, Bao \u0111\u1ef1ng c\u01a1 Allin. Chia s\u1ebb: B\u1ea3o hi\u1ec3m c\u1ea3 l\u1ed7i ng\u01b0\u1eddi d\u00f9ng trong 5 n\u0103m.\" \/>\n<meta property=\"og:url\" content=\"https:\/\/jaybillards.azdigi.shop\/?product=bao-co-allin-2x3\" \/>\n<meta property=\"og:site_name\" content=\"Jay Billiards - Chuy\u00ean g\u1eady Bida ch\u00ednh h\u00e3ng gi\u00e1 t\u1ed1t\" \/>\n<meta property=\"article:modified_time\" content=\"2026-04-11T13:06:16+00:00\" \/>\n<meta property=\"og:image\" content=\"https:\/\/jaybillards.azdigi.shop\/wp-content\/uploads\/2026\/03\/s2-1024x1024.png\" \/>\n\t<meta property=\"og:image:width\" content=\"1024\" \/>\n\t<meta property=\"og:image:height\" content=\"1024\" \/>\n\t<meta property=\"og:image:type\" content=\"image\/png\" \/>\n<meta name=\"twitter:card\" content=\"summary_large_image\" \/>\n<meta name=\"twitter:label1\" content=\"\u01af\u1edbc t\u00ednh th\u1eddi gian \u0111\u1ecdc\" \/>\n\t<meta name=\"twitter:data1\" content=\"1 ph\u00fat\" \/>\n<script type=\"application\/ld+json\" class=\"yoast-schema-graph\">{\"@context\":\"https:\/\/schema.org\",\"@graph\":[{\"@type\":\"WebPage\",\"@id\":\"https:\/\/jaybillards.azdigi.shop\/?product=bao-co-allin-2x3\",\"url\":\"https:\/\/jaybillards.azdigi.shop\/?product=bao-co-allin-2x3\",\"name\":\"Bao c\u01a1 Allin 2\u00d73 - Jay Billiards - Chuy\u00ean g\u1eady Bida ch\u00ednh h\u00e3ng gi\u00e1 t\u1ed1t\",\"isPartOf\":{\"@id\":\"https:\/\/jaybillards.azdigi.shop\/#website\"},\"primaryImageOfPage\":{\"@id\":\"https:\/\/jaybillards.azdigi.shop\/?product=bao-co-allin-2x3#primaryimage\"},\"image\":{\"@id\":\"https:\/\/jaybillards.azdigi.shop\/?product=bao-co-allin-2x3#primaryimage\"},\"thumbnailUrl\":\"https:\/\/jaybillards.azdigi.shop\/wp-content\/uploads\/2026\/03\/s2.png\",\"datePublished\":\"2026-03-26T18:26:05+00:00\",\"dateModified\":\"2026-04-11T13:06:16+00:00\",\"description\":\"Categories: Ph\u1ee5 ki\u1ec7n ch\u00ednh h\u00e3ng, Bao \u0111\u1ef1ng c\u01a1 Tags: Bao c\u01a1 Allin, Bao c\u01a1 Allin ch\u00ednh h\u00e3ng, Bao \u0111\u1ef1ng c\u01a1 Allin. Chia s\u1ebb: B\u1ea3o hi\u1ec3m c\u1ea3 l\u1ed7i ng\u01b0\u1eddi d\u00f9ng trong 5 n\u0103m.\",\"breadcrumb\":{\"@id\":\"https:\/\/jaybillards.azdigi.shop\/?product=bao-co-allin-2x3#breadcrumb\"},\"inLanguage\":\"vi\",\"potentialAction\":[{\"@type\":\"ReadAction\",\"target\":[\"https:\/\/jaybillards.azdigi.shop\/?product=bao-co-allin-2x3\"]}]},{\"@type\":\"ImageObject\",\"inLanguage\":\"vi\",\"@id\":\"https:\/\/jaybillards.azdigi.shop\/?product=bao-co-allin-2x3#primaryimage\",\"url\":\"https:\/\/jaybillards.azdigi.shop\/wp-content\/uploads\/2026\/03\/s2.png\",\"contentUrl\":\"https:\/\/jaybillards.azdigi.shop\/wp-content\/uploads\/2026\/03\/s2.png\",\"width\":2000,\"height\":2000},{\"@type\":\"BreadcrumbList\",\"@id\":\"https:\/\/jaybillards.azdigi.shop\/?product=bao-co-allin-2x3#breadcrumb\",\"itemListElement\":[{\"@type\":\"ListItem\",\"position\":1,\"name\":\"Trang ch\u1ee7\",\"item\":\"https:\/\/jaybillards.azdigi.shop\/\"},{\"@type\":\"ListItem\",\"position\":2,\"name\":\"C\u1eeda h\u00e0ng\",\"item\":\"https:\/\/jaybillards.azdigi.shop\/?page_id=274\"},{\"@type\":\"ListItem\",\"position\":3,\"name\":\"Bao c\u01a1 Allin 2\u00d73\"}]},{\"@type\":\"WebSite\",\"@id\":\"https:\/\/jaybillards.azdigi.shop\/#website\",\"url\":\"https:\/\/jaybillards.azdigi.shop\/\",\"name\":\"Jay Billiards - Chuy\u00ean g\u1eady Bida ch\u00ednh h\u00e3ng gi\u00e1 t\u1ed1t\",\"description\":\"\",\"potentialAction\":[{\"@type\":\"SearchAction\",\"target\":{\"@type\":\"EntryPoint\",\"urlTemplate\":\"https:\/\/jaybillards.azdigi.shop\/?s={search_term_string}\"},\"query-input\":{\"@type\":\"PropertyValueSpecification\",\"valueRequired\":true,\"valueName\":\"search_term_string\"}}],\"inLanguage\":\"vi\"}]}<\/script>\n<!-- \/ Yoast SEO plugin. -->","yoast_head_json":{"title":"Bao c\u01a1 Allin 2\u00d73 - Jay Billiards - Chuy\u00ean g\u1eady Bida ch\u00ednh h\u00e3ng gi\u00e1 t\u1ed1t","description":"Categories: Ph\u1ee5 ki\u1ec7n ch\u00ednh h\u00e3ng, Bao \u0111\u1ef1ng c\u01a1 Tags: Bao c\u01a1 Allin, Bao c\u01a1 Allin ch\u00ednh h\u00e3ng, Bao \u0111\u1ef1ng c\u01a1 Allin. Chia s\u1ebb: B\u1ea3o hi\u1ec3m c\u1ea3 l\u1ed7i ng\u01b0\u1eddi d\u00f9ng trong 5 n\u0103m.","robots":{"index":"index","follow":"follow","max-snippet":"max-snippet:-1","max-image-preview":"max-image-preview:large","max-video-preview":"max-video-preview:-1"},"canonical":"https:\/\/jaybillards.azdigi.shop\/?product=bao-co-allin-2x3","og_locale":"vi_VN","og_type":"article","og_title":"Bao c\u01a1 Allin 2\u00d73 - Jay Billiards - Chuy\u00ean g\u1eady Bida ch\u00ednh h\u00e3ng gi\u00e1 t\u1ed1t","og_description":"Categories: Ph\u1ee5 ki\u1ec7n ch\u00ednh h\u00e3ng, Bao \u0111\u1ef1ng c\u01a1 Tags: Bao c\u01a1 Allin, Bao c\u01a1 Allin ch\u00ednh h\u00e3ng, Bao \u0111\u1ef1ng c\u01a1 Allin. Chia s\u1ebb: B\u1ea3o hi\u1ec3m c\u1ea3 l\u1ed7i ng\u01b0\u1eddi d\u00f9ng trong 5 n\u0103m.","og_url":"https:\/\/jaybillards.azdigi.shop\/?product=bao-co-allin-2x3","og_site_name":"Jay Billiards - Chuy\u00ean g\u1eady Bida ch\u00ednh h\u00e3ng gi\u00e1 t\u1ed1t","article_modified_time":"2026-04-11T13:06:16+00:00","og_image":[{"width":1024,"height":1024,"url":"https:\/\/jaybillards.azdigi.shop\/wp-content\/uploads\/2026\/03\/s2-1024x1024.png","type":"image\/png"}],"twitter_card":"summary_large_image","twitter_misc":{"\u01af\u1edbc t\u00ednh th\u1eddi gian \u0111\u1ecdc":"1 ph\u00fat"},"schema":{"@context":"https:\/\/schema.org","@graph":[{"@type":"WebPage","@id":"https:\/\/jaybillards.azdigi.shop\/?product=bao-co-allin-2x3","url":"https:\/\/jaybillards.azdigi.shop\/?product=bao-co-allin-2x3","name":"Bao c\u01a1 Allin 2\u00d73 - Jay Billiards - Chuy\u00ean g\u1eady Bida ch\u00ednh h\u00e3ng gi\u00e1 t\u1ed1t","isPartOf":{"@id":"https:\/\/jaybillards.azdigi.shop\/#website"},"primaryImageOfPage":{"@id":"https:\/\/jaybillards.azdigi.shop\/?product=bao-co-allin-2x3#primaryimage"},"image":{"@id":"https:\/\/jaybillards.azdigi.shop\/?product=bao-co-allin-2x3#primaryimage"},"thumbnailUrl":"https:\/\/jaybillards.azdigi.shop\/wp-content\/uploads\/2026\/03\/s2.png","datePublished":"2026-03-26T18:26:05+00:00","dateModified":"2026-04-11T13:06:16+00:00","description":"Categories: Ph\u1ee5 ki\u1ec7n ch\u00ednh h\u00e3ng, Bao \u0111\u1ef1ng c\u01a1 Tags: Bao c\u01a1 Allin, Bao c\u01a1 Allin ch\u00ednh h\u00e3ng, Bao \u0111\u1ef1ng c\u01a1 Allin. Chia s\u1ebb: B\u1ea3o hi\u1ec3m c\u1ea3 l\u1ed7i ng\u01b0\u1eddi d\u00f9ng trong 5 n\u0103m.","breadcrumb":{"@id":"https:\/\/jaybillards.azdigi.shop\/?product=bao-co-allin-2x3#breadcrumb"},"inLanguage":"vi","potentialAction":[{"@type":"ReadAction","target":["https:\/\/jaybillards.azdigi.shop\/?product=bao-co-allin-2x3"]}]},{"@type":"ImageObject","inLanguage":"vi","@id":"https:\/\/jaybillards.azdigi.shop\/?product=bao-co-allin-2x3#primaryimage","url":"https:\/\/jaybillards.azdigi.shop\/wp-content\/uploads\/2026\/03\/s2.png","contentUrl":"https:\/\/jaybillards.azdigi.shop\/wp-content\/uploads\/2026\/03\/s2.png","width":2000,"height":2000},{"@type":"BreadcrumbList","@id":"https:\/\/jaybillards.azdigi.shop\/?product=bao-co-allin-2x3#breadcrumb","itemListElement":[{"@type":"ListItem","position":1,"name":"Trang ch\u1ee7","item":"https:\/\/jaybillards.azdigi.shop\/"},{"@type":"ListItem","position":2,"name":"C\u1eeda h\u00e0ng","item":"https:\/\/jaybillards.azdigi.shop\/?page_id=274"},{"@type":"ListItem","position":3,"name":"Bao c\u01a1 Allin 2\u00d73"}]},{"@type":"WebSite","@id":"https:\/\/jaybillards.azdigi.shop\/#website","url":"https:\/\/jaybillards.azdigi.shop\/","name":"Jay Billiards - Chuy\u00ean g\u1eady Bida ch\u00ednh h\u00e3ng gi\u00e1 t\u1ed1t","description":"","potentialAction":[{"@type":"SearchAction","target":{"@type":"EntryPoint","urlTemplate":"https:\/\/jaybillards.azdigi.shop\/?s={search_term_string}"},"query-input":{"@type":"PropertyValueSpecification","valueRequired":true,"valueName":"search_term_string"}}],"inLanguage":"vi"}]}},"_links":{"self":[{"href":"https:\/\/jaybillards.azdigi.shop\/index.php?rest_route=\/wp\/v2\/product\/453","targetHints":{"allow":["GET"]}}],"collection":[{"href":"https:\/\/jaybillards.azdigi.shop\/index.php?rest_route=\/wp\/v2\/product"}],"about":[{"href":"https:\/\/jaybillards.azdigi.shop\/index.php?rest_route=\/wp\/v2\/types\/product"}],"replies":[{"embeddable":true,"href":"https:\/\/jaybillards.azdigi.shop\/index.php?rest_route=%2Fwp%2Fv2%2Fcomments&post=453"}],"wp:featuredmedia":[{"embeddable":true,"href":"https:\/\/jaybillards.azdigi.shop\/index.php?rest_route=\/wp\/v2\/media\/1444"}],"wp:attachment":[{"href":"https:\/\/jaybillards.azdigi.shop\/index.php?rest_route=%2Fwp%2Fv2%2Fmedia&parent=453"}],"wp:term":[{"taxonomy":"product_brand","embeddable":true,"href":"https:\/\/jaybillards.azdigi.shop\/index.php?rest_route=%2Fwp%2Fv2%2Fproduct_brand&post=453"},{"taxonomy":"product_cat","embeddable":true,"href":"https:\/\/jaybillards.azdigi.shop\/index.php?rest_route=%2Fwp%2Fv2%2Fproduct_cat&post=453"},{"taxonomy":"product_tag","embeddable":true,"href":"https:\/\/jaybillards.azdigi.shop\/index.php?rest_route=%2Fwp%2Fv2%2Fproduct_tag&post=453"}],"curies":[{"name":"wp","href":"https:\/\/api.w.org\/{rel}","templated":true}]}}