{"id":448,"date":"2026-03-27T01:23:19","date_gmt":"2026-03-26T18:23:19","guid":{"rendered":"https:\/\/jaybillards.azdigi.shop\/?post_type=product&#038;p=448"},"modified":"2026-04-06T15:54:42","modified_gmt":"2026-04-06T08:54:42","slug":"bao-co-fury","status":"publish","type":"product","link":"https:\/\/jaybillards.azdigi.shop\/?product=bao-co-fury","title":{"rendered":"Bao c\u01a1 Fury"},"content":{"rendered":"<p><strong>H\u00c0NG NH\u1eacP CH\u00cdNH H\u00c3NG TAIWAN<\/strong><\/p>\n<p><strong>H\u1ed8P NH\u1ef0A C\u1ee8NG CH\u1ed0NG VA \u0110\u00c2PJ , H\u00c0NG CAO C\u1ea4P TH\u01af\u01a0NG HI\u1ec6U FURY<\/strong><\/p>\n<p><strong>\u0110\u1ec2 \u0110\u01af\u1ee2C 2 C\u00c1N , 3 NG\u1eccN (2&#215;3)<\/strong><\/p>\n<div class=\"flex flex-col text-sm pb-25\">\n<section class=\"text-token-text-primary w-full focus:outline-none [--shadow-height:45px] has-data-writing-block:pointer-events-none has-data-writing-block:-mt-(--shadow-height) has-data-writing-block:pt-(--shadow-height) [&amp;:has([data-writing-block])&gt;*]:pointer-events-auto scroll-mt-[calc(var(--header-height)+min(200px,max(70px,20svh)))]\" dir=\"auto\" data-turn-id=\"request-WEB:666c61f0-fe0d-4f71-886a-d8516bc9996c-11\" data-testid=\"conversation-turn-24\" data-scroll-anchor=\"true\" data-turn=\"assistant\">\n<div class=\"text-base my-auto mx-auto pb-10 [--thread-content-margin:var(--thread-content-margin-xs,calc(var(--spacing)*4))] @w-sm\/main:[--thread-content-margin:var(--thread-content-margin-sm,calc(var(--spacing)*6))] @w-lg\/main:[--thread-content-margin:var(--thread-content-margin-lg,calc(var(--spacing)*16))] px-(--thread-content-margin)\">\n<div class=\"[--thread-content-max-width:40rem] @w-lg\/main:[--thread-content-max-width:48rem] mx-auto max-w-(--thread-content-max-width) flex-1 group\/turn-messages focus-visible:outline-hidden relative flex w-full min-w-0 flex-col agent-turn\">\n<div class=\"flex max-w-full flex-col gap-4 grow\">\n<div class=\"min-h-8 text-message relative flex w-full flex-col items-end gap-2 text-start break-words whitespace-normal outline-none keyboard-focused:focus-ring [.text-message+&amp;]:mt-1\" dir=\"auto\" tabindex=\"0\" data-message-author-role=\"assistant\" data-message-id=\"88622071-c050-4a42-94a7-875a4c07ab7b\" data-message-model-slug=\"gpt-5-3\" data-turn-start-message=\"true\">\n<div class=\"flex w-full flex-col gap-1 empty:hidden\">\n<div class=\"markdown prose dark:prose-invert w-full wrap-break-word light markdown-new-styling\">\n<p data-start=\"0\" data-end=\"354\"><strong data-start=\"0\" data-end=\"15\">Bao c\u01a1 Fury<\/strong> l\u00e0 ph\u1ee5 ki\u1ec7n cao c\u1ea5p \u0111\u1ebfn t\u1eeb th\u01b0\u01a1ng hi\u1ec7u <span class=\"hover:entity-accent entity-underline inline cursor-pointer align-baseline\"><span class=\"whitespace-normal\">Fury Cues<\/span><\/span>, \u0111\u01b0\u1ee3c nh\u1eadp kh\u1ea9u ch\u00ednh h\u00e3ng t\u1eeb Taiwan, \u0111\u1ea3m b\u1ea3o ch\u1ea5t l\u01b0\u1ee3ng v\u00e0 \u0111\u1ed9 ho\u00e0n thi\u1ec7n cao. S\u1ea3n ph\u1ea9m \u0111\u01b0\u1ee3c thi\u1ebft k\u1ebf v\u1edbi l\u1edbp v\u1ecf nh\u1ef1a c\u1ee9ng ch\u1eafc ch\u1eafn, c\u00f3 kh\u1ea3 n\u0103ng ch\u1ed1ng va \u0111\u1eadp hi\u1ec7u qu\u1ea3, gi\u00fap b\u1ea3o v\u1ec7 t\u1ed1i \u0111a c\u01a1 bida kh\u1ecfi c\u00e1c t\u00e1c \u0111\u1ed9ng b\u00ean ngo\u00e0i trong qu\u00e1 tr\u00ecnh di chuy\u1ec3n v\u00e0 s\u1eed d\u1ee5ng.<\/p>\n<p data-start=\"356\" data-end=\"703\">Bao c\u01a1 c\u00f3 s\u1ee9c ch\u1ee9a ti\u00eau chu\u1ea9n 2&#215;3 (2 c\u00e1n, 3 ng\u1ecdn), ph\u00f9 h\u1ee3p v\u1edbi nhu c\u1ea7u c\u1ee7a \u0111a s\u1ed1 ng\u01b0\u1eddi ch\u01a1i t\u1eeb b\u00e1n chuy\u00ean \u0111\u1ebfn chuy\u00ean nghi\u1ec7p. Kh\u00f4ng gian b\u00ean trong \u0111\u01b0\u1ee3c b\u1ed1 tr\u00ed khoa h\u1ecdc, gi\u00fap gi\u1eef c\u01a1 c\u1ed1 \u0111\u1ecbnh, h\u1ea1n ch\u1ebf tr\u1ea7y x\u01b0\u1edbc v\u00e0 va ch\u1ea1m gi\u1eefa c\u00e1c b\u1ed9 ph\u1eadn. Ngo\u00e0i ra, l\u1edbp l\u00f3t b\u00ean trong \u00eam \u00e1i c\u00f2n g\u00f3p ph\u1ea7n t\u0103ng kh\u1ea3 n\u0103ng b\u1ea3o v\u1ec7, gi\u1eef cho c\u01a1 lu\u00f4n trong t\u00ecnh tr\u1ea1ng t\u1ed1t nh\u1ea5t.<\/p>\n<p data-start=\"705\" data-end=\"938\">Thi\u1ebft k\u1ebf b\u00ean ngo\u00e0i c\u1ee7a bao c\u01a1 Fury mang phong c\u00e1ch hi\u1ec7n \u0111\u1ea1i, g\u1ecdn g\u00e0ng nh\u01b0ng v\u1eabn to\u00e1t l\u00ean s\u1ef1 sang tr\u1ecdng v\u00e0 chuy\u00ean nghi\u1ec7p. Tay c\u1ea7m ch\u1eafc ch\u1eafn k\u1ebft h\u1ee3p c\u00f9ng d\u00e2y \u0111eo ti\u1ec7n l\u1ee3i gi\u00fap ng\u01b0\u1eddi ch\u01a1i d\u1ec5 d\u00e0ng mang theo khi \u0111i thi \u0111\u1ea5u ho\u1eb7c luy\u1ec7n t\u1eadp.<\/p>\n<p data-start=\"940\" data-end=\"1113\" data-is-last-node=\"\" data-is-only-node=\"\">V\u1edbi \u0111\u1ed9 b\u1ec1n cao, kh\u1ea3 n\u0103ng b\u1ea3o v\u1ec7 v\u01b0\u1ee3t tr\u1ed9i c\u00f9ng thi\u1ebft k\u1ebf ti\u1ec7n d\u1ee5ng, bao c\u01a1 Fury l\u00e0 l\u1ef1a ch\u1ecdn l\u00fd t\u01b0\u1edfng cho nh\u1eefng ai mu\u1ed1n b\u1ea3o qu\u1ea3n v\u00e0 n\u00e2ng cao tu\u1ed5i th\u1ecd cho c\u00e2y c\u01a1 bida c\u1ee7a m\u00ecnh.<\/p>\n<\/div>\n<\/div>\n<\/div>\n<\/div>\n<div class=\"z-0 flex min-h-[46px] justify-start\"><\/div>\n<div class=\"mt-3 w-full empty:hidden\">\n<div class=\"text-center\"><\/div>\n<\/div>\n<\/div>\n<\/div>\n<\/section>\n<\/div>\n<div class=\"pointer-events-none h-px w-px absolute bottom-0\" aria-hidden=\"true\" data-edge=\"true\"><\/div>\n","protected":false},"excerpt":{"rendered":"<p>H\u00c0NG NH\u1eacP CH\u00cdNH H\u00c3NG TAIWAN H\u1ed8P NH\u1ef0A C\u1ee8NG CH\u1ed0NG VA \u0110\u00c2PJ , H\u00c0NG CAO C\u1ea4P TH\u01af\u01a0NG HI\u1ec6U FURY \u0110\u1ec2 \u0110\u01af\u1ee2C 2 C\u00c1N , 3 NG\u1eccN (2&#215;3) Bao c\u01a1 Fury l\u00e0 ph\u1ee5 ki\u1ec7n cao c\u1ea5p \u0111\u1ebfn t\u1eeb th\u01b0\u01a1ng hi\u1ec7u Fury Cues, \u0111\u01b0\u1ee3c nh\u1eadp kh\u1ea9u ch\u00ednh h\u00e3ng t\u1eeb Taiwan, \u0111\u1ea3m b\u1ea3o ch\u1ea5t l\u01b0\u1ee3ng v\u00e0 \u0111\u1ed9 ho\u00e0n thi\u1ec7n [&#8230;]\n","protected":false},"featured_media":1313,"comment_status":"open","ping_status":"closed","template":"","meta":[],"product_brand":[],"product_cat":[72],"product_tag":[73],"class_list":{"0":"post-448","1":"product","2":"type-product","3":"status-publish","4":"has-post-thumbnail","6":"product_cat-bao-dung-co","7":"product_tag-bao-co-fury","9":"first","10":"instock","11":"shipping-taxable","12":"purchasable","13":"product-type-simple"},"yoast_head":"<!-- This site is optimized with the Yoast SEO plugin v27.2 - https:\/\/yoast.com\/product\/yoast-seo-wordpress\/ -->\n<title>Bao c\u01a1 Fury - Jay Billiards - Chuy\u00ean g\u1eady Bida ch\u00ednh h\u00e3ng gi\u00e1 t\u1ed1t<\/title>\n<meta name=\"description\" content=\"Categories: Ph\u1ee5 ki\u1ec7n ch\u00ednh h\u00e3ng, Bao \u0111\u1ef1ng c\u01a1 Tags: Bao c\u01a1 Fury ch\u00ednh h\u00e3ng, Bao \u0111\u1ef1ng c\u01a1 Fury, Bao c\u01a1 Fury. Chia s\u1ebb: B\u1ea3o hi\u1ec3m c\u1ea3 l\u1ed7i ng\u01b0\u1eddi d\u00f9ng trong 5 n\u0103m.\" \/>\n<meta name=\"robots\" content=\"index, follow, max-snippet:-1, max-image-preview:large, max-video-preview:-1\" \/>\n<link rel=\"canonical\" href=\"https:\/\/jaybillards.azdigi.shop\/?product=bao-co-fury\" \/>\n<meta property=\"og:locale\" content=\"vi_VN\" \/>\n<meta property=\"og:type\" content=\"article\" \/>\n<meta property=\"og:title\" content=\"Bao c\u01a1 Fury - Jay Billiards - Chuy\u00ean g\u1eady Bida ch\u00ednh h\u00e3ng gi\u00e1 t\u1ed1t\" \/>\n<meta property=\"og:description\" content=\"Categories: Ph\u1ee5 ki\u1ec7n ch\u00ednh h\u00e3ng, Bao \u0111\u1ef1ng c\u01a1 Tags: Bao c\u01a1 Fury ch\u00ednh h\u00e3ng, Bao \u0111\u1ef1ng c\u01a1 Fury, Bao c\u01a1 Fury. Chia s\u1ebb: B\u1ea3o hi\u1ec3m c\u1ea3 l\u1ed7i ng\u01b0\u1eddi d\u00f9ng trong 5 n\u0103m.\" \/>\n<meta property=\"og:url\" content=\"https:\/\/jaybillards.azdigi.shop\/?product=bao-co-fury\" \/>\n<meta property=\"og:site_name\" content=\"Jay Billiards - Chuy\u00ean g\u1eady Bida ch\u00ednh h\u00e3ng gi\u00e1 t\u1ed1t\" \/>\n<meta property=\"article:modified_time\" content=\"2026-04-06T08:54:42+00:00\" \/>\n<meta property=\"og:image\" content=\"https:\/\/jaybillards.azdigi.shop\/wp-content\/uploads\/2026\/03\/2-Photoroom-10-1024x1024.png\" \/>\n\t<meta property=\"og:image:width\" content=\"1024\" \/>\n\t<meta property=\"og:image:height\" content=\"1024\" \/>\n\t<meta property=\"og:image:type\" content=\"image\/png\" \/>\n<meta name=\"twitter:card\" content=\"summary_large_image\" \/>\n<meta name=\"twitter:label1\" content=\"\u01af\u1edbc t\u00ednh th\u1eddi gian \u0111\u1ecdc\" \/>\n\t<meta name=\"twitter:data1\" content=\"2 ph\u00fat\" \/>\n<script type=\"application\/ld+json\" class=\"yoast-schema-graph\">{\"@context\":\"https:\/\/schema.org\",\"@graph\":[{\"@type\":\"WebPage\",\"@id\":\"https:\/\/jaybillards.azdigi.shop\/?product=bao-co-fury\",\"url\":\"https:\/\/jaybillards.azdigi.shop\/?product=bao-co-fury\",\"name\":\"Bao c\u01a1 Fury - Jay Billiards - Chuy\u00ean g\u1eady Bida ch\u00ednh h\u00e3ng gi\u00e1 t\u1ed1t\",\"isPartOf\":{\"@id\":\"https:\/\/jaybillards.azdigi.shop\/#website\"},\"primaryImageOfPage\":{\"@id\":\"https:\/\/jaybillards.azdigi.shop\/?product=bao-co-fury#primaryimage\"},\"image\":{\"@id\":\"https:\/\/jaybillards.azdigi.shop\/?product=bao-co-fury#primaryimage\"},\"thumbnailUrl\":\"https:\/\/jaybillards.azdigi.shop\/wp-content\/uploads\/2026\/03\/2-Photoroom-10.png\",\"datePublished\":\"2026-03-26T18:23:19+00:00\",\"dateModified\":\"2026-04-06T08:54:42+00:00\",\"description\":\"Categories: Ph\u1ee5 ki\u1ec7n ch\u00ednh h\u00e3ng, Bao \u0111\u1ef1ng c\u01a1 Tags: Bao c\u01a1 Fury ch\u00ednh h\u00e3ng, Bao \u0111\u1ef1ng c\u01a1 Fury, Bao c\u01a1 Fury. Chia s\u1ebb: B\u1ea3o hi\u1ec3m c\u1ea3 l\u1ed7i ng\u01b0\u1eddi d\u00f9ng trong 5 n\u0103m.\",\"breadcrumb\":{\"@id\":\"https:\/\/jaybillards.azdigi.shop\/?product=bao-co-fury#breadcrumb\"},\"inLanguage\":\"vi\",\"potentialAction\":[{\"@type\":\"ReadAction\",\"target\":[\"https:\/\/jaybillards.azdigi.shop\/?product=bao-co-fury\"]}]},{\"@type\":\"ImageObject\",\"inLanguage\":\"vi\",\"@id\":\"https:\/\/jaybillards.azdigi.shop\/?product=bao-co-fury#primaryimage\",\"url\":\"https:\/\/jaybillards.azdigi.shop\/wp-content\/uploads\/2026\/03\/2-Photoroom-10.png\",\"contentUrl\":\"https:\/\/jaybillards.azdigi.shop\/wp-content\/uploads\/2026\/03\/2-Photoroom-10.png\",\"width\":2000,\"height\":2000},{\"@type\":\"BreadcrumbList\",\"@id\":\"https:\/\/jaybillards.azdigi.shop\/?product=bao-co-fury#breadcrumb\",\"itemListElement\":[{\"@type\":\"ListItem\",\"position\":1,\"name\":\"Trang ch\u1ee7\",\"item\":\"https:\/\/jaybillards.azdigi.shop\/\"},{\"@type\":\"ListItem\",\"position\":2,\"name\":\"C\u1eeda h\u00e0ng\",\"item\":\"https:\/\/jaybillards.azdigi.shop\/?page_id=274\"},{\"@type\":\"ListItem\",\"position\":3,\"name\":\"Bao c\u01a1 Fury\"}]},{\"@type\":\"WebSite\",\"@id\":\"https:\/\/jaybillards.azdigi.shop\/#website\",\"url\":\"https:\/\/jaybillards.azdigi.shop\/\",\"name\":\"Jay Billiards - Chuy\u00ean g\u1eady Bida ch\u00ednh h\u00e3ng gi\u00e1 t\u1ed1t\",\"description\":\"\",\"potentialAction\":[{\"@type\":\"SearchAction\",\"target\":{\"@type\":\"EntryPoint\",\"urlTemplate\":\"https:\/\/jaybillards.azdigi.shop\/?s={search_term_string}\"},\"query-input\":{\"@type\":\"PropertyValueSpecification\",\"valueRequired\":true,\"valueName\":\"search_term_string\"}}],\"inLanguage\":\"vi\"}]}<\/script>\n<!-- \/ Yoast SEO plugin. -->","yoast_head_json":{"title":"Bao c\u01a1 Fury - Jay Billiards - Chuy\u00ean g\u1eady Bida ch\u00ednh h\u00e3ng gi\u00e1 t\u1ed1t","description":"Categories: Ph\u1ee5 ki\u1ec7n ch\u00ednh h\u00e3ng, Bao \u0111\u1ef1ng c\u01a1 Tags: Bao c\u01a1 Fury ch\u00ednh h\u00e3ng, Bao \u0111\u1ef1ng c\u01a1 Fury, Bao c\u01a1 Fury. Chia s\u1ebb: B\u1ea3o hi\u1ec3m c\u1ea3 l\u1ed7i ng\u01b0\u1eddi d\u00f9ng trong 5 n\u0103m.","robots":{"index":"index","follow":"follow","max-snippet":"max-snippet:-1","max-image-preview":"max-image-preview:large","max-video-preview":"max-video-preview:-1"},"canonical":"https:\/\/jaybillards.azdigi.shop\/?product=bao-co-fury","og_locale":"vi_VN","og_type":"article","og_title":"Bao c\u01a1 Fury - Jay Billiards - Chuy\u00ean g\u1eady Bida ch\u00ednh h\u00e3ng gi\u00e1 t\u1ed1t","og_description":"Categories: Ph\u1ee5 ki\u1ec7n ch\u00ednh h\u00e3ng, Bao \u0111\u1ef1ng c\u01a1 Tags: Bao c\u01a1 Fury ch\u00ednh h\u00e3ng, Bao \u0111\u1ef1ng c\u01a1 Fury, Bao c\u01a1 Fury. Chia s\u1ebb: B\u1ea3o hi\u1ec3m c\u1ea3 l\u1ed7i ng\u01b0\u1eddi d\u00f9ng trong 5 n\u0103m.","og_url":"https:\/\/jaybillards.azdigi.shop\/?product=bao-co-fury","og_site_name":"Jay Billiards - Chuy\u00ean g\u1eady Bida ch\u00ednh h\u00e3ng gi\u00e1 t\u1ed1t","article_modified_time":"2026-04-06T08:54:42+00:00","og_image":[{"width":1024,"height":1024,"url":"https:\/\/jaybillards.azdigi.shop\/wp-content\/uploads\/2026\/03\/2-Photoroom-10-1024x1024.png","type":"image\/png"}],"twitter_card":"summary_large_image","twitter_misc":{"\u01af\u1edbc t\u00ednh th\u1eddi gian \u0111\u1ecdc":"2 ph\u00fat"},"schema":{"@context":"https:\/\/schema.org","@graph":[{"@type":"WebPage","@id":"https:\/\/jaybillards.azdigi.shop\/?product=bao-co-fury","url":"https:\/\/jaybillards.azdigi.shop\/?product=bao-co-fury","name":"Bao c\u01a1 Fury - Jay Billiards - Chuy\u00ean g\u1eady Bida ch\u00ednh h\u00e3ng gi\u00e1 t\u1ed1t","isPartOf":{"@id":"https:\/\/jaybillards.azdigi.shop\/#website"},"primaryImageOfPage":{"@id":"https:\/\/jaybillards.azdigi.shop\/?product=bao-co-fury#primaryimage"},"image":{"@id":"https:\/\/jaybillards.azdigi.shop\/?product=bao-co-fury#primaryimage"},"thumbnailUrl":"https:\/\/jaybillards.azdigi.shop\/wp-content\/uploads\/2026\/03\/2-Photoroom-10.png","datePublished":"2026-03-26T18:23:19+00:00","dateModified":"2026-04-06T08:54:42+00:00","description":"Categories: Ph\u1ee5 ki\u1ec7n ch\u00ednh h\u00e3ng, Bao \u0111\u1ef1ng c\u01a1 Tags: Bao c\u01a1 Fury ch\u00ednh h\u00e3ng, Bao \u0111\u1ef1ng c\u01a1 Fury, Bao c\u01a1 Fury. Chia s\u1ebb: B\u1ea3o hi\u1ec3m c\u1ea3 l\u1ed7i ng\u01b0\u1eddi d\u00f9ng trong 5 n\u0103m.","breadcrumb":{"@id":"https:\/\/jaybillards.azdigi.shop\/?product=bao-co-fury#breadcrumb"},"inLanguage":"vi","potentialAction":[{"@type":"ReadAction","target":["https:\/\/jaybillards.azdigi.shop\/?product=bao-co-fury"]}]},{"@type":"ImageObject","inLanguage":"vi","@id":"https:\/\/jaybillards.azdigi.shop\/?product=bao-co-fury#primaryimage","url":"https:\/\/jaybillards.azdigi.shop\/wp-content\/uploads\/2026\/03\/2-Photoroom-10.png","contentUrl":"https:\/\/jaybillards.azdigi.shop\/wp-content\/uploads\/2026\/03\/2-Photoroom-10.png","width":2000,"height":2000},{"@type":"BreadcrumbList","@id":"https:\/\/jaybillards.azdigi.shop\/?product=bao-co-fury#breadcrumb","itemListElement":[{"@type":"ListItem","position":1,"name":"Trang ch\u1ee7","item":"https:\/\/jaybillards.azdigi.shop\/"},{"@type":"ListItem","position":2,"name":"C\u1eeda h\u00e0ng","item":"https:\/\/jaybillards.azdigi.shop\/?page_id=274"},{"@type":"ListItem","position":3,"name":"Bao c\u01a1 Fury"}]},{"@type":"WebSite","@id":"https:\/\/jaybillards.azdigi.shop\/#website","url":"https:\/\/jaybillards.azdigi.shop\/","name":"Jay Billiards - Chuy\u00ean g\u1eady Bida ch\u00ednh h\u00e3ng gi\u00e1 t\u1ed1t","description":"","potentialAction":[{"@type":"SearchAction","target":{"@type":"EntryPoint","urlTemplate":"https:\/\/jaybillards.azdigi.shop\/?s={search_term_string}"},"query-input":{"@type":"PropertyValueSpecification","valueRequired":true,"valueName":"search_term_string"}}],"inLanguage":"vi"}]}},"_links":{"self":[{"href":"https:\/\/jaybillards.azdigi.shop\/index.php?rest_route=\/wp\/v2\/product\/448","targetHints":{"allow":["GET"]}}],"collection":[{"href":"https:\/\/jaybillards.azdigi.shop\/index.php?rest_route=\/wp\/v2\/product"}],"about":[{"href":"https:\/\/jaybillards.azdigi.shop\/index.php?rest_route=\/wp\/v2\/types\/product"}],"replies":[{"embeddable":true,"href":"https:\/\/jaybillards.azdigi.shop\/index.php?rest_route=%2Fwp%2Fv2%2Fcomments&post=448"}],"wp:featuredmedia":[{"embeddable":true,"href":"https:\/\/jaybillards.azdigi.shop\/index.php?rest_route=\/wp\/v2\/media\/1313"}],"wp:attachment":[{"href":"https:\/\/jaybillards.azdigi.shop\/index.php?rest_route=%2Fwp%2Fv2%2Fmedia&parent=448"}],"wp:term":[{"taxonomy":"product_brand","embeddable":true,"href":"https:\/\/jaybillards.azdigi.shop\/index.php?rest_route=%2Fwp%2Fv2%2Fproduct_brand&post=448"},{"taxonomy":"product_cat","embeddable":true,"href":"https:\/\/jaybillards.azdigi.shop\/index.php?rest_route=%2Fwp%2Fv2%2Fproduct_cat&post=448"},{"taxonomy":"product_tag","embeddable":true,"href":"https:\/\/jaybillards.azdigi.shop\/index.php?rest_route=%2Fwp%2Fv2%2Fproduct_tag&post=448"}],"curies":[{"name":"wp","href":"https:\/\/api.w.org\/{rel}","templated":true}]}}