{"id":412,"date":"2026-03-27T00:34:58","date_gmt":"2026-03-26T17:34:58","guid":{"rendered":"https:\/\/jaybillards.azdigi.shop\/?post_type=product&#038;p=412"},"modified":"2026-04-06T15:48:00","modified_gmt":"2026-04-06T08:48:00","slug":"lo-tp","status":"publish","type":"product","link":"https:\/\/jaybillards.azdigi.shop\/?product=lo-tp","title":{"rendered":"L\u01a1 TP"},"content":{"rendered":"<p>L\u01a1 bida TP Pro (Turning Point Pro) l\u00e0 d\u00f2ng l\u01a1 cao c\u1ea5p \u0111\u01b0\u1ee3c thi\u1ebft k\u1ebf \u0111\u1ec3 n\u00e2ng cao hi\u1ec7u su\u1ea5t v\u00e0 \u0111\u1ed9 ch\u00ednh x\u00e1c trong t\u1eebng c\u00fa \u0111\u00e1nh. V\u1edbi c\u00f4ng ngh\u1ec7 ti\u00ean ti\u1ebfn v\u00e0 ch\u1ea5t li\u1ec7u ch\u1ea5t l\u01b0\u1ee3ng, TP Pro l\u00e0 l\u1ef1a ch\u1ecdn h\u00e0ng \u0111\u1ea7u cho c\u1ea3 ng\u01b0\u1eddi ch\u01a1i chuy\u00ean nghi\u1ec7p v\u00e0 b\u00e1n chuy\u00ean.<\/p>\n<p>\ud83c\udfaf Th\u00f4ng tin s\u1ea3n ph\u1ea9m<br \/>\nT\u00ean s\u1ea3n ph\u1ea9m: L\u01a1 Bida TP Pro<\/p>\n<p>Th\u01b0\u01a1ng hi\u1ec7u: Turning Point (TP)<\/p>\n<p>Xu\u1ea5t x\u1ee9: Trung Qu\u1ed1c<\/p>\n<p>\u0110\u1ed9 c\u1ee9ng: M (Medium)<\/p>\n<p>M\u00e0u s\u1eafc: Xanh D\u01b0\u01a1ng, Xanh L\u00e1<\/p>\n<p>Quy c\u00e1ch \u0111\u00f3ng g\u00f3i: 1 vi\u00ean<\/p>\n<p data-start=\"0\" data-end=\"340\"><strong data-start=\"0\" data-end=\"38\">L\u01a1 bida TP Pro (Turning Point Pro)<\/strong> l\u00e0 d\u00f2ng l\u01a1 cao c\u1ea5p \u0111\u1ebfn t\u1eeb <span class=\"hover:entity-accent entity-underline inline cursor-pointer align-baseline\"><span class=\"whitespace-normal\">Turning Point<\/span><\/span>, \u0111\u01b0\u1ee3c thi\u1ebft k\u1ebf nh\u1eb1m n\u00e2ng cao \u0111\u1ed9 b\u00e1m v\u00e0 \u0111\u1ed9 ch\u00ednh x\u00e1c trong t\u1eebng c\u00fa \u0111\u00e1nh. V\u1edbi c\u00f4ng ngh\u1ec7 s\u1ea3n xu\u1ea5t hi\u1ec7n \u0111\u1ea1i c\u00f9ng ch\u1ea5t li\u1ec7u ch\u1ea5t l\u01b0\u1ee3ng, TP Pro mang l\u1ea1i kh\u1ea3 n\u0103ng b\u00e1m \u0111\u1ea7u t\u1ea9y t\u1ed1t, h\u1ea1n ch\u1ebf tr\u01b0\u1ee3t c\u01a1 v\u00e0 gi\u00fap ng\u01b0\u1eddi ch\u01a1i ki\u1ec3m so\u00e1t xo\u00e1y hi\u1ec7u qu\u1ea3 h\u01a1n.<\/p>\n<p data-start=\"342\" data-end=\"606\">S\u1ea3n ph\u1ea9m c\u00f3 \u0111\u1ed9 c\u1ee9ng M (Medium), ph\u00f9 h\u1ee3p v\u1edbi nhi\u1ec1u lo\u1ea1i \u0111\u1ea7u t\u1ea9y kh\u00e1c nhau, t\u1eeb m\u1ec1m \u0111\u1ebfn c\u1ee9ng, \u0111\u00e1p \u1ee9ng nhu c\u1ea7u c\u1ee7a c\u1ea3 ng\u01b0\u1eddi ch\u01a1i b\u00e1n chuy\u00ean l\u1eabn chuy\u00ean nghi\u1ec7p. L\u01a1 TP Pro c\u00f2n \u0111\u01b0\u1ee3c \u0111\u00e1nh gi\u00e1 cao nh\u1edd l\u01b0\u1ee3ng b\u1ee5i th\u1ea5p, gi\u00fap gi\u1eef m\u1eb7t b\u00e0n v\u00e0 bi lu\u00f4n s\u1ea1ch trong qu\u00e1 tr\u00ecnh s\u1eed d\u1ee5ng.<\/p>\n<p data-start=\"608\" data-end=\"830\" data-is-last-node=\"\" data-is-only-node=\"\">V\u1edbi thi\u1ebft k\u1ebf nh\u1ecf g\u1ecdn, ti\u1ec7n l\u1ee3i c\u00f9ng hai m\u00e0u s\u1eafc ph\u1ed5 bi\u1ebfn l\u00e0 xanh d\u01b0\u01a1ng v\u00e0 xanh l\u00e1, TP Pro kh\u00f4ng ch\u1ec9 mang l\u1ea1i hi\u1ec7u n\u0103ng \u1ed5n \u0111\u1ecbnh m\u00e0 c\u00f2n l\u00e0 l\u1ef1a ch\u1ecdn ph\u00f9 h\u1ee3p cho nh\u1eefng ai mu\u1ed1n n\u00e2ng cao tr\u1ea3i nghi\u1ec7m thi \u0111\u1ea5u bida m\u1ed9t c\u00e1ch t\u1ed1i \u01b0u.<\/p>\n","protected":false},"excerpt":{"rendered":"<p>L\u01a1 bida TP Pro (Turning Point Pro) l\u00e0 d\u00f2ng l\u01a1 cao c\u1ea5p \u0111\u01b0\u1ee3c thi\u1ebft k\u1ebf \u0111\u1ec3 n\u00e2ng cao hi\u1ec7u su\u1ea5t v\u00e0 \u0111\u1ed9 ch\u00ednh x\u00e1c trong t\u1eebng c\u00fa \u0111\u00e1nh. V\u1edbi c\u00f4ng ngh\u1ec7 ti\u00ean ti\u1ebfn v\u00e0 ch\u1ea5t li\u1ec7u ch\u1ea5t l\u01b0\u1ee3ng, TP Pro l\u00e0 l\u1ef1a ch\u1ecdn h\u00e0ng \u0111\u1ea7u cho c\u1ea3 ng\u01b0\u1eddi ch\u01a1i chuy\u00ean nghi\u1ec7p v\u00e0 b\u00e1n chuy\u00ean. \ud83c\udfaf [&#8230;]\n","protected":false},"featured_media":1292,"comment_status":"open","ping_status":"closed","template":"","meta":[],"product_brand":[],"product_cat":[64],"product_tag":[67],"class_list":{"0":"post-412","1":"product","2":"type-product","3":"status-publish","4":"has-post-thumbnail","6":"product_cat-lo","7":"product_tag-lo-tp","9":"first","10":"instock","11":"shipping-taxable","12":"purchasable","13":"product-type-simple"},"yoast_head":"<!-- This site is optimized with the Yoast SEO plugin v27.2 - https:\/\/yoast.com\/product\/yoast-seo-wordpress\/ -->\n<title>L\u01a1 TP - Jay Billiards - Chuy\u00ean g\u1eady Bida ch\u00ednh h\u00e3ng gi\u00e1 t\u1ed1t<\/title>\n<meta name=\"description\" content=\"L\u01a0 TP \u2013 Lo\u1ea1i l\u01a1 \u0111\u01b0\u1ee3c nhi\u1ec1u c\u01a1 th\u1ee7 n\u1ed5i ti\u1ebfng t\u1ea1i Vi\u1ec7t Nam v\u00e0 th\u1ebf gi\u1edbi tin d\u00f9ng v\u1edbi ch\u1ea5t l\u01b0\u1ee3ng t\u1ed1t, m\u1ecbn, b\u00e1m l\u00e2u tr\u00ean \u0111\u1ea7u c\u01a1.\" \/>\n<meta name=\"robots\" content=\"index, follow, max-snippet:-1, max-image-preview:large, max-video-preview:-1\" \/>\n<link rel=\"canonical\" href=\"https:\/\/jaybillards.azdigi.shop\/?product=lo-tp\" \/>\n<meta property=\"og:locale\" content=\"vi_VN\" \/>\n<meta property=\"og:type\" content=\"article\" \/>\n<meta property=\"og:title\" content=\"L\u01a1 TP - Jay Billiards - Chuy\u00ean g\u1eady Bida ch\u00ednh h\u00e3ng gi\u00e1 t\u1ed1t\" \/>\n<meta property=\"og:description\" content=\"L\u01a0 TP \u2013 Lo\u1ea1i l\u01a1 \u0111\u01b0\u1ee3c nhi\u1ec1u c\u01a1 th\u1ee7 n\u1ed5i ti\u1ebfng t\u1ea1i Vi\u1ec7t Nam v\u00e0 th\u1ebf gi\u1edbi tin d\u00f9ng v\u1edbi ch\u1ea5t l\u01b0\u1ee3ng t\u1ed1t, m\u1ecbn, b\u00e1m l\u00e2u tr\u00ean \u0111\u1ea7u c\u01a1.\" \/>\n<meta property=\"og:url\" content=\"https:\/\/jaybillards.azdigi.shop\/?product=lo-tp\" \/>\n<meta property=\"og:site_name\" content=\"Jay Billiards - Chuy\u00ean g\u1eady Bida ch\u00ednh h\u00e3ng gi\u00e1 t\u1ed1t\" \/>\n<meta property=\"article:modified_time\" content=\"2026-04-06T08:48:00+00:00\" \/>\n<meta property=\"og:image\" content=\"https:\/\/jaybillards.azdigi.shop\/wp-content\/uploads\/2026\/03\/6-Photoroom-3.png\" \/>\n\t<meta property=\"og:image:width\" content=\"2000\" \/>\n\t<meta property=\"og:image:height\" content=\"2000\" \/>\n\t<meta property=\"og:image:type\" content=\"image\/png\" \/>\n<meta name=\"twitter:card\" content=\"summary_large_image\" \/>\n<meta name=\"twitter:label1\" content=\"\u01af\u1edbc t\u00ednh th\u1eddi gian \u0111\u1ecdc\" \/>\n\t<meta name=\"twitter:data1\" content=\"1 ph\u00fat\" \/>\n<script type=\"application\/ld+json\" class=\"yoast-schema-graph\">{\"@context\":\"https:\/\/schema.org\",\"@graph\":[{\"@type\":\"WebPage\",\"@id\":\"https:\/\/jaybillards.azdigi.shop\/?product=lo-tp\",\"url\":\"https:\/\/jaybillards.azdigi.shop\/?product=lo-tp\",\"name\":\"L\u01a1 TP - Jay Billiards - Chuy\u00ean g\u1eady Bida ch\u00ednh h\u00e3ng gi\u00e1 t\u1ed1t\",\"isPartOf\":{\"@id\":\"https:\/\/jaybillards.azdigi.shop\/#website\"},\"primaryImageOfPage\":{\"@id\":\"https:\/\/jaybillards.azdigi.shop\/?product=lo-tp#primaryimage\"},\"image\":{\"@id\":\"https:\/\/jaybillards.azdigi.shop\/?product=lo-tp#primaryimage\"},\"thumbnailUrl\":\"https:\/\/jaybillards.azdigi.shop\/wp-content\/uploads\/2026\/03\/6-Photoroom-3.png\",\"datePublished\":\"2026-03-26T17:34:58+00:00\",\"dateModified\":\"2026-04-06T08:48:00+00:00\",\"description\":\"L\u01a0 TP \u2013 Lo\u1ea1i l\u01a1 \u0111\u01b0\u1ee3c nhi\u1ec1u c\u01a1 th\u1ee7 n\u1ed5i ti\u1ebfng t\u1ea1i Vi\u1ec7t Nam v\u00e0 th\u1ebf gi\u1edbi tin d\u00f9ng v\u1edbi ch\u1ea5t l\u01b0\u1ee3ng t\u1ed1t, m\u1ecbn, b\u00e1m l\u00e2u tr\u00ean \u0111\u1ea7u c\u01a1.\",\"breadcrumb\":{\"@id\":\"https:\/\/jaybillards.azdigi.shop\/?product=lo-tp#breadcrumb\"},\"inLanguage\":\"vi\",\"potentialAction\":[{\"@type\":\"ReadAction\",\"target\":[\"https:\/\/jaybillards.azdigi.shop\/?product=lo-tp\"]}]},{\"@type\":\"ImageObject\",\"inLanguage\":\"vi\",\"@id\":\"https:\/\/jaybillards.azdigi.shop\/?product=lo-tp#primaryimage\",\"url\":\"https:\/\/jaybillards.azdigi.shop\/wp-content\/uploads\/2026\/03\/6-Photoroom-3.png\",\"contentUrl\":\"https:\/\/jaybillards.azdigi.shop\/wp-content\/uploads\/2026\/03\/6-Photoroom-3.png\",\"width\":2000,\"height\":2000},{\"@type\":\"BreadcrumbList\",\"@id\":\"https:\/\/jaybillards.azdigi.shop\/?product=lo-tp#breadcrumb\",\"itemListElement\":[{\"@type\":\"ListItem\",\"position\":1,\"name\":\"Trang ch\u1ee7\",\"item\":\"https:\/\/jaybillards.azdigi.shop\/\"},{\"@type\":\"ListItem\",\"position\":2,\"name\":\"C\u1eeda h\u00e0ng\",\"item\":\"https:\/\/jaybillards.azdigi.shop\/?page_id=274\"},{\"@type\":\"ListItem\",\"position\":3,\"name\":\"L\u01a1 TP\"}]},{\"@type\":\"WebSite\",\"@id\":\"https:\/\/jaybillards.azdigi.shop\/#website\",\"url\":\"https:\/\/jaybillards.azdigi.shop\/\",\"name\":\"Jay Billiards - Chuy\u00ean g\u1eady Bida ch\u00ednh h\u00e3ng gi\u00e1 t\u1ed1t\",\"description\":\"\",\"potentialAction\":[{\"@type\":\"SearchAction\",\"target\":{\"@type\":\"EntryPoint\",\"urlTemplate\":\"https:\/\/jaybillards.azdigi.shop\/?s={search_term_string}\"},\"query-input\":{\"@type\":\"PropertyValueSpecification\",\"valueRequired\":true,\"valueName\":\"search_term_string\"}}],\"inLanguage\":\"vi\"}]}<\/script>\n<!-- \/ Yoast SEO plugin. -->","yoast_head_json":{"title":"L\u01a1 TP - Jay Billiards - Chuy\u00ean g\u1eady Bida ch\u00ednh h\u00e3ng gi\u00e1 t\u1ed1t","description":"L\u01a0 TP \u2013 Lo\u1ea1i l\u01a1 \u0111\u01b0\u1ee3c nhi\u1ec1u c\u01a1 th\u1ee7 n\u1ed5i ti\u1ebfng t\u1ea1i Vi\u1ec7t Nam v\u00e0 th\u1ebf gi\u1edbi tin d\u00f9ng v\u1edbi ch\u1ea5t l\u01b0\u1ee3ng t\u1ed1t, m\u1ecbn, b\u00e1m l\u00e2u tr\u00ean \u0111\u1ea7u c\u01a1.","robots":{"index":"index","follow":"follow","max-snippet":"max-snippet:-1","max-image-preview":"max-image-preview:large","max-video-preview":"max-video-preview:-1"},"canonical":"https:\/\/jaybillards.azdigi.shop\/?product=lo-tp","og_locale":"vi_VN","og_type":"article","og_title":"L\u01a1 TP - Jay Billiards - Chuy\u00ean g\u1eady Bida ch\u00ednh h\u00e3ng gi\u00e1 t\u1ed1t","og_description":"L\u01a0 TP \u2013 Lo\u1ea1i l\u01a1 \u0111\u01b0\u1ee3c nhi\u1ec1u c\u01a1 th\u1ee7 n\u1ed5i ti\u1ebfng t\u1ea1i Vi\u1ec7t Nam v\u00e0 th\u1ebf gi\u1edbi tin d\u00f9ng v\u1edbi ch\u1ea5t l\u01b0\u1ee3ng t\u1ed1t, m\u1ecbn, b\u00e1m l\u00e2u tr\u00ean \u0111\u1ea7u c\u01a1.","og_url":"https:\/\/jaybillards.azdigi.shop\/?product=lo-tp","og_site_name":"Jay Billiards - Chuy\u00ean g\u1eady Bida ch\u00ednh h\u00e3ng gi\u00e1 t\u1ed1t","article_modified_time":"2026-04-06T08:48:00+00:00","og_image":[{"width":2000,"height":2000,"url":"https:\/\/jaybillards.azdigi.shop\/wp-content\/uploads\/2026\/03\/6-Photoroom-3.png","type":"image\/png"}],"twitter_card":"summary_large_image","twitter_misc":{"\u01af\u1edbc t\u00ednh th\u1eddi gian \u0111\u1ecdc":"1 ph\u00fat"},"schema":{"@context":"https:\/\/schema.org","@graph":[{"@type":"WebPage","@id":"https:\/\/jaybillards.azdigi.shop\/?product=lo-tp","url":"https:\/\/jaybillards.azdigi.shop\/?product=lo-tp","name":"L\u01a1 TP - Jay Billiards - Chuy\u00ean g\u1eady Bida ch\u00ednh h\u00e3ng gi\u00e1 t\u1ed1t","isPartOf":{"@id":"https:\/\/jaybillards.azdigi.shop\/#website"},"primaryImageOfPage":{"@id":"https:\/\/jaybillards.azdigi.shop\/?product=lo-tp#primaryimage"},"image":{"@id":"https:\/\/jaybillards.azdigi.shop\/?product=lo-tp#primaryimage"},"thumbnailUrl":"https:\/\/jaybillards.azdigi.shop\/wp-content\/uploads\/2026\/03\/6-Photoroom-3.png","datePublished":"2026-03-26T17:34:58+00:00","dateModified":"2026-04-06T08:48:00+00:00","description":"L\u01a0 TP \u2013 Lo\u1ea1i l\u01a1 \u0111\u01b0\u1ee3c nhi\u1ec1u c\u01a1 th\u1ee7 n\u1ed5i ti\u1ebfng t\u1ea1i Vi\u1ec7t Nam v\u00e0 th\u1ebf gi\u1edbi tin d\u00f9ng v\u1edbi ch\u1ea5t l\u01b0\u1ee3ng t\u1ed1t, m\u1ecbn, b\u00e1m l\u00e2u tr\u00ean \u0111\u1ea7u c\u01a1.","breadcrumb":{"@id":"https:\/\/jaybillards.azdigi.shop\/?product=lo-tp#breadcrumb"},"inLanguage":"vi","potentialAction":[{"@type":"ReadAction","target":["https:\/\/jaybillards.azdigi.shop\/?product=lo-tp"]}]},{"@type":"ImageObject","inLanguage":"vi","@id":"https:\/\/jaybillards.azdigi.shop\/?product=lo-tp#primaryimage","url":"https:\/\/jaybillards.azdigi.shop\/wp-content\/uploads\/2026\/03\/6-Photoroom-3.png","contentUrl":"https:\/\/jaybillards.azdigi.shop\/wp-content\/uploads\/2026\/03\/6-Photoroom-3.png","width":2000,"height":2000},{"@type":"BreadcrumbList","@id":"https:\/\/jaybillards.azdigi.shop\/?product=lo-tp#breadcrumb","itemListElement":[{"@type":"ListItem","position":1,"name":"Trang ch\u1ee7","item":"https:\/\/jaybillards.azdigi.shop\/"},{"@type":"ListItem","position":2,"name":"C\u1eeda h\u00e0ng","item":"https:\/\/jaybillards.azdigi.shop\/?page_id=274"},{"@type":"ListItem","position":3,"name":"L\u01a1 TP"}]},{"@type":"WebSite","@id":"https:\/\/jaybillards.azdigi.shop\/#website","url":"https:\/\/jaybillards.azdigi.shop\/","name":"Jay Billiards - Chuy\u00ean g\u1eady Bida ch\u00ednh h\u00e3ng gi\u00e1 t\u1ed1t","description":"","potentialAction":[{"@type":"SearchAction","target":{"@type":"EntryPoint","urlTemplate":"https:\/\/jaybillards.azdigi.shop\/?s={search_term_string}"},"query-input":{"@type":"PropertyValueSpecification","valueRequired":true,"valueName":"search_term_string"}}],"inLanguage":"vi"}]}},"_links":{"self":[{"href":"https:\/\/jaybillards.azdigi.shop\/index.php?rest_route=\/wp\/v2\/product\/412","targetHints":{"allow":["GET"]}}],"collection":[{"href":"https:\/\/jaybillards.azdigi.shop\/index.php?rest_route=\/wp\/v2\/product"}],"about":[{"href":"https:\/\/jaybillards.azdigi.shop\/index.php?rest_route=\/wp\/v2\/types\/product"}],"replies":[{"embeddable":true,"href":"https:\/\/jaybillards.azdigi.shop\/index.php?rest_route=%2Fwp%2Fv2%2Fcomments&post=412"}],"wp:featuredmedia":[{"embeddable":true,"href":"https:\/\/jaybillards.azdigi.shop\/index.php?rest_route=\/wp\/v2\/media\/1292"}],"wp:attachment":[{"href":"https:\/\/jaybillards.azdigi.shop\/index.php?rest_route=%2Fwp%2Fv2%2Fmedia&parent=412"}],"wp:term":[{"taxonomy":"product_brand","embeddable":true,"href":"https:\/\/jaybillards.azdigi.shop\/index.php?rest_route=%2Fwp%2Fv2%2Fproduct_brand&post=412"},{"taxonomy":"product_cat","embeddable":true,"href":"https:\/\/jaybillards.azdigi.shop\/index.php?rest_route=%2Fwp%2Fv2%2Fproduct_cat&post=412"},{"taxonomy":"product_tag","embeddable":true,"href":"https:\/\/jaybillards.azdigi.shop\/index.php?rest_route=%2Fwp%2Fv2%2Fproduct_tag&post=412"}],"curies":[{"name":"wp","href":"https:\/\/api.w.org\/{rel}","templated":true}]}}