{"id":407,"date":"2026-03-27T00:31:21","date_gmt":"2026-03-26T17:31:21","guid":{"rendered":"https:\/\/jaybillards.azdigi.shop\/?post_type=product&#038;p=407"},"modified":"2026-04-06T15:45:27","modified_gmt":"2026-04-06T08:45:27","slug":"lo-taom","status":"publish","type":"product","link":"https:\/\/jaybillards.azdigi.shop\/?product=lo-taom","title":{"rendered":"L\u01a1 TAOM"},"content":{"rendered":"<p>\ud83c\udfb1 D\u00f2ng l\u01a1 n\u00e0o \u0111\u01b0\u1ee3c c\u1ea3 Th\u1ebf Gi\u1edbi tin d\u00f9ng v\u00e0 s\u1eed d\u1ee5ng? \ud83d\udd25<\/p>\n<p>L\u01a1\u00a0Taom V10 l\u00e0 lo\u1ea1i l\u01a1 \u0111\u01b0\u1ee3c sx v\u1edbi\u00a0c\u00f4ng th\u1ee9c m\u1edbi nh\u1ea5t c\u1ee7a c\u00e1c k\u1ef9 s\u01b0 Taom.\u00a0Lo\u1ea1i l\u01a1 n\u00e0y\u00a0mang l\u1ea1i \u0111\u1ed9 b\u00e1m\u00a0tuy\u1ec7t v\u1eddi v\u1edbi tr\u1ea3i nghi\u1ec7m si\u00eau s\u1ea1ch.\u00a0V10 \u0111\u01b0\u1ee3c ph\u00e1t tri\u1ec3n v\u1edbi s\u1ef1 \u0111\u00f3ng g\u00f3p c\u1ee7a\u00a0nh\u1eefng ng\u01b0\u1eddi ch\u01a1i chuy\u00ean nghi\u1ec7p h\u00e0ng \u0111\u1ea7u th\u1ebf gi\u1edbi.\u00a0Ph\u00f9 h\u1ee3p\u00a0v\u1edbi t\u1ea5t c\u1ea3 c\u00e1c lo\u1ea1i \u0111\u1ea7u t\u1ea9y, t\u1eeb c\u1ee9ng \u0111\u1ebfn m\u1ec1m.\u00a0L\u01a1\u00a0c\u00f3 th\u1ec3 \u0111\u01b0\u1ee3c s\u1eed d\u1ee5ng trong t\u1ea5t c\u1ea3 c\u00e1c gi\u1ea3i \u0111\u1ea5u chuy\u00ean nghi\u1ec7p.\u00a0Nhi\u1ec7m v\u1ee5 l\u00e0 t\u1ea1o ra \u0111\u1ed9 b\u00e1m th\u1eadm ch\u00ed c\u00f2n m\u1ea1nh h\u01a1n nh\u01b0ng \u00edt b\u1ee5i\u00a0h\u01a1n v\u00e0 \u0111\u00f3 l\u00e0 nh\u1eefng g\u00ec ch\u00fang t\u00f4i \u0111\u00e3 l\u00e0m.<\/p>\n<p>L\u01a1 Taom \u0111\u01b0\u1ee3c nhi\u1ec1u c\u01a1 th\u1ee7 chuy\u00ean nghi\u1ec7p s\u1eed d\u1ee5ng trong \u0111\u00f3 c\u00f3 c\u01a1 th\u1ee7 Ho\u00e0ng Sao c\u1ee7a Vi\u1ec7t Nam, m\u1ed9t trong nh\u1eefng chi ti\u1ebft nh\u1ecf t\u1ea1o n\u00ean th\u00e0nh c\u00f4ng c\u1ee7a Ho\u00e0ng Sao trong c\u00e1c gi\u1ea3i \u0111\u1ea5u n\u01b0\u1edbc ngo\u00e0i v\u1eeba qua.<br \/>\nT\u1ed5ng c\u00f3 4 m\u00e0u: H\u1ed3ng, Xanh D\u01b0\u01a1ng, Xanh L\u00e1 \u0110\u1eadm v\u00e0 Xanh L\u00e1 Nh\u1ea1t, M\u00e0u Tr\u1eafng<\/p>\n<p data-start=\"52\" data-end=\"436\"><strong data-start=\"52\" data-end=\"67\">L\u01a1 Taom V10<\/strong> l\u00e0 d\u00f2ng l\u01a1 cao c\u1ea5p \u0111\u1ebfn t\u1eeb th\u01b0\u01a1ng hi\u1ec7u <span class=\"hover:entity-accent entity-underline inline cursor-pointer align-baseline\"><span class=\"whitespace-normal\">Taom<\/span><\/span>, \u0111\u01b0\u1ee3c nghi\u00ean c\u1ee9u v\u00e0 ph\u00e1t tri\u1ec3n v\u1edbi c\u00f4ng th\u1ee9c m\u1edbi nh\u1ea5t nh\u1eb1m mang l\u1ea1i hi\u1ec7u su\u1ea5t t\u1ed1i \u01b0u cho ng\u01b0\u1eddi ch\u01a1i bida. S\u1ea3n ph\u1ea9m n\u1ed5i b\u1eadt v\u1edbi kh\u1ea3 n\u0103ng b\u00e1m \u0111\u1ea7u t\u1ea9y c\u1ef1c t\u1ed1t, gi\u00fap ki\u1ec3m so\u00e1t \u0111\u01b0\u1eddng bi ch\u00ednh x\u00e1c h\u01a1n trong t\u1eebng c\u00fa \u0111\u00e1nh, \u0111\u1ed3ng th\u1eddi h\u1ea1n ch\u1ebf t\u1ed1i \u0111a b\u1ee5i \u2013 mang l\u1ea1i tr\u1ea3i nghi\u1ec7m s\u1ea1ch s\u1ebd v\u00e0 chuy\u00ean nghi\u1ec7p.<\/p>\n<p data-start=\"438\" data-end=\"726\">Taom V10 \u0111\u01b0\u1ee3c ph\u00e1t tri\u1ec3n v\u1edbi s\u1ef1 \u0111\u00f3ng g\u00f3p c\u1ee7a nhi\u1ec1u c\u01a1 th\u1ee7 h\u00e0ng \u0111\u1ea7u th\u1ebf gi\u1edbi, \u0111\u00e1p \u1ee9ng ti\u00eau chu\u1ea9n thi \u0111\u1ea5u qu\u1ed1c t\u1ebf v\u00e0 c\u00f3 th\u1ec3 s\u1eed d\u1ee5ng trong c\u00e1c gi\u1ea3i \u0111\u1ea5u chuy\u00ean nghi\u1ec7p. D\u00f9 b\u1ea1n s\u1eed d\u1ee5ng \u0111\u1ea7u t\u1ea9y c\u1ee9ng hay m\u1ec1m, l\u01a1 Taom V10 v\u1eabn \u0111\u1ea3m b\u1ea3o \u0111\u1ed9 t\u01b0\u01a1ng th\u00edch cao, gi\u00fap t\u1ed1i \u01b0u hi\u1ec7u su\u1ea5t trong m\u1ecdi t\u00ecnh hu\u1ed1ng.<\/p>\n<p data-start=\"728\" data-end=\"1024\">Kh\u00f4ng ch\u1ec9 ph\u1ed5 bi\u1ebfn tr\u00ean th\u1ebf gi\u1edbi, l\u01a1 Taom c\u00f2n \u0111\u01b0\u1ee3c nhi\u1ec1u c\u01a1 th\u1ee7 Vi\u1ec7t Nam tin d\u00f9ng, trong \u0111\u00f3 c\u00f3 <span class=\"hover:entity-accent entity-underline inline cursor-pointer align-baseline\"><span class=\"whitespace-normal\">Ho\u00e0ng Sao<\/span><\/span> \u2013 m\u1ed9t trong nh\u1eefng c\u00e1i t\u00ean n\u1ed5i b\u1eadt tr\u00ean \u0111\u1ea5u tr\u01b0\u1eddng qu\u1ed1c t\u1ebf. \u0110\u00e2y c\u0169ng l\u00e0 m\u1ed9t trong nh\u1eefng y\u1ebfu t\u1ed1 g\u00f3p ph\u1ea7n v\u00e0o phong \u0111\u1ed9 \u1ed5n \u0111\u1ecbnh v\u00e0 th\u00e0nh t\u00edch thi \u0111\u1ea5u \u1ea5n t\u01b0\u1ee3ng c\u1ee7a anh.<\/p>\n<p data-start=\"1026\" data-end=\"1176\" data-is-last-node=\"\" data-is-only-node=\"\">S\u1ea3n ph\u1ea9m hi\u1ec7n c\u00f3 nhi\u1ec1u m\u00e0u s\u1eafc \u0111\u1ec3 l\u1ef1a ch\u1ecdn: h\u1ed3ng, xanh d\u01b0\u01a1ng, xanh l\u00e1 \u0111\u1eadm, xanh l\u00e1 nh\u1ea1t v\u00e0 tr\u1eafng \u2013 ph\u00f9 h\u1ee3p v\u1edbi s\u1edf th\u00edch v\u00e0 phong c\u00e1ch c\u1ee7a t\u1eebng c\u01a1 th\u1ee7.<\/p>\n","protected":false},"excerpt":{"rendered":"<p>\ud83c\udfb1 D\u00f2ng l\u01a1 n\u00e0o \u0111\u01b0\u1ee3c c\u1ea3 Th\u1ebf Gi\u1edbi tin d\u00f9ng v\u00e0 s\u1eed d\u1ee5ng? \ud83d\udd25 L\u01a1\u00a0Taom V10 l\u00e0 lo\u1ea1i l\u01a1 \u0111\u01b0\u1ee3c sx v\u1edbi\u00a0c\u00f4ng th\u1ee9c m\u1edbi nh\u1ea5t c\u1ee7a c\u00e1c k\u1ef9 s\u01b0 Taom.\u00a0Lo\u1ea1i l\u01a1 n\u00e0y\u00a0mang l\u1ea1i \u0111\u1ed9 b\u00e1m\u00a0tuy\u1ec7t v\u1eddi v\u1edbi tr\u1ea3i nghi\u1ec7m si\u00eau s\u1ea1ch.\u00a0V10 \u0111\u01b0\u1ee3c ph\u00e1t tri\u1ec3n v\u1edbi s\u1ef1 \u0111\u00f3ng g\u00f3p c\u1ee7a\u00a0nh\u1eefng ng\u01b0\u1eddi ch\u01a1i chuy\u00ean nghi\u1ec7p h\u00e0ng \u0111\u1ea7u [&#8230;]\n","protected":false},"featured_media":1296,"comment_status":"open","ping_status":"closed","template":"","meta":[],"product_brand":[],"product_cat":[64],"product_tag":[65],"class_list":{"0":"post-407","1":"product","2":"type-product","3":"status-publish","4":"has-post-thumbnail","6":"product_cat-lo","7":"product_tag-lo-taom","9":"first","10":"instock","11":"shipping-taxable","12":"purchasable","13":"product-type-simple"},"yoast_head":"<!-- This site is optimized with the Yoast SEO plugin v27.2 - https:\/\/yoast.com\/product\/yoast-seo-wordpress\/ -->\n<title>L\u01a1 TAOM - Jay Billiards - Chuy\u00ean g\u1eady Bida ch\u00ednh h\u00e3ng gi\u00e1 t\u1ed1t<\/title>\n<meta name=\"description\" content=\"L\u01a1 Taom V10 l\u00e0 lo\u1ea1i l\u01a1 \u0111\u01b0\u1ee3c sx v\u1edbi c\u00f4ng th\u1ee9c m\u1edbi nh\u1ea5t c\u1ee7a c\u00e1c k\u1ef9 s\u01b0 Taom. Lo\u1ea1i l\u01a1 n\u00e0y mang l\u1ea1i \u0111\u1ed9 b\u00e1 tuy\u1ec7t v\u1eddi v\u1edbi tr\u1ea3i nghi\u1ec7m si\u00eau s\u1ea1ch.\" \/>\n<meta name=\"robots\" content=\"index, follow, max-snippet:-1, max-image-preview:large, max-video-preview:-1\" \/>\n<link rel=\"canonical\" href=\"https:\/\/jaybillards.azdigi.shop\/?product=lo-taom\" \/>\n<meta property=\"og:locale\" content=\"vi_VN\" \/>\n<meta property=\"og:type\" content=\"article\" \/>\n<meta property=\"og:title\" content=\"L\u01a1 TAOM - Jay Billiards - Chuy\u00ean g\u1eady Bida ch\u00ednh h\u00e3ng gi\u00e1 t\u1ed1t\" \/>\n<meta property=\"og:description\" content=\"L\u01a1 Taom V10 l\u00e0 lo\u1ea1i l\u01a1 \u0111\u01b0\u1ee3c sx v\u1edbi c\u00f4ng th\u1ee9c m\u1edbi nh\u1ea5t c\u1ee7a c\u00e1c k\u1ef9 s\u01b0 Taom. Lo\u1ea1i l\u01a1 n\u00e0y mang l\u1ea1i \u0111\u1ed9 b\u00e1 tuy\u1ec7t v\u1eddi v\u1edbi tr\u1ea3i nghi\u1ec7m si\u00eau s\u1ea1ch.\" \/>\n<meta property=\"og:url\" content=\"https:\/\/jaybillards.azdigi.shop\/?product=lo-taom\" \/>\n<meta property=\"og:site_name\" content=\"Jay Billiards - Chuy\u00ean g\u1eady Bida ch\u00ednh h\u00e3ng gi\u00e1 t\u1ed1t\" \/>\n<meta property=\"article:modified_time\" content=\"2026-04-06T08:45:27+00:00\" \/>\n<meta property=\"og:image\" content=\"https:\/\/jaybillards.azdigi.shop\/wp-content\/uploads\/2026\/03\/1-Photoroom-8-600x600-1.png\" \/>\n\t<meta property=\"og:image:width\" content=\"600\" \/>\n\t<meta property=\"og:image:height\" content=\"600\" \/>\n\t<meta property=\"og:image:type\" content=\"image\/png\" \/>\n<meta name=\"twitter:card\" content=\"summary_large_image\" \/>\n<meta name=\"twitter:label1\" content=\"\u01af\u1edbc t\u00ednh th\u1eddi gian \u0111\u1ecdc\" \/>\n\t<meta name=\"twitter:data1\" content=\"3 ph\u00fat\" \/>\n<script type=\"application\/ld+json\" class=\"yoast-schema-graph\">{\"@context\":\"https:\/\/schema.org\",\"@graph\":[{\"@type\":\"WebPage\",\"@id\":\"https:\/\/jaybillards.azdigi.shop\/?product=lo-taom\",\"url\":\"https:\/\/jaybillards.azdigi.shop\/?product=lo-taom\",\"name\":\"L\u01a1 TAOM - Jay Billiards - Chuy\u00ean g\u1eady Bida ch\u00ednh h\u00e3ng gi\u00e1 t\u1ed1t\",\"isPartOf\":{\"@id\":\"https:\/\/jaybillards.azdigi.shop\/#website\"},\"primaryImageOfPage\":{\"@id\":\"https:\/\/jaybillards.azdigi.shop\/?product=lo-taom#primaryimage\"},\"image\":{\"@id\":\"https:\/\/jaybillards.azdigi.shop\/?product=lo-taom#primaryimage\"},\"thumbnailUrl\":\"https:\/\/jaybillards.azdigi.shop\/wp-content\/uploads\/2026\/03\/1-Photoroom-8-600x600-1.png\",\"datePublished\":\"2026-03-26T17:31:21+00:00\",\"dateModified\":\"2026-04-06T08:45:27+00:00\",\"description\":\"L\u01a1 Taom V10 l\u00e0 lo\u1ea1i l\u01a1 \u0111\u01b0\u1ee3c sx v\u1edbi c\u00f4ng th\u1ee9c m\u1edbi nh\u1ea5t c\u1ee7a c\u00e1c k\u1ef9 s\u01b0 Taom. Lo\u1ea1i l\u01a1 n\u00e0y mang l\u1ea1i \u0111\u1ed9 b\u00e1 tuy\u1ec7t v\u1eddi v\u1edbi tr\u1ea3i nghi\u1ec7m si\u00eau s\u1ea1ch.\",\"breadcrumb\":{\"@id\":\"https:\/\/jaybillards.azdigi.shop\/?product=lo-taom#breadcrumb\"},\"inLanguage\":\"vi\",\"potentialAction\":[{\"@type\":\"ReadAction\",\"target\":[\"https:\/\/jaybillards.azdigi.shop\/?product=lo-taom\"]}]},{\"@type\":\"ImageObject\",\"inLanguage\":\"vi\",\"@id\":\"https:\/\/jaybillards.azdigi.shop\/?product=lo-taom#primaryimage\",\"url\":\"https:\/\/jaybillards.azdigi.shop\/wp-content\/uploads\/2026\/03\/1-Photoroom-8-600x600-1.png\",\"contentUrl\":\"https:\/\/jaybillards.azdigi.shop\/wp-content\/uploads\/2026\/03\/1-Photoroom-8-600x600-1.png\",\"width\":600,\"height\":600},{\"@type\":\"BreadcrumbList\",\"@id\":\"https:\/\/jaybillards.azdigi.shop\/?product=lo-taom#breadcrumb\",\"itemListElement\":[{\"@type\":\"ListItem\",\"position\":1,\"name\":\"Trang ch\u1ee7\",\"item\":\"https:\/\/jaybillards.azdigi.shop\/\"},{\"@type\":\"ListItem\",\"position\":2,\"name\":\"C\u1eeda h\u00e0ng\",\"item\":\"https:\/\/jaybillards.azdigi.shop\/?page_id=274\"},{\"@type\":\"ListItem\",\"position\":3,\"name\":\"L\u01a1 TAOM\"}]},{\"@type\":\"WebSite\",\"@id\":\"https:\/\/jaybillards.azdigi.shop\/#website\",\"url\":\"https:\/\/jaybillards.azdigi.shop\/\",\"name\":\"Jay Billiards - Chuy\u00ean g\u1eady Bida ch\u00ednh h\u00e3ng gi\u00e1 t\u1ed1t\",\"description\":\"\",\"potentialAction\":[{\"@type\":\"SearchAction\",\"target\":{\"@type\":\"EntryPoint\",\"urlTemplate\":\"https:\/\/jaybillards.azdigi.shop\/?s={search_term_string}\"},\"query-input\":{\"@type\":\"PropertyValueSpecification\",\"valueRequired\":true,\"valueName\":\"search_term_string\"}}],\"inLanguage\":\"vi\"}]}<\/script>\n<!-- \/ Yoast SEO plugin. -->","yoast_head_json":{"title":"L\u01a1 TAOM - Jay Billiards - Chuy\u00ean g\u1eady Bida ch\u00ednh h\u00e3ng gi\u00e1 t\u1ed1t","description":"L\u01a1 Taom V10 l\u00e0 lo\u1ea1i l\u01a1 \u0111\u01b0\u1ee3c sx v\u1edbi c\u00f4ng th\u1ee9c m\u1edbi nh\u1ea5t c\u1ee7a c\u00e1c k\u1ef9 s\u01b0 Taom. Lo\u1ea1i l\u01a1 n\u00e0y mang l\u1ea1i \u0111\u1ed9 b\u00e1 tuy\u1ec7t v\u1eddi v\u1edbi tr\u1ea3i nghi\u1ec7m si\u00eau s\u1ea1ch.","robots":{"index":"index","follow":"follow","max-snippet":"max-snippet:-1","max-image-preview":"max-image-preview:large","max-video-preview":"max-video-preview:-1"},"canonical":"https:\/\/jaybillards.azdigi.shop\/?product=lo-taom","og_locale":"vi_VN","og_type":"article","og_title":"L\u01a1 TAOM - Jay Billiards - Chuy\u00ean g\u1eady Bida ch\u00ednh h\u00e3ng gi\u00e1 t\u1ed1t","og_description":"L\u01a1 Taom V10 l\u00e0 lo\u1ea1i l\u01a1 \u0111\u01b0\u1ee3c sx v\u1edbi c\u00f4ng th\u1ee9c m\u1edbi nh\u1ea5t c\u1ee7a c\u00e1c k\u1ef9 s\u01b0 Taom. Lo\u1ea1i l\u01a1 n\u00e0y mang l\u1ea1i \u0111\u1ed9 b\u00e1 tuy\u1ec7t v\u1eddi v\u1edbi tr\u1ea3i nghi\u1ec7m si\u00eau s\u1ea1ch.","og_url":"https:\/\/jaybillards.azdigi.shop\/?product=lo-taom","og_site_name":"Jay Billiards - Chuy\u00ean g\u1eady Bida ch\u00ednh h\u00e3ng gi\u00e1 t\u1ed1t","article_modified_time":"2026-04-06T08:45:27+00:00","og_image":[{"width":600,"height":600,"url":"https:\/\/jaybillards.azdigi.shop\/wp-content\/uploads\/2026\/03\/1-Photoroom-8-600x600-1.png","type":"image\/png"}],"twitter_card":"summary_large_image","twitter_misc":{"\u01af\u1edbc t\u00ednh th\u1eddi gian \u0111\u1ecdc":"3 ph\u00fat"},"schema":{"@context":"https:\/\/schema.org","@graph":[{"@type":"WebPage","@id":"https:\/\/jaybillards.azdigi.shop\/?product=lo-taom","url":"https:\/\/jaybillards.azdigi.shop\/?product=lo-taom","name":"L\u01a1 TAOM - Jay Billiards - Chuy\u00ean g\u1eady Bida ch\u00ednh h\u00e3ng gi\u00e1 t\u1ed1t","isPartOf":{"@id":"https:\/\/jaybillards.azdigi.shop\/#website"},"primaryImageOfPage":{"@id":"https:\/\/jaybillards.azdigi.shop\/?product=lo-taom#primaryimage"},"image":{"@id":"https:\/\/jaybillards.azdigi.shop\/?product=lo-taom#primaryimage"},"thumbnailUrl":"https:\/\/jaybillards.azdigi.shop\/wp-content\/uploads\/2026\/03\/1-Photoroom-8-600x600-1.png","datePublished":"2026-03-26T17:31:21+00:00","dateModified":"2026-04-06T08:45:27+00:00","description":"L\u01a1 Taom V10 l\u00e0 lo\u1ea1i l\u01a1 \u0111\u01b0\u1ee3c sx v\u1edbi c\u00f4ng th\u1ee9c m\u1edbi nh\u1ea5t c\u1ee7a c\u00e1c k\u1ef9 s\u01b0 Taom. Lo\u1ea1i l\u01a1 n\u00e0y mang l\u1ea1i \u0111\u1ed9 b\u00e1 tuy\u1ec7t v\u1eddi v\u1edbi tr\u1ea3i nghi\u1ec7m si\u00eau s\u1ea1ch.","breadcrumb":{"@id":"https:\/\/jaybillards.azdigi.shop\/?product=lo-taom#breadcrumb"},"inLanguage":"vi","potentialAction":[{"@type":"ReadAction","target":["https:\/\/jaybillards.azdigi.shop\/?product=lo-taom"]}]},{"@type":"ImageObject","inLanguage":"vi","@id":"https:\/\/jaybillards.azdigi.shop\/?product=lo-taom#primaryimage","url":"https:\/\/jaybillards.azdigi.shop\/wp-content\/uploads\/2026\/03\/1-Photoroom-8-600x600-1.png","contentUrl":"https:\/\/jaybillards.azdigi.shop\/wp-content\/uploads\/2026\/03\/1-Photoroom-8-600x600-1.png","width":600,"height":600},{"@type":"BreadcrumbList","@id":"https:\/\/jaybillards.azdigi.shop\/?product=lo-taom#breadcrumb","itemListElement":[{"@type":"ListItem","position":1,"name":"Trang ch\u1ee7","item":"https:\/\/jaybillards.azdigi.shop\/"},{"@type":"ListItem","position":2,"name":"C\u1eeda h\u00e0ng","item":"https:\/\/jaybillards.azdigi.shop\/?page_id=274"},{"@type":"ListItem","position":3,"name":"L\u01a1 TAOM"}]},{"@type":"WebSite","@id":"https:\/\/jaybillards.azdigi.shop\/#website","url":"https:\/\/jaybillards.azdigi.shop\/","name":"Jay Billiards - Chuy\u00ean g\u1eady Bida ch\u00ednh h\u00e3ng gi\u00e1 t\u1ed1t","description":"","potentialAction":[{"@type":"SearchAction","target":{"@type":"EntryPoint","urlTemplate":"https:\/\/jaybillards.azdigi.shop\/?s={search_term_string}"},"query-input":{"@type":"PropertyValueSpecification","valueRequired":true,"valueName":"search_term_string"}}],"inLanguage":"vi"}]}},"_links":{"self":[{"href":"https:\/\/jaybillards.azdigi.shop\/index.php?rest_route=\/wp\/v2\/product\/407","targetHints":{"allow":["GET"]}}],"collection":[{"href":"https:\/\/jaybillards.azdigi.shop\/index.php?rest_route=\/wp\/v2\/product"}],"about":[{"href":"https:\/\/jaybillards.azdigi.shop\/index.php?rest_route=\/wp\/v2\/types\/product"}],"replies":[{"embeddable":true,"href":"https:\/\/jaybillards.azdigi.shop\/index.php?rest_route=%2Fwp%2Fv2%2Fcomments&post=407"}],"wp:featuredmedia":[{"embeddable":true,"href":"https:\/\/jaybillards.azdigi.shop\/index.php?rest_route=\/wp\/v2\/media\/1296"}],"wp:attachment":[{"href":"https:\/\/jaybillards.azdigi.shop\/index.php?rest_route=%2Fwp%2Fv2%2Fmedia&parent=407"}],"wp:term":[{"taxonomy":"product_brand","embeddable":true,"href":"https:\/\/jaybillards.azdigi.shop\/index.php?rest_route=%2Fwp%2Fv2%2Fproduct_brand&post=407"},{"taxonomy":"product_cat","embeddable":true,"href":"https:\/\/jaybillards.azdigi.shop\/index.php?rest_route=%2Fwp%2Fv2%2Fproduct_cat&post=407"},{"taxonomy":"product_tag","embeddable":true,"href":"https:\/\/jaybillards.azdigi.shop\/index.php?rest_route=%2Fwp%2Fv2%2Fproduct_tag&post=407"}],"curies":[{"name":"wp","href":"https:\/\/api.w.org\/{rel}","templated":true}]}}