{"id":403,"date":"2026-03-27T00:00:46","date_gmt":"2026-03-26T17:00:46","guid":{"rendered":"https:\/\/jaybillards.azdigi.shop\/?post_type=product&#038;p=403"},"modified":"2026-04-06T15:33:13","modified_gmt":"2026-04-06T08:33:13","slug":"gay-bida-fury-tw","status":"publish","type":"product","link":"https:\/\/jaybillards.azdigi.shop\/?product=gay-bida-fury-tw","title":{"rendered":"G\u1eady Bida Fury TW"},"content":{"rendered":"<div class=\"flex flex-col text-sm pb-25\">\n<section class=\"text-token-text-primary w-full focus:outline-none [--shadow-height:45px] has-data-writing-block:pointer-events-none has-data-writing-block:-mt-(--shadow-height) has-data-writing-block:pt-(--shadow-height) [&amp;:has([data-writing-block])&gt;*]:pointer-events-auto scroll-mt-[calc(var(--header-height)+min(200px,max(70px,20svh)))]\" dir=\"auto\" data-turn-id=\"request-WEB:666c61f0-fe0d-4f71-886a-d8516bc9996c-3\" data-testid=\"conversation-turn-8\" data-scroll-anchor=\"true\" data-turn=\"assistant\">\n<div class=\"text-base my-auto mx-auto pb-10 [--thread-content-margin:var(--thread-content-margin-xs,calc(var(--spacing)*4))] @w-sm\/main:[--thread-content-margin:var(--thread-content-margin-sm,calc(var(--spacing)*6))] @w-lg\/main:[--thread-content-margin:var(--thread-content-margin-lg,calc(var(--spacing)*16))] px-(--thread-content-margin)\">\n<div class=\"[--thread-content-max-width:40rem] @w-lg\/main:[--thread-content-max-width:48rem] mx-auto max-w-(--thread-content-max-width) flex-1 group\/turn-messages focus-visible:outline-hidden relative flex w-full min-w-0 flex-col agent-turn\">\n<div class=\"flex max-w-full flex-col gap-4 grow\">\n<div class=\"min-h-8 text-message relative flex w-full flex-col items-end gap-2 text-start break-words whitespace-normal outline-none keyboard-focused:focus-ring [.text-message+&amp;]:mt-1\" dir=\"auto\" tabindex=\"0\" data-message-author-role=\"assistant\" data-message-id=\"6b024f04-656d-42f5-b9ed-c2638cba9bea\" data-message-model-slug=\"gpt-5-3\" data-turn-start-message=\"true\">\n<div class=\"flex w-full flex-col gap-1 empty:hidden\">\n<div class=\"markdown prose dark:prose-invert w-full wrap-break-word light markdown-new-styling\">\n<p data-start=\"0\" data-end=\"103\"><strong data-start=\"0\" data-end=\"23\">G\u1eady Bida Fury TW-N4<\/strong><br data-start=\"23\" data-end=\"26\" \/><strong data-start=\"26\" data-end=\"103\">Fury TW-N4 \u2013 \u0110\u1ec9nh cao c\u00f4ng ngh\u1ec7 v\u00e0 thi\u1ebft k\u1ebf d\u00e0nh cho c\u01a1 th\u1ee7 chuy\u00ean nghi\u1ec7p<\/strong><\/p>\n<p data-start=\"105\" data-end=\"591\">Fury TW-N4 l\u00e0 d\u00f2ng c\u01a1 bida cao c\u1ea5p thu\u1ed9c TW Series c\u1ee7a <span class=\"hover:entity-accent entity-underline inline cursor-pointer align-baseline\"><span class=\"whitespace-normal\">Fury Cues<\/span><\/span>, \u0111\u01b0\u1ee3c ph\u00e1t tri\u1ec3n nh\u1eb1m \u0111\u00e1p \u1ee9ng nh\u1eefng y\u00eau c\u1ea7u kh\u1eaft khe v\u1ec1 hi\u1ec7u su\u1ea5t thi \u0111\u1ea5u. S\u1ea3n ph\u1ea9m n\u1ed5i b\u1eadt v\u1edbi c\u00f4ng ngh\u1ec7 <strong data-start=\"304\" data-end=\"318\">HT3 Hybrid<\/strong> t\u00edch h\u1ee3p l\u00f5i carbon xuy\u00ean t\u00e2m, gi\u00fap gi\u1ea3m thi\u1ec3u \u0111\u1ed9 l\u1ec7ch bi (deflection), t\u0103ng \u0111\u1ed9 \u1ed5n \u0111\u1ecbnh v\u00e0 mang l\u1ea1i c\u1ea3m gi\u00e1c \u0111\u00e1nh ch\u1eafc tay, ch\u00ednh x\u00e1c trong t\u1eebng c\u00fa \u0111\u00e1nh. \u0110\u00e2y l\u00e0 \u01b0u \u0111i\u1ec3m quan tr\u1ecdng gi\u00fap ng\u01b0\u1eddi ch\u01a1i ki\u1ec3m so\u00e1t \u0111\u01b0\u1eddng bi t\u1ed1t h\u01a1n, \u0111\u1eb7c bi\u1ec7t trong c\u00e1c t\u00ecnh hu\u1ed1ng k\u1ef9 thu\u1eadt ph\u1ee9c t\u1ea1p.<\/p>\n<p data-start=\"593\" data-end=\"841\">C\u01a1 \u0111\u01b0\u1ee3c trang b\u1ecb \u0111\u1ea7u t\u1ea9y 12.5mm ti\u00eau chu\u1ea9n, h\u1ed7 tr\u1ee3 hi\u1ec7u qu\u1ea3 cho c\u00e1c k\u1ef9 thu\u1eadt nh\u01b0 k\u00e9o bi, \u00e9p ph\u00ea v\u00e0 t\u1ea1o xo\u00e1y. B\u00ean c\u1ea1nh \u0111\u00f3, ferrule XTC k\u1ebft h\u1ee3p silica gel gi\u00fap gi\u1ea3m rung ch\u1ea5n r\u00f5 r\u1ec7t, n\u00e2ng cao \u0111\u1ed9 b\u1ec1n v\u00e0 duy tr\u00ec s\u1ef1 \u1ed5n \u0111\u1ecbnh trong su\u1ed1t qu\u00e1 tr\u00ecnh s\u1eed d\u1ee5ng.<\/p>\n<p data-start=\"843\" data-end=\"1121\">Thi\u1ebft k\u1ebf chu\u00f4i c\u01a1 l\u00e0 \u0111i\u1ec3m nh\u1ea5n v\u1edbi c\u1ea5u tr\u00fac gh\u00e9p t\u1eeb nhi\u1ec1u lo\u1ea1i g\u1ed7 cao c\u1ea5p, kh\u00f4ng ch\u1ec9 t\u1ea1o n\u00ean v\u1ebb ngo\u00e0i sang tr\u1ecdng m\u00e0 c\u00f2n t\u0103ng \u0111\u1ed9 c\u1ee9ng, h\u1ea1n ch\u1ebf cong v\u00eanh theo th\u1eddi gian. Tay c\u1ea7m b\u1ecdc da k\u1ef3 \u0111\u00e0 (lizard wrap) mang l\u1ea1i c\u1ea3m gi\u00e1c c\u1ea7m n\u1eafm ch\u1eafc ch\u1eafn, ch\u1ed1ng tr\u01a1n tr\u01b0\u1ee3t hi\u1ec7u qu\u1ea3 khi thi \u0111\u1ea5u.<\/p>\n<p data-start=\"1123\" data-end=\"1382\" data-is-last-node=\"\" data-is-only-node=\"\">V\u1edbi chi\u1ec1u d\u00e0i ti\u00eau chu\u1ea9n 147cm v\u00e0 tr\u1ecdng l\u01b0\u1ee3ng kho\u1ea3ng 19\u201319.5oz, Fury TW-N4 ph\u00f9 h\u1ee3p v\u1edbi \u0111a s\u1ed1 ng\u01b0\u1eddi ch\u01a1i t\u1eeb b\u00e1n chuy\u00ean \u0111\u1ebfn chuy\u00ean nghi\u1ec7p. \u0110\u00e2y l\u00e0 l\u1ef1a ch\u1ecdn ho\u00e0n h\u1ea3o cho nh\u1eefng ai \u0111ang t\u00ecm ki\u1ebfm m\u1ed9t c\u00e2y c\u01a1 v\u1eeba m\u1ea1nh v\u1ec1 hi\u1ec7u n\u0103ng, v\u1eeba n\u1ed5i b\u1eadt v\u1ec1 thi\u1ebft k\u1ebf v\u00e0 \u0111\u1eb3ng c\u1ea5p.<\/p>\n<\/div>\n<\/div>\n<\/div>\n<\/div>\n<div class=\"z-0 flex min-h-[46px] justify-start\"><\/div>\n<div class=\"mt-3 w-full empty:hidden\">\n<div class=\"text-center\"><\/div>\n<\/div>\n<\/div>\n<\/div>\n<\/section>\n<\/div>\n<div class=\"pointer-events-none h-px w-px absolute bottom-0\" aria-hidden=\"true\" data-edge=\"true\"><\/div>\n","protected":false},"excerpt":{"rendered":"<p>G\u1eady Bida Fury TW-N4Fury TW-N4 \u2013 \u0110\u1ec9nh cao c\u00f4ng ngh\u1ec7 v\u00e0 thi\u1ebft k\u1ebf d\u00e0nh cho c\u01a1 th\u1ee7 chuy\u00ean nghi\u1ec7p Fury TW-N4 l\u00e0 d\u00f2ng c\u01a1 bida cao c\u1ea5p thu\u1ed9c TW Series c\u1ee7a Fury Cues, \u0111\u01b0\u1ee3c ph\u00e1t tri\u1ec3n nh\u1eb1m \u0111\u00e1p \u1ee9ng nh\u1eefng y\u00eau c\u1ea7u kh\u1eaft khe v\u1ec1 hi\u1ec7u su\u1ea5t thi \u0111\u1ea5u. S\u1ea3n ph\u1ea9m n\u1ed5i b\u1eadt v\u1edbi c\u00f4ng [&#8230;]\n","protected":false},"featured_media":1273,"comment_status":"open","ping_status":"closed","template":"","meta":[],"product_brand":[37],"product_cat":[36],"product_tag":[38],"class_list":{"0":"post-403","1":"product","2":"type-product","3":"status-publish","4":"has-post-thumbnail","6":"product_brand-fury","7":"product_cat-fury","8":"product_tag-gay-bi-a-fury","10":"first","11":"instock","12":"shipping-taxable","13":"purchasable","14":"product-type-variable"},"yoast_head":"<!-- This site is optimized with the Yoast SEO plugin v27.2 - https:\/\/yoast.com\/product\/yoast-seo-wordpress\/ -->\n<title>G\u1eady Bida Fury TW - Jay Billiards - Chuy\u00ean g\u1eady Bida ch\u00ednh h\u00e3ng gi\u00e1 t\u1ed1t<\/title>\n<meta name=\"description\" content=\"G\u1eady bida Fury TW-N4 l\u00e0 d\u00f2ng c\u01a1 cao c\u1ea5p c\u1ee7a Fury Cues, n\u1ed5i b\u1eadt v\u1edbi c\u00f4ng ngh\u1ec7 HT3 Hybrid l\u00f5i carbon gi\u00fap gi\u1ea3m l\u1ec7ch bi, t\u0103ng \u0111\u1ed9 \u1ed5n \u0111\u1ecbnh v\u00e0 mang l\u1ea1i c\u1ea3m gi\u00e1c \u0111\u00e1nh ch\u00ednh x\u00e1c. G\u1eady bida Fury TW-N4 ph\u00f9 h\u1ee3p cho ng\u01b0\u1eddi ch\u01a1i mu\u1ed1n ki\u1ec3m so\u00e1t t\u1ed1t \u0111\u01b0\u1eddng bi, n\u00e2ng cao hi\u1ec7u su\u1ea5t v\u00e0 tr\u1ea3i nghi\u1ec7m thi \u0111\u1ea5u.\" \/>\n<meta name=\"robots\" content=\"index, follow, max-snippet:-1, max-image-preview:large, max-video-preview:-1\" \/>\n<link rel=\"canonical\" href=\"https:\/\/jaybillards.azdigi.shop\/?product=gay-bida-fury-tw\" \/>\n<meta property=\"og:locale\" content=\"vi_VN\" \/>\n<meta property=\"og:type\" content=\"article\" \/>\n<meta property=\"og:title\" content=\"G\u1eady Bida Fury TW - Jay Billiards - Chuy\u00ean g\u1eady Bida ch\u00ednh h\u00e3ng gi\u00e1 t\u1ed1t\" \/>\n<meta property=\"og:description\" content=\"G\u1eady bida Fury TW-N4 l\u00e0 d\u00f2ng c\u01a1 cao c\u1ea5p c\u1ee7a Fury Cues, n\u1ed5i b\u1eadt v\u1edbi c\u00f4ng ngh\u1ec7 HT3 Hybrid l\u00f5i carbon gi\u00fap gi\u1ea3m l\u1ec7ch bi, t\u0103ng \u0111\u1ed9 \u1ed5n \u0111\u1ecbnh v\u00e0 mang l\u1ea1i c\u1ea3m gi\u00e1c \u0111\u00e1nh ch\u00ednh x\u00e1c. G\u1eady bida Fury TW-N4 ph\u00f9 h\u1ee3p cho ng\u01b0\u1eddi ch\u01a1i mu\u1ed1n ki\u1ec3m so\u00e1t t\u1ed1t \u0111\u01b0\u1eddng bi, n\u00e2ng cao hi\u1ec7u su\u1ea5t v\u00e0 tr\u1ea3i nghi\u1ec7m thi \u0111\u1ea5u.\" \/>\n<meta property=\"og:url\" content=\"https:\/\/jaybillards.azdigi.shop\/?product=gay-bida-fury-tw\" \/>\n<meta property=\"og:site_name\" content=\"Jay Billiards - Chuy\u00ean g\u1eady Bida ch\u00ednh h\u00e3ng gi\u00e1 t\u1ed1t\" \/>\n<meta property=\"article:modified_time\" content=\"2026-04-06T08:33:13+00:00\" \/>\n<meta property=\"og:image\" content=\"https:\/\/jaybillards.azdigi.shop\/wp-content\/uploads\/2026\/03\/2-12.jpg\" \/>\n\t<meta property=\"og:image:width\" content=\"1200\" \/>\n\t<meta property=\"og:image:height\" content=\"1200\" \/>\n\t<meta property=\"og:image:type\" content=\"image\/jpeg\" \/>\n<meta name=\"twitter:card\" content=\"summary_large_image\" \/>\n<meta name=\"twitter:label1\" content=\"\u01af\u1edbc t\u00ednh th\u1eddi gian \u0111\u1ecdc\" \/>\n\t<meta name=\"twitter:data1\" content=\"2 ph\u00fat\" \/>\n<script type=\"application\/ld+json\" class=\"yoast-schema-graph\">{\"@context\":\"https:\/\/schema.org\",\"@graph\":[{\"@type\":\"WebPage\",\"@id\":\"https:\/\/jaybillards.azdigi.shop\/?product=gay-bida-fury-tw\",\"url\":\"https:\/\/jaybillards.azdigi.shop\/?product=gay-bida-fury-tw\",\"name\":\"G\u1eady Bida Fury TW - Jay Billiards - Chuy\u00ean g\u1eady Bida ch\u00ednh h\u00e3ng gi\u00e1 t\u1ed1t\",\"isPartOf\":{\"@id\":\"https:\/\/jaybillards.azdigi.shop\/#website\"},\"primaryImageOfPage\":{\"@id\":\"https:\/\/jaybillards.azdigi.shop\/?product=gay-bida-fury-tw#primaryimage\"},\"image\":{\"@id\":\"https:\/\/jaybillards.azdigi.shop\/?product=gay-bida-fury-tw#primaryimage\"},\"thumbnailUrl\":\"https:\/\/jaybillards.azdigi.shop\/wp-content\/uploads\/2026\/03\/2-12.jpg\",\"datePublished\":\"2026-03-26T17:00:46+00:00\",\"dateModified\":\"2026-04-06T08:33:13+00:00\",\"description\":\"G\u1eady bida Fury TW-N4 l\u00e0 d\u00f2ng c\u01a1 cao c\u1ea5p c\u1ee7a Fury Cues, n\u1ed5i b\u1eadt v\u1edbi c\u00f4ng ngh\u1ec7 HT3 Hybrid l\u00f5i carbon gi\u00fap gi\u1ea3m l\u1ec7ch bi, t\u0103ng \u0111\u1ed9 \u1ed5n \u0111\u1ecbnh v\u00e0 mang l\u1ea1i c\u1ea3m gi\u00e1c \u0111\u00e1nh ch\u00ednh x\u00e1c. G\u1eady bida Fury TW-N4 ph\u00f9 h\u1ee3p cho ng\u01b0\u1eddi ch\u01a1i mu\u1ed1n ki\u1ec3m so\u00e1t t\u1ed1t \u0111\u01b0\u1eddng bi, n\u00e2ng cao hi\u1ec7u su\u1ea5t v\u00e0 tr\u1ea3i nghi\u1ec7m thi \u0111\u1ea5u.\",\"breadcrumb\":{\"@id\":\"https:\/\/jaybillards.azdigi.shop\/?product=gay-bida-fury-tw#breadcrumb\"},\"inLanguage\":\"vi\",\"potentialAction\":[{\"@type\":\"ReadAction\",\"target\":[\"https:\/\/jaybillards.azdigi.shop\/?product=gay-bida-fury-tw\"]}]},{\"@type\":\"ImageObject\",\"inLanguage\":\"vi\",\"@id\":\"https:\/\/jaybillards.azdigi.shop\/?product=gay-bida-fury-tw#primaryimage\",\"url\":\"https:\/\/jaybillards.azdigi.shop\/wp-content\/uploads\/2026\/03\/2-12.jpg\",\"contentUrl\":\"https:\/\/jaybillards.azdigi.shop\/wp-content\/uploads\/2026\/03\/2-12.jpg\",\"width\":1200,\"height\":1200},{\"@type\":\"BreadcrumbList\",\"@id\":\"https:\/\/jaybillards.azdigi.shop\/?product=gay-bida-fury-tw#breadcrumb\",\"itemListElement\":[{\"@type\":\"ListItem\",\"position\":1,\"name\":\"Trang ch\u1ee7\",\"item\":\"https:\/\/jaybillards.azdigi.shop\/\"},{\"@type\":\"ListItem\",\"position\":2,\"name\":\"C\u1eeda h\u00e0ng\",\"item\":\"https:\/\/jaybillards.azdigi.shop\/?page_id=274\"},{\"@type\":\"ListItem\",\"position\":3,\"name\":\"G\u1eady Bida Fury TW\"}]},{\"@type\":\"WebSite\",\"@id\":\"https:\/\/jaybillards.azdigi.shop\/#website\",\"url\":\"https:\/\/jaybillards.azdigi.shop\/\",\"name\":\"Jay Billiards - Chuy\u00ean g\u1eady Bida ch\u00ednh h\u00e3ng gi\u00e1 t\u1ed1t\",\"description\":\"\",\"potentialAction\":[{\"@type\":\"SearchAction\",\"target\":{\"@type\":\"EntryPoint\",\"urlTemplate\":\"https:\/\/jaybillards.azdigi.shop\/?s={search_term_string}\"},\"query-input\":{\"@type\":\"PropertyValueSpecification\",\"valueRequired\":true,\"valueName\":\"search_term_string\"}}],\"inLanguage\":\"vi\"}]}<\/script>\n<!-- \/ Yoast SEO plugin. -->","yoast_head_json":{"title":"G\u1eady Bida Fury TW - Jay Billiards - Chuy\u00ean g\u1eady Bida ch\u00ednh h\u00e3ng gi\u00e1 t\u1ed1t","description":"G\u1eady bida Fury TW-N4 l\u00e0 d\u00f2ng c\u01a1 cao c\u1ea5p c\u1ee7a Fury Cues, n\u1ed5i b\u1eadt v\u1edbi c\u00f4ng ngh\u1ec7 HT3 Hybrid l\u00f5i carbon gi\u00fap gi\u1ea3m l\u1ec7ch bi, t\u0103ng \u0111\u1ed9 \u1ed5n \u0111\u1ecbnh v\u00e0 mang l\u1ea1i c\u1ea3m gi\u00e1c \u0111\u00e1nh ch\u00ednh x\u00e1c. G\u1eady bida Fury TW-N4 ph\u00f9 h\u1ee3p cho ng\u01b0\u1eddi ch\u01a1i mu\u1ed1n ki\u1ec3m so\u00e1t t\u1ed1t \u0111\u01b0\u1eddng bi, n\u00e2ng cao hi\u1ec7u su\u1ea5t v\u00e0 tr\u1ea3i nghi\u1ec7m thi \u0111\u1ea5u.","robots":{"index":"index","follow":"follow","max-snippet":"max-snippet:-1","max-image-preview":"max-image-preview:large","max-video-preview":"max-video-preview:-1"},"canonical":"https:\/\/jaybillards.azdigi.shop\/?product=gay-bida-fury-tw","og_locale":"vi_VN","og_type":"article","og_title":"G\u1eady Bida Fury TW - Jay Billiards - Chuy\u00ean g\u1eady Bida ch\u00ednh h\u00e3ng gi\u00e1 t\u1ed1t","og_description":"G\u1eady bida Fury TW-N4 l\u00e0 d\u00f2ng c\u01a1 cao c\u1ea5p c\u1ee7a Fury Cues, n\u1ed5i b\u1eadt v\u1edbi c\u00f4ng ngh\u1ec7 HT3 Hybrid l\u00f5i carbon gi\u00fap gi\u1ea3m l\u1ec7ch bi, t\u0103ng \u0111\u1ed9 \u1ed5n \u0111\u1ecbnh v\u00e0 mang l\u1ea1i c\u1ea3m gi\u00e1c \u0111\u00e1nh ch\u00ednh x\u00e1c. G\u1eady bida Fury TW-N4 ph\u00f9 h\u1ee3p cho ng\u01b0\u1eddi ch\u01a1i mu\u1ed1n ki\u1ec3m so\u00e1t t\u1ed1t \u0111\u01b0\u1eddng bi, n\u00e2ng cao hi\u1ec7u su\u1ea5t v\u00e0 tr\u1ea3i nghi\u1ec7m thi \u0111\u1ea5u.","og_url":"https:\/\/jaybillards.azdigi.shop\/?product=gay-bida-fury-tw","og_site_name":"Jay Billiards - Chuy\u00ean g\u1eady Bida ch\u00ednh h\u00e3ng gi\u00e1 t\u1ed1t","article_modified_time":"2026-04-06T08:33:13+00:00","og_image":[{"width":1200,"height":1200,"url":"https:\/\/jaybillards.azdigi.shop\/wp-content\/uploads\/2026\/03\/2-12.jpg","type":"image\/jpeg"}],"twitter_card":"summary_large_image","twitter_misc":{"\u01af\u1edbc t\u00ednh th\u1eddi gian \u0111\u1ecdc":"2 ph\u00fat"},"schema":{"@context":"https:\/\/schema.org","@graph":[{"@type":"WebPage","@id":"https:\/\/jaybillards.azdigi.shop\/?product=gay-bida-fury-tw","url":"https:\/\/jaybillards.azdigi.shop\/?product=gay-bida-fury-tw","name":"G\u1eady Bida Fury TW - Jay Billiards - Chuy\u00ean g\u1eady Bida ch\u00ednh h\u00e3ng gi\u00e1 t\u1ed1t","isPartOf":{"@id":"https:\/\/jaybillards.azdigi.shop\/#website"},"primaryImageOfPage":{"@id":"https:\/\/jaybillards.azdigi.shop\/?product=gay-bida-fury-tw#primaryimage"},"image":{"@id":"https:\/\/jaybillards.azdigi.shop\/?product=gay-bida-fury-tw#primaryimage"},"thumbnailUrl":"https:\/\/jaybillards.azdigi.shop\/wp-content\/uploads\/2026\/03\/2-12.jpg","datePublished":"2026-03-26T17:00:46+00:00","dateModified":"2026-04-06T08:33:13+00:00","description":"G\u1eady bida Fury TW-N4 l\u00e0 d\u00f2ng c\u01a1 cao c\u1ea5p c\u1ee7a Fury Cues, n\u1ed5i b\u1eadt v\u1edbi c\u00f4ng ngh\u1ec7 HT3 Hybrid l\u00f5i carbon gi\u00fap gi\u1ea3m l\u1ec7ch bi, t\u0103ng \u0111\u1ed9 \u1ed5n \u0111\u1ecbnh v\u00e0 mang l\u1ea1i c\u1ea3m gi\u00e1c \u0111\u00e1nh ch\u00ednh x\u00e1c. G\u1eady bida Fury TW-N4 ph\u00f9 h\u1ee3p cho ng\u01b0\u1eddi ch\u01a1i mu\u1ed1n ki\u1ec3m so\u00e1t t\u1ed1t \u0111\u01b0\u1eddng bi, n\u00e2ng cao hi\u1ec7u su\u1ea5t v\u00e0 tr\u1ea3i nghi\u1ec7m thi \u0111\u1ea5u.","breadcrumb":{"@id":"https:\/\/jaybillards.azdigi.shop\/?product=gay-bida-fury-tw#breadcrumb"},"inLanguage":"vi","potentialAction":[{"@type":"ReadAction","target":["https:\/\/jaybillards.azdigi.shop\/?product=gay-bida-fury-tw"]}]},{"@type":"ImageObject","inLanguage":"vi","@id":"https:\/\/jaybillards.azdigi.shop\/?product=gay-bida-fury-tw#primaryimage","url":"https:\/\/jaybillards.azdigi.shop\/wp-content\/uploads\/2026\/03\/2-12.jpg","contentUrl":"https:\/\/jaybillards.azdigi.shop\/wp-content\/uploads\/2026\/03\/2-12.jpg","width":1200,"height":1200},{"@type":"BreadcrumbList","@id":"https:\/\/jaybillards.azdigi.shop\/?product=gay-bida-fury-tw#breadcrumb","itemListElement":[{"@type":"ListItem","position":1,"name":"Trang ch\u1ee7","item":"https:\/\/jaybillards.azdigi.shop\/"},{"@type":"ListItem","position":2,"name":"C\u1eeda h\u00e0ng","item":"https:\/\/jaybillards.azdigi.shop\/?page_id=274"},{"@type":"ListItem","position":3,"name":"G\u1eady Bida Fury TW"}]},{"@type":"WebSite","@id":"https:\/\/jaybillards.azdigi.shop\/#website","url":"https:\/\/jaybillards.azdigi.shop\/","name":"Jay Billiards - Chuy\u00ean g\u1eady Bida ch\u00ednh h\u00e3ng gi\u00e1 t\u1ed1t","description":"","potentialAction":[{"@type":"SearchAction","target":{"@type":"EntryPoint","urlTemplate":"https:\/\/jaybillards.azdigi.shop\/?s={search_term_string}"},"query-input":{"@type":"PropertyValueSpecification","valueRequired":true,"valueName":"search_term_string"}}],"inLanguage":"vi"}]}},"_links":{"self":[{"href":"https:\/\/jaybillards.azdigi.shop\/index.php?rest_route=\/wp\/v2\/product\/403","targetHints":{"allow":["GET"]}}],"collection":[{"href":"https:\/\/jaybillards.azdigi.shop\/index.php?rest_route=\/wp\/v2\/product"}],"about":[{"href":"https:\/\/jaybillards.azdigi.shop\/index.php?rest_route=\/wp\/v2\/types\/product"}],"replies":[{"embeddable":true,"href":"https:\/\/jaybillards.azdigi.shop\/index.php?rest_route=%2Fwp%2Fv2%2Fcomments&post=403"}],"wp:featuredmedia":[{"embeddable":true,"href":"https:\/\/jaybillards.azdigi.shop\/index.php?rest_route=\/wp\/v2\/media\/1273"}],"wp:attachment":[{"href":"https:\/\/jaybillards.azdigi.shop\/index.php?rest_route=%2Fwp%2Fv2%2Fmedia&parent=403"}],"wp:term":[{"taxonomy":"product_brand","embeddable":true,"href":"https:\/\/jaybillards.azdigi.shop\/index.php?rest_route=%2Fwp%2Fv2%2Fproduct_brand&post=403"},{"taxonomy":"product_cat","embeddable":true,"href":"https:\/\/jaybillards.azdigi.shop\/index.php?rest_route=%2Fwp%2Fv2%2Fproduct_cat&post=403"},{"taxonomy":"product_tag","embeddable":true,"href":"https:\/\/jaybillards.azdigi.shop\/index.php?rest_route=%2Fwp%2Fv2%2Fproduct_tag&post=403"}],"curies":[{"name":"wp","href":"https:\/\/api.w.org\/{rel}","templated":true}]}}