{"id":398,"date":"2026-03-26T23:54:06","date_gmt":"2026-03-26T16:54:06","guid":{"rendered":"https:\/\/jaybillards.azdigi.shop\/?post_type=product&#038;p=398"},"modified":"2026-04-06T14:54:22","modified_gmt":"2026-04-06T07:54:22","slug":"gay-bida-cuetec-truewood-leopard-gen-ii","status":"publish","type":"product","link":"https:\/\/jaybillards.azdigi.shop\/?product=gay-bida-cuetec-truewood-leopard-gen-ii","title":{"rendered":"G\u1eady Bida Cuetec Truewood Leopard Gen II"},"content":{"rendered":"<p>&#8211; T\u00ean s\u1ea3n ph\u1ea9m: Cynergy Truewoood<\/p>\n<p>&#8211; Lo\u1ea1i s\u1ea3n ph\u1ea9m: C\u01a1 bida l\u1ed7<\/p>\n<p>&#8211; Th\u01b0\u01a1ng hi\u1ec7u: C\u01a1 bida Cuetec Cues<\/p>\n<p>&#8211; Ch\u1ea5t li\u1ec7u: chu\u00f4i Ebony, Leopard, Mappa Burl, Sycamore, Walnut<\/p>\n<p>&#8211; Chi\u1ec1u d\u00e0i: th\u00e2n 58 inch<\/p>\n<p>&#8211; \u0110\u1ea7u: Tiger Sniper<\/p>\n<p>&#8211; \u0110\u01b0\u1eddng k\u00ednh \u0111\u1ea7u: 12.5<\/p>\n<p>&#8211; Ren: 3\/8\u00d714<\/p>\n<p>&#8211; Ng\u1ecdn: Cuetec Cynergy<\/p>\n<div class=\"flex flex-col text-sm pb-25\">\n<section class=\"text-token-text-primary w-full focus:outline-none [--shadow-height:45px] has-data-writing-block:pointer-events-none has-data-writing-block:-mt-(--shadow-height) has-data-writing-block:pt-(--shadow-height) [&amp;:has([data-writing-block])&gt;*]:pointer-events-auto scroll-mt-[calc(var(--header-height)+min(200px,max(70px,20svh)))]\" dir=\"auto\" data-turn-id=\"request-WEB:666c61f0-fe0d-4f71-886a-d8516bc9996c-0\" data-testid=\"conversation-turn-2\" data-scroll-anchor=\"true\" data-turn=\"assistant\">\n<div class=\"text-base my-auto mx-auto pb-10 [--thread-content-margin:var(--thread-content-margin-xs,calc(var(--spacing)*4))] @w-sm\/main:[--thread-content-margin:var(--thread-content-margin-sm,calc(var(--spacing)*6))] @w-lg\/main:[--thread-content-margin:var(--thread-content-margin-lg,calc(var(--spacing)*16))] px-(--thread-content-margin)\">\n<div class=\"[--thread-content-max-width:40rem] @w-lg\/main:[--thread-content-max-width:48rem] mx-auto max-w-(--thread-content-max-width) flex-1 group\/turn-messages focus-visible:outline-hidden relative flex w-full min-w-0 flex-col agent-turn\">\n<div class=\"flex max-w-full flex-col gap-4 grow\">\n<div class=\"min-h-8 text-message relative flex w-full flex-col items-end gap-2 text-start break-words whitespace-normal outline-none keyboard-focused:focus-ring [.text-message+&amp;]:mt-1\" dir=\"auto\" tabindex=\"0\" data-message-author-role=\"assistant\" data-message-id=\"d13587e0-be9e-46ac-a3f3-836bb08b00a2\" data-message-model-slug=\"gpt-5-3\" data-turn-start-message=\"true\">\n<div class=\"flex w-full flex-col gap-1 empty:hidden\">\n<div class=\"markdown prose dark:prose-invert w-full wrap-break-word light markdown-new-styling\">\n<p data-start=\"0\" data-end=\"470\"><strong data-start=\"0\" data-end=\"20\">Cynergy Truewood<\/strong> l\u00e0 d\u00f2ng c\u01a1 bida l\u1ed7 cao c\u1ea5p \u0111\u1ebfn t\u1eeb th\u01b0\u01a1ng hi\u1ec7u <span class=\"hover:entity-accent entity-underline inline cursor-pointer align-baseline\"><span class=\"whitespace-normal\">Cuetec Cues<\/span><\/span>, n\u1ed5i b\u1eadt v\u1edbi thi\u1ebft k\u1ebf sang tr\u1ecdng k\u1ebft h\u1ee3p c\u00f4ng ngh\u1ec7 hi\u1ec7n \u0111\u1ea1i. S\u1ea3n ph\u1ea9m s\u1eed d\u1ee5ng ng\u1ecdn <strong data-start=\"188\" data-end=\"206\" data-is-only-node=\"\">Cuetec Cynergy<\/strong> \u2013 d\u00f2ng ng\u1ecdn carbon danh ti\u1ebfng gi\u00fap t\u0103ng \u0111\u1ed9 \u1ed5n \u0111\u1ecbnh, gi\u1ea3m rung v\u00e0 mang l\u1ea1i c\u1ea3m gi\u00e1c \u0111\u00e1nh c\u1ef1c k\u1ef3 ch\u00ednh x\u00e1c. V\u1edbi \u0111\u01b0\u1eddng k\u00ednh \u0111\u1ea7u 12.5mm c\u00f9ng \u0111\u1ea7u t\u1ea9y <strong data-start=\"352\" data-end=\"368\">Tiger Sniper<\/strong>, c\u01a1 mang \u0111\u1ebfn \u0111\u1ed9 b\u00e1m bi t\u1ed1t, h\u1ed7 tr\u1ee3 ki\u1ec3m so\u00e1t xo\u00e1y v\u00e0 l\u1ef1c \u0111\u00e1nh hi\u1ec7u qu\u1ea3 trong m\u1ecdi t\u00ecnh hu\u1ed1ng tr\u00ean b\u00e0n.<\/p>\n<p data-start=\"472\" data-end=\"809\">Ph\u1ea7n chu\u00f4i c\u1ee7a Cynergy Truewood \u0111\u01b0\u1ee3c ch\u1ebf t\u00e1c t\u1eeb c\u00e1c lo\u1ea1i g\u1ed7 cao c\u1ea5p nh\u01b0 Ebony, Leopard, Mappa Burl, Sycamore v\u00e0 Walnut. S\u1ef1 k\u1ebft h\u1ee3p n\u00e0y kh\u00f4ng ch\u1ec9 t\u1ea1o n\u00ean v\u1ebb \u0111\u1eb9p \u0111\u1ed9c \u0111\u00e1o, v\u00e2n g\u1ed7 t\u1ef1 nhi\u00ean tinh t\u1ebf m\u00e0 c\u00f2n \u0111\u1ea3m b\u1ea3o \u0111\u1ed9 b\u1ec1n v\u00e0 c\u1ea3m gi\u00e1c c\u1ea7m n\u1eafm ch\u1eafc ch\u1eafn. Chi\u1ec1u d\u00e0i ti\u00eau chu\u1ea9n 58 inch ph\u00f9 h\u1ee3p v\u1edbi \u0111a s\u1ed1 ng\u01b0\u1eddi ch\u01a1i, t\u1eeb b\u00e1n chuy\u00ean \u0111\u1ebfn chuy\u00ean nghi\u1ec7p.<\/p>\n<p data-start=\"811\" data-end=\"1139\" data-is-last-node=\"\" data-is-only-node=\"\">Ren 3\/8\u00d714 gi\u00fap k\u1ebft n\u1ed1i th\u00e2n v\u00e0 ng\u1ecdn m\u1ed9t c\u00e1ch ch\u1eafc ch\u1eafn, t\u1ed1i \u01b0u truy\u1ec1n l\u1ef1c v\u00e0 \u0111\u1ed9 \u1ed5n \u0111\u1ecbnh khi thi \u0111\u1ea5u. \u0110\u00e2y l\u00e0 l\u1ef1a ch\u1ecdn l\u00fd t\u01b0\u1edfng cho nh\u1eefng c\u01a1 th\u1ee7 \u0111ang t\u00ecm ki\u1ebfm m\u1ed9t c\u00e2y c\u01a1 v\u1eeba c\u00f3 hi\u1ec7u su\u1ea5t cao, v\u1eeba mang t\u00ednh th\u1ea9m m\u1ef9 \u0111\u1eb3ng c\u1ea5p. Cynergy Truewood kh\u00f4ng ch\u1ec9 l\u00e0 c\u00f4ng c\u1ee5 thi \u0111\u1ea5u m\u00e0 c\u00f2n th\u1ec3 hi\u1ec7n phong c\u00e1ch v\u00e0 \u0111\u1eb3ng c\u1ea5p c\u1ee7a ng\u01b0\u1eddi ch\u01a1i bida.<\/p>\n<\/div>\n<\/div>\n<\/div>\n<\/div>\n<div class=\"z-0 flex min-h-[46px] justify-start\"><\/div>\n<div class=\"mt-3 w-full empty:hidden\">\n<div class=\"text-center\"><\/div>\n<\/div>\n<\/div>\n<\/div>\n<\/section>\n<\/div>\n<div class=\"pointer-events-none h-px w-px absolute bottom-0\" aria-hidden=\"true\" data-edge=\"true\"><\/div>\n","protected":false},"excerpt":{"rendered":"<p>&#8211; T\u00ean s\u1ea3n ph\u1ea9m: Cynergy Truewoood &#8211; Lo\u1ea1i s\u1ea3n ph\u1ea9m: C\u01a1 bida l\u1ed7 &#8211; Th\u01b0\u01a1ng hi\u1ec7u: C\u01a1 bida Cuetec Cues &#8211; Ch\u1ea5t li\u1ec7u: chu\u00f4i Ebony, Leopard, Mappa Burl, Sycamore, Walnut &#8211; Chi\u1ec1u d\u00e0i: th\u00e2n 58 inch &#8211; \u0110\u1ea7u: Tiger Sniper &#8211; \u0110\u01b0\u1eddng k\u00ednh \u0111\u1ea7u: 12.5 &#8211; Ren: 3\/8\u00d714 &#8211; Ng\u1ecdn: Cuetec Cynergy Cynergy Truewood l\u00e0 [&#8230;]\n","protected":false},"featured_media":1268,"comment_status":"open","ping_status":"closed","template":"","meta":[],"product_brand":[61],"product_cat":[60],"product_tag":[63],"class_list":{"0":"post-398","1":"product","2":"type-product","3":"status-publish","4":"has-post-thumbnail","6":"product_brand-cuetec","7":"product_cat-cuetec","8":"product_tag-gay-bida-cuetec-truewood-leopard-gen-ii","10":"first","11":"instock","12":"shipping-taxable","13":"purchasable","14":"product-type-variable"},"yoast_head":"<!-- This site is optimized with the Yoast SEO plugin v27.2 - https:\/\/yoast.com\/product\/yoast-seo-wordpress\/ -->\n<title>G\u1eady Bida Cuetec Truewood Leopard Gen II - Jay Billiards - Chuy\u00ean g\u1eady Bida ch\u00ednh h\u00e3ng gi\u00e1 t\u1ed1t<\/title>\n<meta name=\"description\" content=\"G\u1eady Bida Cuetec Truewood Leopard Gen II \u00b7 Add to cart. -11%. G\u1eady Bida Cuetec Truewood Leopard Gen II. 28.500.000 \u20ab 25.500.000 \u20ab. Buy now \u00b7 G\u1eady Bida Cuetec ...\" \/>\n<meta name=\"robots\" content=\"index, follow, max-snippet:-1, max-image-preview:large, max-video-preview:-1\" \/>\n<link rel=\"canonical\" href=\"https:\/\/jaybillards.azdigi.shop\/?product=gay-bida-cuetec-truewood-leopard-gen-ii\" \/>\n<meta property=\"og:locale\" content=\"vi_VN\" \/>\n<meta property=\"og:type\" content=\"article\" \/>\n<meta property=\"og:title\" content=\"G\u1eady Bida Cuetec Truewood Leopard Gen II - Jay Billiards - Chuy\u00ean g\u1eady Bida ch\u00ednh h\u00e3ng gi\u00e1 t\u1ed1t\" \/>\n<meta property=\"og:description\" content=\"G\u1eady Bida Cuetec Truewood Leopard Gen II \u00b7 Add to cart. -11%. G\u1eady Bida Cuetec Truewood Leopard Gen II. 28.500.000 \u20ab 25.500.000 \u20ab. Buy now \u00b7 G\u1eady Bida Cuetec ...\" \/>\n<meta property=\"og:url\" content=\"https:\/\/jaybillards.azdigi.shop\/?product=gay-bida-cuetec-truewood-leopard-gen-ii\" \/>\n<meta property=\"og:site_name\" content=\"Jay Billiards - Chuy\u00ean g\u1eady Bida ch\u00ednh h\u00e3ng gi\u00e1 t\u1ed1t\" \/>\n<meta property=\"article:modified_time\" content=\"2026-04-06T07:54:22+00:00\" \/>\n<meta property=\"og:image\" content=\"https:\/\/jaybillards.azdigi.shop\/wp-content\/uploads\/2026\/03\/1-17-600x600-2.jpg\" \/>\n\t<meta property=\"og:image:width\" content=\"600\" \/>\n\t<meta property=\"og:image:height\" content=\"600\" \/>\n\t<meta property=\"og:image:type\" content=\"image\/jpeg\" \/>\n<meta name=\"twitter:card\" content=\"summary_large_image\" \/>\n<meta name=\"twitter:label1\" content=\"\u01af\u1edbc t\u00ednh th\u1eddi gian \u0111\u1ecdc\" \/>\n\t<meta name=\"twitter:data1\" content=\"1 ph\u00fat\" \/>\n<script type=\"application\/ld+json\" class=\"yoast-schema-graph\">{\"@context\":\"https:\/\/schema.org\",\"@graph\":[{\"@type\":\"WebPage\",\"@id\":\"https:\/\/jaybillards.azdigi.shop\/?product=gay-bida-cuetec-truewood-leopard-gen-ii\",\"url\":\"https:\/\/jaybillards.azdigi.shop\/?product=gay-bida-cuetec-truewood-leopard-gen-ii\",\"name\":\"G\u1eady Bida Cuetec Truewood Leopard Gen II - Jay Billiards - Chuy\u00ean g\u1eady Bida ch\u00ednh h\u00e3ng gi\u00e1 t\u1ed1t\",\"isPartOf\":{\"@id\":\"https:\/\/jaybillards.azdigi.shop\/#website\"},\"primaryImageOfPage\":{\"@id\":\"https:\/\/jaybillards.azdigi.shop\/?product=gay-bida-cuetec-truewood-leopard-gen-ii#primaryimage\"},\"image\":{\"@id\":\"https:\/\/jaybillards.azdigi.shop\/?product=gay-bida-cuetec-truewood-leopard-gen-ii#primaryimage\"},\"thumbnailUrl\":\"https:\/\/jaybillards.azdigi.shop\/wp-content\/uploads\/2026\/03\/1-17-600x600-2.jpg\",\"datePublished\":\"2026-03-26T16:54:06+00:00\",\"dateModified\":\"2026-04-06T07:54:22+00:00\",\"description\":\"G\u1eady Bida Cuetec Truewood Leopard Gen II \u00b7 Add to cart. -11%. G\u1eady Bida Cuetec Truewood Leopard Gen II. 28.500.000 \u20ab 25.500.000 \u20ab. Buy now \u00b7 G\u1eady Bida Cuetec ...\",\"breadcrumb\":{\"@id\":\"https:\/\/jaybillards.azdigi.shop\/?product=gay-bida-cuetec-truewood-leopard-gen-ii#breadcrumb\"},\"inLanguage\":\"vi\",\"potentialAction\":[{\"@type\":\"ReadAction\",\"target\":[\"https:\/\/jaybillards.azdigi.shop\/?product=gay-bida-cuetec-truewood-leopard-gen-ii\"]}]},{\"@type\":\"ImageObject\",\"inLanguage\":\"vi\",\"@id\":\"https:\/\/jaybillards.azdigi.shop\/?product=gay-bida-cuetec-truewood-leopard-gen-ii#primaryimage\",\"url\":\"https:\/\/jaybillards.azdigi.shop\/wp-content\/uploads\/2026\/03\/1-17-600x600-2.jpg\",\"contentUrl\":\"https:\/\/jaybillards.azdigi.shop\/wp-content\/uploads\/2026\/03\/1-17-600x600-2.jpg\",\"width\":600,\"height\":600},{\"@type\":\"BreadcrumbList\",\"@id\":\"https:\/\/jaybillards.azdigi.shop\/?product=gay-bida-cuetec-truewood-leopard-gen-ii#breadcrumb\",\"itemListElement\":[{\"@type\":\"ListItem\",\"position\":1,\"name\":\"Trang ch\u1ee7\",\"item\":\"https:\/\/jaybillards.azdigi.shop\/\"},{\"@type\":\"ListItem\",\"position\":2,\"name\":\"C\u1eeda h\u00e0ng\",\"item\":\"https:\/\/jaybillards.azdigi.shop\/?page_id=274\"},{\"@type\":\"ListItem\",\"position\":3,\"name\":\"G\u1eady Bida Cuetec Truewood Leopard Gen II\"}]},{\"@type\":\"WebSite\",\"@id\":\"https:\/\/jaybillards.azdigi.shop\/#website\",\"url\":\"https:\/\/jaybillards.azdigi.shop\/\",\"name\":\"Jay Billiards - Chuy\u00ean g\u1eady Bida ch\u00ednh h\u00e3ng gi\u00e1 t\u1ed1t\",\"description\":\"\",\"potentialAction\":[{\"@type\":\"SearchAction\",\"target\":{\"@type\":\"EntryPoint\",\"urlTemplate\":\"https:\/\/jaybillards.azdigi.shop\/?s={search_term_string}\"},\"query-input\":{\"@type\":\"PropertyValueSpecification\",\"valueRequired\":true,\"valueName\":\"search_term_string\"}}],\"inLanguage\":\"vi\"}]}<\/script>\n<!-- \/ Yoast SEO plugin. -->","yoast_head_json":{"title":"G\u1eady Bida Cuetec Truewood Leopard Gen II - Jay Billiards - Chuy\u00ean g\u1eady Bida ch\u00ednh h\u00e3ng gi\u00e1 t\u1ed1t","description":"G\u1eady Bida Cuetec Truewood Leopard Gen II \u00b7 Add to cart. -11%. G\u1eady Bida Cuetec Truewood Leopard Gen II. 28.500.000 \u20ab 25.500.000 \u20ab. Buy now \u00b7 G\u1eady Bida Cuetec ...","robots":{"index":"index","follow":"follow","max-snippet":"max-snippet:-1","max-image-preview":"max-image-preview:large","max-video-preview":"max-video-preview:-1"},"canonical":"https:\/\/jaybillards.azdigi.shop\/?product=gay-bida-cuetec-truewood-leopard-gen-ii","og_locale":"vi_VN","og_type":"article","og_title":"G\u1eady Bida Cuetec Truewood Leopard Gen II - Jay Billiards - Chuy\u00ean g\u1eady Bida ch\u00ednh h\u00e3ng gi\u00e1 t\u1ed1t","og_description":"G\u1eady Bida Cuetec Truewood Leopard Gen II \u00b7 Add to cart. -11%. G\u1eady Bida Cuetec Truewood Leopard Gen II. 28.500.000 \u20ab 25.500.000 \u20ab. Buy now \u00b7 G\u1eady Bida Cuetec ...","og_url":"https:\/\/jaybillards.azdigi.shop\/?product=gay-bida-cuetec-truewood-leopard-gen-ii","og_site_name":"Jay Billiards - Chuy\u00ean g\u1eady Bida ch\u00ednh h\u00e3ng gi\u00e1 t\u1ed1t","article_modified_time":"2026-04-06T07:54:22+00:00","og_image":[{"width":600,"height":600,"url":"https:\/\/jaybillards.azdigi.shop\/wp-content\/uploads\/2026\/03\/1-17-600x600-2.jpg","type":"image\/jpeg"}],"twitter_card":"summary_large_image","twitter_misc":{"\u01af\u1edbc t\u00ednh th\u1eddi gian \u0111\u1ecdc":"1 ph\u00fat"},"schema":{"@context":"https:\/\/schema.org","@graph":[{"@type":"WebPage","@id":"https:\/\/jaybillards.azdigi.shop\/?product=gay-bida-cuetec-truewood-leopard-gen-ii","url":"https:\/\/jaybillards.azdigi.shop\/?product=gay-bida-cuetec-truewood-leopard-gen-ii","name":"G\u1eady Bida Cuetec Truewood Leopard Gen II - Jay Billiards - Chuy\u00ean g\u1eady Bida ch\u00ednh h\u00e3ng gi\u00e1 t\u1ed1t","isPartOf":{"@id":"https:\/\/jaybillards.azdigi.shop\/#website"},"primaryImageOfPage":{"@id":"https:\/\/jaybillards.azdigi.shop\/?product=gay-bida-cuetec-truewood-leopard-gen-ii#primaryimage"},"image":{"@id":"https:\/\/jaybillards.azdigi.shop\/?product=gay-bida-cuetec-truewood-leopard-gen-ii#primaryimage"},"thumbnailUrl":"https:\/\/jaybillards.azdigi.shop\/wp-content\/uploads\/2026\/03\/1-17-600x600-2.jpg","datePublished":"2026-03-26T16:54:06+00:00","dateModified":"2026-04-06T07:54:22+00:00","description":"G\u1eady Bida Cuetec Truewood Leopard Gen II \u00b7 Add to cart. -11%. G\u1eady Bida Cuetec Truewood Leopard Gen II. 28.500.000 \u20ab 25.500.000 \u20ab. Buy now \u00b7 G\u1eady Bida Cuetec ...","breadcrumb":{"@id":"https:\/\/jaybillards.azdigi.shop\/?product=gay-bida-cuetec-truewood-leopard-gen-ii#breadcrumb"},"inLanguage":"vi","potentialAction":[{"@type":"ReadAction","target":["https:\/\/jaybillards.azdigi.shop\/?product=gay-bida-cuetec-truewood-leopard-gen-ii"]}]},{"@type":"ImageObject","inLanguage":"vi","@id":"https:\/\/jaybillards.azdigi.shop\/?product=gay-bida-cuetec-truewood-leopard-gen-ii#primaryimage","url":"https:\/\/jaybillards.azdigi.shop\/wp-content\/uploads\/2026\/03\/1-17-600x600-2.jpg","contentUrl":"https:\/\/jaybillards.azdigi.shop\/wp-content\/uploads\/2026\/03\/1-17-600x600-2.jpg","width":600,"height":600},{"@type":"BreadcrumbList","@id":"https:\/\/jaybillards.azdigi.shop\/?product=gay-bida-cuetec-truewood-leopard-gen-ii#breadcrumb","itemListElement":[{"@type":"ListItem","position":1,"name":"Trang ch\u1ee7","item":"https:\/\/jaybillards.azdigi.shop\/"},{"@type":"ListItem","position":2,"name":"C\u1eeda h\u00e0ng","item":"https:\/\/jaybillards.azdigi.shop\/?page_id=274"},{"@type":"ListItem","position":3,"name":"G\u1eady Bida Cuetec Truewood Leopard Gen II"}]},{"@type":"WebSite","@id":"https:\/\/jaybillards.azdigi.shop\/#website","url":"https:\/\/jaybillards.azdigi.shop\/","name":"Jay Billiards - Chuy\u00ean g\u1eady Bida ch\u00ednh h\u00e3ng gi\u00e1 t\u1ed1t","description":"","potentialAction":[{"@type":"SearchAction","target":{"@type":"EntryPoint","urlTemplate":"https:\/\/jaybillards.azdigi.shop\/?s={search_term_string}"},"query-input":{"@type":"PropertyValueSpecification","valueRequired":true,"valueName":"search_term_string"}}],"inLanguage":"vi"}]}},"_links":{"self":[{"href":"https:\/\/jaybillards.azdigi.shop\/index.php?rest_route=\/wp\/v2\/product\/398","targetHints":{"allow":["GET"]}}],"collection":[{"href":"https:\/\/jaybillards.azdigi.shop\/index.php?rest_route=\/wp\/v2\/product"}],"about":[{"href":"https:\/\/jaybillards.azdigi.shop\/index.php?rest_route=\/wp\/v2\/types\/product"}],"replies":[{"embeddable":true,"href":"https:\/\/jaybillards.azdigi.shop\/index.php?rest_route=%2Fwp%2Fv2%2Fcomments&post=398"}],"wp:featuredmedia":[{"embeddable":true,"href":"https:\/\/jaybillards.azdigi.shop\/index.php?rest_route=\/wp\/v2\/media\/1268"}],"wp:attachment":[{"href":"https:\/\/jaybillards.azdigi.shop\/index.php?rest_route=%2Fwp%2Fv2%2Fmedia&parent=398"}],"wp:term":[{"taxonomy":"product_brand","embeddable":true,"href":"https:\/\/jaybillards.azdigi.shop\/index.php?rest_route=%2Fwp%2Fv2%2Fproduct_brand&post=398"},{"taxonomy":"product_cat","embeddable":true,"href":"https:\/\/jaybillards.azdigi.shop\/index.php?rest_route=%2Fwp%2Fv2%2Fproduct_cat&post=398"},{"taxonomy":"product_tag","embeddable":true,"href":"https:\/\/jaybillards.azdigi.shop\/index.php?rest_route=%2Fwp%2Fv2%2Fproduct_tag&post=398"}],"curies":[{"name":"wp","href":"https:\/\/api.w.org\/{rel}","templated":true}]}}