{"id":382,"date":"2026-03-26T23:10:41","date_gmt":"2026-03-26T16:10:41","guid":{"rendered":"https:\/\/jaybillards.azdigi.shop\/?post_type=product&#038;p=382"},"modified":"2026-04-06T03:11:43","modified_gmt":"2026-04-05T20:11:43","slug":"gay-bi-a-peri-st-01","status":"publish","type":"product","link":"https:\/\/jaybillards.azdigi.shop\/?product=gay-bi-a-peri-st-01","title":{"rendered":"G\u1eady Bi a Peri ST-01"},"content":{"rendered":"<p>G\u1eady Bi a Peri ST-01 l\u00e0 m\u1ed9t trong nh\u1eefng d\u00f2ng g\u1eady bi a cao c\u1ea5p c\u1ee7a Peri. Mua G\u1eady Bi a Peri ST-01 \u0111\u01b0\u1ee3c t\u1eb7ng bao da ch\u00ednh h\u00e3ng v\u00e0 g\u0103ng tay.<\/p>\n<ul>\n<li>Ch\u1ea5t li\u1ec7u chu\u00f4i : G\u1ed7 phong cao c\u1ea5p<\/li>\n<li>Ch\u1ea5t li\u1ec7u ng\u1ecdn: M\u1ed9c<\/li>\n<li>Ren: 3-8\/10<\/li>\n<li>Ng\u1ecdn: M\u1ed9c<\/li>\n<li>K\u00edch th\u01b0\u1edbc ng\u1ecdn: 12.75mm<\/li>\n<li>Tay c\u1ea7m: Tay b\u1ecdc da<\/li>\n<li>Tr\u1ecdng l\u01b0\u1ee3ng: 19oz\n<p data-start=\"115\" data-end=\"174\"><strong data-start=\"115\" data-end=\"172\">G\u1eady Bi a Peri ST-01 \u2013 Cao c\u1ea5p, b\u1ec1n b\u1ec9 v\u00e0 \u0111\u00e1ng tin c\u1eady<\/strong><\/p>\n<p data-start=\"176\" data-end=\"448\"><strong data-start=\"176\" data-end=\"199\">G\u1eady Bi a Peri ST-01<\/strong> l\u00e0 m\u1ed9t trong nh\u1eefng d\u00f2ng g\u1eady cao c\u1ea5p \u0111\u1ebfn t\u1eeb th\u01b0\u01a1ng hi\u1ec7u <strong data-start=\"255\" data-end=\"263\">Peri<\/strong>, mang \u0111\u1ebfn tr\u1ea3i nghi\u1ec7m ch\u01a1i Bi A ch\u1ea5t l\u01b0\u1ee3ng, ch\u00ednh x\u00e1c v\u00e0 b\u1ec1n b\u1ec9. Khi mua g\u1eady, kh\u00e1ch h\u00e0ng c\u00f2n \u0111\u01b0\u1ee3c t\u1eb7ng <strong data-start=\"367\" data-end=\"400\">bao da ch\u00ednh h\u00e3ng v\u00e0 g\u0103ng tay<\/strong>, gi\u00fap b\u1ea3o qu\u1ea3n v\u00e0 s\u1eed d\u1ee5ng g\u1eady thu\u1eadn ti\u1ec7n h\u01a1n.<\/p>\n<p data-start=\"450\" data-end=\"816\">Chu\u00f4i g\u1eady \u0111\u01b0\u1ee3c l\u00e0m t\u1eeb <strong data-start=\"472\" data-end=\"492\">g\u1ed7 phong cao c\u1ea5p<\/strong>, mang l\u1ea1i \u0111\u1ed9 c\u1ee9ng, ch\u1eafc ch\u1eafn v\u00e0 c\u1ea3m gi\u00e1c \u0111\u00e1nh m\u01b0\u1ee3t m\u00e0. Ng\u1ecdn g\u1eady <strong data-start=\"557\" data-end=\"573\">m\u1ed9c t\u1ef1 nhi\u00ean<\/strong> k\u1ebft h\u1ee3p v\u1edbi ren <strong data-start=\"590\" data-end=\"600\">3-8\/10<\/strong> gi\u00fap k\u1ebft n\u1ed1i ch\u1eafc ch\u1eafn, gi\u1ea3m rung l\u1eafc v\u00e0 d\u1ec5 d\u00e0ng thay ng\u1ecdn ho\u1eb7c n\u00e2ng c\u1ea5p c\u00e1c b\u1ed9 ph\u1eadn kh\u00e1c. K\u00edch th\u01b0\u1edbc ng\u1ecdn 12.75mm ph\u00f9 h\u1ee3p v\u1edbi h\u1ea7u h\u1ebft c\u00e1c k\u1ef9 thu\u1eadt \u0111\u00e1nh chu\u1ea9n, \u0111\u1ed3ng th\u1eddi t\u1ea1o \u0111\u1ed9 ch\u00ednh x\u00e1c cao khi th\u1ef1c hi\u1ec7n c\u00fa \u0111\u00e1nh.<\/p>\n<p data-start=\"818\" data-end=\"1104\">Tay c\u1ea7m b\u1ecdc da cao c\u1ea5p, \u00eam \u00e1i v\u00e0 ch\u1ed1ng tr\u01b0\u1ee3t, gi\u00fap ki\u1ec3m so\u00e1t l\u1ef1c v\u00e0 h\u01b0\u1edbng \u0111i c\u1ee7a bi chu\u1ea9n x\u00e1c. Tr\u1ecdng l\u01b0\u1ee3ng g\u1eady 19oz \u0111\u01b0\u1ee3c c\u00e2n ch\u1ec9nh h\u1ee3p l\u00fd, ph\u00f9 h\u1ee3p v\u1edbi c\u1ea3 ng\u01b0\u1eddi m\u1edbi v\u00e0 c\u01a1 th\u1ee7 chuy\u00ean nghi\u1ec7p. \u0110\u1ea7u t\u1ea9y ch\u1ea5t l\u01b0\u1ee3ng cao gi\u00fap t\u0103ng \u0111\u1ed9 b\u00e1m bi v\u00e0 th\u1ef1c hi\u1ec7n c\u00e1c c\u00fa xo\u00e1y, k\u1ef9 thu\u1eadt n\u00e2ng cao d\u1ec5 d\u00e0ng.<\/p>\n<p data-start=\"1106\" data-end=\"1490\"><strong data-start=\"1106\" data-end=\"1121\">JayBilliard<\/strong> cam k\u1ebft cung c\u1ea5p s\u1ea3n ph\u1ea9m <strong data-start=\"1148\" data-end=\"1167\">ch\u00ednh h\u00e3ng 100%<\/strong>, gi\u00e1 t\u1ed1t nh\u1ea5t th\u1ecb tr\u01b0\u1eddng, v\u1edbi ch\u00ednh s\u00e1ch b\u1ea3o h\u00e0nh v\u00e0 \u0111\u1ed5i tr\u1ea3 r\u00f5 r\u00e0ng. S\u1ea3n ph\u1ea9m \u0111\u01b0\u1ee3c b\u1ea3o h\u00e0nh l\u1ed7i k\u1ef9 thu\u1eadt t\u1eeb nh\u00e0 s\u1ea3n xu\u1ea5t, cong v\u00eanh ng\u1ecdn m\u1ed9c 6 th\u00e1ng, ng\u1ecdn carbon 2 n\u0103m, v\u00e0 b\u1ea3o h\u00e0nh tr\u1ecdn \u0111\u1eddi \u0111\u1ea7u t\u1ea9y khi mua g\u1eady. Kh\u00e1ch h\u00e0ng c\u00f2n \u0111\u01b0\u1ee3c <strong data-start=\"1400\" data-end=\"1430\">test c\u01a1 tr\u1ef1c ti\u1ebfp mi\u1ec5n ph\u00ed<\/strong> t\u1ea1i c\u00e1c c\u01a1 s\u1edf, \u0111\u1ea3m b\u1ea3o tr\u1ea3i nghi\u1ec7m th\u1ef1c t\u1ebf tr\u01b0\u1edbc khi mua.<\/p>\n<p data-start=\"1492\" data-end=\"1652\">V\u1edbi <strong data-start=\"1496\" data-end=\"1519\">G\u1eady Bi a Peri ST-01<\/strong>, anh em s\u1edf h\u1eefu c\u00e2y c\u01a1 cao c\u1ea5p, b\u1ec1n b\u1ec9, gi\u00fap n\u00e2ng tr\u00ecnh k\u1ef9 thu\u1eadt, ki\u1ec3m so\u00e1t l\u1ef1c chu\u1ea9n x\u00e1c v\u00e0 t\u1eadn h\u01b0\u1edfng tr\u1ecdn v\u1eb9n ni\u1ec1m vui ch\u01a1i Bi A.<\/p>\n<\/li>\n<\/ul>\n<div class=\"xdj266r x11i5rnm xat24cr x1mh8g0r x1vvkbs x126k92a\">\n<h2 dir=\"auto\">Jaybilliard \u2013 Th\u01b0\u01a1ng hi\u1ec7u c\u01a1 bida t\u1eeb c\u01a1 b\u1ea3n \u0111\u1ebfn cao c\u1ea5p<\/h2>\n<\/div>\n<div class=\"x11i5rnm xat24cr x1mh8g0r x1vvkbs xtlvy1s x126k92a\">\n<div dir=\"auto\">\n<ol>\n<li>Gi\u00e1 t\u1ed1t nh\u1ea5t th\u1ecb tr\u01b0\u1eddng<\/li>\n<li>Ch\u00ednh s\u00e1ch b\u1ea3o h\u00e0nh, \u0111\u1ed5i tr\u1ea3 r\u00f5 r\u00e0ng<\/li>\n<li>Cam k\u1ebft h\u00e0ng ch\u00ednh h\u00e3ng 100%, fake \u0111\u1ec1n g\u1ea5p 10<\/li>\n<li>Test c\u01a1 tr\u1ef1c ti\u1ebfp, mi\u1ec5n ph\u00ed t\u1ea1i c\u00e1c c\u01a1 s\u1edf.<\/li>\n<\/ol>\n<\/div>\n<div dir=\"auto\">\n<div class=\"xdj266r x11i5rnm xat24cr x1mh8g0r x1vvkbs x126k92a\">\n<h2 dir=\"auto\">Jaybilliard \u2013 B\u1ea3o h\u00e0nh khi mua v\u00e0 s\u1eed d\u1ee5ng s\u1ea3n ph\u1ea9m<\/h2>\n<\/div>\n<div class=\"x11i5rnm xat24cr x1mh8g0r x1vvkbs xtlvy1s x126k92a\">\n<ol>\n<li dir=\"auto\">B\u1ea3o h\u00e0nh c\u1ea3 l\u1ed7i ng\u01b0\u1eddi d\u00f9ng. \u0110\u1ea7u ti\u00ean v\u00e0 duy nh\u1ea5t t\u1ea1i Jaybilliard<\/li>\n<li dir=\"auto\">B\u1ea3o h\u00e0nh l\u1ed7i k\u1ef9 thu\u1eadt t\u1eeb nh\u00e0 s\u1ea3n xu\u1ea5t<\/li>\n<li dir=\"auto\">Jaybilliard b\u1ea3o h\u00e0nh cong v\u00eanh 06 th\u00e1ng v\u1edbi ng\u1ecdn m\u1ed9c, 02 n\u0103m v\u1edbi ng\u1ecdn carbon<\/li>\n<li dir=\"auto\">B\u1ea3o h\u00e0nh tr\u1ecdn \u0111\u1eddi \u0111\u1ea7u t\u1ea9y khi mua g\u1eady v\u00e0 thay \u0111\u1ea7u t\u1ea9y t\u1ea1i Jaybilliard<\/li>\n<\/ol>\n<\/div>\n<\/div>\n<\/div>\n<p>Ch\u00fang t\u00f4i hy v\u1ecdng mang \u0111\u1ebfn cho kh\u00e1ch h\u00e0ng nh\u1eefng tr\u1ea3i nghi\u1ec7m t\u1ed1t nh\u1ea5t khi mua h\u00e0ng t\u1ea1i Billiard.<\/p>\n","protected":false},"excerpt":{"rendered":"<p>G\u1eady Bi a Peri ST-01 l\u00e0 m\u1ed9t trong nh\u1eefng d\u00f2ng g\u1eady bi a cao c\u1ea5p c\u1ee7a Peri. Mua G\u1eady Bi a Peri ST-01 \u0111\u01b0\u1ee3c t\u1eb7ng bao da ch\u00ednh h\u00e3ng v\u00e0 g\u0103ng tay. Ch\u1ea5t li\u1ec7u chu\u00f4i : G\u1ed7 phong cao c\u1ea5p Ch\u1ea5t li\u1ec7u ng\u1ecdn: M\u1ed9c Ren: 3-8\/10 Ng\u1ecdn: M\u1ed9c K\u00edch th\u01b0\u1edbc ng\u1ecdn: 12.75mm Tay c\u1ea7m: Tay [&#8230;]\n","protected":false},"featured_media":1222,"comment_status":"open","ping_status":"closed","template":"","meta":[],"product_brand":[25],"product_cat":[24],"product_tag":[57,58,59],"class_list":{"0":"post-382","1":"product","2":"type-product","3":"status-publish","4":"has-post-thumbnail","6":"product_brand-peri","7":"product_cat-peri","8":"product_tag-peri-st-01","9":"product_tag-st-01-peri-st","10":"product_tag-st01","12":"first","13":"instock","14":"shipping-taxable","15":"purchasable","16":"product-type-variable"},"yoast_head":"<!-- This site is optimized with the Yoast SEO plugin v27.2 - https:\/\/yoast.com\/product\/yoast-seo-wordpress\/ -->\n<title>G\u1eady Bi a Peri ST-01 - Jay Billiards - Chuy\u00ean g\u1eady Bida ch\u00ednh h\u00e3ng gi\u00e1 t\u1ed1t<\/title>\n<meta name=\"description\" content=\"G\u1eady Bi a Peri ST-01 \u00b7 Ch\u1ea5t li\u1ec7u chu\u00f4i : G\u1ed7 phong cao c\u1ea5p \u00b7 Ch\u1ea5t li\u1ec7u ng\u1ecdn: M\u1ed9c \u00b7 Ren: 3-8\/10 \u00b7 Ng\u1ecdn: M\u1ed9c \u00b7 K\u00edch th\u01b0\u1edbc ng\u1ecdn: 12.75mm \u00b7 Tay c\u1ea7m: Tay b\u1ecdc da ...5.900.000 \u20ab\" \/>\n<meta name=\"robots\" content=\"index, follow, max-snippet:-1, max-image-preview:large, max-video-preview:-1\" \/>\n<link rel=\"canonical\" href=\"https:\/\/jaybillards.azdigi.shop\/?product=gay-bi-a-peri-st-01\" \/>\n<meta property=\"og:locale\" content=\"vi_VN\" \/>\n<meta property=\"og:type\" content=\"article\" \/>\n<meta property=\"og:title\" content=\"G\u1eady Bi a Peri ST-01 - Jay Billiards - Chuy\u00ean g\u1eady Bida ch\u00ednh h\u00e3ng gi\u00e1 t\u1ed1t\" \/>\n<meta property=\"og:description\" content=\"G\u1eady Bi a Peri ST-01 \u00b7 Ch\u1ea5t li\u1ec7u chu\u00f4i : G\u1ed7 phong cao c\u1ea5p \u00b7 Ch\u1ea5t li\u1ec7u ng\u1ecdn: M\u1ed9c \u00b7 Ren: 3-8\/10 \u00b7 Ng\u1ecdn: M\u1ed9c \u00b7 K\u00edch th\u01b0\u1edbc ng\u1ecdn: 12.75mm \u00b7 Tay c\u1ea7m: Tay b\u1ecdc da ...5.900.000 \u20ab\" \/>\n<meta property=\"og:url\" content=\"https:\/\/jaybillards.azdigi.shop\/?product=gay-bi-a-peri-st-01\" \/>\n<meta property=\"og:site_name\" content=\"Jay Billiards - Chuy\u00ean g\u1eady Bida ch\u00ednh h\u00e3ng gi\u00e1 t\u1ed1t\" \/>\n<meta property=\"article:modified_time\" content=\"2026-04-05T20:11:43+00:00\" \/>\n<meta property=\"og:image\" content=\"https:\/\/jaybillards.azdigi.shop\/wp-content\/uploads\/2026\/03\/co-15-1.png\" \/>\n\t<meta property=\"og:image:width\" content=\"1600\" \/>\n\t<meta property=\"og:image:height\" content=\"1600\" \/>\n\t<meta property=\"og:image:type\" content=\"image\/png\" \/>\n<meta name=\"twitter:card\" content=\"summary_large_image\" \/>\n<meta name=\"twitter:label1\" content=\"\u01af\u1edbc t\u00ednh th\u1eddi gian \u0111\u1ecdc\" \/>\n\t<meta name=\"twitter:data1\" content=\"3 ph\u00fat\" \/>\n<script type=\"application\/ld+json\" class=\"yoast-schema-graph\">{\"@context\":\"https:\/\/schema.org\",\"@graph\":[{\"@type\":\"WebPage\",\"@id\":\"https:\/\/jaybillards.azdigi.shop\/?product=gay-bi-a-peri-st-01\",\"url\":\"https:\/\/jaybillards.azdigi.shop\/?product=gay-bi-a-peri-st-01\",\"name\":\"G\u1eady Bi a Peri ST-01 - Jay Billiards - Chuy\u00ean g\u1eady Bida ch\u00ednh h\u00e3ng gi\u00e1 t\u1ed1t\",\"isPartOf\":{\"@id\":\"https:\/\/jaybillards.azdigi.shop\/#website\"},\"primaryImageOfPage\":{\"@id\":\"https:\/\/jaybillards.azdigi.shop\/?product=gay-bi-a-peri-st-01#primaryimage\"},\"image\":{\"@id\":\"https:\/\/jaybillards.azdigi.shop\/?product=gay-bi-a-peri-st-01#primaryimage\"},\"thumbnailUrl\":\"https:\/\/jaybillards.azdigi.shop\/wp-content\/uploads\/2026\/03\/co-15-1.png\",\"datePublished\":\"2026-03-26T16:10:41+00:00\",\"dateModified\":\"2026-04-05T20:11:43+00:00\",\"description\":\"G\u1eady Bi a Peri ST-01 \u00b7 Ch\u1ea5t li\u1ec7u chu\u00f4i : G\u1ed7 phong cao c\u1ea5p \u00b7 Ch\u1ea5t li\u1ec7u ng\u1ecdn: M\u1ed9c \u00b7 Ren: 3-8\/10 \u00b7 Ng\u1ecdn: M\u1ed9c \u00b7 K\u00edch th\u01b0\u1edbc ng\u1ecdn: 12.75mm \u00b7 Tay c\u1ea7m: Tay b\u1ecdc da ...5.900.000 \u20ab\",\"breadcrumb\":{\"@id\":\"https:\/\/jaybillards.azdigi.shop\/?product=gay-bi-a-peri-st-01#breadcrumb\"},\"inLanguage\":\"vi\",\"potentialAction\":[{\"@type\":\"ReadAction\",\"target\":[\"https:\/\/jaybillards.azdigi.shop\/?product=gay-bi-a-peri-st-01\"]}]},{\"@type\":\"ImageObject\",\"inLanguage\":\"vi\",\"@id\":\"https:\/\/jaybillards.azdigi.shop\/?product=gay-bi-a-peri-st-01#primaryimage\",\"url\":\"https:\/\/jaybillards.azdigi.shop\/wp-content\/uploads\/2026\/03\/co-15-1.png\",\"contentUrl\":\"https:\/\/jaybillards.azdigi.shop\/wp-content\/uploads\/2026\/03\/co-15-1.png\",\"width\":1600,\"height\":1600},{\"@type\":\"BreadcrumbList\",\"@id\":\"https:\/\/jaybillards.azdigi.shop\/?product=gay-bi-a-peri-st-01#breadcrumb\",\"itemListElement\":[{\"@type\":\"ListItem\",\"position\":1,\"name\":\"Trang ch\u1ee7\",\"item\":\"https:\/\/jaybillards.azdigi.shop\/\"},{\"@type\":\"ListItem\",\"position\":2,\"name\":\"C\u1eeda h\u00e0ng\",\"item\":\"https:\/\/jaybillards.azdigi.shop\/?page_id=274\"},{\"@type\":\"ListItem\",\"position\":3,\"name\":\"G\u1eady Bi a Peri ST-01\"}]},{\"@type\":\"WebSite\",\"@id\":\"https:\/\/jaybillards.azdigi.shop\/#website\",\"url\":\"https:\/\/jaybillards.azdigi.shop\/\",\"name\":\"Jay Billiards - Chuy\u00ean g\u1eady Bida ch\u00ednh h\u00e3ng gi\u00e1 t\u1ed1t\",\"description\":\"\",\"potentialAction\":[{\"@type\":\"SearchAction\",\"target\":{\"@type\":\"EntryPoint\",\"urlTemplate\":\"https:\/\/jaybillards.azdigi.shop\/?s={search_term_string}\"},\"query-input\":{\"@type\":\"PropertyValueSpecification\",\"valueRequired\":true,\"valueName\":\"search_term_string\"}}],\"inLanguage\":\"vi\"}]}<\/script>\n<!-- \/ Yoast SEO plugin. -->","yoast_head_json":{"title":"G\u1eady Bi a Peri ST-01 - Jay Billiards - Chuy\u00ean g\u1eady Bida ch\u00ednh h\u00e3ng gi\u00e1 t\u1ed1t","description":"G\u1eady Bi a Peri ST-01 \u00b7 Ch\u1ea5t li\u1ec7u chu\u00f4i : G\u1ed7 phong cao c\u1ea5p \u00b7 Ch\u1ea5t li\u1ec7u ng\u1ecdn: M\u1ed9c \u00b7 Ren: 3-8\/10 \u00b7 Ng\u1ecdn: M\u1ed9c \u00b7 K\u00edch th\u01b0\u1edbc ng\u1ecdn: 12.75mm \u00b7 Tay c\u1ea7m: Tay b\u1ecdc da ...5.900.000 \u20ab","robots":{"index":"index","follow":"follow","max-snippet":"max-snippet:-1","max-image-preview":"max-image-preview:large","max-video-preview":"max-video-preview:-1"},"canonical":"https:\/\/jaybillards.azdigi.shop\/?product=gay-bi-a-peri-st-01","og_locale":"vi_VN","og_type":"article","og_title":"G\u1eady Bi a Peri ST-01 - Jay Billiards - Chuy\u00ean g\u1eady Bida ch\u00ednh h\u00e3ng gi\u00e1 t\u1ed1t","og_description":"G\u1eady Bi a Peri ST-01 \u00b7 Ch\u1ea5t li\u1ec7u chu\u00f4i : G\u1ed7 phong cao c\u1ea5p \u00b7 Ch\u1ea5t li\u1ec7u ng\u1ecdn: M\u1ed9c \u00b7 Ren: 3-8\/10 \u00b7 Ng\u1ecdn: M\u1ed9c \u00b7 K\u00edch th\u01b0\u1edbc ng\u1ecdn: 12.75mm \u00b7 Tay c\u1ea7m: Tay b\u1ecdc da ...5.900.000 \u20ab","og_url":"https:\/\/jaybillards.azdigi.shop\/?product=gay-bi-a-peri-st-01","og_site_name":"Jay Billiards - Chuy\u00ean g\u1eady Bida ch\u00ednh h\u00e3ng gi\u00e1 t\u1ed1t","article_modified_time":"2026-04-05T20:11:43+00:00","og_image":[{"width":1600,"height":1600,"url":"https:\/\/jaybillards.azdigi.shop\/wp-content\/uploads\/2026\/03\/co-15-1.png","type":"image\/png"}],"twitter_card":"summary_large_image","twitter_misc":{"\u01af\u1edbc t\u00ednh th\u1eddi gian \u0111\u1ecdc":"3 ph\u00fat"},"schema":{"@context":"https:\/\/schema.org","@graph":[{"@type":"WebPage","@id":"https:\/\/jaybillards.azdigi.shop\/?product=gay-bi-a-peri-st-01","url":"https:\/\/jaybillards.azdigi.shop\/?product=gay-bi-a-peri-st-01","name":"G\u1eady Bi a Peri ST-01 - Jay Billiards - Chuy\u00ean g\u1eady Bida ch\u00ednh h\u00e3ng gi\u00e1 t\u1ed1t","isPartOf":{"@id":"https:\/\/jaybillards.azdigi.shop\/#website"},"primaryImageOfPage":{"@id":"https:\/\/jaybillards.azdigi.shop\/?product=gay-bi-a-peri-st-01#primaryimage"},"image":{"@id":"https:\/\/jaybillards.azdigi.shop\/?product=gay-bi-a-peri-st-01#primaryimage"},"thumbnailUrl":"https:\/\/jaybillards.azdigi.shop\/wp-content\/uploads\/2026\/03\/co-15-1.png","datePublished":"2026-03-26T16:10:41+00:00","dateModified":"2026-04-05T20:11:43+00:00","description":"G\u1eady Bi a Peri ST-01 \u00b7 Ch\u1ea5t li\u1ec7u chu\u00f4i : G\u1ed7 phong cao c\u1ea5p \u00b7 Ch\u1ea5t li\u1ec7u ng\u1ecdn: M\u1ed9c \u00b7 Ren: 3-8\/10 \u00b7 Ng\u1ecdn: M\u1ed9c \u00b7 K\u00edch th\u01b0\u1edbc ng\u1ecdn: 12.75mm \u00b7 Tay c\u1ea7m: Tay b\u1ecdc da ...5.900.000 \u20ab","breadcrumb":{"@id":"https:\/\/jaybillards.azdigi.shop\/?product=gay-bi-a-peri-st-01#breadcrumb"},"inLanguage":"vi","potentialAction":[{"@type":"ReadAction","target":["https:\/\/jaybillards.azdigi.shop\/?product=gay-bi-a-peri-st-01"]}]},{"@type":"ImageObject","inLanguage":"vi","@id":"https:\/\/jaybillards.azdigi.shop\/?product=gay-bi-a-peri-st-01#primaryimage","url":"https:\/\/jaybillards.azdigi.shop\/wp-content\/uploads\/2026\/03\/co-15-1.png","contentUrl":"https:\/\/jaybillards.azdigi.shop\/wp-content\/uploads\/2026\/03\/co-15-1.png","width":1600,"height":1600},{"@type":"BreadcrumbList","@id":"https:\/\/jaybillards.azdigi.shop\/?product=gay-bi-a-peri-st-01#breadcrumb","itemListElement":[{"@type":"ListItem","position":1,"name":"Trang ch\u1ee7","item":"https:\/\/jaybillards.azdigi.shop\/"},{"@type":"ListItem","position":2,"name":"C\u1eeda h\u00e0ng","item":"https:\/\/jaybillards.azdigi.shop\/?page_id=274"},{"@type":"ListItem","position":3,"name":"G\u1eady Bi a Peri ST-01"}]},{"@type":"WebSite","@id":"https:\/\/jaybillards.azdigi.shop\/#website","url":"https:\/\/jaybillards.azdigi.shop\/","name":"Jay Billiards - Chuy\u00ean g\u1eady Bida ch\u00ednh h\u00e3ng gi\u00e1 t\u1ed1t","description":"","potentialAction":[{"@type":"SearchAction","target":{"@type":"EntryPoint","urlTemplate":"https:\/\/jaybillards.azdigi.shop\/?s={search_term_string}"},"query-input":{"@type":"PropertyValueSpecification","valueRequired":true,"valueName":"search_term_string"}}],"inLanguage":"vi"}]}},"_links":{"self":[{"href":"https:\/\/jaybillards.azdigi.shop\/index.php?rest_route=\/wp\/v2\/product\/382","targetHints":{"allow":["GET"]}}],"collection":[{"href":"https:\/\/jaybillards.azdigi.shop\/index.php?rest_route=\/wp\/v2\/product"}],"about":[{"href":"https:\/\/jaybillards.azdigi.shop\/index.php?rest_route=\/wp\/v2\/types\/product"}],"replies":[{"embeddable":true,"href":"https:\/\/jaybillards.azdigi.shop\/index.php?rest_route=%2Fwp%2Fv2%2Fcomments&post=382"}],"wp:featuredmedia":[{"embeddable":true,"href":"https:\/\/jaybillards.azdigi.shop\/index.php?rest_route=\/wp\/v2\/media\/1222"}],"wp:attachment":[{"href":"https:\/\/jaybillards.azdigi.shop\/index.php?rest_route=%2Fwp%2Fv2%2Fmedia&parent=382"}],"wp:term":[{"taxonomy":"product_brand","embeddable":true,"href":"https:\/\/jaybillards.azdigi.shop\/index.php?rest_route=%2Fwp%2Fv2%2Fproduct_brand&post=382"},{"taxonomy":"product_cat","embeddable":true,"href":"https:\/\/jaybillards.azdigi.shop\/index.php?rest_route=%2Fwp%2Fv2%2Fproduct_cat&post=382"},{"taxonomy":"product_tag","embeddable":true,"href":"https:\/\/jaybillards.azdigi.shop\/index.php?rest_route=%2Fwp%2Fv2%2Fproduct_tag&post=382"}],"curies":[{"name":"wp","href":"https:\/\/api.w.org\/{rel}","templated":true}]}}