{"id":376,"date":"2026-03-26T23:08:37","date_gmt":"2026-03-26T16:08:37","guid":{"rendered":"https:\/\/jaybillards.azdigi.shop\/?post_type=product&#038;p=376"},"modified":"2026-04-06T03:07:18","modified_gmt":"2026-04-05T20:07:18","slug":"gay-bi-a-wolf-wb","status":"publish","type":"product","link":"https:\/\/jaybillards.azdigi.shop\/?product=gay-bi-a-wolf-wb","title":{"rendered":"G\u1eady Bi a Wolf WB"},"content":{"rendered":"<p>G\u1eady Bi a Wolf WB<br \/>\nC\u01a0 BIDA WOLF WB \u2013 S\u00d3I \u201cC\u00d4NG NGH\u1ec6 \u0110\u1edcI \u0110\u1ea6U\u201d<br \/>\nL\u00e0 m\u1ed9t d\u00f2ng c\u01a1 ng\u1ecdn c\u00f4ng ngh\u1ec7 trong d\u00f2ng c\u01a1 bida l\u1ed7 c\u1ee7a th\u01b0\u01a1ng hi\u1ec7u WOLF CUE, kh\u00f4ng th\u1ec3 b\u00e0n c\u00e3i, c\u00e0ng nh\u00ecn nh\u1eefng d\u00f2ng s\u1ea3n ph\u1ea9m sau c\u1ee7a WOLF c\u00e0ng th\u1ea5y n\u00e9t d\u0169ng m\u00e3nh, pha ch\u00fat hoang d\u00e3 c\u1ee7a nh\u1eefng \u201cch\u00fa s\u00f3i\u201d.<\/p>\n<p>N\u00e9t \u0111\u1eb9p m\u1ed9c m\u1ea1c nh\u01b0ng \u0111\u1ea7y m\u1ea1nh m\u1ebd v\u00e0 b\u1ea3n l\u0129nh. V\u1ec1 ngo\u1ea1i h\u00ecnh m\u01b0\u1ee3t m\u00e0 v\u1edbi 5 m\u00e0u s\u1eafc \u0111a d\u1ea1ng s\u1ef1 l\u1ef1a ch\u1ecdn, Wolf WB c\u00f2n \u0111\u01b0\u1ee3c trang b\u1ecb ng\u1ecdn c\u00f4ng ngh\u1ec7 W2 Pro ti\u00ean ti\u1ebfn v\u1edbi l\u00f5i r\u1ed7ng 12cm. Ng\u1ecdn c\u00f4ng ngh\u1ec7 W2 Pro gi\u1ea3m b\u1ea1t t\u1ed1i \u0111a, gi\u1ea3m v\u0103ng t\u1ed1t. Gi\u1ea3m \u0111\u01b0\u1ee3c \u0111\u1ed9 rung gi\u00fap anh em ki\u1ebfn t\u1ea1o nh\u1eefng \u0111\u01b0\u1eddng bi chu\u1ea9n x\u00e1c, \u201ckh\u00e9t l\u1eb9t\u201d.<\/p>\n<p>\u0110\u1eb7c bi\u1ec7t, gi\u00fap c\u01a1 th\u1ee7 th\u1ef1c hi\u1ec7n t\u1ed1t nh\u1eefng c\u00fa \u0111\u00e1nh, ph\u00e1t l\u1ef1c b\u00e9n!<\/p>\n<p data-start=\"111\" data-end=\"158\"><strong data-start=\"111\" data-end=\"156\">C\u01a1 Bida Wolf WB \u2013 S\u00f3i \u201cC\u00f4ng Ngh\u1ec7 \u0110\u1eddi \u0110\u1ea7u\u201d<\/strong><\/p>\n<p data-start=\"160\" data-end=\"446\"><strong data-start=\"160\" data-end=\"179\">C\u01a1 Bida Wolf WB<\/strong> l\u00e0 d\u00f2ng c\u01a1 ng\u1ecdn c\u00f4ng ngh\u1ec7 cao thu\u1ed9c th\u01b0\u01a1ng hi\u1ec7u <strong data-start=\"228\" data-end=\"240\">Wolf Cue<\/strong>, n\u1ed5i b\u1eadt v\u1edbi thi\u1ebft k\u1ebf m\u1ea1nh m\u1ebd, pha ch\u00fat hoang d\u00e3 nh\u01b0ng v\u1eabn gi\u1eef n\u00e9t tinh t\u1ebf v\u00e0 m\u1ed9c m\u1ea1c. \u0110\u00e2y l\u00e0 l\u1ef1a ch\u1ecdn l\u00fd t\u01b0\u1edfng cho c\u00e1c c\u01a1 th\u1ee7 mu\u1ed1n tr\u1ea3i nghi\u1ec7m c\u1ea3m gi\u00e1c \u0111\u00e1nh ch\u00ednh x\u00e1c v\u00e0 ki\u1ec3m so\u00e1t l\u1ef1c t\u1ed1t tr\u00ean b\u00e0n bida.<\/p>\n<p data-start=\"448\" data-end=\"862\">Ngo\u1ea1i h\u00ecnh c\u1ee7a Wolf WB \u0111\u01b0\u1ee3c ch\u0103m ch\u00fat v\u1edbi <strong data-start=\"490\" data-end=\"511\">5 m\u00e0u s\u1eafc \u0111a d\u1ea1ng<\/strong>, mang \u0111\u1ebfn s\u1ef1 l\u1ef1a ch\u1ecdn phong ph\u00fa cho t\u1eebng c\u00e1 nh\u00e2n. Ng\u1ecdn c\u01a1 \u0111\u01b0\u1ee3c trang b\u1ecb <strong data-start=\"584\" data-end=\"614\">c\u00f4ng ngh\u1ec7 W2 Pro ti\u00ean ti\u1ebfn<\/strong> v\u1edbi l\u00f5i r\u1ed7ng 12cm, gi\u00fap gi\u1ea3m b\u1ea1t t\u1ed1i \u0111a, h\u1ea1n ch\u1ebf v\u0103ng bi v\u00e0 rung l\u1eafc, t\u1ea1o \u0111i\u1ec1u ki\u1ec7n cho c\u00e1c c\u00fa \u0111\u00e1nh chu\u1ea9n x\u00e1c, m\u1ea1nh m\u1ebd v\u00e0 \u1ed5n \u0111\u1ecbnh. Nh\u1edd \u0111\u00f3, m\u1ed7i c\u00fa \u0111\u00e1nh tr\u1edf n\u00ean \u201ckh\u00e9t l\u1eb9t\u201d, mang l\u1ea1i c\u1ea3m gi\u00e1c ki\u1ec3m so\u00e1t t\u1ed1i \u0111a v\u00e0 tr\u1ea3i nghi\u1ec7m ch\u01a1i bida chuy\u00ean nghi\u1ec7p.<\/p>\n<p data-start=\"864\" data-end=\"1147\">Chu\u00f4i c\u01a1 Wolf WB \u0111\u01b0\u1ee3c thi\u1ebft k\u1ebf ch\u1eafc ch\u1eafn, b\u00e1m tay t\u1ed1t, k\u1ebft h\u1ee3p v\u1edbi v\u1eadt li\u1ec7u ch\u1ea5t l\u01b0\u1ee3ng cao, gi\u00fap truy\u1ec1n l\u1ef1c hi\u1ec7u qu\u1ea3 v\u00e0 t\u1ea1o c\u1ea3m gi\u00e1c m\u01b0\u1ee3t m\u00e0 khi \u0111\u00e1nh. Ng\u1ecdn W2 Pro kh\u00f4ng ch\u1ec9 gi\u1ea3m rung m\u00e0 c\u00f2n t\u1ed1i \u01b0u kh\u1ea3 n\u0103ng ph\u00e1t l\u1ef1c, gi\u00fap c\u01a1 th\u1ee7 th\u1ef1c hi\u1ec7n nh\u1eefng c\u00fa \u0111\u00e1nh m\u1ea1nh, ch\u00ednh x\u00e1c v\u00e0 linh ho\u1ea1t.<\/p>\n<p data-start=\"1149\" data-end=\"1408\">V\u1edbi <strong data-start=\"1153\" data-end=\"1172\">C\u01a1 Bida Wolf WB<\/strong>, b\u1ea1n kh\u00f4ng ch\u1ec9 s\u1edf h\u1eefu m\u1ed9t c\u00e2y c\u01a1 \u0111\u1eb9p v\u1ec1 ngo\u1ea1i h\u00ecnh m\u00e0 c\u00f2n c\u00f3 c\u00f4ng c\u1ee5 h\u1ed7 tr\u1ee3 n\u00e2ng cao k\u1ef9 thu\u1eadt, ki\u1ec3m so\u00e1t l\u1ef1c chu\u1ea9n x\u00e1c v\u00e0 t\u1eadn h\u01b0\u1edfng tr\u1ecdn v\u1eb9n ni\u1ec1m vui tr\u00ean b\u00e0n bida. \u0110\u00e2y l\u00e0 s\u1ea3n ph\u1ea9m \u0111\u1eadm ch\u1ea5t \u201cs\u00f3i\u201d \u2013 m\u1ea1nh m\u1ebd, d\u0169ng m\u00e3nh v\u00e0 \u0111\u1ea7y b\u1ea3n l\u0129nh.<\/p>\n","protected":false},"excerpt":{"rendered":"<p>G\u1eady Bi a Wolf WB C\u01a0 BIDA WOLF WB \u2013 S\u00d3I \u201cC\u00d4NG NGH\u1ec6 \u0110\u1edcI \u0110\u1ea6U\u201d L\u00e0 m\u1ed9t d\u00f2ng c\u01a1 ng\u1ecdn c\u00f4ng ngh\u1ec7 trong d\u00f2ng c\u01a1 bida l\u1ed7 c\u1ee7a th\u01b0\u01a1ng hi\u1ec7u WOLF CUE, kh\u00f4ng th\u1ec3 b\u00e0n c\u00e3i, c\u00e0ng nh\u00ecn nh\u1eefng d\u00f2ng s\u1ea3n ph\u1ea9m sau c\u1ee7a WOLF c\u00e0ng th\u1ea5y n\u00e9t d\u0169ng m\u00e3nh, pha ch\u00fat hoang d\u00e3 c\u1ee7a [&#8230;]\n","protected":false},"featured_media":1211,"comment_status":"open","ping_status":"closed","template":"","meta":[],"product_brand":[34],"product_cat":[33],"product_tag":[56],"class_list":{"0":"post-376","1":"product","2":"type-product","3":"status-publish","4":"has-post-thumbnail","6":"product_brand-wolf-cue","7":"product_cat-wolf-cue","8":"product_tag-gay-bi-a-wolf-cue","10":"first","11":"instock","12":"shipping-taxable","13":"purchasable","14":"product-type-variable"},"yoast_head":"<!-- This site is optimized with the Yoast SEO plugin v27.2 - https:\/\/yoast.com\/product\/yoast-seo-wordpress\/ -->\n<title>G\u1eady Bi a Wolf WB - Jay Billiards - Chuy\u00ean g\u1eady Bida ch\u00ednh h\u00e3ng gi\u00e1 t\u1ed1t<\/title>\n<meta name=\"description\" content=\"N\u00e9t \u0111\u1eb9p m\u1ed9c m\u1ea1c nh\u01b0ng \u0111\u1ea7y m\u1ea1nh m\u1ebd v\u00e0 b\u1ea3n l\u0129nh. V\u1ec1 ngo\u1ea1i h\u00ecnh m\u01b0\u1ee3t m\u00e0 v\u1edbi 5 m\u00e0u s\u1eafc \u0111a d\u1ea1ng s\u1ef1 l\u1ef1a ch\u1ecdn, Wolf WB c\u00f2n \u0111\u01b0\u1ee3c trang b\u1ecb ng\u1ecdn c\u00f4ng ngh\u1ec7 W2 Pro ti\u00ean ...3.850.000 \u20ab\" \/>\n<meta name=\"robots\" content=\"index, follow, max-snippet:-1, max-image-preview:large, max-video-preview:-1\" \/>\n<link rel=\"canonical\" href=\"https:\/\/jaybillards.azdigi.shop\/?product=gay-bi-a-wolf-wb\" \/>\n<meta property=\"og:locale\" content=\"vi_VN\" \/>\n<meta property=\"og:type\" content=\"article\" \/>\n<meta property=\"og:title\" content=\"G\u1eady Bi a Wolf WB - Jay Billiards - Chuy\u00ean g\u1eady Bida ch\u00ednh h\u00e3ng gi\u00e1 t\u1ed1t\" \/>\n<meta property=\"og:description\" content=\"N\u00e9t \u0111\u1eb9p m\u1ed9c m\u1ea1c nh\u01b0ng \u0111\u1ea7y m\u1ea1nh m\u1ebd v\u00e0 b\u1ea3n l\u0129nh. V\u1ec1 ngo\u1ea1i h\u00ecnh m\u01b0\u1ee3t m\u00e0 v\u1edbi 5 m\u00e0u s\u1eafc \u0111a d\u1ea1ng s\u1ef1 l\u1ef1a ch\u1ecdn, Wolf WB c\u00f2n \u0111\u01b0\u1ee3c trang b\u1ecb ng\u1ecdn c\u00f4ng ngh\u1ec7 W2 Pro ti\u00ean ...3.850.000 \u20ab\" \/>\n<meta property=\"og:url\" content=\"https:\/\/jaybillards.azdigi.shop\/?product=gay-bi-a-wolf-wb\" \/>\n<meta property=\"og:site_name\" content=\"Jay Billiards - Chuy\u00ean g\u1eady Bida ch\u00ednh h\u00e3ng gi\u00e1 t\u1ed1t\" \/>\n<meta property=\"article:modified_time\" content=\"2026-04-05T20:07:18+00:00\" \/>\n<meta property=\"og:image\" content=\"https:\/\/jaybillards.azdigi.shop\/wp-content\/uploads\/2026\/03\/co-14.jpg\" \/>\n\t<meta property=\"og:image:width\" content=\"1600\" \/>\n\t<meta property=\"og:image:height\" content=\"1600\" \/>\n\t<meta property=\"og:image:type\" content=\"image\/jpeg\" \/>\n<meta name=\"twitter:card\" content=\"summary_large_image\" \/>\n<meta name=\"twitter:label1\" content=\"\u01af\u1edbc t\u00ednh th\u1eddi gian \u0111\u1ecdc\" \/>\n\t<meta name=\"twitter:data1\" content=\"3 ph\u00fat\" \/>\n<script type=\"application\/ld+json\" class=\"yoast-schema-graph\">{\"@context\":\"https:\/\/schema.org\",\"@graph\":[{\"@type\":\"WebPage\",\"@id\":\"https:\/\/jaybillards.azdigi.shop\/?product=gay-bi-a-wolf-wb\",\"url\":\"https:\/\/jaybillards.azdigi.shop\/?product=gay-bi-a-wolf-wb\",\"name\":\"G\u1eady Bi a Wolf WB - Jay Billiards - Chuy\u00ean g\u1eady Bida ch\u00ednh h\u00e3ng gi\u00e1 t\u1ed1t\",\"isPartOf\":{\"@id\":\"https:\/\/jaybillards.azdigi.shop\/#website\"},\"primaryImageOfPage\":{\"@id\":\"https:\/\/jaybillards.azdigi.shop\/?product=gay-bi-a-wolf-wb#primaryimage\"},\"image\":{\"@id\":\"https:\/\/jaybillards.azdigi.shop\/?product=gay-bi-a-wolf-wb#primaryimage\"},\"thumbnailUrl\":\"https:\/\/jaybillards.azdigi.shop\/wp-content\/uploads\/2026\/03\/co-14.jpg\",\"datePublished\":\"2026-03-26T16:08:37+00:00\",\"dateModified\":\"2026-04-05T20:07:18+00:00\",\"description\":\"N\u00e9t \u0111\u1eb9p m\u1ed9c m\u1ea1c nh\u01b0ng \u0111\u1ea7y m\u1ea1nh m\u1ebd v\u00e0 b\u1ea3n l\u0129nh. V\u1ec1 ngo\u1ea1i h\u00ecnh m\u01b0\u1ee3t m\u00e0 v\u1edbi 5 m\u00e0u s\u1eafc \u0111a d\u1ea1ng s\u1ef1 l\u1ef1a ch\u1ecdn, Wolf WB c\u00f2n \u0111\u01b0\u1ee3c trang b\u1ecb ng\u1ecdn c\u00f4ng ngh\u1ec7 W2 Pro ti\u00ean ...3.850.000 \u20ab\",\"breadcrumb\":{\"@id\":\"https:\/\/jaybillards.azdigi.shop\/?product=gay-bi-a-wolf-wb#breadcrumb\"},\"inLanguage\":\"vi\",\"potentialAction\":[{\"@type\":\"ReadAction\",\"target\":[\"https:\/\/jaybillards.azdigi.shop\/?product=gay-bi-a-wolf-wb\"]}]},{\"@type\":\"ImageObject\",\"inLanguage\":\"vi\",\"@id\":\"https:\/\/jaybillards.azdigi.shop\/?product=gay-bi-a-wolf-wb#primaryimage\",\"url\":\"https:\/\/jaybillards.azdigi.shop\/wp-content\/uploads\/2026\/03\/co-14.jpg\",\"contentUrl\":\"https:\/\/jaybillards.azdigi.shop\/wp-content\/uploads\/2026\/03\/co-14.jpg\",\"width\":1600,\"height\":1600},{\"@type\":\"BreadcrumbList\",\"@id\":\"https:\/\/jaybillards.azdigi.shop\/?product=gay-bi-a-wolf-wb#breadcrumb\",\"itemListElement\":[{\"@type\":\"ListItem\",\"position\":1,\"name\":\"Trang ch\u1ee7\",\"item\":\"https:\/\/jaybillards.azdigi.shop\/\"},{\"@type\":\"ListItem\",\"position\":2,\"name\":\"C\u1eeda h\u00e0ng\",\"item\":\"https:\/\/jaybillards.azdigi.shop\/?page_id=274\"},{\"@type\":\"ListItem\",\"position\":3,\"name\":\"G\u1eady Bi a Wolf WB\"}]},{\"@type\":\"WebSite\",\"@id\":\"https:\/\/jaybillards.azdigi.shop\/#website\",\"url\":\"https:\/\/jaybillards.azdigi.shop\/\",\"name\":\"Jay Billiards - Chuy\u00ean g\u1eady Bida ch\u00ednh h\u00e3ng gi\u00e1 t\u1ed1t\",\"description\":\"\",\"potentialAction\":[{\"@type\":\"SearchAction\",\"target\":{\"@type\":\"EntryPoint\",\"urlTemplate\":\"https:\/\/jaybillards.azdigi.shop\/?s={search_term_string}\"},\"query-input\":{\"@type\":\"PropertyValueSpecification\",\"valueRequired\":true,\"valueName\":\"search_term_string\"}}],\"inLanguage\":\"vi\"}]}<\/script>\n<!-- \/ Yoast SEO plugin. -->","yoast_head_json":{"title":"G\u1eady Bi a Wolf WB - Jay Billiards - Chuy\u00ean g\u1eady Bida ch\u00ednh h\u00e3ng gi\u00e1 t\u1ed1t","description":"N\u00e9t \u0111\u1eb9p m\u1ed9c m\u1ea1c nh\u01b0ng \u0111\u1ea7y m\u1ea1nh m\u1ebd v\u00e0 b\u1ea3n l\u0129nh. V\u1ec1 ngo\u1ea1i h\u00ecnh m\u01b0\u1ee3t m\u00e0 v\u1edbi 5 m\u00e0u s\u1eafc \u0111a d\u1ea1ng s\u1ef1 l\u1ef1a ch\u1ecdn, Wolf WB c\u00f2n \u0111\u01b0\u1ee3c trang b\u1ecb ng\u1ecdn c\u00f4ng ngh\u1ec7 W2 Pro ti\u00ean ...3.850.000 \u20ab","robots":{"index":"index","follow":"follow","max-snippet":"max-snippet:-1","max-image-preview":"max-image-preview:large","max-video-preview":"max-video-preview:-1"},"canonical":"https:\/\/jaybillards.azdigi.shop\/?product=gay-bi-a-wolf-wb","og_locale":"vi_VN","og_type":"article","og_title":"G\u1eady Bi a Wolf WB - Jay Billiards - Chuy\u00ean g\u1eady Bida ch\u00ednh h\u00e3ng gi\u00e1 t\u1ed1t","og_description":"N\u00e9t \u0111\u1eb9p m\u1ed9c m\u1ea1c nh\u01b0ng \u0111\u1ea7y m\u1ea1nh m\u1ebd v\u00e0 b\u1ea3n l\u0129nh. V\u1ec1 ngo\u1ea1i h\u00ecnh m\u01b0\u1ee3t m\u00e0 v\u1edbi 5 m\u00e0u s\u1eafc \u0111a d\u1ea1ng s\u1ef1 l\u1ef1a ch\u1ecdn, Wolf WB c\u00f2n \u0111\u01b0\u1ee3c trang b\u1ecb ng\u1ecdn c\u00f4ng ngh\u1ec7 W2 Pro ti\u00ean ...3.850.000 \u20ab","og_url":"https:\/\/jaybillards.azdigi.shop\/?product=gay-bi-a-wolf-wb","og_site_name":"Jay Billiards - Chuy\u00ean g\u1eady Bida ch\u00ednh h\u00e3ng gi\u00e1 t\u1ed1t","article_modified_time":"2026-04-05T20:07:18+00:00","og_image":[{"width":1600,"height":1600,"url":"https:\/\/jaybillards.azdigi.shop\/wp-content\/uploads\/2026\/03\/co-14.jpg","type":"image\/jpeg"}],"twitter_card":"summary_large_image","twitter_misc":{"\u01af\u1edbc t\u00ednh th\u1eddi gian \u0111\u1ecdc":"3 ph\u00fat"},"schema":{"@context":"https:\/\/schema.org","@graph":[{"@type":"WebPage","@id":"https:\/\/jaybillards.azdigi.shop\/?product=gay-bi-a-wolf-wb","url":"https:\/\/jaybillards.azdigi.shop\/?product=gay-bi-a-wolf-wb","name":"G\u1eady Bi a Wolf WB - Jay Billiards - Chuy\u00ean g\u1eady Bida ch\u00ednh h\u00e3ng gi\u00e1 t\u1ed1t","isPartOf":{"@id":"https:\/\/jaybillards.azdigi.shop\/#website"},"primaryImageOfPage":{"@id":"https:\/\/jaybillards.azdigi.shop\/?product=gay-bi-a-wolf-wb#primaryimage"},"image":{"@id":"https:\/\/jaybillards.azdigi.shop\/?product=gay-bi-a-wolf-wb#primaryimage"},"thumbnailUrl":"https:\/\/jaybillards.azdigi.shop\/wp-content\/uploads\/2026\/03\/co-14.jpg","datePublished":"2026-03-26T16:08:37+00:00","dateModified":"2026-04-05T20:07:18+00:00","description":"N\u00e9t \u0111\u1eb9p m\u1ed9c m\u1ea1c nh\u01b0ng \u0111\u1ea7y m\u1ea1nh m\u1ebd v\u00e0 b\u1ea3n l\u0129nh. V\u1ec1 ngo\u1ea1i h\u00ecnh m\u01b0\u1ee3t m\u00e0 v\u1edbi 5 m\u00e0u s\u1eafc \u0111a d\u1ea1ng s\u1ef1 l\u1ef1a ch\u1ecdn, Wolf WB c\u00f2n \u0111\u01b0\u1ee3c trang b\u1ecb ng\u1ecdn c\u00f4ng ngh\u1ec7 W2 Pro ti\u00ean ...3.850.000 \u20ab","breadcrumb":{"@id":"https:\/\/jaybillards.azdigi.shop\/?product=gay-bi-a-wolf-wb#breadcrumb"},"inLanguage":"vi","potentialAction":[{"@type":"ReadAction","target":["https:\/\/jaybillards.azdigi.shop\/?product=gay-bi-a-wolf-wb"]}]},{"@type":"ImageObject","inLanguage":"vi","@id":"https:\/\/jaybillards.azdigi.shop\/?product=gay-bi-a-wolf-wb#primaryimage","url":"https:\/\/jaybillards.azdigi.shop\/wp-content\/uploads\/2026\/03\/co-14.jpg","contentUrl":"https:\/\/jaybillards.azdigi.shop\/wp-content\/uploads\/2026\/03\/co-14.jpg","width":1600,"height":1600},{"@type":"BreadcrumbList","@id":"https:\/\/jaybillards.azdigi.shop\/?product=gay-bi-a-wolf-wb#breadcrumb","itemListElement":[{"@type":"ListItem","position":1,"name":"Trang ch\u1ee7","item":"https:\/\/jaybillards.azdigi.shop\/"},{"@type":"ListItem","position":2,"name":"C\u1eeda h\u00e0ng","item":"https:\/\/jaybillards.azdigi.shop\/?page_id=274"},{"@type":"ListItem","position":3,"name":"G\u1eady Bi a Wolf WB"}]},{"@type":"WebSite","@id":"https:\/\/jaybillards.azdigi.shop\/#website","url":"https:\/\/jaybillards.azdigi.shop\/","name":"Jay Billiards - Chuy\u00ean g\u1eady Bida ch\u00ednh h\u00e3ng gi\u00e1 t\u1ed1t","description":"","potentialAction":[{"@type":"SearchAction","target":{"@type":"EntryPoint","urlTemplate":"https:\/\/jaybillards.azdigi.shop\/?s={search_term_string}"},"query-input":{"@type":"PropertyValueSpecification","valueRequired":true,"valueName":"search_term_string"}}],"inLanguage":"vi"}]}},"_links":{"self":[{"href":"https:\/\/jaybillards.azdigi.shop\/index.php?rest_route=\/wp\/v2\/product\/376","targetHints":{"allow":["GET"]}}],"collection":[{"href":"https:\/\/jaybillards.azdigi.shop\/index.php?rest_route=\/wp\/v2\/product"}],"about":[{"href":"https:\/\/jaybillards.azdigi.shop\/index.php?rest_route=\/wp\/v2\/types\/product"}],"replies":[{"embeddable":true,"href":"https:\/\/jaybillards.azdigi.shop\/index.php?rest_route=%2Fwp%2Fv2%2Fcomments&post=376"}],"wp:featuredmedia":[{"embeddable":true,"href":"https:\/\/jaybillards.azdigi.shop\/index.php?rest_route=\/wp\/v2\/media\/1211"}],"wp:attachment":[{"href":"https:\/\/jaybillards.azdigi.shop\/index.php?rest_route=%2Fwp%2Fv2%2Fmedia&parent=376"}],"wp:term":[{"taxonomy":"product_brand","embeddable":true,"href":"https:\/\/jaybillards.azdigi.shop\/index.php?rest_route=%2Fwp%2Fv2%2Fproduct_brand&post=376"},{"taxonomy":"product_cat","embeddable":true,"href":"https:\/\/jaybillards.azdigi.shop\/index.php?rest_route=%2Fwp%2Fv2%2Fproduct_cat&post=376"},{"taxonomy":"product_tag","embeddable":true,"href":"https:\/\/jaybillards.azdigi.shop\/index.php?rest_route=%2Fwp%2Fv2%2Fproduct_tag&post=376"}],"curies":[{"name":"wp","href":"https:\/\/api.w.org\/{rel}","templated":true}]}}