{"id":362,"date":"2026-03-26T19:28:21","date_gmt":"2026-03-26T12:28:21","guid":{"rendered":"https:\/\/jaybillards.azdigi.shop\/?post_type=product&#038;p=362"},"modified":"2026-04-06T03:02:42","modified_gmt":"2026-04-05T20:02:42","slug":"gay-bi-a-allin-crazy-composite","status":"publish","type":"product","link":"https:\/\/jaybillards.azdigi.shop\/?product=gay-bi-a-allin-crazy-composite","title":{"rendered":"G\u1eady Bi a Allin Crazy Composite"},"content":{"rendered":"<p><span dir=\"auto\" style=\"vertical-align: inherit;\"><span dir=\"auto\" style=\"vertical-align: inherit;\">G\u1eady Bi a Allin Crazy Composite<br \/>\n\ud83d\udca5 C\u01a0 ALLIN CRAZY COMPOSITE<br \/>\n<\/span><\/span><\/p>\n<p data-start=\"132\" data-end=\"193\"><strong data-start=\"132\" data-end=\"191\">C\u01a1 Allin Crazy Composite \u2013 \u0110\u1ed9c \u0111\u00e1o, b\u1ec1n b\u1ec9, gi\u00e1 c\u1ef1c t\u1ed1t<\/strong><\/p>\n<p data-start=\"195\" data-end=\"509\"><strong data-start=\"195\" data-end=\"223\">C\u01a1 Allin Crazy Composite<\/strong> l\u00e0 d\u00f2ng c\u01a1 bida cao c\u1ea5p nh\u01b0ng s\u1edf h\u1eefu m\u1ee9c gi\u00e1 c\u1ef1c k\u1ef3 h\u1ee3p l\u00fd, ph\u00f9 h\u1ee3p v\u1edbi c\u1ea3 ng\u01b0\u1eddi m\u1edbi ch\u01a1i l\u1eabn c\u00e1c c\u01a1 th\u1ee7 chuy\u00ean nghi\u1ec7p. Chu\u00f4i c\u01a1 \u0111\u01b0\u1ee3c l\u00e0m t\u1eeb <strong data-start=\"365\" data-end=\"384\">composite th\u1eb3ng<\/strong>, c\u1ee9ng c\u00e1p v\u00e0 b\u1ec1n v\u01b0\u1ee3t tr\u1ed9i, mang \u0111\u1ebfn kh\u1ea3 n\u0103ng truy\u1ec1n l\u1ef1c t\u1ed1i \u01b0u v\u00e0 t\u1ea1o ra nh\u1eefng \u0111\u01b0\u1eddng bi chu\u1ea9n x\u00e1c, m\u01b0\u1ee3t m\u00e0 tr\u00ean b\u00e0n bida.<\/p>\n<p data-start=\"511\" data-end=\"829\">Ren <strong data-start=\"515\" data-end=\"525\">Radial<\/strong> th\u00f4ng d\u1ee5ng gi\u00fap k\u1ebft n\u1ed1i ch\u1eafc ch\u1eafn gi\u1eefa c\u00e1c b\u1ed9 ph\u1eadn, h\u1ea1n ch\u1ebf b\u1ec3 ren theo th\u1eddi gian, \u0111\u1ed3ng th\u1eddi d\u1ec5 d\u00e0ng thay ng\u1ecdn ho\u1eb7c n\u00e2ng c\u1ea5p c\u00e1c b\u1ed9 ph\u1eadn kh\u00e1c m\u00e0 v\u1eabn gi\u1eef s\u1ef1 li\u1ec1n m\u1ea1ch v\u00e0 \u1ed5n \u0111\u1ecbnh. Ng\u1ecdn c\u01a1 v\u00e0 tay c\u1ea7m \u0111\u01b0\u1ee3c thi\u1ebft k\u1ebf c\u00e2n b\u1eb1ng, gi\u00fap ki\u1ec3m so\u00e1t l\u1ef1c v\u00e0 h\u01b0\u1edbng \u0111i c\u1ee7a bi ch\u00ednh x\u00e1c, n\u00e2ng cao tr\u1ea3i nghi\u1ec7m ch\u01a1i Bi A.<\/p>\n<p data-start=\"831\" data-end=\"1208\">Khi mua <strong data-start=\"839\" data-end=\"864\">Allin Crazy Composite<\/strong>, kh\u00e1ch h\u00e0ng c\u00f2n \u0111\u01b0\u1ee3c t\u1eb7ng <strong data-start=\"891\" data-end=\"932\">kh\u0103n, l\u01a1 v\u00e0 g\u0103ng Allin Cue ch\u00ednh h\u00e3ng<\/strong>, \u0111\u1ea3m b\u1ea3o tr\u1ea3i nghi\u1ec7m tr\u1ecdn v\u1eb9n v\u00e0 ti\u1ec7n l\u1ee3i ngay t\u1eeb l\u1ea7n s\u1eed d\u1ee5ng \u0111\u1ea7u ti\u00ean. \u0110\u00e2y l\u00e0 l\u1ef1a ch\u1ecdn l\u00fd t\u01b0\u1edfng cho nh\u1eefng ai mu\u1ed1n s\u1edf h\u1eefu c\u00e2y c\u01a1 ch\u1ea5t l\u01b0\u1ee3ng, b\u1ec1n b\u1ec9 nh\u01b0ng v\u1eabn ti\u1ebft ki\u1ec7m chi ph\u00ed, \u0111\u1ed3ng th\u1eddi tr\u1ea3i nghi\u1ec7m c\u1ea3m gi\u00e1c ch\u01a1i bida chuy\u00ean nghi\u1ec7p ngay t\u1ea1i nh\u00e0 hay t\u1ea1i c\u00e1c c\u01a1 s\u1edf t\u1eadp luy\u1ec7n.<\/p>\n<p data-start=\"1210\" data-end=\"1469\">V\u1edbi <strong data-start=\"1214\" data-end=\"1239\">Allin Crazy Composite<\/strong>, m\u1ed7i c\u00fa \u0111\u00e1nh \u0111\u1ec1u tr\u1edf n\u00ean ch\u00ednh x\u00e1c v\u00e0 \u0111\u1ea7y t\u1ef1 tin, gi\u00fap c\u01a1 th\u1ee7 n\u00e2ng cao k\u1ef9 thu\u1eadt, ki\u1ec3m so\u00e1t l\u1ef1c chu\u1ea9n x\u00e1c v\u00e0 t\u1eadn h\u01b0\u1edfng ni\u1ec1m vui ch\u01a1i Bi A tr\u1ecdn v\u1eb9n. \u0110\u00e2y th\u1ef1c s\u1ef1 l\u00e0 c\u00e2y c\u01a1 \u0111\u1ed9c \u0111\u00e1o, \u0111\u00e1ng s\u1edf h\u1eefu cho m\u1ecdi c\u01a1 th\u1ee7 y\u00eau th\u00edch b\u1ed9 m\u00f4n bida.<\/p>\n<p><span dir=\"auto\" style=\"vertical-align: inherit;\"><span dir=\"auto\" style=\"vertical-align: inherit;\">\u00a0<\/span><\/span><\/p>\n<p>\u2714 Chu\u00f4i Composite th\u1eb3ng, c\u1ee9ng, b\u1ec1n v\u01b0\u1ee3t tr\u1ed9i c\u00f9ng b\u1ea1n t\u1ea1o ra nh\u1eefng \u0111\u01b0\u1eddng bi \u0111\u1ec9nh n\u00f3c!<\/p>\n<p>\u2714 Ren Radial th\u00f4ng d\u1ee5ng d\u1ec5 thay m\u1edbi ho\u1eb7c n\u00e2ng c\u1ea5p sang nh\u1eefng ng\u1ecdn kh\u00e1c c\u00f3 d\u00f9ng d\u00f2ng ren. Ngo\u00e0i ra, lo\u1ea1i ren n\u00e0y c\u00f3 kh\u1ea3 n\u0103ng k\u1ebft n\u1ed1i ch\u1eafc ch\u1eafn t\u1ea1o s\u1ef1 li\u1ec1n m\u1ea1ch gi\u1eefa c\u00e1c b\u1ed9 ph\u1eadn v\u00e0 h\u1ea1n ch\u1ebf b\u1ec3 ren theo th\u1eddi gian.<\/p>\n<p>\u0110\u1eb7c bi\u1ec7t, Allin Crazy s\u1edf h\u1eefu m\u1ee9c gi\u00e1 c\u1ef1c k\u1ef3 \u201c\u0110i\u00ean r\u1ed3\u201d: 1.990.000\u0111! \u0110\u1ed3ng th\u1eddi T\u1eb7ng k\u00e8m kh\u0103n, l\u01a1 v\u00e0 g\u0103ng Allin Cue ch\u00ednh h\u00e3ng.<\/p>\n<p>B\u1ea1n \u0111\u00e3 s\u1eb5n s\u00e0ng l\u00e0 m\u1ed9t trong nh\u1eefng ng\u01b0\u1eddi \u0111\u1ea7u ti\u00ean s\u1edf h\u1eefu c\u00e2y c\u01a1 \u0111\u1ed9c \u0111\u00e1o n\u00e0y ch\u01b0a?<\/p>\n","protected":false},"excerpt":{"rendered":"<p>G\u1eady Bi a Allin Crazy Composite \ud83d\udca5 C\u01a0 ALLIN CRAZY COMPOSITE C\u01a1 Allin Crazy Composite \u2013 \u0110\u1ed9c \u0111\u00e1o, b\u1ec1n b\u1ec9, gi\u00e1 c\u1ef1c t\u1ed1t C\u01a1 Allin Crazy Composite l\u00e0 d\u00f2ng c\u01a1 bida cao c\u1ea5p nh\u01b0ng s\u1edf h\u1eefu m\u1ee9c gi\u00e1 c\u1ef1c k\u1ef3 h\u1ee3p l\u00fd, ph\u00f9 h\u1ee3p v\u1edbi c\u1ea3 ng\u01b0\u1eddi m\u1edbi ch\u01a1i l\u1eabn c\u00e1c c\u01a1 th\u1ee7 chuy\u00ean nghi\u1ec7p. [&#8230;]\n","protected":false},"featured_media":1198,"comment_status":"open","ping_status":"closed","template":"","meta":[],"product_brand":[28],"product_cat":[27],"product_tag":[45],"class_list":{"0":"post-362","1":"product","2":"type-product","3":"status-publish","4":"has-post-thumbnail","6":"product_brand-allin-cues","7":"product_cat-gay-bi-a-allin-cue","8":"product_tag-allin-cue","10":"first","11":"instock","12":"shipping-taxable","13":"purchasable","14":"product-type-variable"},"yoast_head":"<!-- This site is optimized with the Yoast SEO plugin v27.2 - https:\/\/yoast.com\/product\/yoast-seo-wordpress\/ -->\n<title>G\u1eady Bi a Allin Crazy Composite - Jay Billiards - Chuy\u00ean g\u1eady Bida ch\u00ednh h\u00e3ng gi\u00e1 t\u1ed1t<\/title>\n<meta name=\"description\" content=\"\u0110\u1eb7c bi\u1ec7t, Allin Crazy s\u1edf h\u1eefu m\u1ee9c gi\u00e1 c\u1ef1c k\u1ef3 \u201c\u0110i\u00ean r\u1ed3\u201d: 1.990.000\u0111! \u0110\u1ed3ng th\u1eddi T\u1eb7ng k\u00e8m kh\u0103n, l\u01a1 v\u00e0 g\u0103ng Allin Cue ch\u00ednh h\u00e3ng.2.500.000 \u20ab\" \/>\n<meta name=\"robots\" content=\"index, follow, max-snippet:-1, max-image-preview:large, max-video-preview:-1\" \/>\n<link rel=\"canonical\" href=\"https:\/\/jaybillards.azdigi.shop\/?product=gay-bi-a-allin-crazy-composite\" \/>\n<meta property=\"og:locale\" content=\"vi_VN\" \/>\n<meta property=\"og:type\" content=\"article\" \/>\n<meta property=\"og:title\" content=\"G\u1eady Bi a Allin Crazy Composite - Jay Billiards - Chuy\u00ean g\u1eady Bida ch\u00ednh h\u00e3ng gi\u00e1 t\u1ed1t\" \/>\n<meta property=\"og:description\" content=\"\u0110\u1eb7c bi\u1ec7t, Allin Crazy s\u1edf h\u1eefu m\u1ee9c gi\u00e1 c\u1ef1c k\u1ef3 \u201c\u0110i\u00ean r\u1ed3\u201d: 1.990.000\u0111! \u0110\u1ed3ng th\u1eddi T\u1eb7ng k\u00e8m kh\u0103n, l\u01a1 v\u00e0 g\u0103ng Allin Cue ch\u00ednh h\u00e3ng.2.500.000 \u20ab\" \/>\n<meta property=\"og:url\" content=\"https:\/\/jaybillards.azdigi.shop\/?product=gay-bi-a-allin-crazy-composite\" \/>\n<meta property=\"og:site_name\" content=\"Jay Billiards - Chuy\u00ean g\u1eady Bida ch\u00ednh h\u00e3ng gi\u00e1 t\u1ed1t\" \/>\n<meta property=\"article:modified_time\" content=\"2026-04-05T20:02:42+00:00\" \/>\n<meta property=\"og:image\" content=\"https:\/\/jaybillards.azdigi.shop\/wp-content\/uploads\/2026\/03\/co-12.jpg\" \/>\n\t<meta property=\"og:image:width\" content=\"2000\" \/>\n\t<meta property=\"og:image:height\" content=\"2000\" \/>\n\t<meta property=\"og:image:type\" content=\"image\/jpeg\" \/>\n<meta name=\"twitter:card\" content=\"summary_large_image\" \/>\n<meta name=\"twitter:label1\" content=\"\u01af\u1edbc t\u00ednh th\u1eddi gian \u0111\u1ecdc\" \/>\n\t<meta name=\"twitter:data1\" content=\"3 ph\u00fat\" \/>\n<script type=\"application\/ld+json\" class=\"yoast-schema-graph\">{\"@context\":\"https:\/\/schema.org\",\"@graph\":[{\"@type\":\"WebPage\",\"@id\":\"https:\/\/jaybillards.azdigi.shop\/?product=gay-bi-a-allin-crazy-composite\",\"url\":\"https:\/\/jaybillards.azdigi.shop\/?product=gay-bi-a-allin-crazy-composite\",\"name\":\"G\u1eady Bi a Allin Crazy Composite - Jay Billiards - Chuy\u00ean g\u1eady Bida ch\u00ednh h\u00e3ng gi\u00e1 t\u1ed1t\",\"isPartOf\":{\"@id\":\"https:\/\/jaybillards.azdigi.shop\/#website\"},\"primaryImageOfPage\":{\"@id\":\"https:\/\/jaybillards.azdigi.shop\/?product=gay-bi-a-allin-crazy-composite#primaryimage\"},\"image\":{\"@id\":\"https:\/\/jaybillards.azdigi.shop\/?product=gay-bi-a-allin-crazy-composite#primaryimage\"},\"thumbnailUrl\":\"https:\/\/jaybillards.azdigi.shop\/wp-content\/uploads\/2026\/03\/co-12.jpg\",\"datePublished\":\"2026-03-26T12:28:21+00:00\",\"dateModified\":\"2026-04-05T20:02:42+00:00\",\"description\":\"\u0110\u1eb7c bi\u1ec7t, Allin Crazy s\u1edf h\u1eefu m\u1ee9c gi\u00e1 c\u1ef1c k\u1ef3 \u201c\u0110i\u00ean r\u1ed3\u201d: 1.990.000\u0111! \u0110\u1ed3ng th\u1eddi T\u1eb7ng k\u00e8m kh\u0103n, l\u01a1 v\u00e0 g\u0103ng Allin Cue ch\u00ednh h\u00e3ng.2.500.000 \u20ab\",\"breadcrumb\":{\"@id\":\"https:\/\/jaybillards.azdigi.shop\/?product=gay-bi-a-allin-crazy-composite#breadcrumb\"},\"inLanguage\":\"vi\",\"potentialAction\":[{\"@type\":\"ReadAction\",\"target\":[\"https:\/\/jaybillards.azdigi.shop\/?product=gay-bi-a-allin-crazy-composite\"]}]},{\"@type\":\"ImageObject\",\"inLanguage\":\"vi\",\"@id\":\"https:\/\/jaybillards.azdigi.shop\/?product=gay-bi-a-allin-crazy-composite#primaryimage\",\"url\":\"https:\/\/jaybillards.azdigi.shop\/wp-content\/uploads\/2026\/03\/co-12.jpg\",\"contentUrl\":\"https:\/\/jaybillards.azdigi.shop\/wp-content\/uploads\/2026\/03\/co-12.jpg\",\"width\":2000,\"height\":2000},{\"@type\":\"BreadcrumbList\",\"@id\":\"https:\/\/jaybillards.azdigi.shop\/?product=gay-bi-a-allin-crazy-composite#breadcrumb\",\"itemListElement\":[{\"@type\":\"ListItem\",\"position\":1,\"name\":\"Trang ch\u1ee7\",\"item\":\"https:\/\/jaybillards.azdigi.shop\/\"},{\"@type\":\"ListItem\",\"position\":2,\"name\":\"C\u1eeda h\u00e0ng\",\"item\":\"https:\/\/jaybillards.azdigi.shop\/?page_id=274\"},{\"@type\":\"ListItem\",\"position\":3,\"name\":\"G\u1eady Bi a Allin Crazy Composite\"}]},{\"@type\":\"WebSite\",\"@id\":\"https:\/\/jaybillards.azdigi.shop\/#website\",\"url\":\"https:\/\/jaybillards.azdigi.shop\/\",\"name\":\"Jay Billiards - Chuy\u00ean g\u1eady Bida ch\u00ednh h\u00e3ng gi\u00e1 t\u1ed1t\",\"description\":\"\",\"potentialAction\":[{\"@type\":\"SearchAction\",\"target\":{\"@type\":\"EntryPoint\",\"urlTemplate\":\"https:\/\/jaybillards.azdigi.shop\/?s={search_term_string}\"},\"query-input\":{\"@type\":\"PropertyValueSpecification\",\"valueRequired\":true,\"valueName\":\"search_term_string\"}}],\"inLanguage\":\"vi\"}]}<\/script>\n<!-- \/ Yoast SEO plugin. -->","yoast_head_json":{"title":"G\u1eady Bi a Allin Crazy Composite - Jay Billiards - Chuy\u00ean g\u1eady Bida ch\u00ednh h\u00e3ng gi\u00e1 t\u1ed1t","description":"\u0110\u1eb7c bi\u1ec7t, Allin Crazy s\u1edf h\u1eefu m\u1ee9c gi\u00e1 c\u1ef1c k\u1ef3 \u201c\u0110i\u00ean r\u1ed3\u201d: 1.990.000\u0111! \u0110\u1ed3ng th\u1eddi T\u1eb7ng k\u00e8m kh\u0103n, l\u01a1 v\u00e0 g\u0103ng Allin Cue ch\u00ednh h\u00e3ng.2.500.000 \u20ab","robots":{"index":"index","follow":"follow","max-snippet":"max-snippet:-1","max-image-preview":"max-image-preview:large","max-video-preview":"max-video-preview:-1"},"canonical":"https:\/\/jaybillards.azdigi.shop\/?product=gay-bi-a-allin-crazy-composite","og_locale":"vi_VN","og_type":"article","og_title":"G\u1eady Bi a Allin Crazy Composite - Jay Billiards - Chuy\u00ean g\u1eady Bida ch\u00ednh h\u00e3ng gi\u00e1 t\u1ed1t","og_description":"\u0110\u1eb7c bi\u1ec7t, Allin Crazy s\u1edf h\u1eefu m\u1ee9c gi\u00e1 c\u1ef1c k\u1ef3 \u201c\u0110i\u00ean r\u1ed3\u201d: 1.990.000\u0111! \u0110\u1ed3ng th\u1eddi T\u1eb7ng k\u00e8m kh\u0103n, l\u01a1 v\u00e0 g\u0103ng Allin Cue ch\u00ednh h\u00e3ng.2.500.000 \u20ab","og_url":"https:\/\/jaybillards.azdigi.shop\/?product=gay-bi-a-allin-crazy-composite","og_site_name":"Jay Billiards - Chuy\u00ean g\u1eady Bida ch\u00ednh h\u00e3ng gi\u00e1 t\u1ed1t","article_modified_time":"2026-04-05T20:02:42+00:00","og_image":[{"width":2000,"height":2000,"url":"https:\/\/jaybillards.azdigi.shop\/wp-content\/uploads\/2026\/03\/co-12.jpg","type":"image\/jpeg"}],"twitter_card":"summary_large_image","twitter_misc":{"\u01af\u1edbc t\u00ednh th\u1eddi gian \u0111\u1ecdc":"3 ph\u00fat"},"schema":{"@context":"https:\/\/schema.org","@graph":[{"@type":"WebPage","@id":"https:\/\/jaybillards.azdigi.shop\/?product=gay-bi-a-allin-crazy-composite","url":"https:\/\/jaybillards.azdigi.shop\/?product=gay-bi-a-allin-crazy-composite","name":"G\u1eady Bi a Allin Crazy Composite - Jay Billiards - Chuy\u00ean g\u1eady Bida ch\u00ednh h\u00e3ng gi\u00e1 t\u1ed1t","isPartOf":{"@id":"https:\/\/jaybillards.azdigi.shop\/#website"},"primaryImageOfPage":{"@id":"https:\/\/jaybillards.azdigi.shop\/?product=gay-bi-a-allin-crazy-composite#primaryimage"},"image":{"@id":"https:\/\/jaybillards.azdigi.shop\/?product=gay-bi-a-allin-crazy-composite#primaryimage"},"thumbnailUrl":"https:\/\/jaybillards.azdigi.shop\/wp-content\/uploads\/2026\/03\/co-12.jpg","datePublished":"2026-03-26T12:28:21+00:00","dateModified":"2026-04-05T20:02:42+00:00","description":"\u0110\u1eb7c bi\u1ec7t, Allin Crazy s\u1edf h\u1eefu m\u1ee9c gi\u00e1 c\u1ef1c k\u1ef3 \u201c\u0110i\u00ean r\u1ed3\u201d: 1.990.000\u0111! \u0110\u1ed3ng th\u1eddi T\u1eb7ng k\u00e8m kh\u0103n, l\u01a1 v\u00e0 g\u0103ng Allin Cue ch\u00ednh h\u00e3ng.2.500.000 \u20ab","breadcrumb":{"@id":"https:\/\/jaybillards.azdigi.shop\/?product=gay-bi-a-allin-crazy-composite#breadcrumb"},"inLanguage":"vi","potentialAction":[{"@type":"ReadAction","target":["https:\/\/jaybillards.azdigi.shop\/?product=gay-bi-a-allin-crazy-composite"]}]},{"@type":"ImageObject","inLanguage":"vi","@id":"https:\/\/jaybillards.azdigi.shop\/?product=gay-bi-a-allin-crazy-composite#primaryimage","url":"https:\/\/jaybillards.azdigi.shop\/wp-content\/uploads\/2026\/03\/co-12.jpg","contentUrl":"https:\/\/jaybillards.azdigi.shop\/wp-content\/uploads\/2026\/03\/co-12.jpg","width":2000,"height":2000},{"@type":"BreadcrumbList","@id":"https:\/\/jaybillards.azdigi.shop\/?product=gay-bi-a-allin-crazy-composite#breadcrumb","itemListElement":[{"@type":"ListItem","position":1,"name":"Trang ch\u1ee7","item":"https:\/\/jaybillards.azdigi.shop\/"},{"@type":"ListItem","position":2,"name":"C\u1eeda h\u00e0ng","item":"https:\/\/jaybillards.azdigi.shop\/?page_id=274"},{"@type":"ListItem","position":3,"name":"G\u1eady Bi a Allin Crazy Composite"}]},{"@type":"WebSite","@id":"https:\/\/jaybillards.azdigi.shop\/#website","url":"https:\/\/jaybillards.azdigi.shop\/","name":"Jay Billiards - Chuy\u00ean g\u1eady Bida ch\u00ednh h\u00e3ng gi\u00e1 t\u1ed1t","description":"","potentialAction":[{"@type":"SearchAction","target":{"@type":"EntryPoint","urlTemplate":"https:\/\/jaybillards.azdigi.shop\/?s={search_term_string}"},"query-input":{"@type":"PropertyValueSpecification","valueRequired":true,"valueName":"search_term_string"}}],"inLanguage":"vi"}]}},"_links":{"self":[{"href":"https:\/\/jaybillards.azdigi.shop\/index.php?rest_route=\/wp\/v2\/product\/362","targetHints":{"allow":["GET"]}}],"collection":[{"href":"https:\/\/jaybillards.azdigi.shop\/index.php?rest_route=\/wp\/v2\/product"}],"about":[{"href":"https:\/\/jaybillards.azdigi.shop\/index.php?rest_route=\/wp\/v2\/types\/product"}],"replies":[{"embeddable":true,"href":"https:\/\/jaybillards.azdigi.shop\/index.php?rest_route=%2Fwp%2Fv2%2Fcomments&post=362"}],"wp:featuredmedia":[{"embeddable":true,"href":"https:\/\/jaybillards.azdigi.shop\/index.php?rest_route=\/wp\/v2\/media\/1198"}],"wp:attachment":[{"href":"https:\/\/jaybillards.azdigi.shop\/index.php?rest_route=%2Fwp%2Fv2%2Fmedia&parent=362"}],"wp:term":[{"taxonomy":"product_brand","embeddable":true,"href":"https:\/\/jaybillards.azdigi.shop\/index.php?rest_route=%2Fwp%2Fv2%2Fproduct_brand&post=362"},{"taxonomy":"product_cat","embeddable":true,"href":"https:\/\/jaybillards.azdigi.shop\/index.php?rest_route=%2Fwp%2Fv2%2Fproduct_cat&post=362"},{"taxonomy":"product_tag","embeddable":true,"href":"https:\/\/jaybillards.azdigi.shop\/index.php?rest_route=%2Fwp%2Fv2%2Fproduct_tag&post=362"}],"curies":[{"name":"wp","href":"https:\/\/api.w.org\/{rel}","templated":true}]}}