{"id":331,"date":"2026-03-26T19:07:43","date_gmt":"2026-03-26T12:07:43","guid":{"rendered":"https:\/\/jaybillards.azdigi.shop\/?post_type=product&#038;p=331"},"modified":"2026-04-06T02:49:20","modified_gmt":"2026-04-05T19:49:20","slug":"gay-bi-a-peri-stv05-06","status":"publish","type":"product","link":"https:\/\/jaybillards.azdigi.shop\/?product=gay-bi-a-peri-stv05-06","title":{"rendered":"G\u1eady Bi a Peri STV05-06"},"content":{"rendered":"<p>G\u1eady Bi a Peri STV05-06 l\u00e0 phi\u00ean b\u1ea3n N\u00c2NG C\u1ea4P M\u1edaI NH\u1ea4T c\u1ee7a th\u01b0\u01a1ng hi\u1ec7u PERI! M\u1eabu c\u01a1 \u0111\u01b0\u1ee3c m\u1ec7nh danh l\u00e0 \u201ctruy\u1ec1n nh\u00e2n\u201d c\u1ee7a Peri ST01-02 \u0111\u00ecnh \u0111\u00e1m<\/p>\n<ul>\n<li>Ch\u1ea5t li\u1ec7u chu\u00f4i: G\u1ed7 phong cao c\u1ea5p<\/li>\n<li>Ch\u1ea5t li\u1ec7u ng\u1ecdn: P20 c\u00f4ng ngh\u1ec7 cao<\/li>\n<li>Ren: Radial<\/li>\n<li>T\u1ea9y: Peri Tips<\/li>\n<li>Tay c\u1ea7m: Tay b\u1ecdc da<\/li>\n<li>Tr\u1ecdng l\u01b0\u1ee3ng: 19oz<\/li>\n<\/ul>\n<div class=\"xdj266r x11i5rnm xat24cr x1mh8g0r x1vvkbs x126k92a\">\n<h2 dir=\"auto\">Jaybilliard \u2013 Th\u01b0\u01a1ng hi\u1ec7u c\u01a1 bida t\u1eeb c\u01a1 b\u1ea3n \u0111\u1ebfn cao c\u1ea5p<\/h2>\n<\/div>\n<div class=\"x11i5rnm xat24cr x1mh8g0r x1vvkbs xtlvy1s x126k92a\">\n<div dir=\"auto\">\n<ol>\n<li>Gi\u00e1 t\u1ed1t nh\u1ea5t th\u1ecb tr\u01b0\u1eddng<\/li>\n<li>Ch\u00ednh s\u00e1ch b\u1ea3o h\u00e0nh, \u0111\u1ed5i tr\u1ea3 r\u00f5 r\u00e0ng<\/li>\n<li>Cam k\u1ebft h\u00e0ng ch\u00ednh h\u00e3ng 100%, fake \u0111\u1ec1n g\u1ea5p 10<\/li>\n<li>Test c\u01a1 tr\u1ef1c ti\u1ebfp, mi\u1ec5n ph\u00ed t\u1ea1i c\u00e1c c\u01a1 s\u1edf.<\/li>\n<\/ol>\n<\/div>\n<div dir=\"auto\">\n<div class=\"xdj266r x11i5rnm xat24cr x1mh8g0r x1vvkbs x126k92a\">\n<h2 dir=\"auto\">Jaybilliard \u2013 B\u1ea3o h\u00e0nh khi mua v\u00e0 s\u1eed d\u1ee5ng s\u1ea3n ph\u1ea9m<\/h2>\n<\/div>\n<div class=\"x11i5rnm xat24cr x1mh8g0r x1vvkbs xtlvy1s x126k92a\">\n<ol>\n<li dir=\"auto\">B\u1ea3o h\u00e0nh c\u1ea3 l\u1ed7i ng\u01b0\u1eddi d\u00f9ng. \u0110\u1ea7u ti\u00ean v\u00e0 duy nh\u1ea5t t\u1ea1i Jaybilliard<\/li>\n<li dir=\"auto\">B\u1ea3o h\u00e0nh l\u1ed7i k\u1ef9 thu\u1eadt t\u1eeb nh\u00e0 s\u1ea3n xu\u1ea5t<\/li>\n<li dir=\"auto\">Jaybilliard b\u1ea3o h\u00e0nh cong v\u00eanh 06 th\u00e1ng v\u1edbi ng\u1ecdn m\u1ed9c, 02 n\u0103m v\u1edbi ng\u1ecdn carbon<\/li>\n<li dir=\"auto\">B\u1ea3o h\u00e0nh tr\u1ecdn \u0111\u1eddi \u0111\u1ea7u t\u1ea9y khi mua g\u1eady v\u00e0 thay \u0111\u1ea7u t\u1ea9y t\u1ea1i Jaybilliard<\/li>\n<\/ol>\n<\/div>\n<\/div>\n<\/div>\n<p>Ch\u00fang t\u00f4i hy v\u1ecdng mang \u0111\u1ebfn cho kh\u00e1ch h\u00e0ng nh\u1eefng tr\u1ea3i nghi\u1ec7m t\u1ed1t nh\u1ea5t khi mua h\u00e0ng t\u1ea1i JayBilliard.<\/p>\n<p data-start=\"187\" data-end=\"254\"><strong data-start=\"187\" data-end=\"252\">G\u1eady Bi A Peri STV05-06 \u2013 Phi\u00ean b\u1ea3n n\u00e2ng c\u1ea5p m\u1edbi nh\u1ea5t c\u1ee7a Peri<\/strong><\/p>\n<p data-start=\"256\" data-end=\"775\">G\u1eady Bi A <strong data-start=\"265\" data-end=\"282\">Peri STV05-06<\/strong> l\u00e0 phi\u00ean b\u1ea3n n\u00e2ng c\u1ea5p m\u1edbi nh\u1ea5t c\u1ee7a th\u01b0\u01a1ng hi\u1ec7u Peri, \u0111\u01b0\u1ee3c m\u1ec7nh danh l\u00e0 \u201ctruy\u1ec1n nh\u00e2n\u201d c\u1ee7a m\u1eabu <strong data-start=\"376\" data-end=\"392\">Peri ST01-02<\/strong> \u0111\u00ecnh \u0111\u00e1m. \u0110\u00e2y l\u00e0 l\u1ef1a ch\u1ecdn l\u00fd t\u01b0\u1edfng cho c\u00e1c c\u01a1 th\u1ee7 mu\u1ed1n s\u1edf h\u1eefu c\u00e2y c\u01a1 cao c\u1ea5p, ch\u1ea5t l\u01b0\u1ee3ng \u1ed5n \u0111\u1ecbnh v\u00e0 c\u1ea3m gi\u00e1c \u0111\u00e1nh chu\u1ea9n x\u00e1c ngay t\u1eeb l\u1ea7n \u0111\u1ea7u ti\u00ean. Chu\u00f4i g\u1eady \u0111\u01b0\u1ee3c l\u00e0m t\u1eeb <strong data-start=\"561\" data-end=\"581\">g\u1ed7 phong cao c\u1ea5p<\/strong>, mang l\u1ea1i \u0111\u1ed9 c\u1ee9ng c\u00e1p, c\u00e2n b\u1eb1ng v\u00e0 truy\u1ec1n l\u1ef1c t\u1ed1i \u01b0u. Ng\u1ecdn g\u1eady s\u1eed d\u1ee5ng <strong data-start=\"653\" data-end=\"670\">c\u00f4ng ngh\u1ec7 P20<\/strong>, k\u1ebft h\u1ee3p v\u1edbi ren <strong data-start=\"688\" data-end=\"698\">Radial<\/strong> gi\u00fap k\u1ebft n\u1ed1i ch\u1eafc ch\u1eafn, gi\u1ea3m rung l\u1eafc, \u0111\u1ed3ng th\u1eddi t\u0103ng \u0111\u1ed9 \u1ed5n \u0111\u1ecbnh khi \u0111\u00e1nh.<\/p>\n<p data-start=\"777\" data-end=\"1047\">T\u1ea9y <strong data-start=\"781\" data-end=\"794\">Peri Tips<\/strong> v\u00e0 tay c\u1ea7m <strong data-start=\"806\" data-end=\"824\">b\u1ecdc da cao c\u1ea5p<\/strong> \u0111\u1ea3m b\u1ea3o kh\u1ea3 n\u0103ng b\u00e1m bi t\u1ed1t, t\u1ea1o c\u1ea3m gi\u00e1c \u00eam tay, ch\u1ed1ng tr\u01b0\u1ee3t, gi\u00fap ng\u01b0\u1eddi ch\u01a1i ki\u1ec3m so\u00e1t l\u1ef1c v\u00e0 h\u01b0\u1edbng \u0111i c\u1ee7a bi ch\u00ednh x\u00e1c. Tr\u1ecdng l\u01b0\u1ee3ng g\u1eady 19oz \u0111\u01b0\u1ee3c c\u00e2n ch\u1ec9nh h\u1ee3p l\u00fd, ph\u00f9 h\u1ee3p v\u1edbi c\u1ea3 ng\u01b0\u1eddi m\u1edbi v\u00e0 c\u00e1c c\u01a1 th\u1ee7 chuy\u00ean nghi\u1ec7p.<\/p>\n<p data-start=\"1049\" data-end=\"1442\"><strong data-start=\"1049\" data-end=\"1064\">JayBilliard<\/strong> cam k\u1ebft mang \u0111\u1ebfn s\u1ea3n ph\u1ea9m ch\u00ednh h\u00e3ng 100%, gi\u00e1 t\u1ed1t nh\u1ea5t th\u1ecb tr\u01b0\u1eddng, v\u1edbi ch\u00ednh s\u00e1ch b\u1ea3o h\u00e0nh minh b\u1ea1ch. S\u1ea3n ph\u1ea9m \u0111\u01b0\u1ee3c b\u1ea3o h\u00e0nh l\u1ed7i k\u1ef9 thu\u1eadt t\u1eeb nh\u00e0 s\u1ea3n xu\u1ea5t, cong v\u00eanh ng\u1ecdn m\u1ed9c 6 th\u00e1ng, ng\u1ecdn carbon 2 n\u0103m, b\u1ea3o h\u00e0nh tr\u1ecdn \u0111\u1eddi \u0111\u1ea7u t\u1ea9y khi mua g\u1eady v\u00e0 thay t\u1ea1i JayBilliard. Kh\u00e1ch h\u00e0ng \u0111\u01b0\u1ee3c ph\u00e9p <strong data-start=\"1352\" data-end=\"1396\">test c\u01a1 tr\u1ef1c ti\u1ebfp mi\u1ec5n ph\u00ed t\u1ea1i c\u00e1c c\u01a1 s\u1edf<\/strong>, \u0111\u1ea3m b\u1ea3o tr\u1ea3i nghi\u1ec7m th\u1ef1c t\u1ebf tr\u01b0\u1edbc khi mua.<\/p>\n<p data-start=\"1444\" data-end=\"1713\">V\u1edbi <strong data-start=\"1448\" data-end=\"1465\">Peri STV05-06<\/strong>, anh em kh\u00f4ng ch\u1ec9 s\u1edf h\u1eefu c\u00e2y c\u01a1 cao c\u1ea5p m\u00e0 c\u00f2n \u0111\u01b0\u1ee3c tr\u1ea3i nghi\u1ec7m c\u1ea3m gi\u00e1c ch\u01a1i Bi A chu\u1ea9n m\u1ef1c, n\u00e2ng tr\u00ecnh k\u1ef9 thu\u1eadt, ki\u1ec3m so\u00e1t l\u1ef1c chu\u1ea9n x\u00e1c v\u00e0 t\u1eadn h\u01b0\u1edfng tr\u1ecdn v\u1eb9n ni\u1ec1m vui tr\u00ean b\u00e0n bida. \u0110\u00e2y l\u00e0 s\u1ef1 l\u1ef1a ch\u1ecdn t\u1ed1i \u01b0u cho m\u1ecdi c\u01a1 th\u1ee7 \u0111am m\u00ea b\u1ed9 m\u00f4n bida.<\/p>\n<p>&nbsp;<\/p>\n","protected":false},"excerpt":{"rendered":"<p>G\u1eady Bi a Peri STV05-06 l\u00e0 phi\u00ean b\u1ea3n N\u00c2NG C\u1ea4P M\u1edaI NH\u1ea4T c\u1ee7a th\u01b0\u01a1ng hi\u1ec7u PERI! M\u1eabu c\u01a1 \u0111\u01b0\u1ee3c m\u1ec7nh danh l\u00e0 \u201ctruy\u1ec1n nh\u00e2n\u201d c\u1ee7a Peri ST01-02 \u0111\u00ecnh \u0111\u00e1m Ch\u1ea5t li\u1ec7u chu\u00f4i: G\u1ed7 phong cao c\u1ea5p Ch\u1ea5t li\u1ec7u ng\u1ecdn: P20 c\u00f4ng ngh\u1ec7 cao Ren: Radial T\u1ea9y: Peri Tips Tay c\u1ea7m: Tay b\u1ecdc da Tr\u1ecdng l\u01b0\u1ee3ng: [&#8230;]\n","protected":false},"featured_media":1171,"comment_status":"open","ping_status":"closed","template":"","meta":[],"product_brand":[25],"product_cat":[24],"product_tag":[41,42,40],"class_list":{"0":"post-331","1":"product","2":"type-product","3":"status-publish","4":"has-post-thumbnail","6":"product_brand-peri","7":"product_cat-peri","8":"product_tag-co-bida-peri","9":"product_tag-co-peri-chinh-hang","10":"product_tag-co-peri-stv05-06","12":"first","13":"instock","14":"sale","15":"shipping-taxable","16":"purchasable","17":"product-type-simple"},"yoast_head":"<!-- This site is optimized with the Yoast SEO plugin v27.2 - https:\/\/yoast.com\/product\/yoast-seo-wordpress\/ -->\n<title>G\u1eady Bi a Peri STV05-06 - Jay Billiards - Chuy\u00ean g\u1eady Bida ch\u00ednh h\u00e3ng gi\u00e1 t\u1ed1t<\/title>\n<meta name=\"description\" content=\"Ch\u1ea5t li\u1ec7u chu\u00f4i: G\u1ed7 phong cao c\u1ea5p \u00b7 Ch\u1ea5t li\u1ec7u ng\u1ecdn: P20 c\u00f4ng ngh\u1ec7 cao \u00b7 Ren: Radial \u00b7 T\u1ea9y: Peri Tips \u00b7 Tay c\u1ea7m: Tay b\u1ecdc da \u00b7 Tr\u1ecdng l\u01b0\u1ee3ng: 19oz .6.300.000 \u20ab\" \/>\n<meta name=\"robots\" content=\"index, follow, max-snippet:-1, max-image-preview:large, max-video-preview:-1\" \/>\n<link rel=\"canonical\" href=\"https:\/\/jaybillards.azdigi.shop\/?product=gay-bi-a-peri-stv05-06\" \/>\n<meta property=\"og:locale\" content=\"vi_VN\" \/>\n<meta property=\"og:type\" content=\"article\" \/>\n<meta property=\"og:title\" content=\"G\u1eady Bi a Peri STV05-06 - Jay Billiards - Chuy\u00ean g\u1eady Bida ch\u00ednh h\u00e3ng gi\u00e1 t\u1ed1t\" \/>\n<meta property=\"og:description\" content=\"Ch\u1ea5t li\u1ec7u chu\u00f4i: G\u1ed7 phong cao c\u1ea5p \u00b7 Ch\u1ea5t li\u1ec7u ng\u1ecdn: P20 c\u00f4ng ngh\u1ec7 cao \u00b7 Ren: Radial \u00b7 T\u1ea9y: Peri Tips \u00b7 Tay c\u1ea7m: Tay b\u1ecdc da \u00b7 Tr\u1ecdng l\u01b0\u1ee3ng: 19oz .6.300.000 \u20ab\" \/>\n<meta property=\"og:url\" content=\"https:\/\/jaybillards.azdigi.shop\/?product=gay-bi-a-peri-stv05-06\" \/>\n<meta property=\"og:site_name\" content=\"Jay Billiards - Chuy\u00ean g\u1eady Bida ch\u00ednh h\u00e3ng gi\u00e1 t\u1ed1t\" \/>\n<meta property=\"article:modified_time\" content=\"2026-04-05T19:49:20+00:00\" \/>\n<meta property=\"og:image\" content=\"https:\/\/jaybillards.azdigi.shop\/wp-content\/uploads\/2026\/03\/co-8.png\" \/>\n\t<meta property=\"og:image:width\" content=\"2000\" \/>\n\t<meta property=\"og:image:height\" content=\"2000\" \/>\n\t<meta property=\"og:image:type\" content=\"image\/png\" \/>\n<meta name=\"twitter:card\" content=\"summary_large_image\" \/>\n<meta name=\"twitter:label1\" content=\"\u01af\u1edbc t\u00ednh th\u1eddi gian \u0111\u1ecdc\" \/>\n\t<meta name=\"twitter:data1\" content=\"3 ph\u00fat\" \/>\n<script type=\"application\/ld+json\" class=\"yoast-schema-graph\">{\"@context\":\"https:\/\/schema.org\",\"@graph\":[{\"@type\":\"WebPage\",\"@id\":\"https:\/\/jaybillards.azdigi.shop\/?product=gay-bi-a-peri-stv05-06\",\"url\":\"https:\/\/jaybillards.azdigi.shop\/?product=gay-bi-a-peri-stv05-06\",\"name\":\"G\u1eady Bi a Peri STV05-06 - Jay Billiards - Chuy\u00ean g\u1eady Bida ch\u00ednh h\u00e3ng gi\u00e1 t\u1ed1t\",\"isPartOf\":{\"@id\":\"https:\/\/jaybillards.azdigi.shop\/#website\"},\"primaryImageOfPage\":{\"@id\":\"https:\/\/jaybillards.azdigi.shop\/?product=gay-bi-a-peri-stv05-06#primaryimage\"},\"image\":{\"@id\":\"https:\/\/jaybillards.azdigi.shop\/?product=gay-bi-a-peri-stv05-06#primaryimage\"},\"thumbnailUrl\":\"https:\/\/jaybillards.azdigi.shop\/wp-content\/uploads\/2026\/03\/co-8.png\",\"datePublished\":\"2026-03-26T12:07:43+00:00\",\"dateModified\":\"2026-04-05T19:49:20+00:00\",\"description\":\"Ch\u1ea5t li\u1ec7u chu\u00f4i: G\u1ed7 phong cao c\u1ea5p \u00b7 Ch\u1ea5t li\u1ec7u ng\u1ecdn: P20 c\u00f4ng ngh\u1ec7 cao \u00b7 Ren: Radial \u00b7 T\u1ea9y: Peri Tips \u00b7 Tay c\u1ea7m: Tay b\u1ecdc da \u00b7 Tr\u1ecdng l\u01b0\u1ee3ng: 19oz .6.300.000 \u20ab\",\"breadcrumb\":{\"@id\":\"https:\/\/jaybillards.azdigi.shop\/?product=gay-bi-a-peri-stv05-06#breadcrumb\"},\"inLanguage\":\"vi\",\"potentialAction\":[{\"@type\":\"ReadAction\",\"target\":[\"https:\/\/jaybillards.azdigi.shop\/?product=gay-bi-a-peri-stv05-06\"]}]},{\"@type\":\"ImageObject\",\"inLanguage\":\"vi\",\"@id\":\"https:\/\/jaybillards.azdigi.shop\/?product=gay-bi-a-peri-stv05-06#primaryimage\",\"url\":\"https:\/\/jaybillards.azdigi.shop\/wp-content\/uploads\/2026\/03\/co-8.png\",\"contentUrl\":\"https:\/\/jaybillards.azdigi.shop\/wp-content\/uploads\/2026\/03\/co-8.png\",\"width\":2000,\"height\":2000},{\"@type\":\"BreadcrumbList\",\"@id\":\"https:\/\/jaybillards.azdigi.shop\/?product=gay-bi-a-peri-stv05-06#breadcrumb\",\"itemListElement\":[{\"@type\":\"ListItem\",\"position\":1,\"name\":\"Trang ch\u1ee7\",\"item\":\"https:\/\/jaybillards.azdigi.shop\/\"},{\"@type\":\"ListItem\",\"position\":2,\"name\":\"C\u1eeda h\u00e0ng\",\"item\":\"https:\/\/jaybillards.azdigi.shop\/?page_id=274\"},{\"@type\":\"ListItem\",\"position\":3,\"name\":\"G\u1eady Bi a Peri STV05-06\"}]},{\"@type\":\"WebSite\",\"@id\":\"https:\/\/jaybillards.azdigi.shop\/#website\",\"url\":\"https:\/\/jaybillards.azdigi.shop\/\",\"name\":\"Jay Billiards - Chuy\u00ean g\u1eady Bida ch\u00ednh h\u00e3ng gi\u00e1 t\u1ed1t\",\"description\":\"\",\"potentialAction\":[{\"@type\":\"SearchAction\",\"target\":{\"@type\":\"EntryPoint\",\"urlTemplate\":\"https:\/\/jaybillards.azdigi.shop\/?s={search_term_string}\"},\"query-input\":{\"@type\":\"PropertyValueSpecification\",\"valueRequired\":true,\"valueName\":\"search_term_string\"}}],\"inLanguage\":\"vi\"}]}<\/script>\n<!-- \/ Yoast SEO plugin. -->","yoast_head_json":{"title":"G\u1eady Bi a Peri STV05-06 - Jay Billiards - Chuy\u00ean g\u1eady Bida ch\u00ednh h\u00e3ng gi\u00e1 t\u1ed1t","description":"Ch\u1ea5t li\u1ec7u chu\u00f4i: G\u1ed7 phong cao c\u1ea5p \u00b7 Ch\u1ea5t li\u1ec7u ng\u1ecdn: P20 c\u00f4ng ngh\u1ec7 cao \u00b7 Ren: Radial \u00b7 T\u1ea9y: Peri Tips \u00b7 Tay c\u1ea7m: Tay b\u1ecdc da \u00b7 Tr\u1ecdng l\u01b0\u1ee3ng: 19oz .6.300.000 \u20ab","robots":{"index":"index","follow":"follow","max-snippet":"max-snippet:-1","max-image-preview":"max-image-preview:large","max-video-preview":"max-video-preview:-1"},"canonical":"https:\/\/jaybillards.azdigi.shop\/?product=gay-bi-a-peri-stv05-06","og_locale":"vi_VN","og_type":"article","og_title":"G\u1eady Bi a Peri STV05-06 - Jay Billiards - Chuy\u00ean g\u1eady Bida ch\u00ednh h\u00e3ng gi\u00e1 t\u1ed1t","og_description":"Ch\u1ea5t li\u1ec7u chu\u00f4i: G\u1ed7 phong cao c\u1ea5p \u00b7 Ch\u1ea5t li\u1ec7u ng\u1ecdn: P20 c\u00f4ng ngh\u1ec7 cao \u00b7 Ren: Radial \u00b7 T\u1ea9y: Peri Tips \u00b7 Tay c\u1ea7m: Tay b\u1ecdc da \u00b7 Tr\u1ecdng l\u01b0\u1ee3ng: 19oz .6.300.000 \u20ab","og_url":"https:\/\/jaybillards.azdigi.shop\/?product=gay-bi-a-peri-stv05-06","og_site_name":"Jay Billiards - Chuy\u00ean g\u1eady Bida ch\u00ednh h\u00e3ng gi\u00e1 t\u1ed1t","article_modified_time":"2026-04-05T19:49:20+00:00","og_image":[{"width":2000,"height":2000,"url":"https:\/\/jaybillards.azdigi.shop\/wp-content\/uploads\/2026\/03\/co-8.png","type":"image\/png"}],"twitter_card":"summary_large_image","twitter_misc":{"\u01af\u1edbc t\u00ednh th\u1eddi gian \u0111\u1ecdc":"3 ph\u00fat"},"schema":{"@context":"https:\/\/schema.org","@graph":[{"@type":"WebPage","@id":"https:\/\/jaybillards.azdigi.shop\/?product=gay-bi-a-peri-stv05-06","url":"https:\/\/jaybillards.azdigi.shop\/?product=gay-bi-a-peri-stv05-06","name":"G\u1eady Bi a Peri STV05-06 - Jay Billiards - Chuy\u00ean g\u1eady Bida ch\u00ednh h\u00e3ng gi\u00e1 t\u1ed1t","isPartOf":{"@id":"https:\/\/jaybillards.azdigi.shop\/#website"},"primaryImageOfPage":{"@id":"https:\/\/jaybillards.azdigi.shop\/?product=gay-bi-a-peri-stv05-06#primaryimage"},"image":{"@id":"https:\/\/jaybillards.azdigi.shop\/?product=gay-bi-a-peri-stv05-06#primaryimage"},"thumbnailUrl":"https:\/\/jaybillards.azdigi.shop\/wp-content\/uploads\/2026\/03\/co-8.png","datePublished":"2026-03-26T12:07:43+00:00","dateModified":"2026-04-05T19:49:20+00:00","description":"Ch\u1ea5t li\u1ec7u chu\u00f4i: G\u1ed7 phong cao c\u1ea5p \u00b7 Ch\u1ea5t li\u1ec7u ng\u1ecdn: P20 c\u00f4ng ngh\u1ec7 cao \u00b7 Ren: Radial \u00b7 T\u1ea9y: Peri Tips \u00b7 Tay c\u1ea7m: Tay b\u1ecdc da \u00b7 Tr\u1ecdng l\u01b0\u1ee3ng: 19oz .6.300.000 \u20ab","breadcrumb":{"@id":"https:\/\/jaybillards.azdigi.shop\/?product=gay-bi-a-peri-stv05-06#breadcrumb"},"inLanguage":"vi","potentialAction":[{"@type":"ReadAction","target":["https:\/\/jaybillards.azdigi.shop\/?product=gay-bi-a-peri-stv05-06"]}]},{"@type":"ImageObject","inLanguage":"vi","@id":"https:\/\/jaybillards.azdigi.shop\/?product=gay-bi-a-peri-stv05-06#primaryimage","url":"https:\/\/jaybillards.azdigi.shop\/wp-content\/uploads\/2026\/03\/co-8.png","contentUrl":"https:\/\/jaybillards.azdigi.shop\/wp-content\/uploads\/2026\/03\/co-8.png","width":2000,"height":2000},{"@type":"BreadcrumbList","@id":"https:\/\/jaybillards.azdigi.shop\/?product=gay-bi-a-peri-stv05-06#breadcrumb","itemListElement":[{"@type":"ListItem","position":1,"name":"Trang ch\u1ee7","item":"https:\/\/jaybillards.azdigi.shop\/"},{"@type":"ListItem","position":2,"name":"C\u1eeda h\u00e0ng","item":"https:\/\/jaybillards.azdigi.shop\/?page_id=274"},{"@type":"ListItem","position":3,"name":"G\u1eady Bi a Peri STV05-06"}]},{"@type":"WebSite","@id":"https:\/\/jaybillards.azdigi.shop\/#website","url":"https:\/\/jaybillards.azdigi.shop\/","name":"Jay Billiards - Chuy\u00ean g\u1eady Bida ch\u00ednh h\u00e3ng gi\u00e1 t\u1ed1t","description":"","potentialAction":[{"@type":"SearchAction","target":{"@type":"EntryPoint","urlTemplate":"https:\/\/jaybillards.azdigi.shop\/?s={search_term_string}"},"query-input":{"@type":"PropertyValueSpecification","valueRequired":true,"valueName":"search_term_string"}}],"inLanguage":"vi"}]}},"_links":{"self":[{"href":"https:\/\/jaybillards.azdigi.shop\/index.php?rest_route=\/wp\/v2\/product\/331","targetHints":{"allow":["GET"]}}],"collection":[{"href":"https:\/\/jaybillards.azdigi.shop\/index.php?rest_route=\/wp\/v2\/product"}],"about":[{"href":"https:\/\/jaybillards.azdigi.shop\/index.php?rest_route=\/wp\/v2\/types\/product"}],"replies":[{"embeddable":true,"href":"https:\/\/jaybillards.azdigi.shop\/index.php?rest_route=%2Fwp%2Fv2%2Fcomments&post=331"}],"wp:featuredmedia":[{"embeddable":true,"href":"https:\/\/jaybillards.azdigi.shop\/index.php?rest_route=\/wp\/v2\/media\/1171"}],"wp:attachment":[{"href":"https:\/\/jaybillards.azdigi.shop\/index.php?rest_route=%2Fwp%2Fv2%2Fmedia&parent=331"}],"wp:term":[{"taxonomy":"product_brand","embeddable":true,"href":"https:\/\/jaybillards.azdigi.shop\/index.php?rest_route=%2Fwp%2Fv2%2Fproduct_brand&post=331"},{"taxonomy":"product_cat","embeddable":true,"href":"https:\/\/jaybillards.azdigi.shop\/index.php?rest_route=%2Fwp%2Fv2%2Fproduct_cat&post=331"},{"taxonomy":"product_tag","embeddable":true,"href":"https:\/\/jaybillards.azdigi.shop\/index.php?rest_route=%2Fwp%2Fv2%2Fproduct_tag&post=331"}],"curies":[{"name":"wp","href":"https:\/\/api.w.org\/{rel}","templated":true}]}}