{"id":326,"date":"2026-03-26T19:01:58","date_gmt":"2026-03-26T12:01:58","guid":{"rendered":"https:\/\/jaybillards.azdigi.shop\/?post_type=product&#038;p=326"},"modified":"2026-04-06T02:48:04","modified_gmt":"2026-04-05T19:48:04","slug":"gay-bi-a-fury-cw-4","status":"publish","type":"product","link":"https:\/\/jaybillards.azdigi.shop\/?product=gay-bi-a-fury-cw-4","title":{"rendered":"G\u1eady Bi A Fury CW 4"},"content":{"rendered":"<p>G\u1eady Bi A Fury CW 4 l\u00e0 con g\u1eady bi a qu\u1ed1c d\u00e2n m\u00e0 b\u1ea5t k\u1ef3 anh em n\u00e0o ch\u01a1i Bi a c\u0169ng n\u00ean th\u1eed. Thu\u1ed9c ph\u00e2n kh\u00fac b\u00ecnh d\u00e2n c\u1ee7a th\u01b0\u01a1ng hi\u1ec7u Fury, \u0111\u01b0\u1ee3c nhi\u1ec1u anh em ch\u01a1i thu\u1ea7n M\u1ed9c s\u0103n \u0111\u00f3n. Ch\u01a1i \u0111\u1ea7m tay, ra l\u1ef1c t\u1ed1t. D\u00f2ng c\u01a1 CW m\u1edbi cho th\u1ea5y ch\u1ea5t l\u01b0\u1ee3ng tuy\u1ec7t v\u1eddi trong m\u1ed9t c\u00e1i nh\u00ecn t\u1ed1i gi\u1ea3n. \u0110\u00f3 l\u00e0 tr\u1ef1c quan v\u00e0 th\u1ef1c t\u1ebf \u1ea5n t\u01b0\u1ee3ng. B\u1ea1n s\u1ebd c\u1ea3m nh\u1eadn \u0111\u01b0\u1ee3c lo\u1ea1i g\u1ed7 phong B\u1eafc M\u1ef9 \u0111\u01b0\u1ee3c x\u1eed l\u00fd ho\u00e0n h\u1ea3o ngay t\u1eeb l\u1ea7n \u0111\u1ea7u ti\u00ean b\u1ea1n \u0111\u00e1nh.<\/p>\n<ul>\n<li>Ch\u1ea5t li\u1ec7u chu\u00f4i : G\u1ed7 Phong Cao C\u1ea5p<\/li>\n<li>Ch\u1ea5t li\u1ec7u ng\u1ecdn: G\u1ed7 Phong c\u1ee9ng<\/li>\n<li>Ren: Radial<\/li>\n<li>Ng\u1ecdn: HT evolution<\/li>\n<li>K\u00edch th\u01b0\u1edbc ng\u1ecdn: 12.5mm<\/li>\n<li>\u0110\u1ea7u t\u1ea9y: Tiger Everest<\/li>\n<li>Tay c\u1ea7m: b\u1ecdc PU ch\u1ed1ng m\u1ed3 h\u00f4i<\/li>\n<li>Tr\u1ecdng l\u01b0\u1ee3ng: 19oz<\/li>\n<\/ul>\n<div class=\"xdj266r x11i5rnm xat24cr x1mh8g0r x1vvkbs x126k92a\">\n<h2 dir=\"auto\">Jaybilliard \u2013 Th\u01b0\u01a1ng hi\u1ec7u c\u01a1 bida t\u1eeb c\u01a1 b\u1ea3n \u0111\u1ebfn cao c\u1ea5p<\/h2>\n<\/div>\n<div class=\"x11i5rnm xat24cr x1mh8g0r x1vvkbs xtlvy1s x126k92a\">\n<ul>\n<li dir=\"auto\">Gi\u00e1 t\u1ed1t nh\u1ea5t th\u1ecb tr\u01b0\u1eddng<\/li>\n<li dir=\"auto\">Ch\u00ednh s\u00e1ch b\u1ea3o h\u00e0nh, \u0111\u1ed5i tr\u1ea3 r\u00f5 r\u00e0ng<\/li>\n<li dir=\"auto\"><span class=\"x3nfvp2 x1j61x8r x1fcty0u xdj266r xhhsvwb xat24cr xgzva0m xxymvpz xlup9mm x1kky2od\">C<\/span>am k\u1ebft h\u00e0ng ch\u00ednh h\u00e3ng 100%, fake \u0111\u1ec1n g\u1ea5p 10<\/li>\n<li dir=\"auto\">Test c\u01a1 tr\u1ef1c ti\u1ebfp, mi\u1ec5n ph\u00ed t\u1ea1i c\u00e1c c\u01a1 s\u1edf.<\/li>\n<\/ul>\n<\/div>\n<div class=\"x11i5rnm xat24cr x1mh8g0r x1vvkbs xtlvy1s x126k92a\">\n<div dir=\"auto\">Ch\u00fang t\u00f4i hy v\u1ecdng mang \u0111\u1ebfn cho kh\u00e1ch h\u00e0ng nh\u1eefng tr\u1ea3i nghi\u1ec7m t\u1ed1t nh\u1ea5t khi mua h\u00e0ng t\u1ea1i JayBilliard.<br \/>\nG\u1eady Bi A Fury CW 4 l\u00e0 d\u00f2ng c\u01a1 qu\u1ed1c d\u00e2n m\u00e0 b\u1ea5t k\u1ef3 anh em n\u00e0o ch\u01a1i Bi A c\u0169ng n\u00ean tr\u1ea3i nghi\u1ec7m. Thu\u1ed9c ph\u00e2n kh\u00fac b\u00ecnh d\u00e2n c\u1ee7a th\u01b0\u01a1ng hi\u1ec7u Fury, g\u1eady CW 4 \u0111\u01b0\u1ee3c nhi\u1ec1u c\u01a1 th\u1ee7 s\u0103n \u0111\u00f3n nh\u1edd kh\u1ea3 n\u0103ng \u0111\u00e1nh \u0111\u1ea7m tay, ra l\u1ef1c t\u1ed1t v\u00e0 ch\u1ea5t l\u01b0\u1ee3ng \u1ed5n \u0111\u1ecbnh. V\u1edbi thi\u1ebft k\u1ebf t\u1ed1i gi\u1ea3n nh\u01b0ng tinh t\u1ebf, d\u00f2ng CW m\u1edbi mang \u0111\u1ebfn tr\u1ea3i nghi\u1ec7m tr\u1ef1c quan, th\u1ef1c t\u1ebf, khi\u1ebfn ng\u01b0\u1eddi ch\u01a1i c\u1ea3m nh\u1eadn \u0111\u01b0\u1ee3c ch\u1ea5t l\u01b0\u1ee3ng g\u1ed7 phong B\u1eafc M\u1ef9 x\u1eed l\u00fd ho\u00e0n h\u1ea3o ngay t\u1eeb c\u00fa \u0111\u00e1nh \u0111\u1ea7u ti\u00ean. Chu\u00f4i g\u1eady \u0111\u01b0\u1ee3c l\u00e0m t\u1eeb g\u1ed7 phong cao c\u1ea5p, k\u1ebft h\u1ee3p v\u1edbi ng\u1ecdn g\u1ed7 phong c\u1ee9ng HT Evolution, mang l\u1ea1i \u0111\u1ed9 b\u1ec1n cao v\u00e0 ki\u1ec3m so\u00e1t bi t\u1ed1i \u01b0u. Ren Radial gi\u00fap k\u1ebft n\u1ed1i ch\u1eafc ch\u1eafn, gi\u1ea3m rung l\u1eafc, trong khi ng\u1ecdn 12.5mm v\u00e0 \u0111\u1ea7u t\u1ea9y Tiger Everest \u0111\u1ea3m b\u1ea3o kh\u1ea3 n\u0103ng b\u00e1m bi chu\u1ea9n x\u00e1c. Tay c\u1ea7m b\u1ecdc PU ch\u1ed1ng m\u1ed3 h\u00f4i, tr\u1ecdng l\u01b0\u1ee3ng 19oz, t\u1ea1o c\u1ea3m gi\u00e1c tho\u1ea3i m\u00e1i, gi\u00fap ng\u01b0\u1eddi ch\u01a1i duy tr\u00ec l\u1ef1c \u1ed5n \u0111\u1ecbnh v\u00e0 th\u1ef1c hi\u1ec7n c\u00e1c c\u00fa \u0111\u00e1nh chu\u1ea9n x\u00e1c. JayBilliard cam k\u1ebft mang \u0111\u1ebfn s\u1ea3n ph\u1ea9m ch\u00ednh h\u00e3ng 100%, gi\u00e1 t\u1ed1t nh\u1ea5t th\u1ecb tr\u01b0\u1eddng, b\u1ea3o h\u00e0nh v\u00e0 \u0111\u1ed5i tr\u1ea3 r\u00f5 r\u00e0ng. Kh\u00e1ch h\u00e0ng \u0111\u01b0\u1ee3c ph\u00e9p test c\u01a1 tr\u1ef1c ti\u1ebfp mi\u1ec5n ph\u00ed t\u1ea1i c\u00e1c c\u01a1 s\u1edf, \u0111\u1ea3m b\u1ea3o tr\u1ea3i nghi\u1ec7m th\u1ef1c t\u1ebf tr\u01b0\u1edbc khi mua. V\u1edbi g\u1eady Bi A Fury CW 4, anh em kh\u00f4ng ch\u1ec9 s\u1edf h\u1eefu c\u00e2y c\u01a1 ch\u1ea5t l\u01b0\u1ee3ng m\u00e0 c\u00f2n \u0111\u01b0\u1ee3c tr\u1ea3i nghi\u1ec7m c\u1ea3m gi\u00e1c ch\u01a1i Bi A chu\u1ea9n m\u1ef1c, n\u00e2ng tr\u00ecnh k\u1ef9 thu\u1eadt v\u00e0 t\u1eadn h\u01b0\u1edfng ni\u1ec1m vui tr\u00ean b\u00e0n bida.<\/div>\n<\/div>\n","protected":false},"excerpt":{"rendered":"<ul>\n<li class=\"shown\">Ch\u1ea5t li\u1ec7u chu\u00f4i : G\u1ed7 Phong Cao C\u1ea5p<\/li>\n<li class=\"shown\">Ch\u1ea5t li\u1ec7u ng\u1ecdn: G\u1ed7 Phong c\u1ee9ng<\/li>\n<li class=\"shown\">Ren: Radial<\/li>\n<\/ul>\n","protected":false},"featured_media":1167,"comment_status":"open","ping_status":"closed","template":"","meta":[],"product_brand":[37],"product_cat":[36],"product_tag":[71],"class_list":{"0":"post-326","1":"product","2":"type-product","3":"status-publish","4":"has-post-thumbnail","6":"product_brand-fury","7":"product_cat-fury","8":"product_tag-fury","10":"first","11":"instock","12":"shipping-taxable","13":"purchasable","14":"product-type-variable"},"yoast_head":"<!-- This site is optimized with the Yoast SEO plugin v27.2 - https:\/\/yoast.com\/product\/yoast-seo-wordpress\/ -->\n<title>G\u1eady Bi A Fury CW 4 - Jay Billiards - Chuy\u00ean g\u1eady Bida ch\u00ednh h\u00e3ng gi\u00e1 t\u1ed1t<\/title>\n<meta name=\"description\" content=\"G\u1eady Bi A Fury CW 4 \u00b7 Ch\u1ea5t li\u1ec7u chu\u00f4i : G\u1ed7 Phong Cao C\u1ea5p \u00b7 Ch\u1ea5t li\u1ec7u ng\u1ecdn: G\u1ed7 Phong c\u1ee9ng \u00b7 Ren: Radial \u00b7 Ng\u1ecdn: HT evolution \u00b7 K\u00edch th\u01b0\u1edbc ng\u1ecdn: 12.5mm \u00b7 \u0110\u1ea7u t\u1ea9y: Tiger 3.815.000 \u20ab\" \/>\n<meta name=\"robots\" content=\"index, follow, max-snippet:-1, max-image-preview:large, max-video-preview:-1\" \/>\n<link rel=\"canonical\" href=\"https:\/\/jaybillards.azdigi.shop\/?product=gay-bi-a-fury-cw-4\" \/>\n<meta property=\"og:locale\" content=\"vi_VN\" \/>\n<meta property=\"og:type\" content=\"article\" \/>\n<meta property=\"og:title\" content=\"G\u1eady Bi A Fury CW 4 - Jay Billiards - Chuy\u00ean g\u1eady Bida ch\u00ednh h\u00e3ng gi\u00e1 t\u1ed1t\" \/>\n<meta property=\"og:description\" content=\"G\u1eady Bi A Fury CW 4 \u00b7 Ch\u1ea5t li\u1ec7u chu\u00f4i : G\u1ed7 Phong Cao C\u1ea5p \u00b7 Ch\u1ea5t li\u1ec7u ng\u1ecdn: G\u1ed7 Phong c\u1ee9ng \u00b7 Ren: Radial \u00b7 Ng\u1ecdn: HT evolution \u00b7 K\u00edch th\u01b0\u1edbc ng\u1ecdn: 12.5mm \u00b7 \u0110\u1ea7u t\u1ea9y: Tiger 3.815.000 \u20ab\" \/>\n<meta property=\"og:url\" content=\"https:\/\/jaybillards.azdigi.shop\/?product=gay-bi-a-fury-cw-4\" \/>\n<meta property=\"og:site_name\" content=\"Jay Billiards - Chuy\u00ean g\u1eady Bida ch\u00ednh h\u00e3ng gi\u00e1 t\u1ed1t\" \/>\n<meta property=\"article:modified_time\" content=\"2026-04-05T19:48:04+00:00\" \/>\n<meta property=\"og:image\" content=\"https:\/\/jaybillards.azdigi.shop\/wp-content\/uploads\/2026\/03\/co-7.png\" \/>\n\t<meta property=\"og:image:width\" content=\"1600\" \/>\n\t<meta property=\"og:image:height\" content=\"1600\" \/>\n\t<meta property=\"og:image:type\" content=\"image\/png\" \/>\n<meta name=\"twitter:card\" content=\"summary_large_image\" \/>\n<meta name=\"twitter:label1\" content=\"\u01af\u1edbc t\u00ednh th\u1eddi gian \u0111\u1ecdc\" \/>\n\t<meta name=\"twitter:data1\" content=\"3 ph\u00fat\" \/>\n<script type=\"application\/ld+json\" class=\"yoast-schema-graph\">{\"@context\":\"https:\/\/schema.org\",\"@graph\":[{\"@type\":\"WebPage\",\"@id\":\"https:\/\/jaybillards.azdigi.shop\/?product=gay-bi-a-fury-cw-4\",\"url\":\"https:\/\/jaybillards.azdigi.shop\/?product=gay-bi-a-fury-cw-4\",\"name\":\"G\u1eady Bi A Fury CW 4 - Jay Billiards - Chuy\u00ean g\u1eady Bida ch\u00ednh h\u00e3ng gi\u00e1 t\u1ed1t\",\"isPartOf\":{\"@id\":\"https:\/\/jaybillards.azdigi.shop\/#website\"},\"primaryImageOfPage\":{\"@id\":\"https:\/\/jaybillards.azdigi.shop\/?product=gay-bi-a-fury-cw-4#primaryimage\"},\"image\":{\"@id\":\"https:\/\/jaybillards.azdigi.shop\/?product=gay-bi-a-fury-cw-4#primaryimage\"},\"thumbnailUrl\":\"https:\/\/jaybillards.azdigi.shop\/wp-content\/uploads\/2026\/03\/co-7.png\",\"datePublished\":\"2026-03-26T12:01:58+00:00\",\"dateModified\":\"2026-04-05T19:48:04+00:00\",\"description\":\"G\u1eady Bi A Fury CW 4 \u00b7 Ch\u1ea5t li\u1ec7u chu\u00f4i : G\u1ed7 Phong Cao C\u1ea5p \u00b7 Ch\u1ea5t li\u1ec7u ng\u1ecdn: G\u1ed7 Phong c\u1ee9ng \u00b7 Ren: Radial \u00b7 Ng\u1ecdn: HT evolution \u00b7 K\u00edch th\u01b0\u1edbc ng\u1ecdn: 12.5mm \u00b7 \u0110\u1ea7u t\u1ea9y: Tiger 3.815.000 \u20ab\",\"breadcrumb\":{\"@id\":\"https:\/\/jaybillards.azdigi.shop\/?product=gay-bi-a-fury-cw-4#breadcrumb\"},\"inLanguage\":\"vi\",\"potentialAction\":[{\"@type\":\"ReadAction\",\"target\":[\"https:\/\/jaybillards.azdigi.shop\/?product=gay-bi-a-fury-cw-4\"]}]},{\"@type\":\"ImageObject\",\"inLanguage\":\"vi\",\"@id\":\"https:\/\/jaybillards.azdigi.shop\/?product=gay-bi-a-fury-cw-4#primaryimage\",\"url\":\"https:\/\/jaybillards.azdigi.shop\/wp-content\/uploads\/2026\/03\/co-7.png\",\"contentUrl\":\"https:\/\/jaybillards.azdigi.shop\/wp-content\/uploads\/2026\/03\/co-7.png\",\"width\":1600,\"height\":1600},{\"@type\":\"BreadcrumbList\",\"@id\":\"https:\/\/jaybillards.azdigi.shop\/?product=gay-bi-a-fury-cw-4#breadcrumb\",\"itemListElement\":[{\"@type\":\"ListItem\",\"position\":1,\"name\":\"Trang ch\u1ee7\",\"item\":\"https:\/\/jaybillards.azdigi.shop\/\"},{\"@type\":\"ListItem\",\"position\":2,\"name\":\"C\u1eeda h\u00e0ng\",\"item\":\"https:\/\/jaybillards.azdigi.shop\/?page_id=274\"},{\"@type\":\"ListItem\",\"position\":3,\"name\":\"G\u1eady Bi A Fury CW 4\"}]},{\"@type\":\"WebSite\",\"@id\":\"https:\/\/jaybillards.azdigi.shop\/#website\",\"url\":\"https:\/\/jaybillards.azdigi.shop\/\",\"name\":\"Jay Billiards - Chuy\u00ean g\u1eady Bida ch\u00ednh h\u00e3ng gi\u00e1 t\u1ed1t\",\"description\":\"\",\"potentialAction\":[{\"@type\":\"SearchAction\",\"target\":{\"@type\":\"EntryPoint\",\"urlTemplate\":\"https:\/\/jaybillards.azdigi.shop\/?s={search_term_string}\"},\"query-input\":{\"@type\":\"PropertyValueSpecification\",\"valueRequired\":true,\"valueName\":\"search_term_string\"}}],\"inLanguage\":\"vi\"}]}<\/script>\n<!-- \/ Yoast SEO plugin. -->","yoast_head_json":{"title":"G\u1eady Bi A Fury CW 4 - Jay Billiards - Chuy\u00ean g\u1eady Bida ch\u00ednh h\u00e3ng gi\u00e1 t\u1ed1t","description":"G\u1eady Bi A Fury CW 4 \u00b7 Ch\u1ea5t li\u1ec7u chu\u00f4i : G\u1ed7 Phong Cao C\u1ea5p \u00b7 Ch\u1ea5t li\u1ec7u ng\u1ecdn: G\u1ed7 Phong c\u1ee9ng \u00b7 Ren: Radial \u00b7 Ng\u1ecdn: HT evolution \u00b7 K\u00edch th\u01b0\u1edbc ng\u1ecdn: 12.5mm \u00b7 \u0110\u1ea7u t\u1ea9y: Tiger 3.815.000 \u20ab","robots":{"index":"index","follow":"follow","max-snippet":"max-snippet:-1","max-image-preview":"max-image-preview:large","max-video-preview":"max-video-preview:-1"},"canonical":"https:\/\/jaybillards.azdigi.shop\/?product=gay-bi-a-fury-cw-4","og_locale":"vi_VN","og_type":"article","og_title":"G\u1eady Bi A Fury CW 4 - Jay Billiards - Chuy\u00ean g\u1eady Bida ch\u00ednh h\u00e3ng gi\u00e1 t\u1ed1t","og_description":"G\u1eady Bi A Fury CW 4 \u00b7 Ch\u1ea5t li\u1ec7u chu\u00f4i : G\u1ed7 Phong Cao C\u1ea5p \u00b7 Ch\u1ea5t li\u1ec7u ng\u1ecdn: G\u1ed7 Phong c\u1ee9ng \u00b7 Ren: Radial \u00b7 Ng\u1ecdn: HT evolution \u00b7 K\u00edch th\u01b0\u1edbc ng\u1ecdn: 12.5mm \u00b7 \u0110\u1ea7u t\u1ea9y: Tiger 3.815.000 \u20ab","og_url":"https:\/\/jaybillards.azdigi.shop\/?product=gay-bi-a-fury-cw-4","og_site_name":"Jay Billiards - Chuy\u00ean g\u1eady Bida ch\u00ednh h\u00e3ng gi\u00e1 t\u1ed1t","article_modified_time":"2026-04-05T19:48:04+00:00","og_image":[{"width":1600,"height":1600,"url":"https:\/\/jaybillards.azdigi.shop\/wp-content\/uploads\/2026\/03\/co-7.png","type":"image\/png"}],"twitter_card":"summary_large_image","twitter_misc":{"\u01af\u1edbc t\u00ednh th\u1eddi gian \u0111\u1ecdc":"3 ph\u00fat"},"schema":{"@context":"https:\/\/schema.org","@graph":[{"@type":"WebPage","@id":"https:\/\/jaybillards.azdigi.shop\/?product=gay-bi-a-fury-cw-4","url":"https:\/\/jaybillards.azdigi.shop\/?product=gay-bi-a-fury-cw-4","name":"G\u1eady Bi A Fury CW 4 - Jay Billiards - Chuy\u00ean g\u1eady Bida ch\u00ednh h\u00e3ng gi\u00e1 t\u1ed1t","isPartOf":{"@id":"https:\/\/jaybillards.azdigi.shop\/#website"},"primaryImageOfPage":{"@id":"https:\/\/jaybillards.azdigi.shop\/?product=gay-bi-a-fury-cw-4#primaryimage"},"image":{"@id":"https:\/\/jaybillards.azdigi.shop\/?product=gay-bi-a-fury-cw-4#primaryimage"},"thumbnailUrl":"https:\/\/jaybillards.azdigi.shop\/wp-content\/uploads\/2026\/03\/co-7.png","datePublished":"2026-03-26T12:01:58+00:00","dateModified":"2026-04-05T19:48:04+00:00","description":"G\u1eady Bi A Fury CW 4 \u00b7 Ch\u1ea5t li\u1ec7u chu\u00f4i : G\u1ed7 Phong Cao C\u1ea5p \u00b7 Ch\u1ea5t li\u1ec7u ng\u1ecdn: G\u1ed7 Phong c\u1ee9ng \u00b7 Ren: Radial \u00b7 Ng\u1ecdn: HT evolution \u00b7 K\u00edch th\u01b0\u1edbc ng\u1ecdn: 12.5mm \u00b7 \u0110\u1ea7u t\u1ea9y: Tiger 3.815.000 \u20ab","breadcrumb":{"@id":"https:\/\/jaybillards.azdigi.shop\/?product=gay-bi-a-fury-cw-4#breadcrumb"},"inLanguage":"vi","potentialAction":[{"@type":"ReadAction","target":["https:\/\/jaybillards.azdigi.shop\/?product=gay-bi-a-fury-cw-4"]}]},{"@type":"ImageObject","inLanguage":"vi","@id":"https:\/\/jaybillards.azdigi.shop\/?product=gay-bi-a-fury-cw-4#primaryimage","url":"https:\/\/jaybillards.azdigi.shop\/wp-content\/uploads\/2026\/03\/co-7.png","contentUrl":"https:\/\/jaybillards.azdigi.shop\/wp-content\/uploads\/2026\/03\/co-7.png","width":1600,"height":1600},{"@type":"BreadcrumbList","@id":"https:\/\/jaybillards.azdigi.shop\/?product=gay-bi-a-fury-cw-4#breadcrumb","itemListElement":[{"@type":"ListItem","position":1,"name":"Trang ch\u1ee7","item":"https:\/\/jaybillards.azdigi.shop\/"},{"@type":"ListItem","position":2,"name":"C\u1eeda h\u00e0ng","item":"https:\/\/jaybillards.azdigi.shop\/?page_id=274"},{"@type":"ListItem","position":3,"name":"G\u1eady Bi A Fury CW 4"}]},{"@type":"WebSite","@id":"https:\/\/jaybillards.azdigi.shop\/#website","url":"https:\/\/jaybillards.azdigi.shop\/","name":"Jay Billiards - Chuy\u00ean g\u1eady Bida ch\u00ednh h\u00e3ng gi\u00e1 t\u1ed1t","description":"","potentialAction":[{"@type":"SearchAction","target":{"@type":"EntryPoint","urlTemplate":"https:\/\/jaybillards.azdigi.shop\/?s={search_term_string}"},"query-input":{"@type":"PropertyValueSpecification","valueRequired":true,"valueName":"search_term_string"}}],"inLanguage":"vi"}]}},"_links":{"self":[{"href":"https:\/\/jaybillards.azdigi.shop\/index.php?rest_route=\/wp\/v2\/product\/326","targetHints":{"allow":["GET"]}}],"collection":[{"href":"https:\/\/jaybillards.azdigi.shop\/index.php?rest_route=\/wp\/v2\/product"}],"about":[{"href":"https:\/\/jaybillards.azdigi.shop\/index.php?rest_route=\/wp\/v2\/types\/product"}],"replies":[{"embeddable":true,"href":"https:\/\/jaybillards.azdigi.shop\/index.php?rest_route=%2Fwp%2Fv2%2Fcomments&post=326"}],"wp:featuredmedia":[{"embeddable":true,"href":"https:\/\/jaybillards.azdigi.shop\/index.php?rest_route=\/wp\/v2\/media\/1167"}],"wp:attachment":[{"href":"https:\/\/jaybillards.azdigi.shop\/index.php?rest_route=%2Fwp%2Fv2%2Fmedia&parent=326"}],"wp:term":[{"taxonomy":"product_brand","embeddable":true,"href":"https:\/\/jaybillards.azdigi.shop\/index.php?rest_route=%2Fwp%2Fv2%2Fproduct_brand&post=326"},{"taxonomy":"product_cat","embeddable":true,"href":"https:\/\/jaybillards.azdigi.shop\/index.php?rest_route=%2Fwp%2Fv2%2Fproduct_cat&post=326"},{"taxonomy":"product_tag","embeddable":true,"href":"https:\/\/jaybillards.azdigi.shop\/index.php?rest_route=%2Fwp%2Fv2%2Fproduct_tag&post=326"}],"curies":[{"name":"wp","href":"https:\/\/api.w.org\/{rel}","templated":true}]}}