{"id":316,"date":"2026-03-26T18:51:10","date_gmt":"2026-03-26T11:51:10","guid":{"rendered":"https:\/\/jaybillards.azdigi.shop\/?post_type=product&#038;p=316"},"modified":"2026-04-06T02:44:33","modified_gmt":"2026-04-05T19:44:33","slug":"gay-bi-a-wolf-ap","status":"publish","type":"product","link":"https:\/\/jaybillards.azdigi.shop\/?product=gay-bi-a-wolf-ap","title":{"rendered":"G\u1eady Bi a Wolf AP"},"content":{"rendered":"<p><strong>C\u01a1 bida Wolf AP<\/strong>\u00a0bao g\u1ed3m c\u00e1c th\u00f4ng s\u1ed1 nh\u01b0 sau:<\/p>\n<table style=\"height: 309px;\" width=\"494\">\n<tbody>\n<tr>\n<td><strong>T\u00ean s\u1ea3n ph\u1ea9m<\/strong><\/td>\n<td><strong>C\u01a1 Wolf AP<\/strong><\/td>\n<\/tr>\n<tr>\n<td>Gi\u00e1<\/td>\n<td>2.500.000\u0111<\/td>\n<\/tr>\n<tr>\n<td>Ren<\/td>\n<td>Radial<\/td>\n<\/tr>\n<tr>\n<td>Ch\u1ea5t li\u1ec7u<\/td>\n<td>G\u1ed7 phong Maple<\/td>\n<\/tr>\n<tr>\n<td>T\u1ea9y<\/td>\n<td>Nicest k\u00ednh<\/td>\n<\/tr>\n<tr>\n<td>K\u00edch th\u01b0\u1edbc ngon<\/td>\n<td class=\"dstbr1\">Thu\u1ea7n m\u1ed9c 12.8mm<\/td>\n<\/tr>\n<tr>\n<td>Tay c\u1ea7m<\/td>\n<td>b\u1ecdc da<\/td>\n<\/tr>\n<tr>\n<td>Tr\u1ecdng l\u01b0\u1ee3ng<\/td>\n<td>530g<\/td>\n<\/tr>\n<tr>\n<td>H\u00e3ng<\/td>\n<td><strong><a href=\"https:\/\/kingbilliard.vn\/co-wolf\/\">C\u01a1 Wolf<\/a>\u00a0Cues<\/strong><\/td>\n<\/tr>\n<tr>\n<td>D\u00f2ng s\u1ea3n ph\u1ea9m<\/td>\n<td><a href=\"https:\/\/kingbilliard.vn\/co-bida-lo\/\"><strong>C\u01a1 bida l\u1ed7<\/strong><\/a>\/Pool cue<\/td>\n<\/tr>\n<tr>\n<td>S\u1ea3n ph\u1ea9m bao g\u1ed3m<\/td>\n<td>C\u01a1 &amp; bao \u0111\u1ef1ng c\u01a1, \u0111\u1ea7u b\u1ecbt ren<\/td>\n<\/tr>\n<\/tbody>\n<\/table>\n<p>&nbsp;<\/p>\n<p data-start=\"134\" data-end=\"473\"><strong data-start=\"134\" data-end=\"153\">C\u01a1 bida Wolf AP<\/strong> l\u00e0 l\u1ef1a ch\u1ecdn l\u00fd t\u01b0\u1edfng cho c\u00e1c c\u01a1 th\u1ee7 y\u00eau th\u00edch b\u1ed9 m\u00f4n bida l\u1ed7 (Pool cue), k\u1ebft h\u1ee3p gi\u1eefa ch\u1ea5t l\u01b0\u1ee3ng, \u0111\u1ed9 b\u1ec1n v\u00e0 c\u1ea3m gi\u00e1c \u0111\u00e1nh chu\u1ea9n x\u00e1c. S\u1ea3n ph\u1ea9m thu\u1ed9c th\u01b0\u01a1ng hi\u1ec7u <strong data-start=\"314\" data-end=\"327\">Wolf Cues<\/strong>, n\u1ed5i ti\u1ebfng v\u1edbi c\u00e1c d\u00f2ng c\u01a1 bida ch\u1ea5t l\u01b0\u1ee3ng cao, \u0111\u01b0\u1ee3c ch\u1ebf t\u00e1c t\u1ec9 m\u1ec9 t\u1eeb <strong data-start=\"398\" data-end=\"416\">g\u1ed7 phong Maple<\/strong>, mang l\u1ea1i \u0111\u1ed9 c\u1ee9ng c\u00e1p, c\u00e2n b\u1eb1ng t\u1ed1t v\u00e0 \u0111\u1ed9 b\u1ec1n l\u00e2u d\u00e0i.<\/p>\n<p data-start=\"475\" data-end=\"755\">Ng\u1ecdn c\u01a1 <strong data-start=\"483\" data-end=\"503\">thu\u1ea7n m\u1ed9c 12.8mm<\/strong> gi\u00fap truy\u1ec1n l\u1ef1c \u0111\u1ec1u, ki\u1ec3m so\u00e1t bi d\u1ec5 d\u00e0ng, k\u1ebft h\u1ee3p v\u1edbi <strong data-start=\"559\" data-end=\"578\">t\u1ea9y Nicest k\u00ednh<\/strong> cho kh\u1ea3 n\u0103ng b\u00e1m bi chu\u1ea9n, t\u0103ng \u0111\u1ed9 ch\u00ednh x\u00e1c trong t\u1eebng c\u00fa \u0111\u00e1nh. Ren <strong data-start=\"648\" data-end=\"658\">Radial<\/strong> \u0111\u1ea3m b\u1ea3o k\u1ebft n\u1ed1i ch\u1eafc ch\u1eafn gi\u1eefa chu\u00f4i v\u00e0 ng\u1ecdn, gi\u1ea3m rung l\u1eafc v\u00e0 t\u0103ng c\u1ea3m gi\u00e1c m\u01b0\u1ee3t m\u00e0 khi ch\u01a1i.<\/p>\n<p data-start=\"757\" data-end=\"1086\">Tay c\u1ea7m <strong data-start=\"765\" data-end=\"783\">b\u1ecdc da cao c\u1ea5p<\/strong>, \u00eam \u00e1i, ch\u1ed1ng tr\u01b0\u1ee3t, gi\u00fap ng\u01b0\u1eddi ch\u01a1i duy tr\u00ec l\u1ef1c \u1ed5n \u0111\u1ecbnh trong su\u1ed1t v\u00e1n \u0111\u1ea5u. Tr\u1ecdng l\u01b0\u1ee3ng c\u01a1 530g \u0111\u01b0\u1ee3c c\u00e2n ch\u1ec9nh h\u1ee3p l\u00fd, ph\u00f9 h\u1ee3p v\u1edbi c\u1ea3 ng\u01b0\u1eddi m\u1edbi ch\u01a1i l\u1eabn c\u00e1c c\u01a1 th\u1ee7 chuy\u00ean nghi\u1ec7p. S\u1ea3n ph\u1ea9m \u0111i k\u00e8m <strong data-start=\"980\" data-end=\"1010\">bao \u0111\u1ef1ng c\u01a1 v\u00e0 \u0111\u1ea7u b\u1ecbt ren<\/strong>, thu\u1eadn ti\u1ec7n b\u1ea3o qu\u1ea3n v\u00e0 di chuy\u1ec3n, gi\u1eef c\u01a1 lu\u00f4n trong t\u00ecnh tr\u1ea1ng t\u1ed1t nh\u1ea5t.<\/p>\n<p data-start=\"1088\" data-end=\"1438\">V\u1edbi thi\u1ebft k\u1ebf tinh t\u1ebf, v\u1eadt li\u1ec7u ch\u1ea5t l\u01b0\u1ee3ng v\u00e0 ho\u00e0n thi\u1ec7n t\u1ec9 m\u1ec9, <strong data-start=\"1151\" data-end=\"1170\">C\u01a1 bida Wolf AP<\/strong> kh\u00f4ng ch\u1ec9 l\u00e0 c\u00f4ng c\u1ee5 h\u1ed7 tr\u1ee3 k\u1ef9 n\u0103ng m\u00e0 c\u00f2n l\u00e0 m\u00f3n \u201cchi\u1ebfn h\u1eefu\u201d \u0111\u1eb3ng c\u1ea5p tr\u00ean b\u00e0n Bi A. \u0110\u00e2y l\u00e0 s\u1ef1 l\u1ef1a ch\u1ecdn ho\u00e0n h\u1ea3o \u0111\u1ec3 n\u00e2ng cao tr\u1ea3i nghi\u1ec7m ch\u01a1i bida, v\u1eeba gi\u00fap ki\u1ec3m so\u00e1t l\u1ef1c \u0111\u00e1nh, v\u1eeba t\u0103ng c\u1ea3m gi\u00e1c t\u1ef1 tin trong m\u1ecdi c\u00fa \u0111\u00e1nh, \u0111\u1ed3ng th\u1eddi \u0111\u1ea3m b\u1ea3o \u0111\u1ed9 b\u1ec1n v\u00e0 th\u1ea9m m\u1ef9 t\u1ed1i \u01b0u.<\/p>\n","protected":false},"excerpt":{"rendered":"<p>C\u01a1 bida Wolf AP\u00a0bao g\u1ed3m c\u00e1c th\u00f4ng s\u1ed1 nh\u01b0 sau: T\u00ean s\u1ea3n ph\u1ea9m C\u01a1 Wolf AP Gi\u00e1 2.500.000\u0111 Ren Radial Ch\u1ea5t li\u1ec7u G\u1ed7 phong Maple T\u1ea9y Nicest k\u00ednh K\u00edch th\u01b0\u1edbc ngon Thu\u1ea7n m\u1ed9c 12.8mm Tay c\u1ea7m b\u1ecdc da Tr\u1ecdng l\u01b0\u1ee3ng 530g H\u00e3ng C\u01a1 Wolf\u00a0Cues D\u00f2ng s\u1ea3n ph\u1ea9m C\u01a1 bida l\u1ed7\/Pool cue S\u1ea3n ph\u1ea9m bao g\u1ed3m [&#8230;]\n","protected":false},"featured_media":1158,"comment_status":"open","ping_status":"closed","template":"","meta":[],"product_brand":[34],"product_cat":[33],"product_tag":[35],"class_list":{"0":"post-316","1":"product","2":"type-product","3":"status-publish","4":"has-post-thumbnail","6":"product_brand-wolf-cue","7":"product_cat-wolf-cue","8":"product_tag-wolf-cue","10":"first","11":"instock","12":"shipping-taxable","13":"purchasable","14":"product-type-variable"},"yoast_head":"<!-- This site is optimized with the Yoast SEO plugin v27.2 - https:\/\/yoast.com\/product\/yoast-seo-wordpress\/ -->\n<title>G\u1eady Bi a Wolf AP - Jay Billiards - Chuy\u00ean g\u1eady Bida ch\u00ednh h\u00e3ng gi\u00e1 t\u1ed1t<\/title>\n<meta name=\"description\" content=\"C\u01a1 bida Wolf AP \u2013 g\u1ed7 phong Maple, ng\u1ecdn 12.8mm, ren Radial, tay c\u1ea7m b\u1ecdc da, tr\u1ecdng l\u01b0\u1ee3ng 530g, bao \u0111\u1ef1ng c\u01a1 v\u00e0 \u0111\u1ea7u b\u1ecbt ren, chu\u1ea9n Pool cue.\" \/>\n<meta name=\"robots\" content=\"index, follow, max-snippet:-1, max-image-preview:large, max-video-preview:-1\" \/>\n<link rel=\"canonical\" href=\"https:\/\/jaybillards.azdigi.shop\/?product=gay-bi-a-wolf-ap\" \/>\n<meta property=\"og:locale\" content=\"vi_VN\" \/>\n<meta property=\"og:type\" content=\"article\" \/>\n<meta property=\"og:title\" content=\"G\u1eady Bi a Wolf AP - Jay Billiards - Chuy\u00ean g\u1eady Bida ch\u00ednh h\u00e3ng gi\u00e1 t\u1ed1t\" \/>\n<meta property=\"og:description\" content=\"C\u01a1 bida Wolf AP \u2013 g\u1ed7 phong Maple, ng\u1ecdn 12.8mm, ren Radial, tay c\u1ea7m b\u1ecdc da, tr\u1ecdng l\u01b0\u1ee3ng 530g, bao \u0111\u1ef1ng c\u01a1 v\u00e0 \u0111\u1ea7u b\u1ecbt ren, chu\u1ea9n Pool cue.\" \/>\n<meta property=\"og:url\" content=\"https:\/\/jaybillards.azdigi.shop\/?product=gay-bi-a-wolf-ap\" \/>\n<meta property=\"og:site_name\" content=\"Jay Billiards - Chuy\u00ean g\u1eady Bida ch\u00ednh h\u00e3ng gi\u00e1 t\u1ed1t\" \/>\n<meta property=\"article:modified_time\" content=\"2026-04-05T19:44:33+00:00\" \/>\n<meta property=\"og:image\" content=\"https:\/\/jaybillards.azdigi.shop\/wp-content\/uploads\/2026\/03\/co-5.png\" \/>\n\t<meta property=\"og:image:width\" content=\"2000\" \/>\n\t<meta property=\"og:image:height\" content=\"2000\" \/>\n\t<meta property=\"og:image:type\" content=\"image\/png\" \/>\n<meta name=\"twitter:card\" content=\"summary_large_image\" \/>\n<meta name=\"twitter:label1\" content=\"\u01af\u1edbc t\u00ednh th\u1eddi gian \u0111\u1ecdc\" \/>\n\t<meta name=\"twitter:data1\" content=\"3 ph\u00fat\" \/>\n<script type=\"application\/ld+json\" class=\"yoast-schema-graph\">{\"@context\":\"https:\/\/schema.org\",\"@graph\":[{\"@type\":\"WebPage\",\"@id\":\"https:\/\/jaybillards.azdigi.shop\/?product=gay-bi-a-wolf-ap\",\"url\":\"https:\/\/jaybillards.azdigi.shop\/?product=gay-bi-a-wolf-ap\",\"name\":\"G\u1eady Bi a Wolf AP - Jay Billiards - Chuy\u00ean g\u1eady Bida ch\u00ednh h\u00e3ng gi\u00e1 t\u1ed1t\",\"isPartOf\":{\"@id\":\"https:\/\/jaybillards.azdigi.shop\/#website\"},\"primaryImageOfPage\":{\"@id\":\"https:\/\/jaybillards.azdigi.shop\/?product=gay-bi-a-wolf-ap#primaryimage\"},\"image\":{\"@id\":\"https:\/\/jaybillards.azdigi.shop\/?product=gay-bi-a-wolf-ap#primaryimage\"},\"thumbnailUrl\":\"https:\/\/jaybillards.azdigi.shop\/wp-content\/uploads\/2026\/03\/co-5.png\",\"datePublished\":\"2026-03-26T11:51:10+00:00\",\"dateModified\":\"2026-04-05T19:44:33+00:00\",\"description\":\"C\u01a1 bida Wolf AP \u2013 g\u1ed7 phong Maple, ng\u1ecdn 12.8mm, ren Radial, tay c\u1ea7m b\u1ecdc da, tr\u1ecdng l\u01b0\u1ee3ng 530g, bao \u0111\u1ef1ng c\u01a1 v\u00e0 \u0111\u1ea7u b\u1ecbt ren, chu\u1ea9n Pool cue.\",\"breadcrumb\":{\"@id\":\"https:\/\/jaybillards.azdigi.shop\/?product=gay-bi-a-wolf-ap#breadcrumb\"},\"inLanguage\":\"vi\",\"potentialAction\":[{\"@type\":\"ReadAction\",\"target\":[\"https:\/\/jaybillards.azdigi.shop\/?product=gay-bi-a-wolf-ap\"]}]},{\"@type\":\"ImageObject\",\"inLanguage\":\"vi\",\"@id\":\"https:\/\/jaybillards.azdigi.shop\/?product=gay-bi-a-wolf-ap#primaryimage\",\"url\":\"https:\/\/jaybillards.azdigi.shop\/wp-content\/uploads\/2026\/03\/co-5.png\",\"contentUrl\":\"https:\/\/jaybillards.azdigi.shop\/wp-content\/uploads\/2026\/03\/co-5.png\",\"width\":2000,\"height\":2000},{\"@type\":\"BreadcrumbList\",\"@id\":\"https:\/\/jaybillards.azdigi.shop\/?product=gay-bi-a-wolf-ap#breadcrumb\",\"itemListElement\":[{\"@type\":\"ListItem\",\"position\":1,\"name\":\"Trang ch\u1ee7\",\"item\":\"https:\/\/jaybillards.azdigi.shop\/\"},{\"@type\":\"ListItem\",\"position\":2,\"name\":\"C\u1eeda h\u00e0ng\",\"item\":\"https:\/\/jaybillards.azdigi.shop\/?page_id=274\"},{\"@type\":\"ListItem\",\"position\":3,\"name\":\"G\u1eady Bi a Wolf AP\"}]},{\"@type\":\"WebSite\",\"@id\":\"https:\/\/jaybillards.azdigi.shop\/#website\",\"url\":\"https:\/\/jaybillards.azdigi.shop\/\",\"name\":\"Jay Billiards - Chuy\u00ean g\u1eady Bida ch\u00ednh h\u00e3ng gi\u00e1 t\u1ed1t\",\"description\":\"\",\"potentialAction\":[{\"@type\":\"SearchAction\",\"target\":{\"@type\":\"EntryPoint\",\"urlTemplate\":\"https:\/\/jaybillards.azdigi.shop\/?s={search_term_string}\"},\"query-input\":{\"@type\":\"PropertyValueSpecification\",\"valueRequired\":true,\"valueName\":\"search_term_string\"}}],\"inLanguage\":\"vi\"}]}<\/script>\n<!-- \/ Yoast SEO plugin. -->","yoast_head_json":{"title":"G\u1eady Bi a Wolf AP - Jay Billiards - Chuy\u00ean g\u1eady Bida ch\u00ednh h\u00e3ng gi\u00e1 t\u1ed1t","description":"C\u01a1 bida Wolf AP \u2013 g\u1ed7 phong Maple, ng\u1ecdn 12.8mm, ren Radial, tay c\u1ea7m b\u1ecdc da, tr\u1ecdng l\u01b0\u1ee3ng 530g, bao \u0111\u1ef1ng c\u01a1 v\u00e0 \u0111\u1ea7u b\u1ecbt ren, chu\u1ea9n Pool cue.","robots":{"index":"index","follow":"follow","max-snippet":"max-snippet:-1","max-image-preview":"max-image-preview:large","max-video-preview":"max-video-preview:-1"},"canonical":"https:\/\/jaybillards.azdigi.shop\/?product=gay-bi-a-wolf-ap","og_locale":"vi_VN","og_type":"article","og_title":"G\u1eady Bi a Wolf AP - Jay Billiards - Chuy\u00ean g\u1eady Bida ch\u00ednh h\u00e3ng gi\u00e1 t\u1ed1t","og_description":"C\u01a1 bida Wolf AP \u2013 g\u1ed7 phong Maple, ng\u1ecdn 12.8mm, ren Radial, tay c\u1ea7m b\u1ecdc da, tr\u1ecdng l\u01b0\u1ee3ng 530g, bao \u0111\u1ef1ng c\u01a1 v\u00e0 \u0111\u1ea7u b\u1ecbt ren, chu\u1ea9n Pool cue.","og_url":"https:\/\/jaybillards.azdigi.shop\/?product=gay-bi-a-wolf-ap","og_site_name":"Jay Billiards - Chuy\u00ean g\u1eady Bida ch\u00ednh h\u00e3ng gi\u00e1 t\u1ed1t","article_modified_time":"2026-04-05T19:44:33+00:00","og_image":[{"width":2000,"height":2000,"url":"https:\/\/jaybillards.azdigi.shop\/wp-content\/uploads\/2026\/03\/co-5.png","type":"image\/png"}],"twitter_card":"summary_large_image","twitter_misc":{"\u01af\u1edbc t\u00ednh th\u1eddi gian \u0111\u1ecdc":"3 ph\u00fat"},"schema":{"@context":"https:\/\/schema.org","@graph":[{"@type":"WebPage","@id":"https:\/\/jaybillards.azdigi.shop\/?product=gay-bi-a-wolf-ap","url":"https:\/\/jaybillards.azdigi.shop\/?product=gay-bi-a-wolf-ap","name":"G\u1eady Bi a Wolf AP - Jay Billiards - Chuy\u00ean g\u1eady Bida ch\u00ednh h\u00e3ng gi\u00e1 t\u1ed1t","isPartOf":{"@id":"https:\/\/jaybillards.azdigi.shop\/#website"},"primaryImageOfPage":{"@id":"https:\/\/jaybillards.azdigi.shop\/?product=gay-bi-a-wolf-ap#primaryimage"},"image":{"@id":"https:\/\/jaybillards.azdigi.shop\/?product=gay-bi-a-wolf-ap#primaryimage"},"thumbnailUrl":"https:\/\/jaybillards.azdigi.shop\/wp-content\/uploads\/2026\/03\/co-5.png","datePublished":"2026-03-26T11:51:10+00:00","dateModified":"2026-04-05T19:44:33+00:00","description":"C\u01a1 bida Wolf AP \u2013 g\u1ed7 phong Maple, ng\u1ecdn 12.8mm, ren Radial, tay c\u1ea7m b\u1ecdc da, tr\u1ecdng l\u01b0\u1ee3ng 530g, bao \u0111\u1ef1ng c\u01a1 v\u00e0 \u0111\u1ea7u b\u1ecbt ren, chu\u1ea9n Pool cue.","breadcrumb":{"@id":"https:\/\/jaybillards.azdigi.shop\/?product=gay-bi-a-wolf-ap#breadcrumb"},"inLanguage":"vi","potentialAction":[{"@type":"ReadAction","target":["https:\/\/jaybillards.azdigi.shop\/?product=gay-bi-a-wolf-ap"]}]},{"@type":"ImageObject","inLanguage":"vi","@id":"https:\/\/jaybillards.azdigi.shop\/?product=gay-bi-a-wolf-ap#primaryimage","url":"https:\/\/jaybillards.azdigi.shop\/wp-content\/uploads\/2026\/03\/co-5.png","contentUrl":"https:\/\/jaybillards.azdigi.shop\/wp-content\/uploads\/2026\/03\/co-5.png","width":2000,"height":2000},{"@type":"BreadcrumbList","@id":"https:\/\/jaybillards.azdigi.shop\/?product=gay-bi-a-wolf-ap#breadcrumb","itemListElement":[{"@type":"ListItem","position":1,"name":"Trang ch\u1ee7","item":"https:\/\/jaybillards.azdigi.shop\/"},{"@type":"ListItem","position":2,"name":"C\u1eeda h\u00e0ng","item":"https:\/\/jaybillards.azdigi.shop\/?page_id=274"},{"@type":"ListItem","position":3,"name":"G\u1eady Bi a Wolf AP"}]},{"@type":"WebSite","@id":"https:\/\/jaybillards.azdigi.shop\/#website","url":"https:\/\/jaybillards.azdigi.shop\/","name":"Jay Billiards - Chuy\u00ean g\u1eady Bida ch\u00ednh h\u00e3ng gi\u00e1 t\u1ed1t","description":"","potentialAction":[{"@type":"SearchAction","target":{"@type":"EntryPoint","urlTemplate":"https:\/\/jaybillards.azdigi.shop\/?s={search_term_string}"},"query-input":{"@type":"PropertyValueSpecification","valueRequired":true,"valueName":"search_term_string"}}],"inLanguage":"vi"}]}},"_links":{"self":[{"href":"https:\/\/jaybillards.azdigi.shop\/index.php?rest_route=\/wp\/v2\/product\/316","targetHints":{"allow":["GET"]}}],"collection":[{"href":"https:\/\/jaybillards.azdigi.shop\/index.php?rest_route=\/wp\/v2\/product"}],"about":[{"href":"https:\/\/jaybillards.azdigi.shop\/index.php?rest_route=\/wp\/v2\/types\/product"}],"replies":[{"embeddable":true,"href":"https:\/\/jaybillards.azdigi.shop\/index.php?rest_route=%2Fwp%2Fv2%2Fcomments&post=316"}],"wp:featuredmedia":[{"embeddable":true,"href":"https:\/\/jaybillards.azdigi.shop\/index.php?rest_route=\/wp\/v2\/media\/1158"}],"wp:attachment":[{"href":"https:\/\/jaybillards.azdigi.shop\/index.php?rest_route=%2Fwp%2Fv2%2Fmedia&parent=316"}],"wp:term":[{"taxonomy":"product_brand","embeddable":true,"href":"https:\/\/jaybillards.azdigi.shop\/index.php?rest_route=%2Fwp%2Fv2%2Fproduct_brand&post=316"},{"taxonomy":"product_cat","embeddable":true,"href":"https:\/\/jaybillards.azdigi.shop\/index.php?rest_route=%2Fwp%2Fv2%2Fproduct_cat&post=316"},{"taxonomy":"product_tag","embeddable":true,"href":"https:\/\/jaybillards.azdigi.shop\/index.php?rest_route=%2Fwp%2Fv2%2Fproduct_tag&post=316"}],"curies":[{"name":"wp","href":"https:\/\/api.w.org\/{rel}","templated":true}]}}