{"id":305,"date":"2026-03-26T18:45:59","date_gmt":"2026-03-26T11:45:59","guid":{"rendered":"https:\/\/jaybillards.azdigi.shop\/?post_type=product&#038;p=305"},"modified":"2026-04-06T02:41:45","modified_gmt":"2026-04-05T19:41:45","slug":"tui-mu-allin","status":"publish","type":"product","link":"https:\/\/jaybillards.azdigi.shop\/?product=tui-mu-allin","title":{"rendered":"T\u00fai m\u00f9 Allin"},"content":{"rendered":"<div class=\"xdj266r x14z9mp xat24cr x1lziwak x1vvkbs x126k92a\">\n<p dir=\"auto\"><strong>X\u00c9 T\u00daI M\u00d9 \u2013 TR\u00daNG C\u01a0 KH\u1ee6NG L\u00caN \u0110\u1ebeN 57 TRI\u1ec6U!!!<\/strong><\/p>\n<\/div>\n<div dir=\"auto\">Ch\u1ec9 c\u1ea7n d\u00e1m ch\u01a1i l\u1edbn, c\u01a1 h\u1ed9i v\u1ec1 tay c\u1ef1c ph\u1ea9m Allin Custom 57 tri\u1ec7u l\u00e0 c\u00f3 th\u1eadt!<\/div>\n<div dir=\"auto\">C\u01a1 h\u1ed9i b\u1ed1c tr\u00fang 1 trong 5 c\u00e2y c\u01a1 hot nh\u1ea5t c\u1ee7a Allin Cue!<\/div>\n<div dir=\"auto\">To\u00e0n h\u00e0ng chi\u1ebfn c\u1ee7a C\u01a1 th\u1ee7 Top \u0111\u1ea7u: Huy Black, Ho\u00e0ng PT, L\u1ee3i Cafe, Linh Napool\u2026<\/div>\n<div dir=\"auto\">Allin Custom 57 tri\u1ec7u \u2013 Gi\u1edbi h\u1ea1n 17 chi\u1ebfc to\u00e0n th\u1ebf gi\u1edbi!<\/div>\n<div dir=\"auto\">Allin HB 13,5 tri\u1ec7u \u2013 Allin Age 9 tri\u1ec7u \u2013 Allin Legend 7 tri\u1ec7u \u2013 Allin Crazy 2 tri\u1ec7u..<\/div>\n<div dir=\"auto\">Ch\u1ec9 c\u1ea7n b\u1ecf ra g\u1ea7n 2 TRI\u1ec6U, anh em c\u00f3 1 chi\u1ebfc t\u00fai m\u00f9 x\u1ecbn \u0111\u00e9t!<\/div>\n<div dir=\"auto\">Ch\u01a1i k\u00e8o n\u00e0y ch\u1ec9 c\u00f3 HU\u1ec0 ho\u1eb7c L\u00c3I!<\/div>\n<div dir=\"auto\">Th\u1eafng th\u00ec \u0111\u01b0\u1ee3c c\u00e2y c\u01a1 57 c\u1ee7, thua th\u00ec hu\u1ec1 c\u00e2y c\u01a1 2 c\u1ee7!<\/div>\n<div dir=\"auto\">\n<p data-start=\"196\" data-end=\"530\">Ch\u1ec9 v\u1edbi g\u1ea7n 2 tri\u1ec7u, anh em \u0111\u00e3 c\u00f3 c\u01a1 h\u1ed9i s\u1edf h\u1eefu <strong data-start=\"244\" data-end=\"276\">c\u00e2y c\u01a1 Allin Custom 57 tri\u1ec7u<\/strong>, phi\u00ean b\u1ea3n gi\u1edbi h\u1ea1n ch\u1ec9 17 chi\u1ebfc tr\u00ean to\u00e0n th\u1ebf gi\u1edbi. \u0110\u00e2y l\u00e0 ch\u01b0\u01a1ng tr\u00ecnh \u0111\u1eb7c bi\u1ec7t, n\u01a1i anh em c\u00f3 th\u1ec3 b\u1ed1c tr\u00fang 1 trong 5 c\u00e2y c\u01a1 hot nh\u1ea5t c\u1ee7a Allin Cue, to\u00e0n h\u00e0ng chi\u1ebfn \u0111\u01b0\u1ee3c c\u00e1c c\u01a1 th\u1ee7 top \u0111\u1ea7u nh\u01b0 Huy Black, Ho\u00e0ng PT, L\u1ee3i Cafe hay Linh Napool tin d\u00f9ng.<\/p>\n<p data-start=\"532\" data-end=\"855\">Ngo\u00e0i c\u00e2y c\u01a1 57 tri\u1ec7u, c\u00e1c phi\u00ean b\u1ea3n kh\u00e1c c\u0169ng c\u1ef1c h\u1ea5p d\u1eabn: <strong data-start=\"592\" data-end=\"615\">Allin HB 13,5 tri\u1ec7u<\/strong>, <strong data-start=\"617\" data-end=\"638\">Allin Age 9 tri\u1ec7u<\/strong>, <strong data-start=\"640\" data-end=\"664\">Allin Legend 7 tri\u1ec7u<\/strong>, <strong data-start=\"666\" data-end=\"689\">Allin Crazy 2 tri\u1ec7u<\/strong>. Ch\u1ec9 c\u1ea7n tham gia t\u00fai m\u00f9, anh em s\u1ebd c\u00f3 c\u01a1 h\u1ed9i n\u00e2ng c\u1ea5p \u201cchi\u1ebfn h\u1eefu\u201d tr\u00ean b\u00e0n Bi A, th\u1eed v\u1eadn may v\u00e0 tr\u1ea3i nghi\u1ec7m c\u1ea3m gi\u00e1c ch\u01a1i chuy\u00ean nghi\u1ec7p v\u1edbi nh\u1eefng c\u00e2y c\u01a1 \u0111\u1eb3ng c\u1ea5p.<\/p>\n<p data-start=\"857\" data-end=\"1134\">Ch\u01a1i k\u00e8o n\u00e0y, anh em ch\u1ec9 c\u00f3 HU\u1ec0 ho\u1eb7c L\u00c3I: may m\u1eafn rinh v\u1ec1 c\u00e2y c\u01a1 57 tri\u1ec7u, kh\u00f4ng may v\u1eabn nh\u1eadn c\u00e2y c\u01a1 gi\u00e1 tr\u1ecb kh\u00e1c, \u0111\u1ea3m b\u1ea3o kh\u00f4ng m\u1ea5t qu\u00e1 nhi\u1ec1u. S\u1ed1 l\u01b0\u1ee3ng t\u00fai m\u00f9 c\u00f3 h\u1ea1n, ch\u01b0\u01a1ng tr\u00ecnh \u0111\u1eb7c bi\u1ec7t v\u00e0 gi\u1edbi h\u1ea1n, inbox ngay \u0111\u1ec3 kh\u00f4ng b\u1ecf l\u1ee1 c\u01a1 h\u1ed9i rinh v\u1ec1 \u0111\u1ed9i nh\u1eefng c\u00e2y c\u01a1 chi\u1ebfn c\u1ef1c x\u1ecbn.<\/p>\n<p data-start=\"1136\" data-end=\"1363\">\u0110\u00e2y l\u00e0 c\u01a1 h\u1ed9i v\u00e0ng cho nh\u1eefng ai d\u00e1m ch\u01a1i l\u1edbn, v\u1eeba n\u00e2ng c\u1ea5p b\u1ed9 s\u01b0u t\u1eadp c\u01a1, v\u1eeba tr\u1ea3i nghi\u1ec7m c\u1ea3m gi\u00e1c h\u1ed3i h\u1ed9p, may r\u1ee7i c\u1ef1c th\u00fa v\u1ecb.<\/p>\n<\/div>\n","protected":false},"excerpt":{"rendered":"<p>X\u00c9 T\u00daI M\u00d9 \u2013 TR\u00daNG C\u01a0 KH\u1ee6NG L\u00caN \u0110\u1ebeN 57 TRI\u1ec6U!!! Ch\u1ec9 c\u1ea7n d\u00e1m ch\u01a1i l\u1edbn, c\u01a1 h\u1ed9i v\u1ec1 tay c\u1ef1c ph\u1ea9m Allin Custom 57 tri\u1ec7u l\u00e0 c\u00f3 th\u1eadt! C\u01a1 h\u1ed9i b\u1ed1c tr\u00fang 1 trong 5 c\u00e2y c\u01a1 hot nh\u1ea5t c\u1ee7a Allin Cue! To\u00e0n h\u00e0ng chi\u1ebfn c\u1ee7a C\u01a1 th\u1ee7 Top \u0111\u1ea7u: Huy Black, Ho\u00e0ng PT, [&#8230;]\n","protected":false},"featured_media":1135,"comment_status":"open","ping_status":"closed","template":"","meta":[],"product_brand":[28],"product_cat":[27],"product_tag":[29,32,31,30],"class_list":{"0":"post-305","1":"product","2":"type-product","3":"status-publish","4":"has-post-thumbnail","6":"product_brand-allin-cues","7":"product_cat-gay-bi-a-allin-cue","8":"product_tag-tui-mu-allin","9":"product_tag-tui-mu-allin-2-trieu-chia-se","10":"product_tag-tui-mu-allin-cue","11":"product_tag-xe-tui-mu-allin","13":"first","14":"instock","15":"shipping-taxable","16":"purchasable","17":"product-type-simple"},"yoast_head":"<!-- This site is optimized with the Yoast SEO plugin v27.2 - https:\/\/yoast.com\/product\/yoast-seo-wordpress\/ -->\n<title>T\u00fai m\u00f9 Allin - Jay Billiards - Chuy\u00ean g\u1eady Bida ch\u00ednh h\u00e3ng gi\u00e1 t\u1ed1t<\/title>\n<meta name=\"description\" content=\"X\u00e9 t\u00fai m\u00f9 \u2013 Tr\u00fang c\u01a1 Allin l\u00ean \u0111\u1ebfn 57 tri\u1ec7u! Ch\u1ec9 v\u1edbi g\u1ea7n 2 tri\u1ec7u, c\u01a1 h\u1ed9i s\u1edf h\u1eefu c\u00e2y c\u01a1 c\u1ef1c ph\u1ea9m, s\u1ed1 l\u01b0\u1ee3ng c\u00f3 h\u1ea1n, inbox ngay!\" \/>\n<meta name=\"robots\" content=\"index, follow, max-snippet:-1, max-image-preview:large, max-video-preview:-1\" \/>\n<link rel=\"canonical\" href=\"https:\/\/jaybillards.azdigi.shop\/?product=tui-mu-allin\" \/>\n<meta property=\"og:locale\" content=\"vi_VN\" \/>\n<meta property=\"og:type\" content=\"article\" \/>\n<meta property=\"og:title\" content=\"T\u00fai m\u00f9 Allin - Jay Billiards - Chuy\u00ean g\u1eady Bida ch\u00ednh h\u00e3ng gi\u00e1 t\u1ed1t\" \/>\n<meta property=\"og:description\" content=\"X\u00e9 t\u00fai m\u00f9 \u2013 Tr\u00fang c\u01a1 Allin l\u00ean \u0111\u1ebfn 57 tri\u1ec7u! Ch\u1ec9 v\u1edbi g\u1ea7n 2 tri\u1ec7u, c\u01a1 h\u1ed9i s\u1edf h\u1eefu c\u00e2y c\u01a1 c\u1ef1c ph\u1ea9m, s\u1ed1 l\u01b0\u1ee3ng c\u00f3 h\u1ea1n, inbox ngay!\" \/>\n<meta property=\"og:url\" content=\"https:\/\/jaybillards.azdigi.shop\/?product=tui-mu-allin\" \/>\n<meta property=\"og:site_name\" content=\"Jay Billiards - Chuy\u00ean g\u1eady Bida ch\u00ednh h\u00e3ng gi\u00e1 t\u1ed1t\" \/>\n<meta property=\"article:modified_time\" content=\"2026-04-05T19:41:45+00:00\" \/>\n<meta property=\"og:image\" content=\"https:\/\/jaybillards.azdigi.shop\/wp-content\/uploads\/2026\/03\/1.jpg\" \/>\n\t<meta property=\"og:image:width\" content=\"1200\" \/>\n\t<meta property=\"og:image:height\" content=\"1200\" \/>\n\t<meta property=\"og:image:type\" content=\"image\/jpeg\" \/>\n<meta name=\"twitter:card\" content=\"summary_large_image\" \/>\n<meta name=\"twitter:label1\" content=\"\u01af\u1edbc t\u00ednh th\u1eddi gian \u0111\u1ecdc\" \/>\n\t<meta name=\"twitter:data1\" content=\"3 ph\u00fat\" \/>\n<script type=\"application\/ld+json\" class=\"yoast-schema-graph\">{\"@context\":\"https:\/\/schema.org\",\"@graph\":[{\"@type\":\"WebPage\",\"@id\":\"https:\/\/jaybillards.azdigi.shop\/?product=tui-mu-allin\",\"url\":\"https:\/\/jaybillards.azdigi.shop\/?product=tui-mu-allin\",\"name\":\"T\u00fai m\u00f9 Allin - Jay Billiards - Chuy\u00ean g\u1eady Bida ch\u00ednh h\u00e3ng gi\u00e1 t\u1ed1t\",\"isPartOf\":{\"@id\":\"https:\/\/jaybillards.azdigi.shop\/#website\"},\"primaryImageOfPage\":{\"@id\":\"https:\/\/jaybillards.azdigi.shop\/?product=tui-mu-allin#primaryimage\"},\"image\":{\"@id\":\"https:\/\/jaybillards.azdigi.shop\/?product=tui-mu-allin#primaryimage\"},\"thumbnailUrl\":\"https:\/\/jaybillards.azdigi.shop\/wp-content\/uploads\/2026\/03\/1.jpg\",\"datePublished\":\"2026-03-26T11:45:59+00:00\",\"dateModified\":\"2026-04-05T19:41:45+00:00\",\"description\":\"X\u00e9 t\u00fai m\u00f9 \u2013 Tr\u00fang c\u01a1 Allin l\u00ean \u0111\u1ebfn 57 tri\u1ec7u! Ch\u1ec9 v\u1edbi g\u1ea7n 2 tri\u1ec7u, c\u01a1 h\u1ed9i s\u1edf h\u1eefu c\u00e2y c\u01a1 c\u1ef1c ph\u1ea9m, s\u1ed1 l\u01b0\u1ee3ng c\u00f3 h\u1ea1n, inbox ngay!\",\"breadcrumb\":{\"@id\":\"https:\/\/jaybillards.azdigi.shop\/?product=tui-mu-allin#breadcrumb\"},\"inLanguage\":\"vi\",\"potentialAction\":[{\"@type\":\"ReadAction\",\"target\":[\"https:\/\/jaybillards.azdigi.shop\/?product=tui-mu-allin\"]}]},{\"@type\":\"ImageObject\",\"inLanguage\":\"vi\",\"@id\":\"https:\/\/jaybillards.azdigi.shop\/?product=tui-mu-allin#primaryimage\",\"url\":\"https:\/\/jaybillards.azdigi.shop\/wp-content\/uploads\/2026\/03\/1.jpg\",\"contentUrl\":\"https:\/\/jaybillards.azdigi.shop\/wp-content\/uploads\/2026\/03\/1.jpg\",\"width\":1200,\"height\":1200},{\"@type\":\"BreadcrumbList\",\"@id\":\"https:\/\/jaybillards.azdigi.shop\/?product=tui-mu-allin#breadcrumb\",\"itemListElement\":[{\"@type\":\"ListItem\",\"position\":1,\"name\":\"Trang ch\u1ee7\",\"item\":\"https:\/\/jaybillards.azdigi.shop\/\"},{\"@type\":\"ListItem\",\"position\":2,\"name\":\"C\u1eeda h\u00e0ng\",\"item\":\"https:\/\/jaybillards.azdigi.shop\/?page_id=274\"},{\"@type\":\"ListItem\",\"position\":3,\"name\":\"T\u00fai m\u00f9 Allin\"}]},{\"@type\":\"WebSite\",\"@id\":\"https:\/\/jaybillards.azdigi.shop\/#website\",\"url\":\"https:\/\/jaybillards.azdigi.shop\/\",\"name\":\"Jay Billiards - Chuy\u00ean g\u1eady Bida ch\u00ednh h\u00e3ng gi\u00e1 t\u1ed1t\",\"description\":\"\",\"potentialAction\":[{\"@type\":\"SearchAction\",\"target\":{\"@type\":\"EntryPoint\",\"urlTemplate\":\"https:\/\/jaybillards.azdigi.shop\/?s={search_term_string}\"},\"query-input\":{\"@type\":\"PropertyValueSpecification\",\"valueRequired\":true,\"valueName\":\"search_term_string\"}}],\"inLanguage\":\"vi\"}]}<\/script>\n<!-- \/ Yoast SEO plugin. -->","yoast_head_json":{"title":"T\u00fai m\u00f9 Allin - Jay Billiards - Chuy\u00ean g\u1eady Bida ch\u00ednh h\u00e3ng gi\u00e1 t\u1ed1t","description":"X\u00e9 t\u00fai m\u00f9 \u2013 Tr\u00fang c\u01a1 Allin l\u00ean \u0111\u1ebfn 57 tri\u1ec7u! Ch\u1ec9 v\u1edbi g\u1ea7n 2 tri\u1ec7u, c\u01a1 h\u1ed9i s\u1edf h\u1eefu c\u00e2y c\u01a1 c\u1ef1c ph\u1ea9m, s\u1ed1 l\u01b0\u1ee3ng c\u00f3 h\u1ea1n, inbox ngay!","robots":{"index":"index","follow":"follow","max-snippet":"max-snippet:-1","max-image-preview":"max-image-preview:large","max-video-preview":"max-video-preview:-1"},"canonical":"https:\/\/jaybillards.azdigi.shop\/?product=tui-mu-allin","og_locale":"vi_VN","og_type":"article","og_title":"T\u00fai m\u00f9 Allin - Jay Billiards - Chuy\u00ean g\u1eady Bida ch\u00ednh h\u00e3ng gi\u00e1 t\u1ed1t","og_description":"X\u00e9 t\u00fai m\u00f9 \u2013 Tr\u00fang c\u01a1 Allin l\u00ean \u0111\u1ebfn 57 tri\u1ec7u! Ch\u1ec9 v\u1edbi g\u1ea7n 2 tri\u1ec7u, c\u01a1 h\u1ed9i s\u1edf h\u1eefu c\u00e2y c\u01a1 c\u1ef1c ph\u1ea9m, s\u1ed1 l\u01b0\u1ee3ng c\u00f3 h\u1ea1n, inbox ngay!","og_url":"https:\/\/jaybillards.azdigi.shop\/?product=tui-mu-allin","og_site_name":"Jay Billiards - Chuy\u00ean g\u1eady Bida ch\u00ednh h\u00e3ng gi\u00e1 t\u1ed1t","article_modified_time":"2026-04-05T19:41:45+00:00","og_image":[{"width":1200,"height":1200,"url":"https:\/\/jaybillards.azdigi.shop\/wp-content\/uploads\/2026\/03\/1.jpg","type":"image\/jpeg"}],"twitter_card":"summary_large_image","twitter_misc":{"\u01af\u1edbc t\u00ednh th\u1eddi gian \u0111\u1ecdc":"3 ph\u00fat"},"schema":{"@context":"https:\/\/schema.org","@graph":[{"@type":"WebPage","@id":"https:\/\/jaybillards.azdigi.shop\/?product=tui-mu-allin","url":"https:\/\/jaybillards.azdigi.shop\/?product=tui-mu-allin","name":"T\u00fai m\u00f9 Allin - Jay Billiards - Chuy\u00ean g\u1eady Bida ch\u00ednh h\u00e3ng gi\u00e1 t\u1ed1t","isPartOf":{"@id":"https:\/\/jaybillards.azdigi.shop\/#website"},"primaryImageOfPage":{"@id":"https:\/\/jaybillards.azdigi.shop\/?product=tui-mu-allin#primaryimage"},"image":{"@id":"https:\/\/jaybillards.azdigi.shop\/?product=tui-mu-allin#primaryimage"},"thumbnailUrl":"https:\/\/jaybillards.azdigi.shop\/wp-content\/uploads\/2026\/03\/1.jpg","datePublished":"2026-03-26T11:45:59+00:00","dateModified":"2026-04-05T19:41:45+00:00","description":"X\u00e9 t\u00fai m\u00f9 \u2013 Tr\u00fang c\u01a1 Allin l\u00ean \u0111\u1ebfn 57 tri\u1ec7u! Ch\u1ec9 v\u1edbi g\u1ea7n 2 tri\u1ec7u, c\u01a1 h\u1ed9i s\u1edf h\u1eefu c\u00e2y c\u01a1 c\u1ef1c ph\u1ea9m, s\u1ed1 l\u01b0\u1ee3ng c\u00f3 h\u1ea1n, inbox ngay!","breadcrumb":{"@id":"https:\/\/jaybillards.azdigi.shop\/?product=tui-mu-allin#breadcrumb"},"inLanguage":"vi","potentialAction":[{"@type":"ReadAction","target":["https:\/\/jaybillards.azdigi.shop\/?product=tui-mu-allin"]}]},{"@type":"ImageObject","inLanguage":"vi","@id":"https:\/\/jaybillards.azdigi.shop\/?product=tui-mu-allin#primaryimage","url":"https:\/\/jaybillards.azdigi.shop\/wp-content\/uploads\/2026\/03\/1.jpg","contentUrl":"https:\/\/jaybillards.azdigi.shop\/wp-content\/uploads\/2026\/03\/1.jpg","width":1200,"height":1200},{"@type":"BreadcrumbList","@id":"https:\/\/jaybillards.azdigi.shop\/?product=tui-mu-allin#breadcrumb","itemListElement":[{"@type":"ListItem","position":1,"name":"Trang ch\u1ee7","item":"https:\/\/jaybillards.azdigi.shop\/"},{"@type":"ListItem","position":2,"name":"C\u1eeda h\u00e0ng","item":"https:\/\/jaybillards.azdigi.shop\/?page_id=274"},{"@type":"ListItem","position":3,"name":"T\u00fai m\u00f9 Allin"}]},{"@type":"WebSite","@id":"https:\/\/jaybillards.azdigi.shop\/#website","url":"https:\/\/jaybillards.azdigi.shop\/","name":"Jay Billiards - Chuy\u00ean g\u1eady Bida ch\u00ednh h\u00e3ng gi\u00e1 t\u1ed1t","description":"","potentialAction":[{"@type":"SearchAction","target":{"@type":"EntryPoint","urlTemplate":"https:\/\/jaybillards.azdigi.shop\/?s={search_term_string}"},"query-input":{"@type":"PropertyValueSpecification","valueRequired":true,"valueName":"search_term_string"}}],"inLanguage":"vi"}]}},"_links":{"self":[{"href":"https:\/\/jaybillards.azdigi.shop\/index.php?rest_route=\/wp\/v2\/product\/305","targetHints":{"allow":["GET"]}}],"collection":[{"href":"https:\/\/jaybillards.azdigi.shop\/index.php?rest_route=\/wp\/v2\/product"}],"about":[{"href":"https:\/\/jaybillards.azdigi.shop\/index.php?rest_route=\/wp\/v2\/types\/product"}],"replies":[{"embeddable":true,"href":"https:\/\/jaybillards.azdigi.shop\/index.php?rest_route=%2Fwp%2Fv2%2Fcomments&post=305"}],"wp:featuredmedia":[{"embeddable":true,"href":"https:\/\/jaybillards.azdigi.shop\/index.php?rest_route=\/wp\/v2\/media\/1135"}],"wp:attachment":[{"href":"https:\/\/jaybillards.azdigi.shop\/index.php?rest_route=%2Fwp%2Fv2%2Fmedia&parent=305"}],"wp:term":[{"taxonomy":"product_brand","embeddable":true,"href":"https:\/\/jaybillards.azdigi.shop\/index.php?rest_route=%2Fwp%2Fv2%2Fproduct_brand&post=305"},{"taxonomy":"product_cat","embeddable":true,"href":"https:\/\/jaybillards.azdigi.shop\/index.php?rest_route=%2Fwp%2Fv2%2Fproduct_cat&post=305"},{"taxonomy":"product_tag","embeddable":true,"href":"https:\/\/jaybillards.azdigi.shop\/index.php?rest_route=%2Fwp%2Fv2%2Fproduct_tag&post=305"}],"curies":[{"name":"wp","href":"https:\/\/api.w.org\/{rel}","templated":true}]}}